{"id":42162,"date":"2021-07-22T01:39:39","date_gmt":"2021-07-22T01:39:39","guid":{"rendered":"https:\/\/toys.lt\/produktas\/clementoni-miksta-masina\/"},"modified":"2026-04-09T00:01:10","modified_gmt":"2026-04-09T00:01:10","slug":"clementoni-miksta-masina","status":"publish","type":"product","link":"https:\/\/toys.lt\/lv\/produktas\/clementoni-miksta-masina\/","title":{"rendered":"Clementoni m\u012bkst\u0101 ma\u0161\u012bna"},"content":{"rendered":"<p>Clementoni ma\u0161\u012bna ar atv\u0113rt\u0101m durv\u012bm un atveramu jumtu da\u017e\u0101du formu un fakt\u016bru m\u012bksto kluc\u012b\u0161u iekrau\u0161anai.<\/p>\n<p><strong>Funkcijas:<\/strong><\/p>\n<ul style=\"list-style-type: disc;\">\n<li>Automa\u0161\u012bnas iek\u0161pus\u0113, lai tur\u0113tu spilventi\u0146us<\/li>\n<li>M\u012bksti un dro\u0161i spilventi\u0146i<\/li>\n<li>Automa\u0161\u012bnu un spilventi\u0146us var mazg\u0101t pat trauku mazg\u0101jam\u0101 ma\u0161\u012bn\u0101.<\/li>\n<\/ul>\n","protected":false},"excerpt":{"rendered":"<p>Izcelsmes valsts: It\u0101lija<\/p>\n<p>Ieteicamais vecums: 6 m\u0113ne\u0161i &#8211; 3 gadi <\/p>\n<p>Izm\u0113ri: 20 x 28 x 18 cm<\/p>\n<p>Svars: 700 g<\/p>\n<p>Da\u013cu skaits: 8<\/p>\n","protected":false},"featured_media":37902,"comment_status":"open","ping_status":"closed","template":"","meta":[],"product_brand":[384],"product_cat":[1183,1157,1155],"product_tag":[],"class_list":{"0":"post-42162","1":"product","2":"type-product","3":"status-publish","4":"has-post-thumbnail","6":"product_brand-clementoni-2","7":"product_cat-rotallietas-maziem-berniem","8":"product_cat-izglitojosas-un-interaktivas-rotallietas","9":"product_cat-leti","10":"pa_amziaus-grupe-6-lv","11":"pa_prek-s-tipas-masinas","13":"first","14":"instock","15":"sale","16":"taxable","17":"shipping-taxable","18":"purchasable","19":"product-type-simple"},"yoast_head":"<!-- This site is optimized with the Yoast SEO plugin v26.3 - https:\/\/yoast.com\/wordpress\/plugins\/seo\/ -->\n<title>Clementoni m\u012bkst\u0101 ma\u0161\u012bna - Toys.lt<\/title>\n<meta name=\"robots\" content=\"index, follow, max-snippet:-1, max-image-preview:large, max-video-preview:-1\" \/>\n<link rel=\"canonical\" href=\"https:\/\/toys.lt\/lv\/produktas\/clementoni-miksta-masina\/\" \/>\n<meta property=\"og:locale\" content=\"lv_LV\" \/>\n<meta property=\"og:type\" content=\"article\" \/>\n<meta property=\"og:title\" content=\"Clementoni m\u012bkst\u0101 ma\u0161\u012bna - Toys.lt\" \/>\n<meta property=\"og:description\" content=\"Izcelsmes valsts: It\u0101lija Ieteicamais vecums: 6 m\u0113ne\u0161i - 3 gadi  Izm\u0113ri: 20 x 28 x 18 cm Svars: 700 g Da\u013cu skaits: 8\" \/>\n<meta property=\"og:url\" content=\"https:\/\/toys.lt\/lv\/produktas\/clementoni-miksta-masina\/\" \/>\n<meta property=\"og:site_name\" content=\"Toys.lt\" \/>\n<meta property=\"article:modified_time\" content=\"2026-04-09T00:01:10+00:00\" \/>\n<meta property=\"og:image\" content=\"https:\/\/toys.lt\/wp-content\/uploads\/2021\/07\/products-2122.jpg\" \/>\n\t<meta property=\"og:image:width\" content=\"1500\" \/>\n\t<meta property=\"og:image:height\" content=\"1021\" \/>\n\t<meta property=\"og:image:type\" content=\"image\/jpeg\" \/>\n<meta name=\"twitter:card\" content=\"summary_large_image\" \/>\n<script type=\"application\/ld+json\" class=\"yoast-schema-graph\">{\"@context\":\"https:\/\/schema.org\",\"@graph\":[{\"@type\":\"WebPage\",\"@id\":\"https:\/\/toys.lt\/lv\/produktas\/clementoni-miksta-masina\/\",\"url\":\"https:\/\/toys.lt\/lv\/produktas\/clementoni-miksta-masina\/\",\"name\":\"Clementoni m\u012bkst\u0101 ma\u0161\u012bna - Toys.lt\",\"isPartOf\":{\"@id\":\"https:\/\/toys.lt\/lv\/#website\"},\"primaryImageOfPage\":{\"@id\":\"https:\/\/toys.lt\/lv\/produktas\/clementoni-miksta-masina\/#primaryimage\"},\"image\":{\"@id\":\"https:\/\/toys.lt\/lv\/produktas\/clementoni-miksta-masina\/#primaryimage\"},\"thumbnailUrl\":\"https:\/\/toys.lt\/wp-content\/uploads\/2021\/07\/products-2122.jpg\",\"datePublished\":\"2021-07-22T01:39:39+00:00\",\"dateModified\":\"2026-04-09T00:01:10+00:00\",\"breadcrumb\":{\"@id\":\"https:\/\/toys.lt\/lv\/produktas\/clementoni-miksta-masina\/#breadcrumb\"},\"inLanguage\":\"lv-LV\",\"potentialAction\":[{\"@type\":\"ReadAction\",\"target\":[\"https:\/\/toys.lt\/lv\/produktas\/clementoni-miksta-masina\/\"]}]},{\"@type\":\"ImageObject\",\"inLanguage\":\"lv-LV\",\"@id\":\"https:\/\/toys.lt\/lv\/produktas\/clementoni-miksta-masina\/#primaryimage\",\"url\":\"https:\/\/toys.lt\/wp-content\/uploads\/2021\/07\/products-2122.jpg\",\"contentUrl\":\"https:\/\/toys.lt\/wp-content\/uploads\/2021\/07\/products-2122.jpg\",\"width\":1500,\"height\":1021,\"caption\":\"Clementoni mink\u0161ta ma\u0161in\u0117l\u0117\"},{\"@type\":\"BreadcrumbList\",\"@id\":\"https:\/\/toys.lt\/lv\/produktas\/clementoni-miksta-masina\/#breadcrumb\",\"itemListElement\":[{\"@type\":\"ListItem\",\"position\":1,\"name\":\"Home\",\"item\":\"https:\/\/toys.lt\/lv\/\"},{\"@type\":\"ListItem\",\"position\":2,\"name\":\"Veikals\",\"item\":\"https:\/\/toys.lt\/lv\/shop\/\"},{\"@type\":\"ListItem\",\"position\":3,\"name\":\"Clementoni m\u012bkst\u0101 ma\u0161\u012bna\"}]},{\"@type\":\"WebSite\",\"@id\":\"https:\/\/toys.lt\/lv\/#website\",\"url\":\"https:\/\/toys.lt\/lv\/\",\"name\":\"Toys.lt\",\"description\":\"\",\"potentialAction\":[{\"@type\":\"SearchAction\",\"target\":{\"@type\":\"EntryPoint\",\"urlTemplate\":\"https:\/\/toys.lt\/lv\/?s={search_term_string}\"},\"query-input\":{\"@type\":\"PropertyValueSpecification\",\"valueRequired\":true,\"valueName\":\"search_term_string\"}}],\"inLanguage\":\"lv-LV\"}]}<\/script>\n<!-- \/ Yoast SEO plugin. -->","yoast_head_json":{"title":"Clementoni m\u012bkst\u0101 ma\u0161\u012bna - Toys.lt","robots":{"index":"index","follow":"follow","max-snippet":"max-snippet:-1","max-image-preview":"max-image-preview:large","max-video-preview":"max-video-preview:-1"},"canonical":"https:\/\/toys.lt\/lv\/produktas\/clementoni-miksta-masina\/","og_locale":"lv_LV","og_type":"article","og_title":"Clementoni m\u012bkst\u0101 ma\u0161\u012bna - Toys.lt","og_description":"Izcelsmes valsts: It\u0101lija Ieteicamais vecums: 6 m\u0113ne\u0161i - 3 gadi  Izm\u0113ri: 20 x 28 x 18 cm Svars: 700 g Da\u013cu skaits: 8","og_url":"https:\/\/toys.lt\/lv\/produktas\/clementoni-miksta-masina\/","og_site_name":"Toys.lt","article_modified_time":"2026-04-09T00:01:10+00:00","og_image":[{"width":1500,"height":1021,"url":"https:\/\/toys.lt\/wp-content\/uploads\/2021\/07\/products-2122.jpg","type":"image\/jpeg"}],"twitter_card":"summary_large_image","schema":{"@context":"https:\/\/schema.org","@graph":[{"@type":"WebPage","@id":"https:\/\/toys.lt\/lv\/produktas\/clementoni-miksta-masina\/","url":"https:\/\/toys.lt\/lv\/produktas\/clementoni-miksta-masina\/","name":"Clementoni m\u012bkst\u0101 ma\u0161\u012bna - Toys.lt","isPartOf":{"@id":"https:\/\/toys.lt\/lv\/#website"},"primaryImageOfPage":{"@id":"https:\/\/toys.lt\/lv\/produktas\/clementoni-miksta-masina\/#primaryimage"},"image":{"@id":"https:\/\/toys.lt\/lv\/produktas\/clementoni-miksta-masina\/#primaryimage"},"thumbnailUrl":"https:\/\/toys.lt\/wp-content\/uploads\/2021\/07\/products-2122.jpg","datePublished":"2021-07-22T01:39:39+00:00","dateModified":"2026-04-09T00:01:10+00:00","breadcrumb":{"@id":"https:\/\/toys.lt\/lv\/produktas\/clementoni-miksta-masina\/#breadcrumb"},"inLanguage":"lv-LV","potentialAction":[{"@type":"ReadAction","target":["https:\/\/toys.lt\/lv\/produktas\/clementoni-miksta-masina\/"]}]},{"@type":"ImageObject","inLanguage":"lv-LV","@id":"https:\/\/toys.lt\/lv\/produktas\/clementoni-miksta-masina\/#primaryimage","url":"https:\/\/toys.lt\/wp-content\/uploads\/2021\/07\/products-2122.jpg","contentUrl":"https:\/\/toys.lt\/wp-content\/uploads\/2021\/07\/products-2122.jpg","width":1500,"height":1021,"caption":"Clementoni mink\u0161ta ma\u0161in\u0117l\u0117"},{"@type":"BreadcrumbList","@id":"https:\/\/toys.lt\/lv\/produktas\/clementoni-miksta-masina\/#breadcrumb","itemListElement":[{"@type":"ListItem","position":1,"name":"Home","item":"https:\/\/toys.lt\/lv\/"},{"@type":"ListItem","position":2,"name":"Veikals","item":"https:\/\/toys.lt\/lv\/shop\/"},{"@type":"ListItem","position":3,"name":"Clementoni m\u012bkst\u0101 ma\u0161\u012bna"}]},{"@type":"WebSite","@id":"https:\/\/toys.lt\/lv\/#website","url":"https:\/\/toys.lt\/lv\/","name":"Toys.lt","description":"","potentialAction":[{"@type":"SearchAction","target":{"@type":"EntryPoint","urlTemplate":"https:\/\/toys.lt\/lv\/?s={search_term_string}"},"query-input":{"@type":"PropertyValueSpecification","valueRequired":true,"valueName":"search_term_string"}}],"inLanguage":"lv-LV"}]}},"_links":{"self":[{"href":"https:\/\/toys.lt\/lv\/wp-json\/wp\/v2\/product\/42162","targetHints":{"allow":["GET"]}}],"collection":[{"href":"https:\/\/toys.lt\/lv\/wp-json\/wp\/v2\/product"}],"about":[{"href":"https:\/\/toys.lt\/lv\/wp-json\/wp\/v2\/types\/product"}],"replies":[{"embeddable":true,"href":"https:\/\/toys.lt\/lv\/wp-json\/wp\/v2\/comments?post=42162"}],"version-history":[{"count":1,"href":"https:\/\/toys.lt\/lv\/wp-json\/wp\/v2\/product\/42162\/revisions"}],"predecessor-version":[{"id":46216,"href":"https:\/\/toys.lt\/lv\/wp-json\/wp\/v2\/product\/42162\/revisions\/46216"}],"wp:featuredmedia":[{"embeddable":true,"href":"https:\/\/toys.lt\/lv\/wp-json\/wp\/v2\/media\/37902"}],"wp:attachment":[{"href":"https:\/\/toys.lt\/lv\/wp-json\/wp\/v2\/media?parent=42162"}],"wp:term":[{"taxonomy":"product_brand","embeddable":true,"href":"https:\/\/toys.lt\/lv\/wp-json\/wp\/v2\/product_brand?post=42162"},{"taxonomy":"product_cat","embeddable":true,"href":"https:\/\/toys.lt\/lv\/wp-json\/wp\/v2\/product_cat?post=42162"},{"taxonomy":"product_tag","embeddable":true,"href":"https:\/\/toys.lt\/lv\/wp-json\/wp\/v2\/product_tag?post=42162"}],"curies":[{"name":"wp","href":"https:\/\/api.w.org\/{rel}","templated":true}]}}