{"id":42161,"date":"2021-07-22T01:23:46","date_gmt":"2021-07-22T01:23:46","guid":{"rendered":"https:\/\/toys.lt\/produktas\/clementoni-baby-park-aktivitasu-galds\/"},"modified":"2026-04-09T00:01:11","modified_gmt":"2026-04-09T00:01:11","slug":"clementoni-baby-park-aktivitasu-galds","status":"publish","type":"product","link":"https:\/\/toys.lt\/lv\/produktas\/clementoni-baby-park-aktivitasu-galds\/","title":{"rendered":"Clementoni Baby Park aktivit\u0101\u0161u galds"},"content":{"rendered":"<p class=\"MsoNormal\" style=\"text-align: center\" align=\"center\"><i><span style=\"font-size: 8.5pt;font-family: Verdana, 'sans-serif';color: #000000\">Clementoni &#8211; dibin\u0101ts It\u0101lij\u0101 un veiksm\u012bgi darbojas jau vair\u0101k nek\u0101 50 gadus! Uz\u0146\u0113muma misija ir rad\u012bt sp\u0113les, kas pal\u012bdz b\u0113rniem augt.   <\/span><\/i><\/p>\n<p class=\"MsoNormal\" style=\"text-align: center\" align=\"center\"><i><span style=\"font-size: 8.5pt;font-family: Verdana, 'sans-serif';color: #000000\">Tas viss ir izstr\u0101d\u0101ts, lai apmierin\u0101tu jaunie\u0161u vajadz\u012bbas, \u0146emot v\u0113r\u0101 m\u016bsdienu tehnolo\u0123ijas un glob\u0101l\u0101s izgl\u012bt\u012bbas tendences.<\/span><\/i><\/p>\n<p><strong>Funkcijas:<\/strong><\/p>\n<ul style=\"list-style-type: square\">\n<li>Interakt\u012bvais galds, uz kura veidots parks<\/li>\n<li>Gaismas un ska\u0146as, kad nospiestas pogas<\/li>\n<li>Dz\u012bvnieki p\u0101rvietojas, nospie\u017eot pogas<\/li>\n<li style=\"margin: 0px;padding: 0px;font: inherit;border: 0px\">Tunelis, kas bumbi\u0146as novieto l\u012bdz apak\u0161stilbiem.<\/li>\n<li style=\"margin: 0px;padding: 0px;font: inherit;border: 0px\">Stimul\u0113 ma\u0146u att\u012bst\u012bbu, izt\u0113li, smalk\u0101s motorikas prasmes.<\/li>\n<\/ul>\n","protected":false},"excerpt":{"rendered":"<p>Produkta veids: aktivit\u0101\u0161u galds<\/p>\n<p>Z\u012bmola nosaukums: Clementoni<\/p>\n<p>Izcelsmes valsts: It\u0101lija<\/p>\n<p>Iepakojuma izm\u0113ri: 12,5 x 58 x 44 cm<\/p>\n<p>Ieteicamais vecums: 1-3 gadi<\/p>\n<p>Nepiecie\u0161amie elementi: 3xLR44<\/p>\n","protected":false},"featured_media":37901,"comment_status":"open","ping_status":"closed","template":"","meta":[],"product_brand":[384],"product_cat":[1157,1155,1183],"product_tag":[],"class_list":{"0":"post-42161","1":"product","2":"type-product","3":"status-publish","4":"has-post-thumbnail","6":"product_brand-clementoni-2","7":"product_cat-izglitojosas-un-interaktivas-rotallietas","8":"product_cat-leti","9":"product_cat-rotallietas-maziem-berniem","10":"pa_amziaus-grupe-1-lv","11":"pa_prek-s-tipas-rotallietas-dazadam-spejam","12":"pa_prekes-zenklas-clementoni-lv","14":"first","15":"instock","16":"sale","17":"taxable","18":"shipping-taxable","19":"purchasable","20":"product-type-simple"},"yoast_head":"<!-- This site is optimized with the Yoast SEO plugin v27.6 - https:\/\/yoast.com\/product\/yoast-seo-wordpress\/ -->\n<title>Clementoni Baby Park aktivit\u0101\u0161u galds - Toys.lt<\/title>\n<meta name=\"robots\" content=\"index, follow, max-snippet:-1, max-image-preview:large, max-video-preview:-1\" \/>\n<link rel=\"canonical\" href=\"https:\/\/toys.lt\/lv\/produktas\/clementoni-baby-park-aktivitasu-galds\/\" \/>\n<meta property=\"og:locale\" content=\"lv_LV\" \/>\n<meta property=\"og:type\" content=\"article\" \/>\n<meta property=\"og:title\" content=\"Clementoni Baby Park aktivit\u0101\u0161u galds - Toys.lt\" \/>\n<meta property=\"og:description\" content=\"Produkta veids: aktivit\u0101\u0161u galds Z\u012bmola nosaukums: Clementoni Izcelsmes valsts: It\u0101lija Iepakojuma izm\u0113ri: 12,5 x 58 x 44 cm Ieteicamais vecums: 1-3 gadi Nepiecie\u0161amie elementi: 3xLR44\" \/>\n<meta property=\"og:url\" content=\"https:\/\/toys.lt\/lv\/produktas\/clementoni-baby-park-aktivitasu-galds\/\" \/>\n<meta property=\"og:site_name\" content=\"Toys.lt\" \/>\n<meta property=\"article:modified_time\" content=\"2026-04-09T00:01:11+00:00\" \/>\n<meta property=\"og:image\" content=\"https:\/\/toys.lt\/wp-content\/uploads\/2021\/07\/products-2121.jpg\" \/>\n\t<meta property=\"og:image:width\" content=\"460\" \/>\n\t<meta property=\"og:image:height\" content=\"446\" \/>\n\t<meta property=\"og:image:type\" content=\"image\/jpeg\" \/>\n<meta name=\"twitter:card\" content=\"summary_large_image\" \/>\n<meta name=\"twitter:label1\" content=\"Est. reading time\" \/>\n\t<meta name=\"twitter:data1\" content=\"1 minute\" \/>\n<script type=\"application\/ld+json\" class=\"yoast-schema-graph\">{\"@context\":\"https:\\\/\\\/schema.org\",\"@graph\":[{\"@type\":\"WebPage\",\"@id\":\"https:\\\/\\\/toys.lt\\\/lv\\\/produktas\\\/clementoni-baby-park-aktivitasu-galds\\\/\",\"url\":\"https:\\\/\\\/toys.lt\\\/lv\\\/produktas\\\/clementoni-baby-park-aktivitasu-galds\\\/\",\"name\":\"Clementoni Baby Park aktivit\u0101\u0161u galds - Toys.lt\",\"isPartOf\":{\"@id\":\"https:\\\/\\\/toys.lt\\\/lv\\\/#website\"},\"primaryImageOfPage\":{\"@id\":\"https:\\\/\\\/toys.lt\\\/lv\\\/produktas\\\/clementoni-baby-park-aktivitasu-galds\\\/#primaryimage\"},\"image\":{\"@id\":\"https:\\\/\\\/toys.lt\\\/lv\\\/produktas\\\/clementoni-baby-park-aktivitasu-galds\\\/#primaryimage\"},\"thumbnailUrl\":\"https:\\\/\\\/toys.lt\\\/wp-content\\\/uploads\\\/2021\\\/07\\\/products-2121.jpg\",\"datePublished\":\"2021-07-22T01:23:46+00:00\",\"dateModified\":\"2026-04-09T00:01:11+00:00\",\"breadcrumb\":{\"@id\":\"https:\\\/\\\/toys.lt\\\/lv\\\/produktas\\\/clementoni-baby-park-aktivitasu-galds\\\/#breadcrumb\"},\"inLanguage\":\"lv-LV\",\"potentialAction\":[{\"@type\":\"ReadAction\",\"target\":[\"https:\\\/\\\/toys.lt\\\/lv\\\/produktas\\\/clementoni-baby-park-aktivitasu-galds\\\/\"]}]},{\"@type\":\"ImageObject\",\"inLanguage\":\"lv-LV\",\"@id\":\"https:\\\/\\\/toys.lt\\\/lv\\\/produktas\\\/clementoni-baby-park-aktivitasu-galds\\\/#primaryimage\",\"url\":\"https:\\\/\\\/toys.lt\\\/wp-content\\\/uploads\\\/2021\\\/07\\\/products-2121.jpg\",\"contentUrl\":\"https:\\\/\\\/toys.lt\\\/wp-content\\\/uploads\\\/2021\\\/07\\\/products-2121.jpg\",\"width\":460,\"height\":446,\"caption\":\"Clementoni k\u016bdikio stalas &#8220;Baby Park Activity Table&#8221;\"},{\"@type\":\"BreadcrumbList\",\"@id\":\"https:\\\/\\\/toys.lt\\\/lv\\\/produktas\\\/clementoni-baby-park-aktivitasu-galds\\\/#breadcrumb\",\"itemListElement\":[{\"@type\":\"ListItem\",\"position\":1,\"name\":\"Home\",\"item\":\"https:\\\/\\\/toys.lt\\\/lv\\\/\"},{\"@type\":\"ListItem\",\"position\":2,\"name\":\"Veikals\",\"item\":\"https:\\\/\\\/toys.lt\\\/lv\\\/shop\\\/\"},{\"@type\":\"ListItem\",\"position\":3,\"name\":\"Clementoni Baby Park aktivit\u0101\u0161u galds\"}]},{\"@type\":\"WebSite\",\"@id\":\"https:\\\/\\\/toys.lt\\\/lv\\\/#website\",\"url\":\"https:\\\/\\\/toys.lt\\\/lv\\\/\",\"name\":\"Toys.lt\",\"description\":\"\",\"potentialAction\":[{\"@type\":\"SearchAction\",\"target\":{\"@type\":\"EntryPoint\",\"urlTemplate\":\"https:\\\/\\\/toys.lt\\\/lv\\\/?s={search_term_string}\"},\"query-input\":{\"@type\":\"PropertyValueSpecification\",\"valueRequired\":true,\"valueName\":\"search_term_string\"}}],\"inLanguage\":\"lv-LV\"}]}<\/script>\n<!-- \/ Yoast SEO plugin. -->","yoast_head_json":{"title":"Clementoni Baby Park aktivit\u0101\u0161u galds - Toys.lt","robots":{"index":"index","follow":"follow","max-snippet":"max-snippet:-1","max-image-preview":"max-image-preview:large","max-video-preview":"max-video-preview:-1"},"canonical":"https:\/\/toys.lt\/lv\/produktas\/clementoni-baby-park-aktivitasu-galds\/","og_locale":"lv_LV","og_type":"article","og_title":"Clementoni Baby Park aktivit\u0101\u0161u galds - Toys.lt","og_description":"Produkta veids: aktivit\u0101\u0161u galds Z\u012bmola nosaukums: Clementoni Izcelsmes valsts: It\u0101lija Iepakojuma izm\u0113ri: 12,5 x 58 x 44 cm Ieteicamais vecums: 1-3 gadi Nepiecie\u0161amie elementi: 3xLR44","og_url":"https:\/\/toys.lt\/lv\/produktas\/clementoni-baby-park-aktivitasu-galds\/","og_site_name":"Toys.lt","article_modified_time":"2026-04-09T00:01:11+00:00","og_image":[{"width":460,"height":446,"url":"https:\/\/toys.lt\/wp-content\/uploads\/2021\/07\/products-2121.jpg","type":"image\/jpeg"}],"twitter_card":"summary_large_image","twitter_misc":{"Est. reading time":"1 minute"},"schema":{"@context":"https:\/\/schema.org","@graph":[{"@type":"WebPage","@id":"https:\/\/toys.lt\/lv\/produktas\/clementoni-baby-park-aktivitasu-galds\/","url":"https:\/\/toys.lt\/lv\/produktas\/clementoni-baby-park-aktivitasu-galds\/","name":"Clementoni Baby Park aktivit\u0101\u0161u galds - Toys.lt","isPartOf":{"@id":"https:\/\/toys.lt\/lv\/#website"},"primaryImageOfPage":{"@id":"https:\/\/toys.lt\/lv\/produktas\/clementoni-baby-park-aktivitasu-galds\/#primaryimage"},"image":{"@id":"https:\/\/toys.lt\/lv\/produktas\/clementoni-baby-park-aktivitasu-galds\/#primaryimage"},"thumbnailUrl":"https:\/\/toys.lt\/wp-content\/uploads\/2021\/07\/products-2121.jpg","datePublished":"2021-07-22T01:23:46+00:00","dateModified":"2026-04-09T00:01:11+00:00","breadcrumb":{"@id":"https:\/\/toys.lt\/lv\/produktas\/clementoni-baby-park-aktivitasu-galds\/#breadcrumb"},"inLanguage":"lv-LV","potentialAction":[{"@type":"ReadAction","target":["https:\/\/toys.lt\/lv\/produktas\/clementoni-baby-park-aktivitasu-galds\/"]}]},{"@type":"ImageObject","inLanguage":"lv-LV","@id":"https:\/\/toys.lt\/lv\/produktas\/clementoni-baby-park-aktivitasu-galds\/#primaryimage","url":"https:\/\/toys.lt\/wp-content\/uploads\/2021\/07\/products-2121.jpg","contentUrl":"https:\/\/toys.lt\/wp-content\/uploads\/2021\/07\/products-2121.jpg","width":460,"height":446,"caption":"Clementoni k\u016bdikio stalas &#8220;Baby Park Activity Table&#8221;"},{"@type":"BreadcrumbList","@id":"https:\/\/toys.lt\/lv\/produktas\/clementoni-baby-park-aktivitasu-galds\/#breadcrumb","itemListElement":[{"@type":"ListItem","position":1,"name":"Home","item":"https:\/\/toys.lt\/lv\/"},{"@type":"ListItem","position":2,"name":"Veikals","item":"https:\/\/toys.lt\/lv\/shop\/"},{"@type":"ListItem","position":3,"name":"Clementoni Baby Park aktivit\u0101\u0161u galds"}]},{"@type":"WebSite","@id":"https:\/\/toys.lt\/lv\/#website","url":"https:\/\/toys.lt\/lv\/","name":"Toys.lt","description":"","potentialAction":[{"@type":"SearchAction","target":{"@type":"EntryPoint","urlTemplate":"https:\/\/toys.lt\/lv\/?s={search_term_string}"},"query-input":{"@type":"PropertyValueSpecification","valueRequired":true,"valueName":"search_term_string"}}],"inLanguage":"lv-LV"}]}},"_links":{"self":[{"href":"https:\/\/toys.lt\/lv\/wp-json\/wp\/v2\/product\/42161","targetHints":{"allow":["GET"]}}],"collection":[{"href":"https:\/\/toys.lt\/lv\/wp-json\/wp\/v2\/product"}],"about":[{"href":"https:\/\/toys.lt\/lv\/wp-json\/wp\/v2\/types\/product"}],"replies":[{"embeddable":true,"href":"https:\/\/toys.lt\/lv\/wp-json\/wp\/v2\/comments?post=42161"}],"version-history":[{"count":1,"href":"https:\/\/toys.lt\/lv\/wp-json\/wp\/v2\/product\/42161\/revisions"}],"predecessor-version":[{"id":46214,"href":"https:\/\/toys.lt\/lv\/wp-json\/wp\/v2\/product\/42161\/revisions\/46214"}],"wp:featuredmedia":[{"embeddable":true,"href":"https:\/\/toys.lt\/lv\/wp-json\/wp\/v2\/media\/37901"}],"wp:attachment":[{"href":"https:\/\/toys.lt\/lv\/wp-json\/wp\/v2\/media?parent=42161"}],"wp:term":[{"taxonomy":"product_brand","embeddable":true,"href":"https:\/\/toys.lt\/lv\/wp-json\/wp\/v2\/product_brand?post=42161"},{"taxonomy":"product_cat","embeddable":true,"href":"https:\/\/toys.lt\/lv\/wp-json\/wp\/v2\/product_cat?post=42161"},{"taxonomy":"product_tag","embeddable":true,"href":"https:\/\/toys.lt\/lv\/wp-json\/wp\/v2\/product_tag?post=42161"}],"curies":[{"name":"wp","href":"https:\/\/api.w.org\/{rel}","templated":true}]}}