{"id":42110,"date":"2021-02-01T02:46:30","date_gmt":"2021-02-01T02:46:30","guid":{"rendered":"https:\/\/toys.lt\/produktas\/virtuvite-ar-piederumiem-fun-cooking\/"},"modified":"2026-04-09T00:01:28","modified_gmt":"2026-04-09T00:01:28","slug":"virtuvite-ar-piederumiem-fun-cooking","status":"publish","type":"product","link":"https:\/\/toys.lt\/lv\/produktas\/virtuvite-ar-piederumiem-fun-cooking\/","title":{"rendered":"Virtuv\u012bte ar piederumiem &#8220;Fun Cooking&#8221;"},"content":{"rendered":"<p><strong>Funkcijas:<\/strong><\/p>\n<ul style=\"list-style-type: square;\">\n<li style=\"margin: 0px; padding: 0px; font: inherit; border: 0px;\">Komplekt\u0101 ir 56 deta\u013cas<\/li>\n<li style=\"margin: 0px; padding: 0px; font: inherit; border: 0px;\">Ska\u0146as un gaismas<\/li>\n<li style=\"margin: 0px; padding: 0px; font: inherit; border: 0px;\">Liels skapis un cepe\u0161kr\u0101sns (durvis var atv\u0113rt)<\/li>\n<li style=\"margin: 0px; padding: 0px; font: inherit; border: 0px;\">Izlietne ar celtni. \u016adens izpl\u016bst no kr\u0101na, kad s\u016bknis ir iepild\u012bts. <\/li>\n<li style=\"margin: 0px; padding: 0px; font: inherit; border: 0px;\">Pagrie\u017eam\u0101s cepe\u0161kr\u0101sns sl\u0113d\u017ei<\/li>\n<li style=\"margin: 0px; padding: 0px; font: inherit; border: 0px;\">Kr\u0101sains virtuves dekors<\/li>\n<li style=\"margin: 0px; padding: 0px; font: inherit; border: 0px;\">Tiek tren\u0113tas b\u0113rnu roku un acu koordin\u0101cijas prasmes, att\u012bst\u012btas b\u0113rnu praktisk\u0101s iema\u0146as, att\u012bst\u012btas b\u0113rnu kr\u0101su atpaz\u012b\u0161anas prasmes.<\/li>\n<\/ul>\n<p><strong>Papildu papildapr\u012bkojums:<\/strong><\/p>\n<ul>\n<li>Knaibles, nazis, mazas karotes, dak\u0161a,<\/li>\n<li>T\u0113jkanna, panna,<\/li>\n<li>P\u0101rtikas, dz\u0113rienu, m\u0113r\u010du pudeles<\/li>\n<li>3 \u0161\u0137\u012bvji, 2 tas\u012btes,<\/li>\n<li>Un daudz ko citu!<\/li>\n<\/ul>\n","protected":false},"excerpt":{"rendered":"<p>Produkta tips: b\u0113rnu virtuv\u012bte<\/p>\n<p>Izcelsmes valsts: \u0136\u012bna<\/p>\n<p>Iepakojuma izm\u0113ri: 78 x 13 x 57 cm<\/p>\n<p>Virtuv\u012btes izm\u0113ri: 72 x 32 x 100 cm<\/p>\n<p>Augstums: 100 cm<\/p>\n<p>Svars: 5,5 kg<\/p>\n<p>Nepiecie\u0161amie elementi: 6xAA (nav iek\u013cauti komplekt\u0101)<\/p>\n<p>Ieteicamais vecums: no 3 gadiem.<\/p>\n","protected":false},"featured_media":37785,"comment_status":"open","ping_status":"closed","template":"","meta":[],"product_brand":[],"product_cat":[1180,1178],"product_tag":[],"class_list":{"0":"post-42110","1":"product","2":"type-product","3":"status-publish","4":"has-post-thumbnail","6":"product_cat-rotallietas-meitenem","7":"product_cat-rotallietu-virtuves-piederumi-un-aksesuari","8":"pa_prek-s-tipas-virtuves","10":"first","11":"outofstock","12":"sale","13":"taxable","14":"shipping-taxable","15":"purchasable","16":"product-type-simple"},"yoast_head":"<!-- This site is optimized with the Yoast SEO plugin v26.3 - https:\/\/yoast.com\/wordpress\/plugins\/seo\/ -->\n<title>Virtuv\u012bte ar piederumiem &quot;Fun Cooking&quot; - Toys.lt<\/title>\n<meta name=\"robots\" content=\"index, follow, max-snippet:-1, max-image-preview:large, max-video-preview:-1\" \/>\n<link rel=\"canonical\" href=\"https:\/\/toys.lt\/lv\/produktas\/virtuvite-ar-piederumiem-fun-cooking\/\" \/>\n<meta property=\"og:locale\" content=\"lv_LV\" \/>\n<meta property=\"og:type\" content=\"article\" \/>\n<meta property=\"og:title\" content=\"Virtuv\u012bte ar piederumiem &quot;Fun Cooking&quot; - Toys.lt\" \/>\n<meta property=\"og:description\" content=\"Produkta tips: b\u0113rnu virtuv\u012bte Izcelsmes valsts: \u0136\u012bna Iepakojuma izm\u0113ri: 78 x 13 x 57 cm Virtuv\u012btes izm\u0113ri: 72 x 32 x 100 cm Augstums: 100 cm Svars: 5,5 kg Nepiecie\u0161amie elementi: 6xAA (nav iek\u013cauti komplekt\u0101) Ieteicamais vecums: no 3 gadiem.\" \/>\n<meta property=\"og:url\" content=\"https:\/\/toys.lt\/lv\/produktas\/virtuvite-ar-piederumiem-fun-cooking\/\" \/>\n<meta property=\"og:site_name\" content=\"Toys.lt\" \/>\n<meta property=\"article:modified_time\" content=\"2026-04-09T00:01:28+00:00\" \/>\n<meta property=\"og:image\" content=\"https:\/\/toys.lt\/wp-content\/uploads\/2021\/02\/products-1891.jpg\" \/>\n\t<meta property=\"og:image:width\" content=\"600\" \/>\n\t<meta property=\"og:image:height\" content=\"600\" \/>\n\t<meta property=\"og:image:type\" content=\"image\/jpeg\" \/>\n<meta name=\"twitter:card\" content=\"summary_large_image\" \/>\n<meta name=\"twitter:label1\" content=\"Est. reading time\" \/>\n\t<meta name=\"twitter:data1\" content=\"1 minute\" \/>\n<script type=\"application\/ld+json\" class=\"yoast-schema-graph\">{\"@context\":\"https:\/\/schema.org\",\"@graph\":[{\"@type\":\"WebPage\",\"@id\":\"https:\/\/toys.lt\/lv\/produktas\/virtuvite-ar-piederumiem-fun-cooking\/\",\"url\":\"https:\/\/toys.lt\/lv\/produktas\/virtuvite-ar-piederumiem-fun-cooking\/\",\"name\":\"Virtuv\u012bte ar piederumiem \\\"Fun Cooking\\\" - Toys.lt\",\"isPartOf\":{\"@id\":\"https:\/\/toys.lt\/lv\/#website\"},\"primaryImageOfPage\":{\"@id\":\"https:\/\/toys.lt\/lv\/produktas\/virtuvite-ar-piederumiem-fun-cooking\/#primaryimage\"},\"image\":{\"@id\":\"https:\/\/toys.lt\/lv\/produktas\/virtuvite-ar-piederumiem-fun-cooking\/#primaryimage\"},\"thumbnailUrl\":\"https:\/\/toys.lt\/wp-content\/uploads\/2021\/02\/products-1891.jpg\",\"datePublished\":\"2021-02-01T02:46:30+00:00\",\"dateModified\":\"2026-04-09T00:01:28+00:00\",\"breadcrumb\":{\"@id\":\"https:\/\/toys.lt\/lv\/produktas\/virtuvite-ar-piederumiem-fun-cooking\/#breadcrumb\"},\"inLanguage\":\"lv-LV\",\"potentialAction\":[{\"@type\":\"ReadAction\",\"target\":[\"https:\/\/toys.lt\/lv\/produktas\/virtuvite-ar-piederumiem-fun-cooking\/\"]}]},{\"@type\":\"ImageObject\",\"inLanguage\":\"lv-LV\",\"@id\":\"https:\/\/toys.lt\/lv\/produktas\/virtuvite-ar-piederumiem-fun-cooking\/#primaryimage\",\"url\":\"https:\/\/toys.lt\/wp-content\/uploads\/2021\/02\/products-1891.jpg\",\"contentUrl\":\"https:\/\/toys.lt\/wp-content\/uploads\/2021\/02\/products-1891.jpg\",\"width\":600,\"height\":600,\"caption\":\"Virtuv\u0117l\u0117 su priedais &#8220;Fun Cooking&#8221;\"},{\"@type\":\"BreadcrumbList\",\"@id\":\"https:\/\/toys.lt\/lv\/produktas\/virtuvite-ar-piederumiem-fun-cooking\/#breadcrumb\",\"itemListElement\":[{\"@type\":\"ListItem\",\"position\":1,\"name\":\"Home\",\"item\":\"https:\/\/toys.lt\/lv\/\"},{\"@type\":\"ListItem\",\"position\":2,\"name\":\"Veikals\",\"item\":\"https:\/\/toys.lt\/lv\/shop\/\"},{\"@type\":\"ListItem\",\"position\":3,\"name\":\"Virtuv\u012bte ar piederumiem &#8222;Fun Cooking&#8221;\"}]},{\"@type\":\"WebSite\",\"@id\":\"https:\/\/toys.lt\/lv\/#website\",\"url\":\"https:\/\/toys.lt\/lv\/\",\"name\":\"Toys.lt\",\"description\":\"\",\"potentialAction\":[{\"@type\":\"SearchAction\",\"target\":{\"@type\":\"EntryPoint\",\"urlTemplate\":\"https:\/\/toys.lt\/lv\/?s={search_term_string}\"},\"query-input\":{\"@type\":\"PropertyValueSpecification\",\"valueRequired\":true,\"valueName\":\"search_term_string\"}}],\"inLanguage\":\"lv-LV\"}]}<\/script>\n<!-- \/ Yoast SEO plugin. -->","yoast_head_json":{"title":"Virtuv\u012bte ar piederumiem \"Fun Cooking\" - Toys.lt","robots":{"index":"index","follow":"follow","max-snippet":"max-snippet:-1","max-image-preview":"max-image-preview:large","max-video-preview":"max-video-preview:-1"},"canonical":"https:\/\/toys.lt\/lv\/produktas\/virtuvite-ar-piederumiem-fun-cooking\/","og_locale":"lv_LV","og_type":"article","og_title":"Virtuv\u012bte ar piederumiem \"Fun Cooking\" - Toys.lt","og_description":"Produkta tips: b\u0113rnu virtuv\u012bte Izcelsmes valsts: \u0136\u012bna Iepakojuma izm\u0113ri: 78 x 13 x 57 cm Virtuv\u012btes izm\u0113ri: 72 x 32 x 100 cm Augstums: 100 cm Svars: 5,5 kg Nepiecie\u0161amie elementi: 6xAA (nav iek\u013cauti komplekt\u0101) Ieteicamais vecums: no 3 gadiem.","og_url":"https:\/\/toys.lt\/lv\/produktas\/virtuvite-ar-piederumiem-fun-cooking\/","og_site_name":"Toys.lt","article_modified_time":"2026-04-09T00:01:28+00:00","og_image":[{"width":600,"height":600,"url":"https:\/\/toys.lt\/wp-content\/uploads\/2021\/02\/products-1891.jpg","type":"image\/jpeg"}],"twitter_card":"summary_large_image","twitter_misc":{"Est. reading time":"1 minute"},"schema":{"@context":"https:\/\/schema.org","@graph":[{"@type":"WebPage","@id":"https:\/\/toys.lt\/lv\/produktas\/virtuvite-ar-piederumiem-fun-cooking\/","url":"https:\/\/toys.lt\/lv\/produktas\/virtuvite-ar-piederumiem-fun-cooking\/","name":"Virtuv\u012bte ar piederumiem \"Fun Cooking\" - Toys.lt","isPartOf":{"@id":"https:\/\/toys.lt\/lv\/#website"},"primaryImageOfPage":{"@id":"https:\/\/toys.lt\/lv\/produktas\/virtuvite-ar-piederumiem-fun-cooking\/#primaryimage"},"image":{"@id":"https:\/\/toys.lt\/lv\/produktas\/virtuvite-ar-piederumiem-fun-cooking\/#primaryimage"},"thumbnailUrl":"https:\/\/toys.lt\/wp-content\/uploads\/2021\/02\/products-1891.jpg","datePublished":"2021-02-01T02:46:30+00:00","dateModified":"2026-04-09T00:01:28+00:00","breadcrumb":{"@id":"https:\/\/toys.lt\/lv\/produktas\/virtuvite-ar-piederumiem-fun-cooking\/#breadcrumb"},"inLanguage":"lv-LV","potentialAction":[{"@type":"ReadAction","target":["https:\/\/toys.lt\/lv\/produktas\/virtuvite-ar-piederumiem-fun-cooking\/"]}]},{"@type":"ImageObject","inLanguage":"lv-LV","@id":"https:\/\/toys.lt\/lv\/produktas\/virtuvite-ar-piederumiem-fun-cooking\/#primaryimage","url":"https:\/\/toys.lt\/wp-content\/uploads\/2021\/02\/products-1891.jpg","contentUrl":"https:\/\/toys.lt\/wp-content\/uploads\/2021\/02\/products-1891.jpg","width":600,"height":600,"caption":"Virtuv\u0117l\u0117 su priedais &#8220;Fun Cooking&#8221;"},{"@type":"BreadcrumbList","@id":"https:\/\/toys.lt\/lv\/produktas\/virtuvite-ar-piederumiem-fun-cooking\/#breadcrumb","itemListElement":[{"@type":"ListItem","position":1,"name":"Home","item":"https:\/\/toys.lt\/lv\/"},{"@type":"ListItem","position":2,"name":"Veikals","item":"https:\/\/toys.lt\/lv\/shop\/"},{"@type":"ListItem","position":3,"name":"Virtuv\u012bte ar piederumiem &#8222;Fun Cooking&#8221;"}]},{"@type":"WebSite","@id":"https:\/\/toys.lt\/lv\/#website","url":"https:\/\/toys.lt\/lv\/","name":"Toys.lt","description":"","potentialAction":[{"@type":"SearchAction","target":{"@type":"EntryPoint","urlTemplate":"https:\/\/toys.lt\/lv\/?s={search_term_string}"},"query-input":{"@type":"PropertyValueSpecification","valueRequired":true,"valueName":"search_term_string"}}],"inLanguage":"lv-LV"}]}},"_links":{"self":[{"href":"https:\/\/toys.lt\/lv\/wp-json\/wp\/v2\/product\/42110","targetHints":{"allow":["GET"]}}],"collection":[{"href":"https:\/\/toys.lt\/lv\/wp-json\/wp\/v2\/product"}],"about":[{"href":"https:\/\/toys.lt\/lv\/wp-json\/wp\/v2\/types\/product"}],"replies":[{"embeddable":true,"href":"https:\/\/toys.lt\/lv\/wp-json\/wp\/v2\/comments?post=42110"}],"version-history":[{"count":1,"href":"https:\/\/toys.lt\/lv\/wp-json\/wp\/v2\/product\/42110\/revisions"}],"predecessor-version":[{"id":42112,"href":"https:\/\/toys.lt\/lv\/wp-json\/wp\/v2\/product\/42110\/revisions\/42112"}],"wp:featuredmedia":[{"embeddable":true,"href":"https:\/\/toys.lt\/lv\/wp-json\/wp\/v2\/media\/37785"}],"wp:attachment":[{"href":"https:\/\/toys.lt\/lv\/wp-json\/wp\/v2\/media?parent=42110"}],"wp:term":[{"taxonomy":"product_brand","embeddable":true,"href":"https:\/\/toys.lt\/lv\/wp-json\/wp\/v2\/product_brand?post=42110"},{"taxonomy":"product_cat","embeddable":true,"href":"https:\/\/toys.lt\/lv\/wp-json\/wp\/v2\/product_cat?post=42110"},{"taxonomy":"product_tag","embeddable":true,"href":"https:\/\/toys.lt\/lv\/wp-json\/wp\/v2\/product_tag?post=42110"}],"curies":[{"name":"wp","href":"https:\/\/api.w.org\/{rel}","templated":true}]}}