{"id":42029,"date":"2021-01-08T04:55:24","date_gmt":"2021-01-08T04:55:24","guid":{"rendered":"https:\/\/toys.lt\/produktas\/basketbola-rinkis-berniem-ar-regulejamu-stativu-lidz-163-cm\/"},"modified":"2026-04-09T00:01:38","modified_gmt":"2026-04-09T00:01:38","slug":"basketbola-rinkis-berniem-ar-regulejamu-stativu-lidz-163-cm","status":"publish","type":"product","link":"https:\/\/toys.lt\/lv\/produktas\/basketbola-rinkis-berniem-ar-regulejamu-stativu-lidz-163-cm\/","title":{"rendered":"Basketbola ri\u0146\u0137is b\u0113rniem ar regul\u0113jamu stat\u012bvu (l\u012bdz 163 cm)"},"content":{"rendered":"<p style=\"margin: 0px;font-size: medium;color: #7a7a7a;padding: 0px;line-height: inherit;border: 0px;font-family: Roboto, sans-serif;background-color: #fefefe\"><strong style=\"background-color: #fafbfc;color: #000000;font-family: Verdana, Arial, Helvetica, sans-serif;font-size: 11px\"><span style=\"font-weight: 400\">Ide\u0101ls <strong>basketbola ri\u0146\u0137is ar stat\u012bvu<\/strong>, lai b\u0113rni var\u0113tu sp\u0113l\u0113t ar draugiem! Kop\u0101 ar \u0161o sporta komplektu j\u016bsu b\u0113rns aktiviz\u0113s topo\u0161\u0101 sportista dz\u012bvi. Basketbola sp\u0113les att\u012bsta fizisko aktivit\u0101ti, veikl\u012bbu un precizit\u0101ti, savuk\u0101rt komandas sp\u0113les att\u012bsta atl\u0113tiskumu, ritmu un komunik\u0101cijas prasmes. Maksim\u0101lais augstums ir 163 cm. Stat\u012bvs ir regul\u0113jams p\u0113c augstuma, t\u0101p\u0113c \u0161is komplekts ir piem\u0113rots da\u017e\u0101da auguma un vecuma b\u0113rniem. Lai konstrukcija b\u016btu stabila, pamatni lab\u0101k nostiprin\u0101t ar smilt\u012bm vai \u016bdeni.     <\/span><\/strong><\/p>\n<p style=\"margin: 0px;font-size: medium;color: #7a7a7a;padding: 0px;line-height: inherit;border: 0px;font-family: Roboto, sans-serif;background-color: #fefefe\"><strong style=\"background-color: #fafbfc;color: #000000;font-family: Verdana, Arial, Helvetica, sans-serif;font-size: 11px\">Funkcijas:<\/strong><\/p>\n<ul style=\"list-style-type: square\">\n<li style=\"margin: 0px;padding: 0px;font: inherit;border: 0px\">Regul\u0113jams augstums<\/li>\n<li style=\"margin: 0px;padding: 0px;font: inherit;border: 0px\">Piem\u0113rots lieto\u0161anai \u0101rpus telp\u0101m un m\u0101j\u0101s<\/li>\n<li style=\"margin: 0px;padding: 0px;font: inherit;border: 0px\">Viegli samont\u0113t un izv\u0113l\u0113ties<\/li>\n<li style=\"margin: 0px;padding: 0px;font: inherit;border: 0px\">Mobila un kompakta<\/li>\n<li style=\"margin: 0px;padding: 0px;font: inherit;border: 0px\">Pamatnes nostiprin\u0101\u0161ana ar smilt\u012bm vai \u016bdeni<\/li>\n<li style=\"margin: 0px;padding: 0px;font: inherit;border: 0px\">Att\u012bsta veikl\u012bbu, \u0101trumu, sp\u0113ku un iztur\u012bbu.<\/li>\n<\/ul>\n","protected":false},"excerpt":{"rendered":"<p>Produkta veids: sporta<\/p>\n<p>Izcelsmes valsts: \u0136\u012bna<\/p>\n<p>Iepakojuma izm\u0113ri: 40 x 17 x 48 cm<\/p>\n<p>Ieteicamais vecums: no 8 gadiem.<\/p>\n","protected":false},"featured_media":37726,"comment_status":"open","ping_status":"closed","template":"","meta":[],"product_brand":[],"product_cat":[1176,1277,1155],"product_tag":[],"class_list":{"0":"post-42029","1":"product","2":"type-product","3":"status-publish","4":"has-post-thumbnail","6":"product_cat-rotallietas-zeniem","7":"product_cat-sporta-un-izklaides-rotallietas","8":"product_cat-leti","9":"pa_amziaus-grupe-8-lv","10":"pa_spalva-dazadi","12":"first","13":"instock","14":"taxable","15":"shipping-taxable","16":"purchasable","17":"product-type-simple"},"yoast_head":"<!-- This site is optimized with the Yoast SEO plugin v26.3 - https:\/\/yoast.com\/wordpress\/plugins\/seo\/ -->\n<title>Basketbola ri\u0146\u0137is b\u0113rniem ar regul\u0113jamu stat\u012bvu (l\u012bdz 163 cm) - Toys.lt<\/title>\n<meta name=\"robots\" content=\"index, follow, max-snippet:-1, max-image-preview:large, max-video-preview:-1\" \/>\n<link rel=\"canonical\" href=\"https:\/\/toys.lt\/lv\/produktas\/basketbola-rinkis-berniem-ar-regulejamu-stativu-lidz-163-cm\/\" \/>\n<meta property=\"og:locale\" content=\"lv_LV\" \/>\n<meta property=\"og:type\" content=\"article\" \/>\n<meta property=\"og:title\" content=\"Basketbola ri\u0146\u0137is b\u0113rniem ar regul\u0113jamu stat\u012bvu (l\u012bdz 163 cm) - Toys.lt\" \/>\n<meta property=\"og:description\" content=\"Produkta veids: sporta Izcelsmes valsts: \u0136\u012bna Iepakojuma izm\u0113ri: 40 x 17 x 48 cm Ieteicamais vecums: no 8 gadiem.\" \/>\n<meta property=\"og:url\" content=\"https:\/\/toys.lt\/lv\/produktas\/basketbola-rinkis-berniem-ar-regulejamu-stativu-lidz-163-cm\/\" \/>\n<meta property=\"og:site_name\" content=\"Toys.lt\" \/>\n<meta property=\"article:modified_time\" content=\"2026-04-09T00:01:38+00:00\" \/>\n<meta property=\"og:image\" content=\"https:\/\/toys.lt\/wp-content\/uploads\/2021\/07\/products-2101.jpg\" \/>\n\t<meta property=\"og:image:width\" content=\"781\" \/>\n\t<meta property=\"og:image:height\" content=\"1500\" \/>\n\t<meta property=\"og:image:type\" content=\"image\/jpeg\" \/>\n<meta name=\"twitter:card\" content=\"summary_large_image\" \/>\n<meta name=\"twitter:label1\" content=\"Est. reading time\" \/>\n\t<meta name=\"twitter:data1\" content=\"1 minute\" \/>\n<script type=\"application\/ld+json\" class=\"yoast-schema-graph\">{\"@context\":\"https:\/\/schema.org\",\"@graph\":[{\"@type\":\"WebPage\",\"@id\":\"https:\/\/toys.lt\/lv\/produktas\/basketbola-rinkis-berniem-ar-regulejamu-stativu-lidz-163-cm\/\",\"url\":\"https:\/\/toys.lt\/lv\/produktas\/basketbola-rinkis-berniem-ar-regulejamu-stativu-lidz-163-cm\/\",\"name\":\"Basketbola ri\u0146\u0137is b\u0113rniem ar regul\u0113jamu stat\u012bvu (l\u012bdz 163 cm) - Toys.lt\",\"isPartOf\":{\"@id\":\"https:\/\/toys.lt\/lv\/#website\"},\"primaryImageOfPage\":{\"@id\":\"https:\/\/toys.lt\/lv\/produktas\/basketbola-rinkis-berniem-ar-regulejamu-stativu-lidz-163-cm\/#primaryimage\"},\"image\":{\"@id\":\"https:\/\/toys.lt\/lv\/produktas\/basketbola-rinkis-berniem-ar-regulejamu-stativu-lidz-163-cm\/#primaryimage\"},\"thumbnailUrl\":\"https:\/\/toys.lt\/wp-content\/uploads\/2021\/07\/products-2101.jpg\",\"datePublished\":\"2021-01-08T04:55:24+00:00\",\"dateModified\":\"2026-04-09T00:01:38+00:00\",\"breadcrumb\":{\"@id\":\"https:\/\/toys.lt\/lv\/produktas\/basketbola-rinkis-berniem-ar-regulejamu-stativu-lidz-163-cm\/#breadcrumb\"},\"inLanguage\":\"lv-LV\",\"potentialAction\":[{\"@type\":\"ReadAction\",\"target\":[\"https:\/\/toys.lt\/lv\/produktas\/basketbola-rinkis-berniem-ar-regulejamu-stativu-lidz-163-cm\/\"]}]},{\"@type\":\"ImageObject\",\"inLanguage\":\"lv-LV\",\"@id\":\"https:\/\/toys.lt\/lv\/produktas\/basketbola-rinkis-berniem-ar-regulejamu-stativu-lidz-163-cm\/#primaryimage\",\"url\":\"https:\/\/toys.lt\/wp-content\/uploads\/2021\/07\/products-2101.jpg\",\"contentUrl\":\"https:\/\/toys.lt\/wp-content\/uploads\/2021\/07\/products-2101.jpg\",\"width\":781,\"height\":1500,\"caption\":\"Vaiki\u0161kas krep\u0161inio \u017eiedas su reguliuojamu stovu (iki 163 cm)\"},{\"@type\":\"BreadcrumbList\",\"@id\":\"https:\/\/toys.lt\/lv\/produktas\/basketbola-rinkis-berniem-ar-regulejamu-stativu-lidz-163-cm\/#breadcrumb\",\"itemListElement\":[{\"@type\":\"ListItem\",\"position\":1,\"name\":\"Home\",\"item\":\"https:\/\/toys.lt\/lv\/\"},{\"@type\":\"ListItem\",\"position\":2,\"name\":\"Veikals\",\"item\":\"https:\/\/toys.lt\/lv\/shop\/\"},{\"@type\":\"ListItem\",\"position\":3,\"name\":\"Basketbola ri\u0146\u0137is b\u0113rniem ar regul\u0113jamu stat\u012bvu (l\u012bdz 163 cm)\"}]},{\"@type\":\"WebSite\",\"@id\":\"https:\/\/toys.lt\/lv\/#website\",\"url\":\"https:\/\/toys.lt\/lv\/\",\"name\":\"Toys.lt\",\"description\":\"\",\"potentialAction\":[{\"@type\":\"SearchAction\",\"target\":{\"@type\":\"EntryPoint\",\"urlTemplate\":\"https:\/\/toys.lt\/lv\/?s={search_term_string}\"},\"query-input\":{\"@type\":\"PropertyValueSpecification\",\"valueRequired\":true,\"valueName\":\"search_term_string\"}}],\"inLanguage\":\"lv-LV\"}]}<\/script>\n<!-- \/ Yoast SEO plugin. -->","yoast_head_json":{"title":"Basketbola ri\u0146\u0137is b\u0113rniem ar regul\u0113jamu stat\u012bvu (l\u012bdz 163 cm) - Toys.lt","robots":{"index":"index","follow":"follow","max-snippet":"max-snippet:-1","max-image-preview":"max-image-preview:large","max-video-preview":"max-video-preview:-1"},"canonical":"https:\/\/toys.lt\/lv\/produktas\/basketbola-rinkis-berniem-ar-regulejamu-stativu-lidz-163-cm\/","og_locale":"lv_LV","og_type":"article","og_title":"Basketbola ri\u0146\u0137is b\u0113rniem ar regul\u0113jamu stat\u012bvu (l\u012bdz 163 cm) - Toys.lt","og_description":"Produkta veids: sporta Izcelsmes valsts: \u0136\u012bna Iepakojuma izm\u0113ri: 40 x 17 x 48 cm Ieteicamais vecums: no 8 gadiem.","og_url":"https:\/\/toys.lt\/lv\/produktas\/basketbola-rinkis-berniem-ar-regulejamu-stativu-lidz-163-cm\/","og_site_name":"Toys.lt","article_modified_time":"2026-04-09T00:01:38+00:00","og_image":[{"width":781,"height":1500,"url":"https:\/\/toys.lt\/wp-content\/uploads\/2021\/07\/products-2101.jpg","type":"image\/jpeg"}],"twitter_card":"summary_large_image","twitter_misc":{"Est. reading time":"1 minute"},"schema":{"@context":"https:\/\/schema.org","@graph":[{"@type":"WebPage","@id":"https:\/\/toys.lt\/lv\/produktas\/basketbola-rinkis-berniem-ar-regulejamu-stativu-lidz-163-cm\/","url":"https:\/\/toys.lt\/lv\/produktas\/basketbola-rinkis-berniem-ar-regulejamu-stativu-lidz-163-cm\/","name":"Basketbola ri\u0146\u0137is b\u0113rniem ar regul\u0113jamu stat\u012bvu (l\u012bdz 163 cm) - Toys.lt","isPartOf":{"@id":"https:\/\/toys.lt\/lv\/#website"},"primaryImageOfPage":{"@id":"https:\/\/toys.lt\/lv\/produktas\/basketbola-rinkis-berniem-ar-regulejamu-stativu-lidz-163-cm\/#primaryimage"},"image":{"@id":"https:\/\/toys.lt\/lv\/produktas\/basketbola-rinkis-berniem-ar-regulejamu-stativu-lidz-163-cm\/#primaryimage"},"thumbnailUrl":"https:\/\/toys.lt\/wp-content\/uploads\/2021\/07\/products-2101.jpg","datePublished":"2021-01-08T04:55:24+00:00","dateModified":"2026-04-09T00:01:38+00:00","breadcrumb":{"@id":"https:\/\/toys.lt\/lv\/produktas\/basketbola-rinkis-berniem-ar-regulejamu-stativu-lidz-163-cm\/#breadcrumb"},"inLanguage":"lv-LV","potentialAction":[{"@type":"ReadAction","target":["https:\/\/toys.lt\/lv\/produktas\/basketbola-rinkis-berniem-ar-regulejamu-stativu-lidz-163-cm\/"]}]},{"@type":"ImageObject","inLanguage":"lv-LV","@id":"https:\/\/toys.lt\/lv\/produktas\/basketbola-rinkis-berniem-ar-regulejamu-stativu-lidz-163-cm\/#primaryimage","url":"https:\/\/toys.lt\/wp-content\/uploads\/2021\/07\/products-2101.jpg","contentUrl":"https:\/\/toys.lt\/wp-content\/uploads\/2021\/07\/products-2101.jpg","width":781,"height":1500,"caption":"Vaiki\u0161kas krep\u0161inio \u017eiedas su reguliuojamu stovu (iki 163 cm)"},{"@type":"BreadcrumbList","@id":"https:\/\/toys.lt\/lv\/produktas\/basketbola-rinkis-berniem-ar-regulejamu-stativu-lidz-163-cm\/#breadcrumb","itemListElement":[{"@type":"ListItem","position":1,"name":"Home","item":"https:\/\/toys.lt\/lv\/"},{"@type":"ListItem","position":2,"name":"Veikals","item":"https:\/\/toys.lt\/lv\/shop\/"},{"@type":"ListItem","position":3,"name":"Basketbola ri\u0146\u0137is b\u0113rniem ar regul\u0113jamu stat\u012bvu (l\u012bdz 163 cm)"}]},{"@type":"WebSite","@id":"https:\/\/toys.lt\/lv\/#website","url":"https:\/\/toys.lt\/lv\/","name":"Toys.lt","description":"","potentialAction":[{"@type":"SearchAction","target":{"@type":"EntryPoint","urlTemplate":"https:\/\/toys.lt\/lv\/?s={search_term_string}"},"query-input":{"@type":"PropertyValueSpecification","valueRequired":true,"valueName":"search_term_string"}}],"inLanguage":"lv-LV"}]}},"_links":{"self":[{"href":"https:\/\/toys.lt\/lv\/wp-json\/wp\/v2\/product\/42029","targetHints":{"allow":["GET"]}}],"collection":[{"href":"https:\/\/toys.lt\/lv\/wp-json\/wp\/v2\/product"}],"about":[{"href":"https:\/\/toys.lt\/lv\/wp-json\/wp\/v2\/types\/product"}],"replies":[{"embeddable":true,"href":"https:\/\/toys.lt\/lv\/wp-json\/wp\/v2\/comments?post=42029"}],"version-history":[{"count":2,"href":"https:\/\/toys.lt\/lv\/wp-json\/wp\/v2\/product\/42029\/revisions"}],"predecessor-version":[{"id":46160,"href":"https:\/\/toys.lt\/lv\/wp-json\/wp\/v2\/product\/42029\/revisions\/46160"}],"wp:featuredmedia":[{"embeddable":true,"href":"https:\/\/toys.lt\/lv\/wp-json\/wp\/v2\/media\/37726"}],"wp:attachment":[{"href":"https:\/\/toys.lt\/lv\/wp-json\/wp\/v2\/media?parent=42029"}],"wp:term":[{"taxonomy":"product_brand","embeddable":true,"href":"https:\/\/toys.lt\/lv\/wp-json\/wp\/v2\/product_brand?post=42029"},{"taxonomy":"product_cat","embeddable":true,"href":"https:\/\/toys.lt\/lv\/wp-json\/wp\/v2\/product_cat?post=42029"},{"taxonomy":"product_tag","embeddable":true,"href":"https:\/\/toys.lt\/lv\/wp-json\/wp\/v2\/product_tag?post=42029"}],"curies":[{"name":"wp","href":"https:\/\/api.w.org\/{rel}","templated":true}]}}