{"id":42028,"date":"2021-01-08T04:29:30","date_gmt":"2021-01-08T04:29:30","guid":{"rendered":"https:\/\/toys.lt\/produktas\/rotallietu-perlites-caurdursanas-komplekts-3\/"},"modified":"2026-02-19T00:02:08","modified_gmt":"2026-02-19T00:02:08","slug":"rotallietu-perlites-caurdursanas-komplekts-3","status":"publish","type":"product","link":"https:\/\/toys.lt\/lv\/produktas\/rotallietu-perlites-caurdursanas-komplekts-3\/","title":{"rendered":"Rota\u013clietu p\u0113rl\u012btes &#8211; caurdur\u0161anas komplekts"},"content":{"rendered":"<p>\u0160is burv\u012bgais rado\u0161uma komplekts ir lieliski piem\u0113rots topo\u0161aj\u0101m modes m\u0101ksliniec\u0113m. Kas var b\u016bt jautr\u0101ks par rotaslietu izgatavo\u0161anu pa\u0161u rok\u0101m!  Izgatavot\u0101s rotas k\u013c\u016bs par unik\u0101lu ikdienas rotaslietu katrai jaunajai n\u0101ri\u0146ai. \u0160\u0101dam komplektam ir ne tikai pievilc\u012bgs izskats, bet tas ar\u012b akt\u012bvi izgl\u012bto b\u0113rnu, pal\u012bdzot apg\u016bt saskarsmes prasmes un par\u0101d\u012bt savu izdomu un izt\u0113li. <\/p>\n<p><strong>Funkcijas:<\/strong><\/p>\n<ul style=\"list-style-type: square;\">\n<li style=\"margin: 0px; padding: 0px; font: inherit; border: 0px;\">Da\u017e\u0101du izm\u0113ru, kr\u0101su un formu p\u0113rl\u012btes<\/li>\n<li style=\"margin: 0px; padding: 0px; font: inherit; border: 0px;\">Att\u012bsta modes un stila izj\u016btu<\/li>\n<li style=\"margin: 0px; padding: 0px; font: inherit; border: 0px;\">Att\u012bsta s\u012bko motoriku, rado\u0161o dom\u0101\u0161anu, izt\u0113li un izdomu.<\/li>\n<\/ul>\n","protected":false},"excerpt":{"rendered":"<p>Produkta veids: rokdarbi<\/p>\n<p>Izcelsmes valsts: \u0136\u012bna<\/p>\n<p>Iepakojuma izm\u0113ri: 35 x 2 x 24 cm<\/p>\n<p>Ieteicamais vecums: no 3 gadiem.<\/p>\n","protected":false},"featured_media":37721,"comment_status":"open","ping_status":"closed","template":"","meta":[],"product_brand":[],"product_cat":[1257,1180,1261,1406],"product_tag":[],"class_list":{"0":"post-42028","1":"product","2":"type-product","3":"status-publish","4":"has-post-thumbnail","6":"product_cat-rokdarbi-un-radosums","7":"product_cat-rotallietas-meitenem","8":"product_cat-skaistumkopsanas-komplekti-un-kosmetika-meitenem","9":"product_cat-letakais","10":"pa_amziaus-grupe-3-lv","11":"pa_prek-s-tipas-biskerpsanas-komplekti","13":"first","14":"outofstock","15":"taxable","16":"shipping-taxable","17":"purchasable","18":"product-type-simple"},"yoast_head":"<!-- This site is optimized with the Yoast SEO plugin v26.3 - https:\/\/yoast.com\/wordpress\/plugins\/seo\/ -->\n<title>Rota\u013clietu p\u0113rl\u012btes - caurdur\u0161anas komplekts - Toys.lt<\/title>\n<meta name=\"robots\" content=\"index, follow, max-snippet:-1, max-image-preview:large, max-video-preview:-1\" \/>\n<link rel=\"canonical\" href=\"https:\/\/toys.lt\/lv\/produktas\/rotallietu-perlites-caurdursanas-komplekts-3\/\" \/>\n<meta property=\"og:locale\" content=\"lv_LV\" \/>\n<meta property=\"og:type\" content=\"article\" \/>\n<meta property=\"og:title\" content=\"Rota\u013clietu p\u0113rl\u012btes - caurdur\u0161anas komplekts - Toys.lt\" \/>\n<meta property=\"og:description\" content=\"Produkta veids: rokdarbi Izcelsmes valsts: \u0136\u012bna Iepakojuma izm\u0113ri: 35 x 2 x 24 cm Ieteicamais vecums: no 3 gadiem.\" \/>\n<meta property=\"og:url\" content=\"https:\/\/toys.lt\/lv\/produktas\/rotallietu-perlites-caurdursanas-komplekts-3\/\" \/>\n<meta property=\"og:site_name\" content=\"Toys.lt\" \/>\n<meta property=\"article:modified_time\" content=\"2026-02-19T00:02:08+00:00\" \/>\n<meta property=\"og:image\" content=\"https:\/\/toys.lt\/wp-content\/uploads\/2021\/01\/products-1789.jpg\" \/>\n\t<meta property=\"og:image:width\" content=\"2088\" \/>\n\t<meta property=\"og:image:height\" content=\"1600\" \/>\n\t<meta property=\"og:image:type\" content=\"image\/jpeg\" \/>\n<meta name=\"twitter:card\" content=\"summary_large_image\" \/>\n<meta name=\"twitter:label1\" content=\"Est. reading time\" \/>\n\t<meta name=\"twitter:data1\" content=\"1 minute\" \/>\n<script type=\"application\/ld+json\" class=\"yoast-schema-graph\">{\"@context\":\"https:\/\/schema.org\",\"@graph\":[{\"@type\":\"WebPage\",\"@id\":\"https:\/\/toys.lt\/lv\/produktas\/rotallietu-perlites-caurdursanas-komplekts-3\/\",\"url\":\"https:\/\/toys.lt\/lv\/produktas\/rotallietu-perlites-caurdursanas-komplekts-3\/\",\"name\":\"Rota\u013clietu p\u0113rl\u012btes - caurdur\u0161anas komplekts - Toys.lt\",\"isPartOf\":{\"@id\":\"https:\/\/toys.lt\/lv\/#website\"},\"primaryImageOfPage\":{\"@id\":\"https:\/\/toys.lt\/lv\/produktas\/rotallietu-perlites-caurdursanas-komplekts-3\/#primaryimage\"},\"image\":{\"@id\":\"https:\/\/toys.lt\/lv\/produktas\/rotallietu-perlites-caurdursanas-komplekts-3\/#primaryimage\"},\"thumbnailUrl\":\"https:\/\/toys.lt\/wp-content\/uploads\/2021\/01\/products-1789.jpg\",\"datePublished\":\"2021-01-08T04:29:30+00:00\",\"dateModified\":\"2026-02-19T00:02:08+00:00\",\"breadcrumb\":{\"@id\":\"https:\/\/toys.lt\/lv\/produktas\/rotallietu-perlites-caurdursanas-komplekts-3\/#breadcrumb\"},\"inLanguage\":\"lv-LV\",\"potentialAction\":[{\"@type\":\"ReadAction\",\"target\":[\"https:\/\/toys.lt\/lv\/produktas\/rotallietu-perlites-caurdursanas-komplekts-3\/\"]}]},{\"@type\":\"ImageObject\",\"inLanguage\":\"lv-LV\",\"@id\":\"https:\/\/toys.lt\/lv\/produktas\/rotallietu-perlites-caurdursanas-komplekts-3\/#primaryimage\",\"url\":\"https:\/\/toys.lt\/wp-content\/uploads\/2021\/01\/products-1789.jpg\",\"contentUrl\":\"https:\/\/toys.lt\/wp-content\/uploads\/2021\/01\/products-1789.jpg\",\"width\":2088,\"height\":1600,\"caption\":\"\u017daisliniai karoliukai &#8211; v\u0117rimo rinkinys\"},{\"@type\":\"BreadcrumbList\",\"@id\":\"https:\/\/toys.lt\/lv\/produktas\/rotallietu-perlites-caurdursanas-komplekts-3\/#breadcrumb\",\"itemListElement\":[{\"@type\":\"ListItem\",\"position\":1,\"name\":\"Home\",\"item\":\"https:\/\/toys.lt\/lv\/\"},{\"@type\":\"ListItem\",\"position\":2,\"name\":\"Veikals\",\"item\":\"https:\/\/toys.lt\/lv\/shop\/\"},{\"@type\":\"ListItem\",\"position\":3,\"name\":\"Rota\u013clietu p\u0113rl\u012btes &#8211; caurdur\u0161anas komplekts\"}]},{\"@type\":\"WebSite\",\"@id\":\"https:\/\/toys.lt\/lv\/#website\",\"url\":\"https:\/\/toys.lt\/lv\/\",\"name\":\"Toys.lt\",\"description\":\"\",\"potentialAction\":[{\"@type\":\"SearchAction\",\"target\":{\"@type\":\"EntryPoint\",\"urlTemplate\":\"https:\/\/toys.lt\/lv\/?s={search_term_string}\"},\"query-input\":{\"@type\":\"PropertyValueSpecification\",\"valueRequired\":true,\"valueName\":\"search_term_string\"}}],\"inLanguage\":\"lv-LV\"}]}<\/script>\n<!-- \/ Yoast SEO plugin. -->","yoast_head_json":{"title":"Rota\u013clietu p\u0113rl\u012btes - caurdur\u0161anas komplekts - Toys.lt","robots":{"index":"index","follow":"follow","max-snippet":"max-snippet:-1","max-image-preview":"max-image-preview:large","max-video-preview":"max-video-preview:-1"},"canonical":"https:\/\/toys.lt\/lv\/produktas\/rotallietu-perlites-caurdursanas-komplekts-3\/","og_locale":"lv_LV","og_type":"article","og_title":"Rota\u013clietu p\u0113rl\u012btes - caurdur\u0161anas komplekts - Toys.lt","og_description":"Produkta veids: rokdarbi Izcelsmes valsts: \u0136\u012bna Iepakojuma izm\u0113ri: 35 x 2 x 24 cm Ieteicamais vecums: no 3 gadiem.","og_url":"https:\/\/toys.lt\/lv\/produktas\/rotallietu-perlites-caurdursanas-komplekts-3\/","og_site_name":"Toys.lt","article_modified_time":"2026-02-19T00:02:08+00:00","og_image":[{"width":2088,"height":1600,"url":"https:\/\/toys.lt\/wp-content\/uploads\/2021\/01\/products-1789.jpg","type":"image\/jpeg"}],"twitter_card":"summary_large_image","twitter_misc":{"Est. reading time":"1 minute"},"schema":{"@context":"https:\/\/schema.org","@graph":[{"@type":"WebPage","@id":"https:\/\/toys.lt\/lv\/produktas\/rotallietu-perlites-caurdursanas-komplekts-3\/","url":"https:\/\/toys.lt\/lv\/produktas\/rotallietu-perlites-caurdursanas-komplekts-3\/","name":"Rota\u013clietu p\u0113rl\u012btes - caurdur\u0161anas komplekts - Toys.lt","isPartOf":{"@id":"https:\/\/toys.lt\/lv\/#website"},"primaryImageOfPage":{"@id":"https:\/\/toys.lt\/lv\/produktas\/rotallietu-perlites-caurdursanas-komplekts-3\/#primaryimage"},"image":{"@id":"https:\/\/toys.lt\/lv\/produktas\/rotallietu-perlites-caurdursanas-komplekts-3\/#primaryimage"},"thumbnailUrl":"https:\/\/toys.lt\/wp-content\/uploads\/2021\/01\/products-1789.jpg","datePublished":"2021-01-08T04:29:30+00:00","dateModified":"2026-02-19T00:02:08+00:00","breadcrumb":{"@id":"https:\/\/toys.lt\/lv\/produktas\/rotallietu-perlites-caurdursanas-komplekts-3\/#breadcrumb"},"inLanguage":"lv-LV","potentialAction":[{"@type":"ReadAction","target":["https:\/\/toys.lt\/lv\/produktas\/rotallietu-perlites-caurdursanas-komplekts-3\/"]}]},{"@type":"ImageObject","inLanguage":"lv-LV","@id":"https:\/\/toys.lt\/lv\/produktas\/rotallietu-perlites-caurdursanas-komplekts-3\/#primaryimage","url":"https:\/\/toys.lt\/wp-content\/uploads\/2021\/01\/products-1789.jpg","contentUrl":"https:\/\/toys.lt\/wp-content\/uploads\/2021\/01\/products-1789.jpg","width":2088,"height":1600,"caption":"\u017daisliniai karoliukai &#8211; v\u0117rimo rinkinys"},{"@type":"BreadcrumbList","@id":"https:\/\/toys.lt\/lv\/produktas\/rotallietu-perlites-caurdursanas-komplekts-3\/#breadcrumb","itemListElement":[{"@type":"ListItem","position":1,"name":"Home","item":"https:\/\/toys.lt\/lv\/"},{"@type":"ListItem","position":2,"name":"Veikals","item":"https:\/\/toys.lt\/lv\/shop\/"},{"@type":"ListItem","position":3,"name":"Rota\u013clietu p\u0113rl\u012btes &#8211; caurdur\u0161anas komplekts"}]},{"@type":"WebSite","@id":"https:\/\/toys.lt\/lv\/#website","url":"https:\/\/toys.lt\/lv\/","name":"Toys.lt","description":"","potentialAction":[{"@type":"SearchAction","target":{"@type":"EntryPoint","urlTemplate":"https:\/\/toys.lt\/lv\/?s={search_term_string}"},"query-input":{"@type":"PropertyValueSpecification","valueRequired":true,"valueName":"search_term_string"}}],"inLanguage":"lv-LV"}]}},"_links":{"self":[{"href":"https:\/\/toys.lt\/lv\/wp-json\/wp\/v2\/product\/42028","targetHints":{"allow":["GET"]}}],"collection":[{"href":"https:\/\/toys.lt\/lv\/wp-json\/wp\/v2\/product"}],"about":[{"href":"https:\/\/toys.lt\/lv\/wp-json\/wp\/v2\/types\/product"}],"replies":[{"embeddable":true,"href":"https:\/\/toys.lt\/lv\/wp-json\/wp\/v2\/comments?post=42028"}],"version-history":[{"count":2,"href":"https:\/\/toys.lt\/lv\/wp-json\/wp\/v2\/product\/42028\/revisions"}],"predecessor-version":[{"id":46376,"href":"https:\/\/toys.lt\/lv\/wp-json\/wp\/v2\/product\/42028\/revisions\/46376"}],"wp:featuredmedia":[{"embeddable":true,"href":"https:\/\/toys.lt\/lv\/wp-json\/wp\/v2\/media\/37721"}],"wp:attachment":[{"href":"https:\/\/toys.lt\/lv\/wp-json\/wp\/v2\/media?parent=42028"}],"wp:term":[{"taxonomy":"product_brand","embeddable":true,"href":"https:\/\/toys.lt\/lv\/wp-json\/wp\/v2\/product_brand?post=42028"},{"taxonomy":"product_cat","embeddable":true,"href":"https:\/\/toys.lt\/lv\/wp-json\/wp\/v2\/product_cat?post=42028"},{"taxonomy":"product_tag","embeddable":true,"href":"https:\/\/toys.lt\/lv\/wp-json\/wp\/v2\/product_tag?post=42028"}],"curies":[{"name":"wp","href":"https:\/\/api.w.org\/{rel}","templated":true}]}}