{"id":41997,"date":"2021-01-08T01:47:05","date_gmt":"2021-01-08T01:47:05","guid":{"rendered":"https:\/\/toys.lt\/produktas\/rotallietu-garaza-2\/"},"modified":"2026-02-19T00:02:12","modified_gmt":"2026-02-19T00:02:12","slug":"rotallietu-garaza-2","status":"publish","type":"product","link":"https:\/\/toys.lt\/lv\/produktas\/rotallietu-garaza-2\/","title":{"rendered":"Rota\u013clietu gar\u0101\u017ea"},"content":{"rendered":"<p>P\u0113c salik\u0161anas <strong>rota\u013clietu gar\u0101\u017ea <\/strong>b\u016bs ide\u0101ls gar\u0101\u017eas komplekts j\u016bsu mazu\u013ca automa\u0161\u012bn\u0101m:<\/p>\n<ul>\n<li>Brauk\u0161anas mar\u0161ruts;<\/li>\n<li>Ma\u0161\u012bnas pac\u0113l\u0101js;<\/li>\n<li>Degvielas kolonna;<\/li>\n<li>Autost\u0101vvieta<\/li>\n<\/ul>\n<p><strong>Rota\u013clietu gar\u0101\u017eu<\/strong> veido 46 deta\u013cas. Komplekt\u0101 ir 4 ma\u0161\u012bnas, kas darbojas ar elementiem. Ma\u0161\u012bnas brauc, nospie\u017eot pogu &#8220;Start&#8221;, un apst\u0101jas, nospie\u017eot pogu &#8220;Stop&#8221;.  <\/p>\n","protected":false},"excerpt":{"rendered":"<p><strong>Rota\u013clietu gar\u0101\u017ea:<\/strong><\/p>\n<p>Iepakojuma izm\u0113ri: 60 x 10 x 44 cm<\/p>\n<p>Saloc\u012bt\u0101s gar\u0101\u017eas izm\u0113ri: 94 x 60 x 31 cm<\/p>\n<p>Svars 2,3 kg<\/p>\n<p>Da\u013cu skaits: 46 gab. + 4 ma\u0161\u012bnas<\/p>\n<p>Nepiecie\u0161amie elementi: 4xAAA<\/p>\n<p>Materi\u0101ls: plastmasa<\/p>\n<p>Ieteicamais vecums: no 2 gadiem<\/p>\n<p>Izcelsmes valsts: \u0136\u012bna<\/p>\n","protected":false},"featured_media":37703,"comment_status":"open","ping_status":"closed","template":"","meta":[],"product_brand":[],"product_cat":[1183,1176,1177],"product_tag":[],"class_list":{"0":"post-41997","1":"product","2":"type-product","3":"status-publish","4":"has-post-thumbnail","6":"product_cat-rotallietas-maziem-berniem","7":"product_cat-rotallietas-zeniem","8":"product_cat-rotalu-automasinas-traktori-un-kapurkedes","9":"pa_amziaus-grupe-2-lv","10":"pa_spalva-dazadi","12":"first","13":"outofstock","14":"sale","15":"taxable","16":"shipping-taxable","17":"purchasable","18":"product-type-simple"},"yoast_head":"<!-- This site is optimized with the Yoast SEO plugin v26.3 - https:\/\/yoast.com\/wordpress\/plugins\/seo\/ -->\n<title>Rota\u013clietu gar\u0101\u017ea - Toys.lt<\/title>\n<meta name=\"robots\" content=\"index, follow, max-snippet:-1, max-image-preview:large, max-video-preview:-1\" \/>\n<link rel=\"canonical\" href=\"https:\/\/toys.lt\/lv\/produktas\/rotallietu-garaza-2\/\" \/>\n<meta property=\"og:locale\" content=\"lv_LV\" \/>\n<meta property=\"og:type\" content=\"article\" \/>\n<meta property=\"og:title\" content=\"Rota\u013clietu gar\u0101\u017ea - Toys.lt\" \/>\n<meta property=\"og:description\" content=\"Rota\u013clietu gar\u0101\u017ea: Iepakojuma izm\u0113ri: 60 x 10 x 44 cm Saloc\u012bt\u0101s gar\u0101\u017eas izm\u0113ri: 94 x 60 x 31 cm Svars 2,3 kg Da\u013cu skaits: 46 gab. + 4 ma\u0161\u012bnas Nepiecie\u0161amie elementi: 4xAAA Materi\u0101ls: plastmasa Ieteicamais vecums: no 2 gadiem Izcelsmes valsts: \u0136\u012bna\" \/>\n<meta property=\"og:url\" content=\"https:\/\/toys.lt\/lv\/produktas\/rotallietu-garaza-2\/\" \/>\n<meta property=\"og:site_name\" content=\"Toys.lt\" \/>\n<meta property=\"article:modified_time\" content=\"2026-02-19T00:02:12+00:00\" \/>\n<meta property=\"og:image\" content=\"https:\/\/toys.lt\/wp-content\/uploads\/2021\/01\/products-1751-scaled.jpg\" \/>\n\t<meta property=\"og:image:width\" content=\"2560\" \/>\n\t<meta property=\"og:image:height\" content=\"1465\" \/>\n\t<meta property=\"og:image:type\" content=\"image\/jpeg\" \/>\n<meta name=\"twitter:card\" content=\"summary_large_image\" \/>\n<script type=\"application\/ld+json\" class=\"yoast-schema-graph\">{\"@context\":\"https:\/\/schema.org\",\"@graph\":[{\"@type\":\"WebPage\",\"@id\":\"https:\/\/toys.lt\/lv\/produktas\/rotallietu-garaza-2\/\",\"url\":\"https:\/\/toys.lt\/lv\/produktas\/rotallietu-garaza-2\/\",\"name\":\"Rota\u013clietu gar\u0101\u017ea - Toys.lt\",\"isPartOf\":{\"@id\":\"https:\/\/toys.lt\/lv\/#website\"},\"primaryImageOfPage\":{\"@id\":\"https:\/\/toys.lt\/lv\/produktas\/rotallietu-garaza-2\/#primaryimage\"},\"image\":{\"@id\":\"https:\/\/toys.lt\/lv\/produktas\/rotallietu-garaza-2\/#primaryimage\"},\"thumbnailUrl\":\"https:\/\/toys.lt\/wp-content\/uploads\/2021\/01\/products-1751-scaled.jpg\",\"datePublished\":\"2021-01-08T01:47:05+00:00\",\"dateModified\":\"2026-02-19T00:02:12+00:00\",\"breadcrumb\":{\"@id\":\"https:\/\/toys.lt\/lv\/produktas\/rotallietu-garaza-2\/#breadcrumb\"},\"inLanguage\":\"lv-LV\",\"potentialAction\":[{\"@type\":\"ReadAction\",\"target\":[\"https:\/\/toys.lt\/lv\/produktas\/rotallietu-garaza-2\/\"]}]},{\"@type\":\"ImageObject\",\"inLanguage\":\"lv-LV\",\"@id\":\"https:\/\/toys.lt\/lv\/produktas\/rotallietu-garaza-2\/#primaryimage\",\"url\":\"https:\/\/toys.lt\/wp-content\/uploads\/2021\/01\/products-1751-scaled.jpg\",\"contentUrl\":\"https:\/\/toys.lt\/wp-content\/uploads\/2021\/01\/products-1751-scaled.jpg\",\"width\":2560,\"height\":1465,\"caption\":\"\u017daislinis gara\u017eas\"},{\"@type\":\"BreadcrumbList\",\"@id\":\"https:\/\/toys.lt\/lv\/produktas\/rotallietu-garaza-2\/#breadcrumb\",\"itemListElement\":[{\"@type\":\"ListItem\",\"position\":1,\"name\":\"Home\",\"item\":\"https:\/\/toys.lt\/lv\/\"},{\"@type\":\"ListItem\",\"position\":2,\"name\":\"Veikals\",\"item\":\"https:\/\/toys.lt\/lv\/shop\/\"},{\"@type\":\"ListItem\",\"position\":3,\"name\":\"Rota\u013clietu gar\u0101\u017ea\"}]},{\"@type\":\"WebSite\",\"@id\":\"https:\/\/toys.lt\/lv\/#website\",\"url\":\"https:\/\/toys.lt\/lv\/\",\"name\":\"Toys.lt\",\"description\":\"\",\"potentialAction\":[{\"@type\":\"SearchAction\",\"target\":{\"@type\":\"EntryPoint\",\"urlTemplate\":\"https:\/\/toys.lt\/lv\/?s={search_term_string}\"},\"query-input\":{\"@type\":\"PropertyValueSpecification\",\"valueRequired\":true,\"valueName\":\"search_term_string\"}}],\"inLanguage\":\"lv-LV\"}]}<\/script>\n<!-- \/ Yoast SEO plugin. -->","yoast_head_json":{"title":"Rota\u013clietu gar\u0101\u017ea - Toys.lt","robots":{"index":"index","follow":"follow","max-snippet":"max-snippet:-1","max-image-preview":"max-image-preview:large","max-video-preview":"max-video-preview:-1"},"canonical":"https:\/\/toys.lt\/lv\/produktas\/rotallietu-garaza-2\/","og_locale":"lv_LV","og_type":"article","og_title":"Rota\u013clietu gar\u0101\u017ea - Toys.lt","og_description":"Rota\u013clietu gar\u0101\u017ea: Iepakojuma izm\u0113ri: 60 x 10 x 44 cm Saloc\u012bt\u0101s gar\u0101\u017eas izm\u0113ri: 94 x 60 x 31 cm Svars 2,3 kg Da\u013cu skaits: 46 gab. + 4 ma\u0161\u012bnas Nepiecie\u0161amie elementi: 4xAAA Materi\u0101ls: plastmasa Ieteicamais vecums: no 2 gadiem Izcelsmes valsts: \u0136\u012bna","og_url":"https:\/\/toys.lt\/lv\/produktas\/rotallietu-garaza-2\/","og_site_name":"Toys.lt","article_modified_time":"2026-02-19T00:02:12+00:00","og_image":[{"width":2560,"height":1465,"url":"https:\/\/toys.lt\/wp-content\/uploads\/2021\/01\/products-1751-scaled.jpg","type":"image\/jpeg"}],"twitter_card":"summary_large_image","schema":{"@context":"https:\/\/schema.org","@graph":[{"@type":"WebPage","@id":"https:\/\/toys.lt\/lv\/produktas\/rotallietu-garaza-2\/","url":"https:\/\/toys.lt\/lv\/produktas\/rotallietu-garaza-2\/","name":"Rota\u013clietu gar\u0101\u017ea - Toys.lt","isPartOf":{"@id":"https:\/\/toys.lt\/lv\/#website"},"primaryImageOfPage":{"@id":"https:\/\/toys.lt\/lv\/produktas\/rotallietu-garaza-2\/#primaryimage"},"image":{"@id":"https:\/\/toys.lt\/lv\/produktas\/rotallietu-garaza-2\/#primaryimage"},"thumbnailUrl":"https:\/\/toys.lt\/wp-content\/uploads\/2021\/01\/products-1751-scaled.jpg","datePublished":"2021-01-08T01:47:05+00:00","dateModified":"2026-02-19T00:02:12+00:00","breadcrumb":{"@id":"https:\/\/toys.lt\/lv\/produktas\/rotallietu-garaza-2\/#breadcrumb"},"inLanguage":"lv-LV","potentialAction":[{"@type":"ReadAction","target":["https:\/\/toys.lt\/lv\/produktas\/rotallietu-garaza-2\/"]}]},{"@type":"ImageObject","inLanguage":"lv-LV","@id":"https:\/\/toys.lt\/lv\/produktas\/rotallietu-garaza-2\/#primaryimage","url":"https:\/\/toys.lt\/wp-content\/uploads\/2021\/01\/products-1751-scaled.jpg","contentUrl":"https:\/\/toys.lt\/wp-content\/uploads\/2021\/01\/products-1751-scaled.jpg","width":2560,"height":1465,"caption":"\u017daislinis gara\u017eas"},{"@type":"BreadcrumbList","@id":"https:\/\/toys.lt\/lv\/produktas\/rotallietu-garaza-2\/#breadcrumb","itemListElement":[{"@type":"ListItem","position":1,"name":"Home","item":"https:\/\/toys.lt\/lv\/"},{"@type":"ListItem","position":2,"name":"Veikals","item":"https:\/\/toys.lt\/lv\/shop\/"},{"@type":"ListItem","position":3,"name":"Rota\u013clietu gar\u0101\u017ea"}]},{"@type":"WebSite","@id":"https:\/\/toys.lt\/lv\/#website","url":"https:\/\/toys.lt\/lv\/","name":"Toys.lt","description":"","potentialAction":[{"@type":"SearchAction","target":{"@type":"EntryPoint","urlTemplate":"https:\/\/toys.lt\/lv\/?s={search_term_string}"},"query-input":{"@type":"PropertyValueSpecification","valueRequired":true,"valueName":"search_term_string"}}],"inLanguage":"lv-LV"}]}},"_links":{"self":[{"href":"https:\/\/toys.lt\/lv\/wp-json\/wp\/v2\/product\/41997","targetHints":{"allow":["GET"]}}],"collection":[{"href":"https:\/\/toys.lt\/lv\/wp-json\/wp\/v2\/product"}],"about":[{"href":"https:\/\/toys.lt\/lv\/wp-json\/wp\/v2\/types\/product"}],"replies":[{"embeddable":true,"href":"https:\/\/toys.lt\/lv\/wp-json\/wp\/v2\/comments?post=41997"}],"version-history":[{"count":1,"href":"https:\/\/toys.lt\/lv\/wp-json\/wp\/v2\/product\/41997\/revisions"}],"predecessor-version":[{"id":41999,"href":"https:\/\/toys.lt\/lv\/wp-json\/wp\/v2\/product\/41997\/revisions\/41999"}],"wp:featuredmedia":[{"embeddable":true,"href":"https:\/\/toys.lt\/lv\/wp-json\/wp\/v2\/media\/37703"}],"wp:attachment":[{"href":"https:\/\/toys.lt\/lv\/wp-json\/wp\/v2\/media?parent=41997"}],"wp:term":[{"taxonomy":"product_brand","embeddable":true,"href":"https:\/\/toys.lt\/lv\/wp-json\/wp\/v2\/product_brand?post=41997"},{"taxonomy":"product_cat","embeddable":true,"href":"https:\/\/toys.lt\/lv\/wp-json\/wp\/v2\/product_cat?post=41997"},{"taxonomy":"product_tag","embeddable":true,"href":"https:\/\/toys.lt\/lv\/wp-json\/wp\/v2\/product_tag?post=41997"}],"curies":[{"name":"wp","href":"https:\/\/api.w.org\/{rel}","templated":true}]}}