{"id":41974,"date":"2022-05-14T22:55:41","date_gmt":"2022-05-14T22:55:41","guid":{"rendered":"https:\/\/toys.lt\/produktas\/technok-rotallietu-trauku-komplekts-koferis\/"},"modified":"2026-04-08T00:03:45","modified_gmt":"2026-04-08T00:03:45","slug":"technok-rotallietu-trauku-komplekts-koferis","status":"publish","type":"product","link":"https:\/\/toys.lt\/lv\/produktas\/technok-rotallietu-trauku-komplekts-koferis\/","title":{"rendered":"TechnoK rota\u013clietu trauku komplekts (koferis)"},"content":{"rendered":"<p><strong>Funkcijas:<\/strong><\/p>\n<ul style=\"list-style-type:square\">\n<li>Komplekt\u0101 ir liela d\u0101vanu kaste ar virtuves piederumiem.<\/li>\n<li>Iek\u0161telp\u0101s ir ar\u012b pl\u012bts, kr\u0101ns.<\/li>\n<li>Komplekts ir veidots spilgt\u0101s, modern\u0101s kr\u0101s\u0101s.<\/li>\n<li>Koferis ir \u0113rti aizsl\u0113dzams, lai nepie\u013cautu sast\u0101vda\u013cu pazu\u0161anu.<\/li>\n<li>Viegli transport\u0113jams<\/li>\n<\/ul>\n","protected":false},"excerpt":{"rendered":"<p>Preces veids: rota\u013cu trauki<\/p>\n<p>Izcelsmes valsts: Ukraina<\/p>\n<p>Iepakojuma izm\u0113ri: 34 x 26 x 16 cm<\/p>\n<p>Svars: 1 kg<\/p>\n<p>Produkta materi\u0101ls: plastmasa<\/p>\n<p>Ieteicamais vecums: no 3 gadiem<\/p>\n","protected":false},"featured_media":38246,"comment_status":"open","ping_status":"open","template":"","meta":[],"product_brand":[],"product_cat":[1180,1176,1178,1155],"product_tag":[],"class_list":{"0":"post-41974","1":"product","2":"type-product","3":"status-publish","4":"has-post-thumbnail","6":"product_cat-rotallietas-meitenem","7":"product_cat-rotallietas-zeniem","8":"product_cat-rotallietu-virtuves-piederumi-un-aksesuari","9":"product_cat-leti","10":"pa_prek-s-tipas-rotallietu-trauki","12":"first","13":"outofstock","14":"sale","15":"taxable","16":"shipping-taxable","17":"purchasable","18":"product-type-simple"},"yoast_head":"<!-- This site is optimized with the Yoast SEO plugin v26.3 - https:\/\/yoast.com\/wordpress\/plugins\/seo\/ -->\n<title>TechnoK rota\u013clietu trauku komplekts (koferis) - Toys.lt<\/title>\n<meta name=\"robots\" content=\"index, follow, max-snippet:-1, max-image-preview:large, max-video-preview:-1\" \/>\n<link rel=\"canonical\" href=\"https:\/\/toys.lt\/lv\/produktas\/technok-rotallietu-trauku-komplekts-koferis\/\" \/>\n<meta property=\"og:locale\" content=\"lv_LV\" \/>\n<meta property=\"og:type\" content=\"article\" \/>\n<meta property=\"og:title\" content=\"TechnoK rota\u013clietu trauku komplekts (koferis) - Toys.lt\" \/>\n<meta property=\"og:description\" content=\"Preces veids: rota\u013cu trauki Izcelsmes valsts: Ukraina Iepakojuma izm\u0113ri: 34 x 26 x 16 cm Svars: 1 kg Produkta materi\u0101ls: plastmasa Ieteicamais vecums: no 3 gadiem\" \/>\n<meta property=\"og:url\" content=\"https:\/\/toys.lt\/lv\/produktas\/technok-rotallietu-trauku-komplekts-koferis\/\" \/>\n<meta property=\"og:site_name\" content=\"Toys.lt\" \/>\n<meta property=\"article:modified_time\" content=\"2026-04-08T00:03:45+00:00\" \/>\n<meta property=\"og:image\" content=\"https:\/\/toys.lt\/wp-content\/uploads\/2022\/05\/products-2795.jpg\" \/>\n\t<meta property=\"og:image:width\" content=\"1200\" \/>\n\t<meta property=\"og:image:height\" content=\"800\" \/>\n\t<meta property=\"og:image:type\" content=\"image\/jpeg\" \/>\n<meta name=\"twitter:card\" content=\"summary_large_image\" \/>\n<script type=\"application\/ld+json\" class=\"yoast-schema-graph\">{\"@context\":\"https:\/\/schema.org\",\"@graph\":[{\"@type\":\"WebPage\",\"@id\":\"https:\/\/toys.lt\/lv\/produktas\/technok-rotallietu-trauku-komplekts-koferis\/\",\"url\":\"https:\/\/toys.lt\/lv\/produktas\/technok-rotallietu-trauku-komplekts-koferis\/\",\"name\":\"TechnoK rota\u013clietu trauku komplekts (koferis) - Toys.lt\",\"isPartOf\":{\"@id\":\"https:\/\/toys.lt\/lv\/#website\"},\"primaryImageOfPage\":{\"@id\":\"https:\/\/toys.lt\/lv\/produktas\/technok-rotallietu-trauku-komplekts-koferis\/#primaryimage\"},\"image\":{\"@id\":\"https:\/\/toys.lt\/lv\/produktas\/technok-rotallietu-trauku-komplekts-koferis\/#primaryimage\"},\"thumbnailUrl\":\"https:\/\/toys.lt\/wp-content\/uploads\/2022\/05\/products-2795.jpg\",\"datePublished\":\"2022-05-14T22:55:41+00:00\",\"dateModified\":\"2026-04-08T00:03:45+00:00\",\"breadcrumb\":{\"@id\":\"https:\/\/toys.lt\/lv\/produktas\/technok-rotallietu-trauku-komplekts-koferis\/#breadcrumb\"},\"inLanguage\":\"lv-LV\",\"potentialAction\":[{\"@type\":\"ReadAction\",\"target\":[\"https:\/\/toys.lt\/lv\/produktas\/technok-rotallietu-trauku-komplekts-koferis\/\"]}]},{\"@type\":\"ImageObject\",\"inLanguage\":\"lv-LV\",\"@id\":\"https:\/\/toys.lt\/lv\/produktas\/technok-rotallietu-trauku-komplekts-koferis\/#primaryimage\",\"url\":\"https:\/\/toys.lt\/wp-content\/uploads\/2022\/05\/products-2795.jpg\",\"contentUrl\":\"https:\/\/toys.lt\/wp-content\/uploads\/2022\/05\/products-2795.jpg\",\"width\":1200,\"height\":800,\"caption\":\"\u017daislini\u0173 ind\u0173-virtuv\u0117s rinkinys (lagamin\u0117lis) &#8220;TechnoK&#8221;\"},{\"@type\":\"BreadcrumbList\",\"@id\":\"https:\/\/toys.lt\/lv\/produktas\/technok-rotallietu-trauku-komplekts-koferis\/#breadcrumb\",\"itemListElement\":[{\"@type\":\"ListItem\",\"position\":1,\"name\":\"Home\",\"item\":\"https:\/\/toys.lt\/lv\/\"},{\"@type\":\"ListItem\",\"position\":2,\"name\":\"Veikals\",\"item\":\"https:\/\/toys.lt\/lv\/shop\/\"},{\"@type\":\"ListItem\",\"position\":3,\"name\":\"TechnoK rota\u013clietu trauku komplekts (koferis)\"}]},{\"@type\":\"WebSite\",\"@id\":\"https:\/\/toys.lt\/lv\/#website\",\"url\":\"https:\/\/toys.lt\/lv\/\",\"name\":\"Toys.lt\",\"description\":\"\",\"potentialAction\":[{\"@type\":\"SearchAction\",\"target\":{\"@type\":\"EntryPoint\",\"urlTemplate\":\"https:\/\/toys.lt\/lv\/?s={search_term_string}\"},\"query-input\":{\"@type\":\"PropertyValueSpecification\",\"valueRequired\":true,\"valueName\":\"search_term_string\"}}],\"inLanguage\":\"lv-LV\"}]}<\/script>\n<!-- \/ Yoast SEO plugin. -->","yoast_head_json":{"title":"TechnoK rota\u013clietu trauku komplekts (koferis) - Toys.lt","robots":{"index":"index","follow":"follow","max-snippet":"max-snippet:-1","max-image-preview":"max-image-preview:large","max-video-preview":"max-video-preview:-1"},"canonical":"https:\/\/toys.lt\/lv\/produktas\/technok-rotallietu-trauku-komplekts-koferis\/","og_locale":"lv_LV","og_type":"article","og_title":"TechnoK rota\u013clietu trauku komplekts (koferis) - Toys.lt","og_description":"Preces veids: rota\u013cu trauki Izcelsmes valsts: Ukraina Iepakojuma izm\u0113ri: 34 x 26 x 16 cm Svars: 1 kg Produkta materi\u0101ls: plastmasa Ieteicamais vecums: no 3 gadiem","og_url":"https:\/\/toys.lt\/lv\/produktas\/technok-rotallietu-trauku-komplekts-koferis\/","og_site_name":"Toys.lt","article_modified_time":"2026-04-08T00:03:45+00:00","og_image":[{"width":1200,"height":800,"url":"https:\/\/toys.lt\/wp-content\/uploads\/2022\/05\/products-2795.jpg","type":"image\/jpeg"}],"twitter_card":"summary_large_image","schema":{"@context":"https:\/\/schema.org","@graph":[{"@type":"WebPage","@id":"https:\/\/toys.lt\/lv\/produktas\/technok-rotallietu-trauku-komplekts-koferis\/","url":"https:\/\/toys.lt\/lv\/produktas\/technok-rotallietu-trauku-komplekts-koferis\/","name":"TechnoK rota\u013clietu trauku komplekts (koferis) - Toys.lt","isPartOf":{"@id":"https:\/\/toys.lt\/lv\/#website"},"primaryImageOfPage":{"@id":"https:\/\/toys.lt\/lv\/produktas\/technok-rotallietu-trauku-komplekts-koferis\/#primaryimage"},"image":{"@id":"https:\/\/toys.lt\/lv\/produktas\/technok-rotallietu-trauku-komplekts-koferis\/#primaryimage"},"thumbnailUrl":"https:\/\/toys.lt\/wp-content\/uploads\/2022\/05\/products-2795.jpg","datePublished":"2022-05-14T22:55:41+00:00","dateModified":"2026-04-08T00:03:45+00:00","breadcrumb":{"@id":"https:\/\/toys.lt\/lv\/produktas\/technok-rotallietu-trauku-komplekts-koferis\/#breadcrumb"},"inLanguage":"lv-LV","potentialAction":[{"@type":"ReadAction","target":["https:\/\/toys.lt\/lv\/produktas\/technok-rotallietu-trauku-komplekts-koferis\/"]}]},{"@type":"ImageObject","inLanguage":"lv-LV","@id":"https:\/\/toys.lt\/lv\/produktas\/technok-rotallietu-trauku-komplekts-koferis\/#primaryimage","url":"https:\/\/toys.lt\/wp-content\/uploads\/2022\/05\/products-2795.jpg","contentUrl":"https:\/\/toys.lt\/wp-content\/uploads\/2022\/05\/products-2795.jpg","width":1200,"height":800,"caption":"\u017daislini\u0173 ind\u0173-virtuv\u0117s rinkinys (lagamin\u0117lis) &#8220;TechnoK&#8221;"},{"@type":"BreadcrumbList","@id":"https:\/\/toys.lt\/lv\/produktas\/technok-rotallietu-trauku-komplekts-koferis\/#breadcrumb","itemListElement":[{"@type":"ListItem","position":1,"name":"Home","item":"https:\/\/toys.lt\/lv\/"},{"@type":"ListItem","position":2,"name":"Veikals","item":"https:\/\/toys.lt\/lv\/shop\/"},{"@type":"ListItem","position":3,"name":"TechnoK rota\u013clietu trauku komplekts (koferis)"}]},{"@type":"WebSite","@id":"https:\/\/toys.lt\/lv\/#website","url":"https:\/\/toys.lt\/lv\/","name":"Toys.lt","description":"","potentialAction":[{"@type":"SearchAction","target":{"@type":"EntryPoint","urlTemplate":"https:\/\/toys.lt\/lv\/?s={search_term_string}"},"query-input":{"@type":"PropertyValueSpecification","valueRequired":true,"valueName":"search_term_string"}}],"inLanguage":"lv-LV"}]}},"_links":{"self":[{"href":"https:\/\/toys.lt\/lv\/wp-json\/wp\/v2\/product\/41974","targetHints":{"allow":["GET"]}}],"collection":[{"href":"https:\/\/toys.lt\/lv\/wp-json\/wp\/v2\/product"}],"about":[{"href":"https:\/\/toys.lt\/lv\/wp-json\/wp\/v2\/types\/product"}],"replies":[{"embeddable":true,"href":"https:\/\/toys.lt\/lv\/wp-json\/wp\/v2\/comments?post=41974"}],"version-history":[{"count":2,"href":"https:\/\/toys.lt\/lv\/wp-json\/wp\/v2\/product\/41974\/revisions"}],"predecessor-version":[{"id":46108,"href":"https:\/\/toys.lt\/lv\/wp-json\/wp\/v2\/product\/41974\/revisions\/46108"}],"wp:featuredmedia":[{"embeddable":true,"href":"https:\/\/toys.lt\/lv\/wp-json\/wp\/v2\/media\/38246"}],"wp:attachment":[{"href":"https:\/\/toys.lt\/lv\/wp-json\/wp\/v2\/media?parent=41974"}],"wp:term":[{"taxonomy":"product_brand","embeddable":true,"href":"https:\/\/toys.lt\/lv\/wp-json\/wp\/v2\/product_brand?post=41974"},{"taxonomy":"product_cat","embeddable":true,"href":"https:\/\/toys.lt\/lv\/wp-json\/wp\/v2\/product_cat?post=41974"},{"taxonomy":"product_tag","embeddable":true,"href":"https:\/\/toys.lt\/lv\/wp-json\/wp\/v2\/product_tag?post=41974"}],"curies":[{"name":"wp","href":"https:\/\/api.w.org\/{rel}","templated":true}]}}