{"id":41963,"date":"2022-05-14T22:20:11","date_gmt":"2022-05-14T22:20:11","guid":{"rendered":"https:\/\/toys.lt\/produktas\/technok-rotallietu-tirisanas-komplekts\/"},"modified":"2026-04-08T00:03:46","modified_gmt":"2026-04-08T00:03:46","slug":"technok-rotallietu-tirisanas-komplekts","status":"publish","type":"product","link":"https:\/\/toys.lt\/lv\/produktas\/technok-rotallietu-tirisanas-komplekts\/","title":{"rendered":"Technok rota\u013clietu t\u012br\u012b\u0161anas komplekts"},"content":{"rendered":"<p><strong>Komplekt\u0101 ietilpst:<\/strong><\/p>\n<ul style=\"list-style-type: square\">\n<li>Scoop<\/li>\n<li>Slota<\/li>\n<li>Audums<\/li>\n<li>Kibir\u0117lis<\/li>\n<li>Birste<\/li>\n<li>T\u012br\u012bt\u0101js<\/li>\n<li>Rati\u0146i visiem l\u012bdzek\u013ciem<\/li>\n<\/ul>\n","protected":false},"excerpt":{"rendered":"<p>Produkta veids: t\u012br\u012b\u0161anas komplekts<\/p>\n<p>Izcelsmes valsts: Ukraina<\/p>\n<p>Produkta izm\u0113ri: 54 x 37 x 37 cm<\/p>\n<p>Svars: 1,7 kg<\/p>\n<p>Produkta materi\u0101ls: plastmasa<\/p>\n<p>Ieteicamais vecums: no 3 gadiem.<\/p>\n","protected":false},"featured_media":38217,"comment_status":"open","ping_status":"closed","template":"","meta":[],"product_brand":[],"product_cat":[1180,1176,1151,1155],"product_tag":[],"class_list":{"0":"post-41963","1":"product","2":"type-product","3":"status-publish","4":"has-post-thumbnail","6":"product_cat-rotallietas-meitenem","7":"product_cat-rotallietas-zeniem","8":"product_cat-specializeti-rotallietu-darbariki","9":"product_cat-leti","10":"pa_amziaus-grupe-3-lv","11":"pa_prek-s-tipas-tirisanas-komplekti","13":"first","14":"instock","15":"taxable","16":"shipping-taxable","17":"purchasable","18":"product-type-simple"},"yoast_head":"<!-- This site is optimized with the Yoast SEO plugin v26.3 - https:\/\/yoast.com\/wordpress\/plugins\/seo\/ -->\n<title>Technok rota\u013clietu t\u012br\u012b\u0161anas komplekts - Toys.lt<\/title>\n<meta name=\"robots\" content=\"index, follow, max-snippet:-1, max-image-preview:large, max-video-preview:-1\" \/>\n<link rel=\"canonical\" href=\"https:\/\/toys.lt\/lv\/produktas\/technok-rotallietu-tirisanas-komplekts\/\" \/>\n<meta property=\"og:locale\" content=\"lv_LV\" \/>\n<meta property=\"og:type\" content=\"article\" \/>\n<meta property=\"og:title\" content=\"Technok rota\u013clietu t\u012br\u012b\u0161anas komplekts - Toys.lt\" \/>\n<meta property=\"og:description\" content=\"Produkta veids: t\u012br\u012b\u0161anas komplekts Izcelsmes valsts: Ukraina Produkta izm\u0113ri: 54 x 37 x 37 cm Svars: 1,7 kg Produkta materi\u0101ls: plastmasa Ieteicamais vecums: no 3 gadiem.\" \/>\n<meta property=\"og:url\" content=\"https:\/\/toys.lt\/lv\/produktas\/technok-rotallietu-tirisanas-komplekts\/\" \/>\n<meta property=\"og:site_name\" content=\"Toys.lt\" \/>\n<meta property=\"article:modified_time\" content=\"2026-04-08T00:03:46+00:00\" \/>\n<meta property=\"og:image\" content=\"https:\/\/toys.lt\/wp-content\/uploads\/2022\/05\/products-2734.jpg\" \/>\n\t<meta property=\"og:image:width\" content=\"600\" \/>\n\t<meta property=\"og:image:height\" content=\"900\" \/>\n\t<meta property=\"og:image:type\" content=\"image\/jpeg\" \/>\n<meta name=\"twitter:card\" content=\"summary_large_image\" \/>\n<script type=\"application\/ld+json\" class=\"yoast-schema-graph\">{\"@context\":\"https:\/\/schema.org\",\"@graph\":[{\"@type\":\"WebPage\",\"@id\":\"https:\/\/toys.lt\/lv\/produktas\/technok-rotallietu-tirisanas-komplekts\/\",\"url\":\"https:\/\/toys.lt\/lv\/produktas\/technok-rotallietu-tirisanas-komplekts\/\",\"name\":\"Technok rota\u013clietu t\u012br\u012b\u0161anas komplekts - Toys.lt\",\"isPartOf\":{\"@id\":\"https:\/\/toys.lt\/lv\/#website\"},\"primaryImageOfPage\":{\"@id\":\"https:\/\/toys.lt\/lv\/produktas\/technok-rotallietu-tirisanas-komplekts\/#primaryimage\"},\"image\":{\"@id\":\"https:\/\/toys.lt\/lv\/produktas\/technok-rotallietu-tirisanas-komplekts\/#primaryimage\"},\"thumbnailUrl\":\"https:\/\/toys.lt\/wp-content\/uploads\/2022\/05\/products-2734.jpg\",\"datePublished\":\"2022-05-14T22:20:11+00:00\",\"dateModified\":\"2026-04-08T00:03:46+00:00\",\"breadcrumb\":{\"@id\":\"https:\/\/toys.lt\/lv\/produktas\/technok-rotallietu-tirisanas-komplekts\/#breadcrumb\"},\"inLanguage\":\"lv-LV\",\"potentialAction\":[{\"@type\":\"ReadAction\",\"target\":[\"https:\/\/toys.lt\/lv\/produktas\/technok-rotallietu-tirisanas-komplekts\/\"]}]},{\"@type\":\"ImageObject\",\"inLanguage\":\"lv-LV\",\"@id\":\"https:\/\/toys.lt\/lv\/produktas\/technok-rotallietu-tirisanas-komplekts\/#primaryimage\",\"url\":\"https:\/\/toys.lt\/wp-content\/uploads\/2022\/05\/products-2734.jpg\",\"contentUrl\":\"https:\/\/toys.lt\/wp-content\/uploads\/2022\/05\/products-2734.jpg\",\"width\":600,\"height\":900,\"caption\":\"Technok \u017eaislinis valymo rinkinys\"},{\"@type\":\"BreadcrumbList\",\"@id\":\"https:\/\/toys.lt\/lv\/produktas\/technok-rotallietu-tirisanas-komplekts\/#breadcrumb\",\"itemListElement\":[{\"@type\":\"ListItem\",\"position\":1,\"name\":\"Home\",\"item\":\"https:\/\/toys.lt\/lv\/\"},{\"@type\":\"ListItem\",\"position\":2,\"name\":\"Veikals\",\"item\":\"https:\/\/toys.lt\/lv\/shop\/\"},{\"@type\":\"ListItem\",\"position\":3,\"name\":\"Technok rota\u013clietu t\u012br\u012b\u0161anas komplekts\"}]},{\"@type\":\"WebSite\",\"@id\":\"https:\/\/toys.lt\/lv\/#website\",\"url\":\"https:\/\/toys.lt\/lv\/\",\"name\":\"Toys.lt\",\"description\":\"\",\"potentialAction\":[{\"@type\":\"SearchAction\",\"target\":{\"@type\":\"EntryPoint\",\"urlTemplate\":\"https:\/\/toys.lt\/lv\/?s={search_term_string}\"},\"query-input\":{\"@type\":\"PropertyValueSpecification\",\"valueRequired\":true,\"valueName\":\"search_term_string\"}}],\"inLanguage\":\"lv-LV\"}]}<\/script>\n<!-- \/ Yoast SEO plugin. -->","yoast_head_json":{"title":"Technok rota\u013clietu t\u012br\u012b\u0161anas komplekts - Toys.lt","robots":{"index":"index","follow":"follow","max-snippet":"max-snippet:-1","max-image-preview":"max-image-preview:large","max-video-preview":"max-video-preview:-1"},"canonical":"https:\/\/toys.lt\/lv\/produktas\/technok-rotallietu-tirisanas-komplekts\/","og_locale":"lv_LV","og_type":"article","og_title":"Technok rota\u013clietu t\u012br\u012b\u0161anas komplekts - Toys.lt","og_description":"Produkta veids: t\u012br\u012b\u0161anas komplekts Izcelsmes valsts: Ukraina Produkta izm\u0113ri: 54 x 37 x 37 cm Svars: 1,7 kg Produkta materi\u0101ls: plastmasa Ieteicamais vecums: no 3 gadiem.","og_url":"https:\/\/toys.lt\/lv\/produktas\/technok-rotallietu-tirisanas-komplekts\/","og_site_name":"Toys.lt","article_modified_time":"2026-04-08T00:03:46+00:00","og_image":[{"width":600,"height":900,"url":"https:\/\/toys.lt\/wp-content\/uploads\/2022\/05\/products-2734.jpg","type":"image\/jpeg"}],"twitter_card":"summary_large_image","schema":{"@context":"https:\/\/schema.org","@graph":[{"@type":"WebPage","@id":"https:\/\/toys.lt\/lv\/produktas\/technok-rotallietu-tirisanas-komplekts\/","url":"https:\/\/toys.lt\/lv\/produktas\/technok-rotallietu-tirisanas-komplekts\/","name":"Technok rota\u013clietu t\u012br\u012b\u0161anas komplekts - Toys.lt","isPartOf":{"@id":"https:\/\/toys.lt\/lv\/#website"},"primaryImageOfPage":{"@id":"https:\/\/toys.lt\/lv\/produktas\/technok-rotallietu-tirisanas-komplekts\/#primaryimage"},"image":{"@id":"https:\/\/toys.lt\/lv\/produktas\/technok-rotallietu-tirisanas-komplekts\/#primaryimage"},"thumbnailUrl":"https:\/\/toys.lt\/wp-content\/uploads\/2022\/05\/products-2734.jpg","datePublished":"2022-05-14T22:20:11+00:00","dateModified":"2026-04-08T00:03:46+00:00","breadcrumb":{"@id":"https:\/\/toys.lt\/lv\/produktas\/technok-rotallietu-tirisanas-komplekts\/#breadcrumb"},"inLanguage":"lv-LV","potentialAction":[{"@type":"ReadAction","target":["https:\/\/toys.lt\/lv\/produktas\/technok-rotallietu-tirisanas-komplekts\/"]}]},{"@type":"ImageObject","inLanguage":"lv-LV","@id":"https:\/\/toys.lt\/lv\/produktas\/technok-rotallietu-tirisanas-komplekts\/#primaryimage","url":"https:\/\/toys.lt\/wp-content\/uploads\/2022\/05\/products-2734.jpg","contentUrl":"https:\/\/toys.lt\/wp-content\/uploads\/2022\/05\/products-2734.jpg","width":600,"height":900,"caption":"Technok \u017eaislinis valymo rinkinys"},{"@type":"BreadcrumbList","@id":"https:\/\/toys.lt\/lv\/produktas\/technok-rotallietu-tirisanas-komplekts\/#breadcrumb","itemListElement":[{"@type":"ListItem","position":1,"name":"Home","item":"https:\/\/toys.lt\/lv\/"},{"@type":"ListItem","position":2,"name":"Veikals","item":"https:\/\/toys.lt\/lv\/shop\/"},{"@type":"ListItem","position":3,"name":"Technok rota\u013clietu t\u012br\u012b\u0161anas komplekts"}]},{"@type":"WebSite","@id":"https:\/\/toys.lt\/lv\/#website","url":"https:\/\/toys.lt\/lv\/","name":"Toys.lt","description":"","potentialAction":[{"@type":"SearchAction","target":{"@type":"EntryPoint","urlTemplate":"https:\/\/toys.lt\/lv\/?s={search_term_string}"},"query-input":{"@type":"PropertyValueSpecification","valueRequired":true,"valueName":"search_term_string"}}],"inLanguage":"lv-LV"}]}},"_links":{"self":[{"href":"https:\/\/toys.lt\/lv\/wp-json\/wp\/v2\/product\/41963","targetHints":{"allow":["GET"]}}],"collection":[{"href":"https:\/\/toys.lt\/lv\/wp-json\/wp\/v2\/product"}],"about":[{"href":"https:\/\/toys.lt\/lv\/wp-json\/wp\/v2\/types\/product"}],"replies":[{"embeddable":true,"href":"https:\/\/toys.lt\/lv\/wp-json\/wp\/v2\/comments?post=41963"}],"version-history":[{"count":2,"href":"https:\/\/toys.lt\/lv\/wp-json\/wp\/v2\/product\/41963\/revisions"}],"predecessor-version":[{"id":46100,"href":"https:\/\/toys.lt\/lv\/wp-json\/wp\/v2\/product\/41963\/revisions\/46100"}],"wp:featuredmedia":[{"embeddable":true,"href":"https:\/\/toys.lt\/lv\/wp-json\/wp\/v2\/media\/38217"}],"wp:attachment":[{"href":"https:\/\/toys.lt\/lv\/wp-json\/wp\/v2\/media?parent=41963"}],"wp:term":[{"taxonomy":"product_brand","embeddable":true,"href":"https:\/\/toys.lt\/lv\/wp-json\/wp\/v2\/product_brand?post=41963"},{"taxonomy":"product_cat","embeddable":true,"href":"https:\/\/toys.lt\/lv\/wp-json\/wp\/v2\/product_cat?post=41963"},{"taxonomy":"product_tag","embeddable":true,"href":"https:\/\/toys.lt\/lv\/wp-json\/wp\/v2\/product_tag?post=41963"}],"curies":[{"name":"wp","href":"https:\/\/api.w.org\/{rel}","templated":true}]}}