{"id":41950,"date":"2022-05-14T21:38:38","date_gmt":"2022-05-14T21:38:38","guid":{"rendered":"https:\/\/toys.lt\/produktas\/technok-rotalu-celtnis-3\/"},"modified":"2026-04-08T00:03:47","modified_gmt":"2026-04-08T00:03:47","slug":"technok-rotalu-celtnis-3","status":"publish","type":"product","link":"https:\/\/toys.lt\/lv\/produktas\/technok-rotalu-celtnis-3\/","title":{"rendered":"TechnoK rota\u013cu celtnis"},"content":{"rendered":"<p><strong>Funkcijas:<\/strong><\/p>\n<ul style=\"list-style-type: square\">\n<li style=\"margin: 0px;padding: 0px;font: inherit;border: 0px\">Liela, iztur\u012bga plastmasas rota\u013clieta<\/li>\n<li style=\"margin: 0px;padding: 0px;font: inherit;border: 0px\">\u0112rtas pogas celt\u0146a st\u0101vok\u013ca kontrolei<\/li>\n<li style=\"margin: 0px;padding: 0px;font: inherit;border: 0px\">Rota\u013clieta pal\u012bdz\u0113s b\u0113rnam apg\u016bt tehnikas, att\u012bst\u012bt izt\u0113li un kust\u012bbu koordin\u0101ciju.<\/li>\n<li style=\"margin: 0px;padding: 0px;font: inherit;border: 0px\">Varat sp\u0113l\u0113t m\u0101j\u0101s un \u0101r\u0101<\/li>\n<\/ul>\n","protected":false},"excerpt":{"rendered":"<p>Produkta veids: rota\u013cu auto<\/p>\n<p>Izcelsmes valsts: Ukraina<\/p>\n<p>Iepakojuma izm\u0113ri: 36 x 24 x 21 cm<\/p>\n<p>Svars: 0,8 kg<\/p>\n<p>Produkta materi\u0101ls: plastmasa<\/p>\n<p>Ieteicamais vecums: no 3 gadiem.<\/p>\n","protected":false},"featured_media":38204,"comment_status":"open","ping_status":"closed","template":"","meta":[],"product_brand":[],"product_cat":[1177,1155],"product_tag":[],"class_list":{"0":"post-41950","1":"product","2":"type-product","3":"status-publish","4":"has-post-thumbnail","6":"product_cat-rotalu-automasinas-traktori-un-kapurkedes","7":"product_cat-leti","8":"pa_amziaus-grupe-3-lv","9":"pa_prek-s-tipas-masinas-lv","11":"first","12":"instock","13":"taxable","14":"shipping-taxable","15":"purchasable","16":"product-type-simple"},"yoast_head":"<!-- This site is optimized with the Yoast SEO plugin v26.3 - https:\/\/yoast.com\/wordpress\/plugins\/seo\/ -->\n<title>TechnoK rota\u013cu celtnis - Toys.lt<\/title>\n<meta name=\"robots\" content=\"index, follow, max-snippet:-1, max-image-preview:large, max-video-preview:-1\" \/>\n<link rel=\"canonical\" href=\"https:\/\/toys.lt\/lv\/produktas\/technok-rotalu-celtnis-3\/\" \/>\n<meta property=\"og:locale\" content=\"lv_LV\" \/>\n<meta property=\"og:type\" content=\"article\" \/>\n<meta property=\"og:title\" content=\"TechnoK rota\u013cu celtnis - Toys.lt\" \/>\n<meta property=\"og:description\" content=\"Produkta veids: rota\u013cu auto Izcelsmes valsts: Ukraina Iepakojuma izm\u0113ri: 36 x 24 x 21 cm Svars: 0,8 kg Produkta materi\u0101ls: plastmasa Ieteicamais vecums: no 3 gadiem.\" \/>\n<meta property=\"og:url\" content=\"https:\/\/toys.lt\/lv\/produktas\/technok-rotalu-celtnis-3\/\" \/>\n<meta property=\"og:site_name\" content=\"Toys.lt\" \/>\n<meta property=\"article:modified_time\" content=\"2026-04-08T00:03:47+00:00\" \/>\n<meta property=\"og:image\" content=\"https:\/\/toys.lt\/wp-content\/uploads\/2022\/05\/products-2712.jpg\" \/>\n\t<meta property=\"og:image:width\" content=\"1200\" \/>\n\t<meta property=\"og:image:height\" content=\"800\" \/>\n\t<meta property=\"og:image:type\" content=\"image\/jpeg\" \/>\n<meta name=\"twitter:card\" content=\"summary_large_image\" \/>\n<script type=\"application\/ld+json\" class=\"yoast-schema-graph\">{\"@context\":\"https:\/\/schema.org\",\"@graph\":[{\"@type\":\"WebPage\",\"@id\":\"https:\/\/toys.lt\/lv\/produktas\/technok-rotalu-celtnis-3\/\",\"url\":\"https:\/\/toys.lt\/lv\/produktas\/technok-rotalu-celtnis-3\/\",\"name\":\"TechnoK rota\u013cu celtnis - Toys.lt\",\"isPartOf\":{\"@id\":\"https:\/\/toys.lt\/lv\/#website\"},\"primaryImageOfPage\":{\"@id\":\"https:\/\/toys.lt\/lv\/produktas\/technok-rotalu-celtnis-3\/#primaryimage\"},\"image\":{\"@id\":\"https:\/\/toys.lt\/lv\/produktas\/technok-rotalu-celtnis-3\/#primaryimage\"},\"thumbnailUrl\":\"https:\/\/toys.lt\/wp-content\/uploads\/2022\/05\/products-2712.jpg\",\"datePublished\":\"2022-05-14T21:38:38+00:00\",\"dateModified\":\"2026-04-08T00:03:47+00:00\",\"breadcrumb\":{\"@id\":\"https:\/\/toys.lt\/lv\/produktas\/technok-rotalu-celtnis-3\/#breadcrumb\"},\"inLanguage\":\"lv-LV\",\"potentialAction\":[{\"@type\":\"ReadAction\",\"target\":[\"https:\/\/toys.lt\/lv\/produktas\/technok-rotalu-celtnis-3\/\"]}]},{\"@type\":\"ImageObject\",\"inLanguage\":\"lv-LV\",\"@id\":\"https:\/\/toys.lt\/lv\/produktas\/technok-rotalu-celtnis-3\/#primaryimage\",\"url\":\"https:\/\/toys.lt\/wp-content\/uploads\/2022\/05\/products-2712.jpg\",\"contentUrl\":\"https:\/\/toys.lt\/wp-content\/uploads\/2022\/05\/products-2712.jpg\",\"width\":1200,\"height\":800,\"caption\":\"\u017daislin\u0117 ma\u0161ina &#8211; kranas &#8220;TechnoK&#8221;\"},{\"@type\":\"BreadcrumbList\",\"@id\":\"https:\/\/toys.lt\/lv\/produktas\/technok-rotalu-celtnis-3\/#breadcrumb\",\"itemListElement\":[{\"@type\":\"ListItem\",\"position\":1,\"name\":\"Home\",\"item\":\"https:\/\/toys.lt\/lv\/\"},{\"@type\":\"ListItem\",\"position\":2,\"name\":\"Veikals\",\"item\":\"https:\/\/toys.lt\/lv\/shop\/\"},{\"@type\":\"ListItem\",\"position\":3,\"name\":\"TechnoK rota\u013cu celtnis\"}]},{\"@type\":\"WebSite\",\"@id\":\"https:\/\/toys.lt\/lv\/#website\",\"url\":\"https:\/\/toys.lt\/lv\/\",\"name\":\"Toys.lt\",\"description\":\"\",\"potentialAction\":[{\"@type\":\"SearchAction\",\"target\":{\"@type\":\"EntryPoint\",\"urlTemplate\":\"https:\/\/toys.lt\/lv\/?s={search_term_string}\"},\"query-input\":{\"@type\":\"PropertyValueSpecification\",\"valueRequired\":true,\"valueName\":\"search_term_string\"}}],\"inLanguage\":\"lv-LV\"}]}<\/script>\n<!-- \/ Yoast SEO plugin. -->","yoast_head_json":{"title":"TechnoK rota\u013cu celtnis - Toys.lt","robots":{"index":"index","follow":"follow","max-snippet":"max-snippet:-1","max-image-preview":"max-image-preview:large","max-video-preview":"max-video-preview:-1"},"canonical":"https:\/\/toys.lt\/lv\/produktas\/technok-rotalu-celtnis-3\/","og_locale":"lv_LV","og_type":"article","og_title":"TechnoK rota\u013cu celtnis - Toys.lt","og_description":"Produkta veids: rota\u013cu auto Izcelsmes valsts: Ukraina Iepakojuma izm\u0113ri: 36 x 24 x 21 cm Svars: 0,8 kg Produkta materi\u0101ls: plastmasa Ieteicamais vecums: no 3 gadiem.","og_url":"https:\/\/toys.lt\/lv\/produktas\/technok-rotalu-celtnis-3\/","og_site_name":"Toys.lt","article_modified_time":"2026-04-08T00:03:47+00:00","og_image":[{"width":1200,"height":800,"url":"https:\/\/toys.lt\/wp-content\/uploads\/2022\/05\/products-2712.jpg","type":"image\/jpeg"}],"twitter_card":"summary_large_image","schema":{"@context":"https:\/\/schema.org","@graph":[{"@type":"WebPage","@id":"https:\/\/toys.lt\/lv\/produktas\/technok-rotalu-celtnis-3\/","url":"https:\/\/toys.lt\/lv\/produktas\/technok-rotalu-celtnis-3\/","name":"TechnoK rota\u013cu celtnis - Toys.lt","isPartOf":{"@id":"https:\/\/toys.lt\/lv\/#website"},"primaryImageOfPage":{"@id":"https:\/\/toys.lt\/lv\/produktas\/technok-rotalu-celtnis-3\/#primaryimage"},"image":{"@id":"https:\/\/toys.lt\/lv\/produktas\/technok-rotalu-celtnis-3\/#primaryimage"},"thumbnailUrl":"https:\/\/toys.lt\/wp-content\/uploads\/2022\/05\/products-2712.jpg","datePublished":"2022-05-14T21:38:38+00:00","dateModified":"2026-04-08T00:03:47+00:00","breadcrumb":{"@id":"https:\/\/toys.lt\/lv\/produktas\/technok-rotalu-celtnis-3\/#breadcrumb"},"inLanguage":"lv-LV","potentialAction":[{"@type":"ReadAction","target":["https:\/\/toys.lt\/lv\/produktas\/technok-rotalu-celtnis-3\/"]}]},{"@type":"ImageObject","inLanguage":"lv-LV","@id":"https:\/\/toys.lt\/lv\/produktas\/technok-rotalu-celtnis-3\/#primaryimage","url":"https:\/\/toys.lt\/wp-content\/uploads\/2022\/05\/products-2712.jpg","contentUrl":"https:\/\/toys.lt\/wp-content\/uploads\/2022\/05\/products-2712.jpg","width":1200,"height":800,"caption":"\u017daislin\u0117 ma\u0161ina &#8211; kranas &#8220;TechnoK&#8221;"},{"@type":"BreadcrumbList","@id":"https:\/\/toys.lt\/lv\/produktas\/technok-rotalu-celtnis-3\/#breadcrumb","itemListElement":[{"@type":"ListItem","position":1,"name":"Home","item":"https:\/\/toys.lt\/lv\/"},{"@type":"ListItem","position":2,"name":"Veikals","item":"https:\/\/toys.lt\/lv\/shop\/"},{"@type":"ListItem","position":3,"name":"TechnoK rota\u013cu celtnis"}]},{"@type":"WebSite","@id":"https:\/\/toys.lt\/lv\/#website","url":"https:\/\/toys.lt\/lv\/","name":"Toys.lt","description":"","potentialAction":[{"@type":"SearchAction","target":{"@type":"EntryPoint","urlTemplate":"https:\/\/toys.lt\/lv\/?s={search_term_string}"},"query-input":{"@type":"PropertyValueSpecification","valueRequired":true,"valueName":"search_term_string"}}],"inLanguage":"lv-LV"}]}},"_links":{"self":[{"href":"https:\/\/toys.lt\/lv\/wp-json\/wp\/v2\/product\/41950","targetHints":{"allow":["GET"]}}],"collection":[{"href":"https:\/\/toys.lt\/lv\/wp-json\/wp\/v2\/product"}],"about":[{"href":"https:\/\/toys.lt\/lv\/wp-json\/wp\/v2\/types\/product"}],"replies":[{"embeddable":true,"href":"https:\/\/toys.lt\/lv\/wp-json\/wp\/v2\/comments?post=41950"}],"version-history":[{"count":2,"href":"https:\/\/toys.lt\/lv\/wp-json\/wp\/v2\/product\/41950\/revisions"}],"predecessor-version":[{"id":46102,"href":"https:\/\/toys.lt\/lv\/wp-json\/wp\/v2\/product\/41950\/revisions\/46102"}],"wp:featuredmedia":[{"embeddable":true,"href":"https:\/\/toys.lt\/lv\/wp-json\/wp\/v2\/media\/38204"}],"wp:attachment":[{"href":"https:\/\/toys.lt\/lv\/wp-json\/wp\/v2\/media?parent=41950"}],"wp:term":[{"taxonomy":"product_brand","embeddable":true,"href":"https:\/\/toys.lt\/lv\/wp-json\/wp\/v2\/product_brand?post=41950"},{"taxonomy":"product_cat","embeddable":true,"href":"https:\/\/toys.lt\/lv\/wp-json\/wp\/v2\/product_cat?post=41950"},{"taxonomy":"product_tag","embeddable":true,"href":"https:\/\/toys.lt\/lv\/wp-json\/wp\/v2\/product_tag?post=41950"}],"curies":[{"name":"wp","href":"https:\/\/api.w.org\/{rel}","templated":true}]}}