{"id":41941,"date":"2022-05-14T20:40:30","date_gmt":"2022-05-14T20:40:30","guid":{"rendered":"https:\/\/toys.lt\/produktas\/technok-rotalu-celtnis-2\/"},"modified":"2026-04-08T00:03:48","modified_gmt":"2026-04-08T00:03:48","slug":"technok-rotalu-celtnis-2","status":"publish","type":"product","link":"https:\/\/toys.lt\/lv\/produktas\/technok-rotalu-celtnis-2\/","title":{"rendered":"TechnoK rota\u013cu celtnis"},"content":{"rendered":"<p><strong>Funkcijas:<\/strong><\/p>\n<ul style=\"list-style-type:square\">\n<li style=\"margin:0px;padding:0px;font:inherit;border:0px\">Liela, iztur\u012bga plastmasas rota\u013clieta<\/li>\n<li style=\"margin:0px;padding:0px;font:inherit;border:0px\">\u0112rtas pogas celt\u0146a st\u0101vok\u013ca kontrolei<\/li>\n<li style=\"margin:0px;padding:0px;font:inherit;border:0px\">Rota\u013clieta pal\u012bdz\u0113s b\u0113rnam apg\u016bt tehnikas, att\u012bst\u012bt izt\u0113li un kust\u012bbu koordin\u0101ciju.<\/li>\n<li style=\"margin:0px;padding:0px;font:inherit;border:0px\">Varat sp\u0113l\u0113t m\u0101j\u0101s un \u0101r\u0101<\/li>\n<\/ul>\n","protected":false},"excerpt":{"rendered":"<p>Preces veids: rota\u013cu auto<\/p>\n<p>Izcelsmes valsts: Ukraina<\/p>\n<p>Iepakojuma izm\u0113ri: 57 x 30 x 26 cm<\/p>\n<p>Svars: 2,1 kg<\/p>\n<p>Produkta materi\u0101ls: plastmasa<\/p>\n<p>Ieteicamais vecums: no 3 gadiem<\/p>\n","protected":false},"featured_media":38195,"comment_status":"open","ping_status":"open","template":"","meta":[],"product_brand":[],"product_cat":[1176,1177,1162,1155,1163],"product_tag":[],"class_list":{"0":"post-41941","1":"product","2":"type-product","3":"status-publish","4":"has-post-thumbnail","6":"product_cat-rotallietas-zeniem","7":"product_cat-rotalu-automasinas-traktori-un-kapurkedes","8":"product_cat-ara-un-vasaras-rotallietas","9":"product_cat-leti","10":"product_cat-smilsu-rotallietas","11":"pa_prek-s-tipas-masinas-lv","13":"first","14":"outofstock","15":"taxable","16":"shipping-taxable","17":"purchasable","18":"product-type-simple"},"yoast_head":"<!-- This site is optimized with the Yoast SEO plugin v26.3 - https:\/\/yoast.com\/wordpress\/plugins\/seo\/ -->\n<title>TechnoK rota\u013cu celtnis - Toys.lt<\/title>\n<meta name=\"robots\" content=\"index, follow, max-snippet:-1, max-image-preview:large, max-video-preview:-1\" \/>\n<link rel=\"canonical\" href=\"https:\/\/toys.lt\/lv\/produktas\/technok-rotalu-celtnis-2\/\" \/>\n<meta property=\"og:locale\" content=\"lv_LV\" \/>\n<meta property=\"og:type\" content=\"article\" \/>\n<meta property=\"og:title\" content=\"TechnoK rota\u013cu celtnis - Toys.lt\" \/>\n<meta property=\"og:description\" content=\"Preces veids: rota\u013cu auto Izcelsmes valsts: Ukraina Iepakojuma izm\u0113ri: 57 x 30 x 26 cm Svars: 2,1 kg Produkta materi\u0101ls: plastmasa Ieteicamais vecums: no 3 gadiem\" \/>\n<meta property=\"og:url\" content=\"https:\/\/toys.lt\/lv\/produktas\/technok-rotalu-celtnis-2\/\" \/>\n<meta property=\"og:site_name\" content=\"Toys.lt\" \/>\n<meta property=\"article:modified_time\" content=\"2026-04-08T00:03:48+00:00\" \/>\n<meta property=\"og:image\" content=\"https:\/\/toys.lt\/wp-content\/uploads\/2022\/05\/products-2696.jpg\" \/>\n\t<meta property=\"og:image:width\" content=\"1200\" \/>\n\t<meta property=\"og:image:height\" content=\"900\" \/>\n\t<meta property=\"og:image:type\" content=\"image\/jpeg\" \/>\n<meta name=\"twitter:card\" content=\"summary_large_image\" \/>\n<script type=\"application\/ld+json\" class=\"yoast-schema-graph\">{\"@context\":\"https:\/\/schema.org\",\"@graph\":[{\"@type\":\"WebPage\",\"@id\":\"https:\/\/toys.lt\/lv\/produktas\/technok-rotalu-celtnis-2\/\",\"url\":\"https:\/\/toys.lt\/lv\/produktas\/technok-rotalu-celtnis-2\/\",\"name\":\"TechnoK rota\u013cu celtnis - Toys.lt\",\"isPartOf\":{\"@id\":\"https:\/\/toys.lt\/lv\/#website\"},\"primaryImageOfPage\":{\"@id\":\"https:\/\/toys.lt\/lv\/produktas\/technok-rotalu-celtnis-2\/#primaryimage\"},\"image\":{\"@id\":\"https:\/\/toys.lt\/lv\/produktas\/technok-rotalu-celtnis-2\/#primaryimage\"},\"thumbnailUrl\":\"https:\/\/toys.lt\/wp-content\/uploads\/2022\/05\/products-2696.jpg\",\"datePublished\":\"2022-05-14T20:40:30+00:00\",\"dateModified\":\"2026-04-08T00:03:48+00:00\",\"breadcrumb\":{\"@id\":\"https:\/\/toys.lt\/lv\/produktas\/technok-rotalu-celtnis-2\/#breadcrumb\"},\"inLanguage\":\"lv-LV\",\"potentialAction\":[{\"@type\":\"ReadAction\",\"target\":[\"https:\/\/toys.lt\/lv\/produktas\/technok-rotalu-celtnis-2\/\"]}]},{\"@type\":\"ImageObject\",\"inLanguage\":\"lv-LV\",\"@id\":\"https:\/\/toys.lt\/lv\/produktas\/technok-rotalu-celtnis-2\/#primaryimage\",\"url\":\"https:\/\/toys.lt\/wp-content\/uploads\/2022\/05\/products-2696.jpg\",\"contentUrl\":\"https:\/\/toys.lt\/wp-content\/uploads\/2022\/05\/products-2696.jpg\",\"width\":1200,\"height\":900,\"caption\":\"\u017daislin\u0117 ma\u0161ina &#8211; kranas &#8220;TechnoK&#8221;\"},{\"@type\":\"BreadcrumbList\",\"@id\":\"https:\/\/toys.lt\/lv\/produktas\/technok-rotalu-celtnis-2\/#breadcrumb\",\"itemListElement\":[{\"@type\":\"ListItem\",\"position\":1,\"name\":\"Home\",\"item\":\"https:\/\/toys.lt\/lv\/\"},{\"@type\":\"ListItem\",\"position\":2,\"name\":\"Veikals\",\"item\":\"https:\/\/toys.lt\/lv\/shop\/\"},{\"@type\":\"ListItem\",\"position\":3,\"name\":\"TechnoK rota\u013cu celtnis\"}]},{\"@type\":\"WebSite\",\"@id\":\"https:\/\/toys.lt\/lv\/#website\",\"url\":\"https:\/\/toys.lt\/lv\/\",\"name\":\"Toys.lt\",\"description\":\"\",\"potentialAction\":[{\"@type\":\"SearchAction\",\"target\":{\"@type\":\"EntryPoint\",\"urlTemplate\":\"https:\/\/toys.lt\/lv\/?s={search_term_string}\"},\"query-input\":{\"@type\":\"PropertyValueSpecification\",\"valueRequired\":true,\"valueName\":\"search_term_string\"}}],\"inLanguage\":\"lv-LV\"}]}<\/script>\n<!-- \/ Yoast SEO plugin. -->","yoast_head_json":{"title":"TechnoK rota\u013cu celtnis - Toys.lt","robots":{"index":"index","follow":"follow","max-snippet":"max-snippet:-1","max-image-preview":"max-image-preview:large","max-video-preview":"max-video-preview:-1"},"canonical":"https:\/\/toys.lt\/lv\/produktas\/technok-rotalu-celtnis-2\/","og_locale":"lv_LV","og_type":"article","og_title":"TechnoK rota\u013cu celtnis - Toys.lt","og_description":"Preces veids: rota\u013cu auto Izcelsmes valsts: Ukraina Iepakojuma izm\u0113ri: 57 x 30 x 26 cm Svars: 2,1 kg Produkta materi\u0101ls: plastmasa Ieteicamais vecums: no 3 gadiem","og_url":"https:\/\/toys.lt\/lv\/produktas\/technok-rotalu-celtnis-2\/","og_site_name":"Toys.lt","article_modified_time":"2026-04-08T00:03:48+00:00","og_image":[{"width":1200,"height":900,"url":"https:\/\/toys.lt\/wp-content\/uploads\/2022\/05\/products-2696.jpg","type":"image\/jpeg"}],"twitter_card":"summary_large_image","schema":{"@context":"https:\/\/schema.org","@graph":[{"@type":"WebPage","@id":"https:\/\/toys.lt\/lv\/produktas\/technok-rotalu-celtnis-2\/","url":"https:\/\/toys.lt\/lv\/produktas\/technok-rotalu-celtnis-2\/","name":"TechnoK rota\u013cu celtnis - Toys.lt","isPartOf":{"@id":"https:\/\/toys.lt\/lv\/#website"},"primaryImageOfPage":{"@id":"https:\/\/toys.lt\/lv\/produktas\/technok-rotalu-celtnis-2\/#primaryimage"},"image":{"@id":"https:\/\/toys.lt\/lv\/produktas\/technok-rotalu-celtnis-2\/#primaryimage"},"thumbnailUrl":"https:\/\/toys.lt\/wp-content\/uploads\/2022\/05\/products-2696.jpg","datePublished":"2022-05-14T20:40:30+00:00","dateModified":"2026-04-08T00:03:48+00:00","breadcrumb":{"@id":"https:\/\/toys.lt\/lv\/produktas\/technok-rotalu-celtnis-2\/#breadcrumb"},"inLanguage":"lv-LV","potentialAction":[{"@type":"ReadAction","target":["https:\/\/toys.lt\/lv\/produktas\/technok-rotalu-celtnis-2\/"]}]},{"@type":"ImageObject","inLanguage":"lv-LV","@id":"https:\/\/toys.lt\/lv\/produktas\/technok-rotalu-celtnis-2\/#primaryimage","url":"https:\/\/toys.lt\/wp-content\/uploads\/2022\/05\/products-2696.jpg","contentUrl":"https:\/\/toys.lt\/wp-content\/uploads\/2022\/05\/products-2696.jpg","width":1200,"height":900,"caption":"\u017daislin\u0117 ma\u0161ina &#8211; kranas &#8220;TechnoK&#8221;"},{"@type":"BreadcrumbList","@id":"https:\/\/toys.lt\/lv\/produktas\/technok-rotalu-celtnis-2\/#breadcrumb","itemListElement":[{"@type":"ListItem","position":1,"name":"Home","item":"https:\/\/toys.lt\/lv\/"},{"@type":"ListItem","position":2,"name":"Veikals","item":"https:\/\/toys.lt\/lv\/shop\/"},{"@type":"ListItem","position":3,"name":"TechnoK rota\u013cu celtnis"}]},{"@type":"WebSite","@id":"https:\/\/toys.lt\/lv\/#website","url":"https:\/\/toys.lt\/lv\/","name":"Toys.lt","description":"","potentialAction":[{"@type":"SearchAction","target":{"@type":"EntryPoint","urlTemplate":"https:\/\/toys.lt\/lv\/?s={search_term_string}"},"query-input":{"@type":"PropertyValueSpecification","valueRequired":true,"valueName":"search_term_string"}}],"inLanguage":"lv-LV"}]}},"_links":{"self":[{"href":"https:\/\/toys.lt\/lv\/wp-json\/wp\/v2\/product\/41941","targetHints":{"allow":["GET"]}}],"collection":[{"href":"https:\/\/toys.lt\/lv\/wp-json\/wp\/v2\/product"}],"about":[{"href":"https:\/\/toys.lt\/lv\/wp-json\/wp\/v2\/types\/product"}],"replies":[{"embeddable":true,"href":"https:\/\/toys.lt\/lv\/wp-json\/wp\/v2\/comments?post=41941"}],"version-history":[{"count":2,"href":"https:\/\/toys.lt\/lv\/wp-json\/wp\/v2\/product\/41941\/revisions"}],"predecessor-version":[{"id":46099,"href":"https:\/\/toys.lt\/lv\/wp-json\/wp\/v2\/product\/41941\/revisions\/46099"}],"wp:featuredmedia":[{"embeddable":true,"href":"https:\/\/toys.lt\/lv\/wp-json\/wp\/v2\/media\/38195"}],"wp:attachment":[{"href":"https:\/\/toys.lt\/lv\/wp-json\/wp\/v2\/media?parent=41941"}],"wp:term":[{"taxonomy":"product_brand","embeddable":true,"href":"https:\/\/toys.lt\/lv\/wp-json\/wp\/v2\/product_brand?post=41941"},{"taxonomy":"product_cat","embeddable":true,"href":"https:\/\/toys.lt\/lv\/wp-json\/wp\/v2\/product_cat?post=41941"},{"taxonomy":"product_tag","embeddable":true,"href":"https:\/\/toys.lt\/lv\/wp-json\/wp\/v2\/product_tag?post=41941"}],"curies":[{"name":"wp","href":"https:\/\/api.w.org\/{rel}","templated":true}]}}