{"id":41933,"date":"2022-05-09T17:35:38","date_gmt":"2022-05-09T17:35:38","guid":{"rendered":"https:\/\/toys.lt\/produktas\/clementoni-bernu-paklajins\/"},"modified":"2026-04-09T00:00:46","modified_gmt":"2026-04-09T00:00:46","slug":"clementoni-bernu-paklajins","status":"publish","type":"product","link":"https:\/\/toys.lt\/lv\/produktas\/clementoni-bernu-paklajins\/","title":{"rendered":"Clementoni b\u0113rnu pakl\u0101ji\u0146\u0161"},"content":{"rendered":"<p><strong>Z\u012bdai\u0146u pakl\u0101ji\u0146\u0161 <\/strong>ir paredz\u0113ts, lai veicin\u0101tu mazu\u013ca pirm\u0101s kust\u012bbas. Kr\u0101sain\u0101s ilustr\u0101cijas uz pakl\u0101ji\u0146a piesaist\u012bs uzman\u012bbu un mudin\u0101s mazuli to dar\u012bt. <\/p>\n<p><strong>Pakl\u0101ji\u0146\u0161 <\/strong>ir viegli salok\u0101ms, un to var p\u0101rn\u0113s\u0101t, kur vien tas ir \u0113rti.<\/p>\n<p>Var mazg\u0101t ve\u013casma\u0161\u012bn\u0101.<\/p>\n","protected":false},"excerpt":{"rendered":"<p>Produkta veids: pakl\u0101ji\u0146\u0161 z\u012bdai\u0146iem<\/p>\n<p>Izcelsmes valsts: It\u0101lija<\/p>\n<p>Iepakojuma izm\u0113ri: 6 x 58 x 45 cm<\/p>\n<p>Produkta izm\u0113ri 135 x 90 cm<\/p>\n<p>Ieteicamais vecums: no 0 m\u0113ne\u0161iem.<\/p>\n","protected":false},"featured_media":38166,"comment_status":"open","ping_status":"closed","template":"","meta":[],"product_brand":[],"product_cat":[1155,1183],"product_tag":[],"class_list":{"0":"post-41933","1":"product","2":"type-product","3":"status-publish","4":"has-post-thumbnail","6":"product_cat-leti","7":"product_cat-rotallietas-maziem-berniem","8":"pa_amziaus-grupe-0-lv","9":"pa_prek-s-tipas-rotallietas-dazadam-spejam","11":"first","12":"instock","13":"sale","14":"taxable","15":"shipping-taxable","16":"purchasable","17":"product-type-simple"},"yoast_head":"<!-- This site is optimized with the Yoast SEO plugin v27.6 - https:\/\/yoast.com\/product\/yoast-seo-wordpress\/ -->\n<title>Clementoni b\u0113rnu pakl\u0101ji\u0146\u0161 - Toys.lt<\/title>\n<meta name=\"robots\" content=\"index, follow, max-snippet:-1, max-image-preview:large, max-video-preview:-1\" \/>\n<link rel=\"canonical\" href=\"https:\/\/toys.lt\/lv\/produktas\/clementoni-bernu-paklajins\/\" \/>\n<meta property=\"og:locale\" content=\"lv_LV\" \/>\n<meta property=\"og:type\" content=\"article\" \/>\n<meta property=\"og:title\" content=\"Clementoni b\u0113rnu pakl\u0101ji\u0146\u0161 - Toys.lt\" \/>\n<meta property=\"og:description\" content=\"Produkta veids: pakl\u0101ji\u0146\u0161 z\u012bdai\u0146iem Izcelsmes valsts: It\u0101lija Iepakojuma izm\u0113ri: 6 x 58 x 45 cm Produkta izm\u0113ri 135 x 90 cm Ieteicamais vecums: no 0 m\u0113ne\u0161iem.\" \/>\n<meta property=\"og:url\" content=\"https:\/\/toys.lt\/lv\/produktas\/clementoni-bernu-paklajins\/\" \/>\n<meta property=\"og:site_name\" content=\"Toys.lt\" \/>\n<meta property=\"article:modified_time\" content=\"2026-04-09T00:00:46+00:00\" \/>\n<meta property=\"og:image\" content=\"https:\/\/toys.lt\/wp-content\/uploads\/2022\/05\/products-2634.jpg\" \/>\n\t<meta property=\"og:image:width\" content=\"1500\" \/>\n\t<meta property=\"og:image:height\" content=\"1062\" \/>\n\t<meta property=\"og:image:type\" content=\"image\/jpeg\" \/>\n<meta name=\"twitter:card\" content=\"summary_large_image\" \/>\n<script type=\"application\/ld+json\" class=\"yoast-schema-graph\">{\"@context\":\"https:\\\/\\\/schema.org\",\"@graph\":[{\"@type\":\"WebPage\",\"@id\":\"https:\\\/\\\/toys.lt\\\/lv\\\/produktas\\\/clementoni-bernu-paklajins\\\/\",\"url\":\"https:\\\/\\\/toys.lt\\\/lv\\\/produktas\\\/clementoni-bernu-paklajins\\\/\",\"name\":\"Clementoni b\u0113rnu pakl\u0101ji\u0146\u0161 - Toys.lt\",\"isPartOf\":{\"@id\":\"https:\\\/\\\/toys.lt\\\/lv\\\/#website\"},\"primaryImageOfPage\":{\"@id\":\"https:\\\/\\\/toys.lt\\\/lv\\\/produktas\\\/clementoni-bernu-paklajins\\\/#primaryimage\"},\"image\":{\"@id\":\"https:\\\/\\\/toys.lt\\\/lv\\\/produktas\\\/clementoni-bernu-paklajins\\\/#primaryimage\"},\"thumbnailUrl\":\"https:\\\/\\\/toys.lt\\\/wp-content\\\/uploads\\\/2022\\\/05\\\/products-2634.jpg\",\"datePublished\":\"2022-05-09T17:35:38+00:00\",\"dateModified\":\"2026-04-09T00:00:46+00:00\",\"breadcrumb\":{\"@id\":\"https:\\\/\\\/toys.lt\\\/lv\\\/produktas\\\/clementoni-bernu-paklajins\\\/#breadcrumb\"},\"inLanguage\":\"lv-LV\",\"potentialAction\":[{\"@type\":\"ReadAction\",\"target\":[\"https:\\\/\\\/toys.lt\\\/lv\\\/produktas\\\/clementoni-bernu-paklajins\\\/\"]}]},{\"@type\":\"ImageObject\",\"inLanguage\":\"lv-LV\",\"@id\":\"https:\\\/\\\/toys.lt\\\/lv\\\/produktas\\\/clementoni-bernu-paklajins\\\/#primaryimage\",\"url\":\"https:\\\/\\\/toys.lt\\\/wp-content\\\/uploads\\\/2022\\\/05\\\/products-2634.jpg\",\"contentUrl\":\"https:\\\/\\\/toys.lt\\\/wp-content\\\/uploads\\\/2022\\\/05\\\/products-2634.jpg\",\"width\":1500,\"height\":1062,\"caption\":\"Clementoni kilim\u0117lis k\u016bdikiui\"},{\"@type\":\"BreadcrumbList\",\"@id\":\"https:\\\/\\\/toys.lt\\\/lv\\\/produktas\\\/clementoni-bernu-paklajins\\\/#breadcrumb\",\"itemListElement\":[{\"@type\":\"ListItem\",\"position\":1,\"name\":\"Home\",\"item\":\"https:\\\/\\\/toys.lt\\\/lv\\\/\"},{\"@type\":\"ListItem\",\"position\":2,\"name\":\"Veikals\",\"item\":\"https:\\\/\\\/toys.lt\\\/lv\\\/shop\\\/\"},{\"@type\":\"ListItem\",\"position\":3,\"name\":\"Clementoni b\u0113rnu pakl\u0101ji\u0146\u0161\"}]},{\"@type\":\"WebSite\",\"@id\":\"https:\\\/\\\/toys.lt\\\/lv\\\/#website\",\"url\":\"https:\\\/\\\/toys.lt\\\/lv\\\/\",\"name\":\"Toys.lt\",\"description\":\"\",\"potentialAction\":[{\"@type\":\"SearchAction\",\"target\":{\"@type\":\"EntryPoint\",\"urlTemplate\":\"https:\\\/\\\/toys.lt\\\/lv\\\/?s={search_term_string}\"},\"query-input\":{\"@type\":\"PropertyValueSpecification\",\"valueRequired\":true,\"valueName\":\"search_term_string\"}}],\"inLanguage\":\"lv-LV\"}]}<\/script>\n<!-- \/ Yoast SEO plugin. -->","yoast_head_json":{"title":"Clementoni b\u0113rnu pakl\u0101ji\u0146\u0161 - Toys.lt","robots":{"index":"index","follow":"follow","max-snippet":"max-snippet:-1","max-image-preview":"max-image-preview:large","max-video-preview":"max-video-preview:-1"},"canonical":"https:\/\/toys.lt\/lv\/produktas\/clementoni-bernu-paklajins\/","og_locale":"lv_LV","og_type":"article","og_title":"Clementoni b\u0113rnu pakl\u0101ji\u0146\u0161 - Toys.lt","og_description":"Produkta veids: pakl\u0101ji\u0146\u0161 z\u012bdai\u0146iem Izcelsmes valsts: It\u0101lija Iepakojuma izm\u0113ri: 6 x 58 x 45 cm Produkta izm\u0113ri 135 x 90 cm Ieteicamais vecums: no 0 m\u0113ne\u0161iem.","og_url":"https:\/\/toys.lt\/lv\/produktas\/clementoni-bernu-paklajins\/","og_site_name":"Toys.lt","article_modified_time":"2026-04-09T00:00:46+00:00","og_image":[{"width":1500,"height":1062,"url":"https:\/\/toys.lt\/wp-content\/uploads\/2022\/05\/products-2634.jpg","type":"image\/jpeg"}],"twitter_card":"summary_large_image","schema":{"@context":"https:\/\/schema.org","@graph":[{"@type":"WebPage","@id":"https:\/\/toys.lt\/lv\/produktas\/clementoni-bernu-paklajins\/","url":"https:\/\/toys.lt\/lv\/produktas\/clementoni-bernu-paklajins\/","name":"Clementoni b\u0113rnu pakl\u0101ji\u0146\u0161 - Toys.lt","isPartOf":{"@id":"https:\/\/toys.lt\/lv\/#website"},"primaryImageOfPage":{"@id":"https:\/\/toys.lt\/lv\/produktas\/clementoni-bernu-paklajins\/#primaryimage"},"image":{"@id":"https:\/\/toys.lt\/lv\/produktas\/clementoni-bernu-paklajins\/#primaryimage"},"thumbnailUrl":"https:\/\/toys.lt\/wp-content\/uploads\/2022\/05\/products-2634.jpg","datePublished":"2022-05-09T17:35:38+00:00","dateModified":"2026-04-09T00:00:46+00:00","breadcrumb":{"@id":"https:\/\/toys.lt\/lv\/produktas\/clementoni-bernu-paklajins\/#breadcrumb"},"inLanguage":"lv-LV","potentialAction":[{"@type":"ReadAction","target":["https:\/\/toys.lt\/lv\/produktas\/clementoni-bernu-paklajins\/"]}]},{"@type":"ImageObject","inLanguage":"lv-LV","@id":"https:\/\/toys.lt\/lv\/produktas\/clementoni-bernu-paklajins\/#primaryimage","url":"https:\/\/toys.lt\/wp-content\/uploads\/2022\/05\/products-2634.jpg","contentUrl":"https:\/\/toys.lt\/wp-content\/uploads\/2022\/05\/products-2634.jpg","width":1500,"height":1062,"caption":"Clementoni kilim\u0117lis k\u016bdikiui"},{"@type":"BreadcrumbList","@id":"https:\/\/toys.lt\/lv\/produktas\/clementoni-bernu-paklajins\/#breadcrumb","itemListElement":[{"@type":"ListItem","position":1,"name":"Home","item":"https:\/\/toys.lt\/lv\/"},{"@type":"ListItem","position":2,"name":"Veikals","item":"https:\/\/toys.lt\/lv\/shop\/"},{"@type":"ListItem","position":3,"name":"Clementoni b\u0113rnu pakl\u0101ji\u0146\u0161"}]},{"@type":"WebSite","@id":"https:\/\/toys.lt\/lv\/#website","url":"https:\/\/toys.lt\/lv\/","name":"Toys.lt","description":"","potentialAction":[{"@type":"SearchAction","target":{"@type":"EntryPoint","urlTemplate":"https:\/\/toys.lt\/lv\/?s={search_term_string}"},"query-input":{"@type":"PropertyValueSpecification","valueRequired":true,"valueName":"search_term_string"}}],"inLanguage":"lv-LV"}]}},"_links":{"self":[{"href":"https:\/\/toys.lt\/lv\/wp-json\/wp\/v2\/product\/41933","targetHints":{"allow":["GET"]}}],"collection":[{"href":"https:\/\/toys.lt\/lv\/wp-json\/wp\/v2\/product"}],"about":[{"href":"https:\/\/toys.lt\/lv\/wp-json\/wp\/v2\/types\/product"}],"replies":[{"embeddable":true,"href":"https:\/\/toys.lt\/lv\/wp-json\/wp\/v2\/comments?post=41933"}],"version-history":[{"count":1,"href":"https:\/\/toys.lt\/lv\/wp-json\/wp\/v2\/product\/41933\/revisions"}],"predecessor-version":[{"id":41935,"href":"https:\/\/toys.lt\/lv\/wp-json\/wp\/v2\/product\/41933\/revisions\/41935"}],"wp:featuredmedia":[{"embeddable":true,"href":"https:\/\/toys.lt\/lv\/wp-json\/wp\/v2\/media\/38166"}],"wp:attachment":[{"href":"https:\/\/toys.lt\/lv\/wp-json\/wp\/v2\/media?parent=41933"}],"wp:term":[{"taxonomy":"product_brand","embeddable":true,"href":"https:\/\/toys.lt\/lv\/wp-json\/wp\/v2\/product_brand?post=41933"},{"taxonomy":"product_cat","embeddable":true,"href":"https:\/\/toys.lt\/lv\/wp-json\/wp\/v2\/product_cat?post=41933"},{"taxonomy":"product_tag","embeddable":true,"href":"https:\/\/toys.lt\/lv\/wp-json\/wp\/v2\/product_tag?post=41933"}],"curies":[{"name":"wp","href":"https:\/\/api.w.org\/{rel}","templated":true}]}}