{"id":41924,"date":"2022-05-09T16:07:53","date_gmt":"2022-05-09T16:07:53","guid":{"rendered":"https:\/\/toys.lt\/produktas\/clementoni-kristalu-izgatavosanas-laboratorija-ltlvee\/"},"modified":"2026-04-09T00:00:47","modified_gmt":"2026-04-09T00:00:47","slug":"clementoni-kristalu-izgatavosanas-laboratorija-ltlvee","status":"publish","type":"product","link":"https:\/\/toys.lt\/lv\/produktas\/clementoni-kristalu-izgatavosanas-laboratorija-ltlvee\/","title":{"rendered":"Clementoni krist\u0101lu izgatavo\u0161anas laboratorija (LT+LV+EE)"},"content":{"rendered":"<p class=\"MsoNormal\" style=\"margin: 0px;font-size: medium;color: #7a7a7a;padding: 0px;line-height: inherit;border: 0px;font-family: Roboto, sans-serif;background-color: #fefefe;text-align: center\" align=\"center\"><i style=\"line-height: inherit;margin: 0px;padding: 0px;border: 0px;font-variant: inherit;font-weight: inherit;font-size: inherit;font-family: inherit\"><span style=\"margin: 0px;padding: 0px;border: 0px;font-style: inherit;font-variant: inherit;font-weight: inherit;font-size: 8.5pt;line-height: inherit;font-family: Verdana, sans-serif;color: #000000\">Clementoni &#8211; dibin\u0101ts It\u0101lij\u0101 un veiksm\u012bgi darbojas jau vair\u0101k nek\u0101 50 gadus! Uz\u0146\u0113muma misija ir rad\u012bt sp\u0113les, kas pal\u012bdz b\u0113rniem augt.   <\/span><\/i><\/p>\n<p class=\"MsoNormal\" style=\"margin: 0px;font-size: medium;color: #7a7a7a;padding: 0px;line-height: inherit;border: 0px;font-family: Roboto, sans-serif;background-color: #fefefe;text-align: center\" align=\"center\"><i style=\"line-height: inherit;margin: 0px;padding: 0px;border: 0px;font-variant: inherit;font-weight: inherit;font-size: inherit;font-family: inherit\"><span style=\"margin: 0px;padding: 0px;border: 0px;font-style: inherit;font-variant: inherit;font-weight: inherit;font-size: 8.5pt;line-height: inherit;font-family: Verdana, sans-serif;color: #000000\">Tas viss ir izstr\u0101d\u0101ts, lai apmierin\u0101tu jaunie\u0161u vajadz\u012bbas, \u0146emot v\u0113r\u0101 m\u016bsdienu tehnolo\u0123ijas un glob\u0101l\u0101s izgl\u012bt\u012bbas tendences.<\/span><\/i><\/p>\n<p>Komplekts ir veidots t\u0101, lai, sp\u0113l\u0113joties, izprastu, k\u0101 notiek \u0137\u012bmisk\u0101s reakcijas starp s\u0101\u013ciem. B\u0113rns var\u0113s eksperiment\u0113t un veidot da\u017e\u0101du kr\u0101su krist\u0101lus. <\/p>\n<p><strong>Komplekt\u0101 ietilpst:<\/strong><\/p>\n<ul style=\"list-style-type: square\">\n<li style=\"margin: 0px;padding: 0px;font: inherit;border: 0px\">Pipete<\/li>\n<li style=\"margin: 0px;padding: 0px;font: inherit;border: 0px\">T\u0113jkarote<\/li>\n<li style=\"margin: 0px;padding: 0px;font: inherit;border: 0px\">Mentel<\/li>\n<li style=\"margin: 0px;padding: 0px;font: inherit;border: 0px\">Pincet<\/li>\n<li style=\"margin: 0px;padding: 0px;font: inherit;border: 0px\">50 ml un 10 ml gl\u0101zes<\/li>\n<li style=\"margin: 0px;padding: 0px;font: inherit;border: 0px\">\u0136\u012bmiskie materi\u0101li eksperimentiem<\/li>\n<li style=\"margin: 0px;padding: 0px;font: inherit;border: 0px\">\u0122ip\u0161a maiss<\/li>\n<li style=\"margin: 0px;padding: 0px;font: inherit;border: 0px\">Cimdi<\/li>\n<li style=\"margin: 0px;padding: 0px;font: inherit;border: 0px\">Veidlapas<\/li>\n<li style=\"margin: 0px;padding: 0px;font: inherit;border: 0px\">Papl\u0101te<\/li>\n<li style=\"margin: 0px;padding: 0px;font: inherit;border: 0px\">Nor\u0101d\u012bjumu rokasgr\u0101mata<\/li>\n<\/ul>\n<p><strong style=\"font-family: inherit;font-size: inherit;font-style: inherit\">Br\u012bdin\u0101jums. Nav piem\u0113rots b\u0113rniem l\u012bdz 8 gadu vecumam. Lietojiet ar pieaugu\u0161o uzraudz\u012bbu. Pirms lieto\u0161anas izlasiet \u0161os nor\u0101d\u012bjumus, iev\u0113rojiet tos un paturiet tos lieto\u0161anai. Glab\u0101jiet sp\u0113li\/komplektu b\u0113rniem, kas jaun\u0101ki par 8 gadiem, nepieejam\u0101 viet\u0101.    <\/strong><\/p>\n","protected":false},"excerpt":{"rendered":"<p>Produkta veids: rado\u0161ais komplekts<\/p>\n<p>Z\u012bmola nosaukums: Clementoni<\/p>\n<p>Izcelsmes valsts: It\u0101lija<\/p>\n<p>Iepakojuma izm\u0113ri: 37 x 28 x 5,5 cm<\/p>\n<p>Ieteicamais vecums: no 8 gadiem.<\/p>\n","protected":false},"featured_media":38161,"comment_status":"open","ping_status":"closed","template":"","meta":[],"product_brand":[384],"product_cat":[1257,1180,1151,1155],"product_tag":[],"class_list":{"0":"post-41924","1":"product","2":"type-product","3":"status-publish","4":"has-post-thumbnail","6":"product_brand-clementoni-2","7":"product_cat-rokdarbi-un-radosums","8":"product_cat-rotallietas-meitenem","9":"product_cat-specializeti-rotallietu-darbariki","10":"product_cat-leti","11":"pa_amziaus-grupe-8-lv","12":"pa_prek-s-tipas-radosas-kolekcijas","13":"pa_prekes-zenklas-clementoni-lv","15":"first","16":"instock","17":"sale","18":"taxable","19":"shipping-taxable","20":"purchasable","21":"product-type-simple"},"yoast_head":"<!-- This site is optimized with the Yoast SEO plugin v26.3 - https:\/\/yoast.com\/wordpress\/plugins\/seo\/ -->\n<title>Clementoni krist\u0101lu izgatavo\u0161anas laboratorija (LT+LV+EE) - Toys.lt<\/title>\n<meta name=\"robots\" content=\"index, follow, max-snippet:-1, max-image-preview:large, max-video-preview:-1\" \/>\n<link rel=\"canonical\" href=\"https:\/\/toys.lt\/lv\/produktas\/clementoni-kristalu-izgatavosanas-laboratorija-ltlvee\/\" \/>\n<meta property=\"og:locale\" content=\"lv_LV\" \/>\n<meta property=\"og:type\" content=\"article\" \/>\n<meta property=\"og:title\" content=\"Clementoni krist\u0101lu izgatavo\u0161anas laboratorija (LT+LV+EE) - Toys.lt\" \/>\n<meta property=\"og:description\" content=\"Produkta veids: rado\u0161ais komplekts Z\u012bmola nosaukums: Clementoni Izcelsmes valsts: It\u0101lija Iepakojuma izm\u0113ri: 37 x 28 x 5,5 cm Ieteicamais vecums: no 8 gadiem.\" \/>\n<meta property=\"og:url\" content=\"https:\/\/toys.lt\/lv\/produktas\/clementoni-kristalu-izgatavosanas-laboratorija-ltlvee\/\" \/>\n<meta property=\"og:site_name\" content=\"Toys.lt\" \/>\n<meta property=\"article:modified_time\" content=\"2026-04-09T00:00:47+00:00\" \/>\n<meta property=\"og:image\" content=\"https:\/\/toys.lt\/wp-content\/uploads\/2022\/05\/products-2622.jpg\" \/>\n\t<meta property=\"og:image:width\" content=\"800\" \/>\n\t<meta property=\"og:image:height\" content=\"823\" \/>\n\t<meta property=\"og:image:type\" content=\"image\/jpeg\" \/>\n<meta name=\"twitter:card\" content=\"summary_large_image\" \/>\n<meta name=\"twitter:label1\" content=\"Est. reading time\" \/>\n\t<meta name=\"twitter:data1\" content=\"1 minute\" \/>\n<script type=\"application\/ld+json\" class=\"yoast-schema-graph\">{\"@context\":\"https:\/\/schema.org\",\"@graph\":[{\"@type\":\"WebPage\",\"@id\":\"https:\/\/toys.lt\/lv\/produktas\/clementoni-kristalu-izgatavosanas-laboratorija-ltlvee\/\",\"url\":\"https:\/\/toys.lt\/lv\/produktas\/clementoni-kristalu-izgatavosanas-laboratorija-ltlvee\/\",\"name\":\"Clementoni krist\u0101lu izgatavo\u0161anas laboratorija (LT+LV+EE) - Toys.lt\",\"isPartOf\":{\"@id\":\"https:\/\/toys.lt\/lv\/#website\"},\"primaryImageOfPage\":{\"@id\":\"https:\/\/toys.lt\/lv\/produktas\/clementoni-kristalu-izgatavosanas-laboratorija-ltlvee\/#primaryimage\"},\"image\":{\"@id\":\"https:\/\/toys.lt\/lv\/produktas\/clementoni-kristalu-izgatavosanas-laboratorija-ltlvee\/#primaryimage\"},\"thumbnailUrl\":\"https:\/\/toys.lt\/wp-content\/uploads\/2022\/05\/products-2622.jpg\",\"datePublished\":\"2022-05-09T16:07:53+00:00\",\"dateModified\":\"2026-04-09T00:00:47+00:00\",\"breadcrumb\":{\"@id\":\"https:\/\/toys.lt\/lv\/produktas\/clementoni-kristalu-izgatavosanas-laboratorija-ltlvee\/#breadcrumb\"},\"inLanguage\":\"lv-LV\",\"potentialAction\":[{\"@type\":\"ReadAction\",\"target\":[\"https:\/\/toys.lt\/lv\/produktas\/clementoni-kristalu-izgatavosanas-laboratorija-ltlvee\/\"]}]},{\"@type\":\"ImageObject\",\"inLanguage\":\"lv-LV\",\"@id\":\"https:\/\/toys.lt\/lv\/produktas\/clementoni-kristalu-izgatavosanas-laboratorija-ltlvee\/#primaryimage\",\"url\":\"https:\/\/toys.lt\/wp-content\/uploads\/2022\/05\/products-2622.jpg\",\"contentUrl\":\"https:\/\/toys.lt\/wp-content\/uploads\/2022\/05\/products-2622.jpg\",\"width\":800,\"height\":823,\"caption\":\"Clementoni kristal\u0173 gaminimo laboratorija (LT+LV+EE)\"},{\"@type\":\"BreadcrumbList\",\"@id\":\"https:\/\/toys.lt\/lv\/produktas\/clementoni-kristalu-izgatavosanas-laboratorija-ltlvee\/#breadcrumb\",\"itemListElement\":[{\"@type\":\"ListItem\",\"position\":1,\"name\":\"Home\",\"item\":\"https:\/\/toys.lt\/lv\/\"},{\"@type\":\"ListItem\",\"position\":2,\"name\":\"Veikals\",\"item\":\"https:\/\/toys.lt\/lv\/shop\/\"},{\"@type\":\"ListItem\",\"position\":3,\"name\":\"Clementoni krist\u0101lu izgatavo\u0161anas laboratorija (LT+LV+EE)\"}]},{\"@type\":\"WebSite\",\"@id\":\"https:\/\/toys.lt\/lv\/#website\",\"url\":\"https:\/\/toys.lt\/lv\/\",\"name\":\"Toys.lt\",\"description\":\"\",\"potentialAction\":[{\"@type\":\"SearchAction\",\"target\":{\"@type\":\"EntryPoint\",\"urlTemplate\":\"https:\/\/toys.lt\/lv\/?s={search_term_string}\"},\"query-input\":{\"@type\":\"PropertyValueSpecification\",\"valueRequired\":true,\"valueName\":\"search_term_string\"}}],\"inLanguage\":\"lv-LV\"}]}<\/script>\n<!-- \/ Yoast SEO plugin. -->","yoast_head_json":{"title":"Clementoni krist\u0101lu izgatavo\u0161anas laboratorija (LT+LV+EE) - Toys.lt","robots":{"index":"index","follow":"follow","max-snippet":"max-snippet:-1","max-image-preview":"max-image-preview:large","max-video-preview":"max-video-preview:-1"},"canonical":"https:\/\/toys.lt\/lv\/produktas\/clementoni-kristalu-izgatavosanas-laboratorija-ltlvee\/","og_locale":"lv_LV","og_type":"article","og_title":"Clementoni krist\u0101lu izgatavo\u0161anas laboratorija (LT+LV+EE) - Toys.lt","og_description":"Produkta veids: rado\u0161ais komplekts Z\u012bmola nosaukums: Clementoni Izcelsmes valsts: It\u0101lija Iepakojuma izm\u0113ri: 37 x 28 x 5,5 cm Ieteicamais vecums: no 8 gadiem.","og_url":"https:\/\/toys.lt\/lv\/produktas\/clementoni-kristalu-izgatavosanas-laboratorija-ltlvee\/","og_site_name":"Toys.lt","article_modified_time":"2026-04-09T00:00:47+00:00","og_image":[{"width":800,"height":823,"url":"https:\/\/toys.lt\/wp-content\/uploads\/2022\/05\/products-2622.jpg","type":"image\/jpeg"}],"twitter_card":"summary_large_image","twitter_misc":{"Est. reading time":"1 minute"},"schema":{"@context":"https:\/\/schema.org","@graph":[{"@type":"WebPage","@id":"https:\/\/toys.lt\/lv\/produktas\/clementoni-kristalu-izgatavosanas-laboratorija-ltlvee\/","url":"https:\/\/toys.lt\/lv\/produktas\/clementoni-kristalu-izgatavosanas-laboratorija-ltlvee\/","name":"Clementoni krist\u0101lu izgatavo\u0161anas laboratorija (LT+LV+EE) - Toys.lt","isPartOf":{"@id":"https:\/\/toys.lt\/lv\/#website"},"primaryImageOfPage":{"@id":"https:\/\/toys.lt\/lv\/produktas\/clementoni-kristalu-izgatavosanas-laboratorija-ltlvee\/#primaryimage"},"image":{"@id":"https:\/\/toys.lt\/lv\/produktas\/clementoni-kristalu-izgatavosanas-laboratorija-ltlvee\/#primaryimage"},"thumbnailUrl":"https:\/\/toys.lt\/wp-content\/uploads\/2022\/05\/products-2622.jpg","datePublished":"2022-05-09T16:07:53+00:00","dateModified":"2026-04-09T00:00:47+00:00","breadcrumb":{"@id":"https:\/\/toys.lt\/lv\/produktas\/clementoni-kristalu-izgatavosanas-laboratorija-ltlvee\/#breadcrumb"},"inLanguage":"lv-LV","potentialAction":[{"@type":"ReadAction","target":["https:\/\/toys.lt\/lv\/produktas\/clementoni-kristalu-izgatavosanas-laboratorija-ltlvee\/"]}]},{"@type":"ImageObject","inLanguage":"lv-LV","@id":"https:\/\/toys.lt\/lv\/produktas\/clementoni-kristalu-izgatavosanas-laboratorija-ltlvee\/#primaryimage","url":"https:\/\/toys.lt\/wp-content\/uploads\/2022\/05\/products-2622.jpg","contentUrl":"https:\/\/toys.lt\/wp-content\/uploads\/2022\/05\/products-2622.jpg","width":800,"height":823,"caption":"Clementoni kristal\u0173 gaminimo laboratorija (LT+LV+EE)"},{"@type":"BreadcrumbList","@id":"https:\/\/toys.lt\/lv\/produktas\/clementoni-kristalu-izgatavosanas-laboratorija-ltlvee\/#breadcrumb","itemListElement":[{"@type":"ListItem","position":1,"name":"Home","item":"https:\/\/toys.lt\/lv\/"},{"@type":"ListItem","position":2,"name":"Veikals","item":"https:\/\/toys.lt\/lv\/shop\/"},{"@type":"ListItem","position":3,"name":"Clementoni krist\u0101lu izgatavo\u0161anas laboratorija (LT+LV+EE)"}]},{"@type":"WebSite","@id":"https:\/\/toys.lt\/lv\/#website","url":"https:\/\/toys.lt\/lv\/","name":"Toys.lt","description":"","potentialAction":[{"@type":"SearchAction","target":{"@type":"EntryPoint","urlTemplate":"https:\/\/toys.lt\/lv\/?s={search_term_string}"},"query-input":{"@type":"PropertyValueSpecification","valueRequired":true,"valueName":"search_term_string"}}],"inLanguage":"lv-LV"}]}},"_links":{"self":[{"href":"https:\/\/toys.lt\/lv\/wp-json\/wp\/v2\/product\/41924","targetHints":{"allow":["GET"]}}],"collection":[{"href":"https:\/\/toys.lt\/lv\/wp-json\/wp\/v2\/product"}],"about":[{"href":"https:\/\/toys.lt\/lv\/wp-json\/wp\/v2\/types\/product"}],"replies":[{"embeddable":true,"href":"https:\/\/toys.lt\/lv\/wp-json\/wp\/v2\/comments?post=41924"}],"version-history":[{"count":2,"href":"https:\/\/toys.lt\/lv\/wp-json\/wp\/v2\/product\/41924\/revisions"}],"predecessor-version":[{"id":46088,"href":"https:\/\/toys.lt\/lv\/wp-json\/wp\/v2\/product\/41924\/revisions\/46088"}],"wp:featuredmedia":[{"embeddable":true,"href":"https:\/\/toys.lt\/lv\/wp-json\/wp\/v2\/media\/38161"}],"wp:attachment":[{"href":"https:\/\/toys.lt\/lv\/wp-json\/wp\/v2\/media?parent=41924"}],"wp:term":[{"taxonomy":"product_brand","embeddable":true,"href":"https:\/\/toys.lt\/lv\/wp-json\/wp\/v2\/product_brand?post=41924"},{"taxonomy":"product_cat","embeddable":true,"href":"https:\/\/toys.lt\/lv\/wp-json\/wp\/v2\/product_cat?post=41924"},{"taxonomy":"product_tag","embeddable":true,"href":"https:\/\/toys.lt\/lv\/wp-json\/wp\/v2\/product_tag?post=41924"}],"curies":[{"name":"wp","href":"https:\/\/api.w.org\/{rel}","templated":true}]}}