{"id":41917,"date":"2022-05-09T19:15:41","date_gmt":"2022-05-09T19:15:41","guid":{"rendered":"https:\/\/toys.lt\/produktas\/clementoni-bernu-pils-roll-drop\/"},"modified":"2026-04-08T00:03:51","modified_gmt":"2026-04-08T00:03:51","slug":"clementoni-bernu-pils-roll-drop","status":"publish","type":"product","link":"https:\/\/toys.lt\/lv\/produktas\/clementoni-bernu-pils-roll-drop\/","title":{"rendered":"Clementoni b\u0113rnu pils &#8220;Roll &amp; Drop&#8221;"},"content":{"rendered":"<p><strong>Rota\u013clietu pils, kas ir <\/strong>pilna darb\u012bbas un jautr\u012bbas. Novietojiet bumbu pils aug\u0161pus\u0113 un v\u0113rojiet, k\u0101 t\u0101 ripo pa st\u0101viem uz leju. <\/p>\n","protected":false},"excerpt":{"rendered":"<p><strong>Rota\u013clietu pils:<\/strong><\/p>\n<p>Iepakojuma izm\u0113ri: 15 x 15 x 24 cm<\/p>\n<p>Svars 0,4 kg<\/p>\n<p>Materi\u0101ls: plastmasa<\/p>\n<p>Ieteicamais vecums: no 10 m\u0113ne\u0161iem<\/p>\n<p>Izcelsmes valsts: It\u0101lija<\/p>\n<p>Nepiecie\u0161amie elementi: 1 x A<\/p>\n","protected":false},"featured_media":38171,"comment_status":"open","ping_status":"closed","template":"","meta":[],"product_brand":[384],"product_cat":[1183,1406],"product_tag":[],"class_list":{"0":"post-41917","1":"product","2":"type-product","3":"status-publish","4":"has-post-thumbnail","6":"product_brand-clementoni-2","7":"product_cat-rotallietas-maziem-berniem","8":"product_cat-letakais","9":"pa_amziaus-grupe-10-lv","10":"pa_spalva-dazadi","12":"first","13":"instock","14":"taxable","15":"shipping-taxable","16":"purchasable","17":"product-type-simple"},"yoast_head":"<!-- This site is optimized with the Yoast SEO plugin v26.3 - https:\/\/yoast.com\/wordpress\/plugins\/seo\/ -->\n<title>Clementoni b\u0113rnu pils &quot;Roll &amp; Drop&quot; - Toys.lt<\/title>\n<meta name=\"robots\" content=\"index, follow, max-snippet:-1, max-image-preview:large, max-video-preview:-1\" \/>\n<link rel=\"canonical\" href=\"https:\/\/toys.lt\/lv\/produktas\/clementoni-bernu-pils-roll-drop\/\" \/>\n<meta property=\"og:locale\" content=\"lv_LV\" \/>\n<meta property=\"og:type\" content=\"article\" \/>\n<meta property=\"og:title\" content=\"Clementoni b\u0113rnu pils &quot;Roll &amp; Drop&quot; - Toys.lt\" \/>\n<meta property=\"og:description\" content=\"Rota\u013clietu pils: Iepakojuma izm\u0113ri: 15 x 15 x 24 cm Svars 0,4 kg Materi\u0101ls: plastmasa Ieteicamais vecums: no 10 m\u0113ne\u0161iem Izcelsmes valsts: It\u0101lija Nepiecie\u0161amie elementi: 1 x A\" \/>\n<meta property=\"og:url\" content=\"https:\/\/toys.lt\/lv\/produktas\/clementoni-bernu-pils-roll-drop\/\" \/>\n<meta property=\"og:site_name\" content=\"Toys.lt\" \/>\n<meta property=\"article:modified_time\" content=\"2026-04-08T00:03:51+00:00\" \/>\n<meta property=\"og:image\" content=\"https:\/\/toys.lt\/wp-content\/uploads\/2022\/05\/products-2643.jpg\" \/>\n\t<meta property=\"og:image:width\" content=\"1400\" \/>\n\t<meta property=\"og:image:height\" content=\"1861\" \/>\n\t<meta property=\"og:image:type\" content=\"image\/jpeg\" \/>\n<meta name=\"twitter:card\" content=\"summary_large_image\" \/>\n<script type=\"application\/ld+json\" class=\"yoast-schema-graph\">{\"@context\":\"https:\/\/schema.org\",\"@graph\":[{\"@type\":\"WebPage\",\"@id\":\"https:\/\/toys.lt\/lv\/produktas\/clementoni-bernu-pils-roll-drop\/\",\"url\":\"https:\/\/toys.lt\/lv\/produktas\/clementoni-bernu-pils-roll-drop\/\",\"name\":\"Clementoni b\u0113rnu pils \\\"Roll &amp; Drop\\\" - Toys.lt\",\"isPartOf\":{\"@id\":\"https:\/\/toys.lt\/lv\/#website\"},\"primaryImageOfPage\":{\"@id\":\"https:\/\/toys.lt\/lv\/produktas\/clementoni-bernu-pils-roll-drop\/#primaryimage\"},\"image\":{\"@id\":\"https:\/\/toys.lt\/lv\/produktas\/clementoni-bernu-pils-roll-drop\/#primaryimage\"},\"thumbnailUrl\":\"https:\/\/toys.lt\/wp-content\/uploads\/2022\/05\/products-2643.jpg\",\"datePublished\":\"2022-05-09T19:15:41+00:00\",\"dateModified\":\"2026-04-08T00:03:51+00:00\",\"breadcrumb\":{\"@id\":\"https:\/\/toys.lt\/lv\/produktas\/clementoni-bernu-pils-roll-drop\/#breadcrumb\"},\"inLanguage\":\"lv-LV\",\"potentialAction\":[{\"@type\":\"ReadAction\",\"target\":[\"https:\/\/toys.lt\/lv\/produktas\/clementoni-bernu-pils-roll-drop\/\"]}]},{\"@type\":\"ImageObject\",\"inLanguage\":\"lv-LV\",\"@id\":\"https:\/\/toys.lt\/lv\/produktas\/clementoni-bernu-pils-roll-drop\/#primaryimage\",\"url\":\"https:\/\/toys.lt\/wp-content\/uploads\/2022\/05\/products-2643.jpg\",\"contentUrl\":\"https:\/\/toys.lt\/wp-content\/uploads\/2022\/05\/products-2643.jpg\",\"width\":1400,\"height\":1861,\"caption\":\"Clementoni Baby pilis &#8220;Roll &#038; Drop&#8221;\"},{\"@type\":\"BreadcrumbList\",\"@id\":\"https:\/\/toys.lt\/lv\/produktas\/clementoni-bernu-pils-roll-drop\/#breadcrumb\",\"itemListElement\":[{\"@type\":\"ListItem\",\"position\":1,\"name\":\"Home\",\"item\":\"https:\/\/toys.lt\/lv\/\"},{\"@type\":\"ListItem\",\"position\":2,\"name\":\"Veikals\",\"item\":\"https:\/\/toys.lt\/lv\/shop\/\"},{\"@type\":\"ListItem\",\"position\":3,\"name\":\"Clementoni b\u0113rnu pils &#8222;Roll &amp; Drop&#8221;\"}]},{\"@type\":\"WebSite\",\"@id\":\"https:\/\/toys.lt\/lv\/#website\",\"url\":\"https:\/\/toys.lt\/lv\/\",\"name\":\"Toys.lt\",\"description\":\"\",\"potentialAction\":[{\"@type\":\"SearchAction\",\"target\":{\"@type\":\"EntryPoint\",\"urlTemplate\":\"https:\/\/toys.lt\/lv\/?s={search_term_string}\"},\"query-input\":{\"@type\":\"PropertyValueSpecification\",\"valueRequired\":true,\"valueName\":\"search_term_string\"}}],\"inLanguage\":\"lv-LV\"}]}<\/script>\n<!-- \/ Yoast SEO plugin. -->","yoast_head_json":{"title":"Clementoni b\u0113rnu pils \"Roll &amp; Drop\" - Toys.lt","robots":{"index":"index","follow":"follow","max-snippet":"max-snippet:-1","max-image-preview":"max-image-preview:large","max-video-preview":"max-video-preview:-1"},"canonical":"https:\/\/toys.lt\/lv\/produktas\/clementoni-bernu-pils-roll-drop\/","og_locale":"lv_LV","og_type":"article","og_title":"Clementoni b\u0113rnu pils \"Roll &amp; Drop\" - Toys.lt","og_description":"Rota\u013clietu pils: Iepakojuma izm\u0113ri: 15 x 15 x 24 cm Svars 0,4 kg Materi\u0101ls: plastmasa Ieteicamais vecums: no 10 m\u0113ne\u0161iem Izcelsmes valsts: It\u0101lija Nepiecie\u0161amie elementi: 1 x A","og_url":"https:\/\/toys.lt\/lv\/produktas\/clementoni-bernu-pils-roll-drop\/","og_site_name":"Toys.lt","article_modified_time":"2026-04-08T00:03:51+00:00","og_image":[{"width":1400,"height":1861,"url":"https:\/\/toys.lt\/wp-content\/uploads\/2022\/05\/products-2643.jpg","type":"image\/jpeg"}],"twitter_card":"summary_large_image","schema":{"@context":"https:\/\/schema.org","@graph":[{"@type":"WebPage","@id":"https:\/\/toys.lt\/lv\/produktas\/clementoni-bernu-pils-roll-drop\/","url":"https:\/\/toys.lt\/lv\/produktas\/clementoni-bernu-pils-roll-drop\/","name":"Clementoni b\u0113rnu pils \"Roll &amp; Drop\" - Toys.lt","isPartOf":{"@id":"https:\/\/toys.lt\/lv\/#website"},"primaryImageOfPage":{"@id":"https:\/\/toys.lt\/lv\/produktas\/clementoni-bernu-pils-roll-drop\/#primaryimage"},"image":{"@id":"https:\/\/toys.lt\/lv\/produktas\/clementoni-bernu-pils-roll-drop\/#primaryimage"},"thumbnailUrl":"https:\/\/toys.lt\/wp-content\/uploads\/2022\/05\/products-2643.jpg","datePublished":"2022-05-09T19:15:41+00:00","dateModified":"2026-04-08T00:03:51+00:00","breadcrumb":{"@id":"https:\/\/toys.lt\/lv\/produktas\/clementoni-bernu-pils-roll-drop\/#breadcrumb"},"inLanguage":"lv-LV","potentialAction":[{"@type":"ReadAction","target":["https:\/\/toys.lt\/lv\/produktas\/clementoni-bernu-pils-roll-drop\/"]}]},{"@type":"ImageObject","inLanguage":"lv-LV","@id":"https:\/\/toys.lt\/lv\/produktas\/clementoni-bernu-pils-roll-drop\/#primaryimage","url":"https:\/\/toys.lt\/wp-content\/uploads\/2022\/05\/products-2643.jpg","contentUrl":"https:\/\/toys.lt\/wp-content\/uploads\/2022\/05\/products-2643.jpg","width":1400,"height":1861,"caption":"Clementoni Baby pilis &#8220;Roll &#038; Drop&#8221;"},{"@type":"BreadcrumbList","@id":"https:\/\/toys.lt\/lv\/produktas\/clementoni-bernu-pils-roll-drop\/#breadcrumb","itemListElement":[{"@type":"ListItem","position":1,"name":"Home","item":"https:\/\/toys.lt\/lv\/"},{"@type":"ListItem","position":2,"name":"Veikals","item":"https:\/\/toys.lt\/lv\/shop\/"},{"@type":"ListItem","position":3,"name":"Clementoni b\u0113rnu pils &#8222;Roll &amp; Drop&#8221;"}]},{"@type":"WebSite","@id":"https:\/\/toys.lt\/lv\/#website","url":"https:\/\/toys.lt\/lv\/","name":"Toys.lt","description":"","potentialAction":[{"@type":"SearchAction","target":{"@type":"EntryPoint","urlTemplate":"https:\/\/toys.lt\/lv\/?s={search_term_string}"},"query-input":{"@type":"PropertyValueSpecification","valueRequired":true,"valueName":"search_term_string"}}],"inLanguage":"lv-LV"}]}},"_links":{"self":[{"href":"https:\/\/toys.lt\/lv\/wp-json\/wp\/v2\/product\/41917","targetHints":{"allow":["GET"]}}],"collection":[{"href":"https:\/\/toys.lt\/lv\/wp-json\/wp\/v2\/product"}],"about":[{"href":"https:\/\/toys.lt\/lv\/wp-json\/wp\/v2\/types\/product"}],"replies":[{"embeddable":true,"href":"https:\/\/toys.lt\/lv\/wp-json\/wp\/v2\/comments?post=41917"}],"version-history":[{"count":1,"href":"https:\/\/toys.lt\/lv\/wp-json\/wp\/v2\/product\/41917\/revisions"}],"predecessor-version":[{"id":41919,"href":"https:\/\/toys.lt\/lv\/wp-json\/wp\/v2\/product\/41917\/revisions\/41919"}],"wp:featuredmedia":[{"embeddable":true,"href":"https:\/\/toys.lt\/lv\/wp-json\/wp\/v2\/media\/38171"}],"wp:attachment":[{"href":"https:\/\/toys.lt\/lv\/wp-json\/wp\/v2\/media?parent=41917"}],"wp:term":[{"taxonomy":"product_brand","embeddable":true,"href":"https:\/\/toys.lt\/lv\/wp-json\/wp\/v2\/product_brand?post=41917"},{"taxonomy":"product_cat","embeddable":true,"href":"https:\/\/toys.lt\/lv\/wp-json\/wp\/v2\/product_cat?post=41917"},{"taxonomy":"product_tag","embeddable":true,"href":"https:\/\/toys.lt\/lv\/wp-json\/wp\/v2\/product_tag?post=41917"}],"curies":[{"name":"wp","href":"https:\/\/api.w.org\/{rel}","templated":true}]}}