{"id":41905,"date":"2022-11-22T00:41:55","date_gmt":"2022-11-22T00:41:55","guid":{"rendered":"https:\/\/toys.lt\/produktas\/clementoni-spele-action-reaction-crossroads-accessories\/"},"modified":"2026-04-08T00:03:25","modified_gmt":"2026-04-08T00:03:25","slug":"clementoni-spele-action-reaction-crossroads-accessories","status":"publish","type":"product","link":"https:\/\/toys.lt\/lv\/produktas\/clementoni-spele-action-reaction-crossroads-accessories\/","title":{"rendered":"Clementoni sp\u0113le &#8220;Action &amp; Reaction, Crossroads &amp; Accessories&#8221;"},"content":{"rendered":"<p class=\"MsoNormal\" style=\"text-align: center\" align=\"center\"><i><span style=\"font-size: 8.5pt;font-family: Verdana, 'sans-serif';color: #000000\">Clementoni &#8211; dibin\u0101ts It\u0101lij\u0101 un veiksm\u012bgi darbojas jau vair\u0101k nek\u0101 50 gadus! Uz\u0146\u0113muma misija ir rad\u012bt sp\u0113les, kas pal\u012bdz b\u0113rniem augt.   <\/span><\/i><\/p>\n<p class=\"MsoNormal\" style=\"text-align: center\" align=\"center\"><i><span style=\"font-size: 8.5pt;font-family: Verdana, 'sans-serif';color: #000000\">Tas viss ir izstr\u0101d\u0101ts, lai apmierin\u0101tu jaunie\u0161u vajadz\u012bbas, \u0146emot v\u0113r\u0101 m\u016bsdienu tehnolo\u0123ijas un glob\u0101l\u0101s izgl\u012bt\u012bbas tendences.<\/span><\/i><\/p>\n<p><strong>Funkcijas:<\/strong><\/p>\n<ul style=\"list-style-type: square\">\n<li>Izmantojiet akseleratoru, lai bumbi\u0146as uzbrauktu uz slied\u0113m.<\/li>\n<li>Soli pa solim sniegti nor\u0101d\u012bjumi, kas pal\u012bdz\u0113s jums izveidot pirm\u0101s dziesmas<\/li>\n<li>Unik\u0101ls zin\u0101tniskais komplekts, kas \u013cauj viegli un jautri atkl\u0101t fizikas principus<\/li>\n<li>Varat izmantot apk\u0101rt eso\u0161o, lai padar\u012btu savus darbi\u0146us v\u0113l lab\u0101kus un jautr\u0101kus.<\/li>\n<li>Att\u012bsta roku veikl\u012bbu, lo\u0123isko dom\u0101\u0161anu, rado\u0161umu un izt\u0113li.<\/li>\n<\/ul>\n","protected":false},"excerpt":{"rendered":"<p>Produkta veids: izgl\u012btojo\u0161s<\/p>\n<p>Z\u012bmola nosaukums: Clementoni<\/p>\n<p>Izcelsmes valsts: It\u0101lija<\/p>\n<p>Iepakojuma izm\u0113ri: 6 x 30 x 24 cm<\/p>\n<p>Ieteicamais vecums: no 6 gadiem.<\/p>\n","protected":false},"featured_media":38478,"comment_status":"open","ping_status":"closed","template":"","meta":[],"product_brand":[384],"product_cat":[1176,1157,1158,1406],"product_tag":[],"class_list":{"0":"post-41905","1":"product","2":"type-product","3":"status-publish","4":"has-post-thumbnail","6":"product_brand-clementoni-2","7":"product_cat-rotallietas-zeniem","8":"product_cat-izglitojosas-un-interaktivas-rotallietas","9":"product_cat-konstruktori","10":"product_cat-letakais","11":"pa_amziaus-grupe-6-lv","12":"pa_prek-s-tipas-konstruktori-un-modulu-bloki","13":"pa_prekes-zenklas-clementoni-lv","15":"first","16":"instock","17":"taxable","18":"shipping-taxable","19":"purchasable","20":"product-type-simple"},"yoast_head":"<!-- This site is optimized with the Yoast SEO plugin v26.3 - https:\/\/yoast.com\/wordpress\/plugins\/seo\/ -->\n<title>Clementoni sp\u0113le &quot;Action &amp; Reaction, Crossroads &amp; Accessories&quot; - Toys.lt<\/title>\n<meta name=\"robots\" content=\"index, follow, max-snippet:-1, max-image-preview:large, max-video-preview:-1\" \/>\n<link rel=\"canonical\" href=\"https:\/\/toys.lt\/lv\/produktas\/clementoni-spele-action-reaction-crossroads-accessories\/\" \/>\n<meta property=\"og:locale\" content=\"lv_LV\" \/>\n<meta property=\"og:type\" content=\"article\" \/>\n<meta property=\"og:title\" content=\"Clementoni sp\u0113le &quot;Action &amp; Reaction, Crossroads &amp; Accessories&quot; - Toys.lt\" \/>\n<meta property=\"og:description\" content=\"Produkta veids: izgl\u012btojo\u0161s Z\u012bmola nosaukums: Clementoni Izcelsmes valsts: It\u0101lija Iepakojuma izm\u0113ri: 6 x 30 x 24 cm Ieteicamais vecums: no 6 gadiem.\" \/>\n<meta property=\"og:url\" content=\"https:\/\/toys.lt\/lv\/produktas\/clementoni-spele-action-reaction-crossroads-accessories\/\" \/>\n<meta property=\"og:site_name\" content=\"Toys.lt\" \/>\n<meta property=\"article:modified_time\" content=\"2026-04-08T00:03:25+00:00\" \/>\n<meta property=\"og:image\" content=\"https:\/\/toys.lt\/wp-content\/uploads\/2022\/11\/products-3246.jpg\" \/>\n\t<meta property=\"og:image:width\" content=\"1400\" \/>\n\t<meta property=\"og:image:height\" content=\"1121\" \/>\n\t<meta property=\"og:image:type\" content=\"image\/jpeg\" \/>\n<meta name=\"twitter:card\" content=\"summary_large_image\" \/>\n<meta name=\"twitter:label1\" content=\"Est. reading time\" \/>\n\t<meta name=\"twitter:data1\" content=\"1 minute\" \/>\n<script type=\"application\/ld+json\" class=\"yoast-schema-graph\">{\"@context\":\"https:\/\/schema.org\",\"@graph\":[{\"@type\":\"WebPage\",\"@id\":\"https:\/\/toys.lt\/lv\/produktas\/clementoni-spele-action-reaction-crossroads-accessories\/\",\"url\":\"https:\/\/toys.lt\/lv\/produktas\/clementoni-spele-action-reaction-crossroads-accessories\/\",\"name\":\"Clementoni sp\u0113le \\\"Action &amp; Reaction, Crossroads &amp; Accessories\\\" - Toys.lt\",\"isPartOf\":{\"@id\":\"https:\/\/toys.lt\/lv\/#website\"},\"primaryImageOfPage\":{\"@id\":\"https:\/\/toys.lt\/lv\/produktas\/clementoni-spele-action-reaction-crossroads-accessories\/#primaryimage\"},\"image\":{\"@id\":\"https:\/\/toys.lt\/lv\/produktas\/clementoni-spele-action-reaction-crossroads-accessories\/#primaryimage\"},\"thumbnailUrl\":\"https:\/\/toys.lt\/wp-content\/uploads\/2022\/11\/products-3246.jpg\",\"datePublished\":\"2022-11-22T00:41:55+00:00\",\"dateModified\":\"2026-04-08T00:03:25+00:00\",\"breadcrumb\":{\"@id\":\"https:\/\/toys.lt\/lv\/produktas\/clementoni-spele-action-reaction-crossroads-accessories\/#breadcrumb\"},\"inLanguage\":\"lv-LV\",\"potentialAction\":[{\"@type\":\"ReadAction\",\"target\":[\"https:\/\/toys.lt\/lv\/produktas\/clementoni-spele-action-reaction-crossroads-accessories\/\"]}]},{\"@type\":\"ImageObject\",\"inLanguage\":\"lv-LV\",\"@id\":\"https:\/\/toys.lt\/lv\/produktas\/clementoni-spele-action-reaction-crossroads-accessories\/#primaryimage\",\"url\":\"https:\/\/toys.lt\/wp-content\/uploads\/2022\/11\/products-3246.jpg\",\"contentUrl\":\"https:\/\/toys.lt\/wp-content\/uploads\/2022\/11\/products-3246.jpg\",\"width\":1400,\"height\":1121,\"caption\":\"Clementoni \u017eaidimas &#8220;Action &#038; Reaction, Crossroads &#038; Accessories&#8221;\"},{\"@type\":\"BreadcrumbList\",\"@id\":\"https:\/\/toys.lt\/lv\/produktas\/clementoni-spele-action-reaction-crossroads-accessories\/#breadcrumb\",\"itemListElement\":[{\"@type\":\"ListItem\",\"position\":1,\"name\":\"Home\",\"item\":\"https:\/\/toys.lt\/lv\/\"},{\"@type\":\"ListItem\",\"position\":2,\"name\":\"Veikals\",\"item\":\"https:\/\/toys.lt\/lv\/shop\/\"},{\"@type\":\"ListItem\",\"position\":3,\"name\":\"Clementoni sp\u0113le &#8220;Action &amp; Reaction, Crossroads &amp; Accessories&#8221;\"}]},{\"@type\":\"WebSite\",\"@id\":\"https:\/\/toys.lt\/lv\/#website\",\"url\":\"https:\/\/toys.lt\/lv\/\",\"name\":\"Toys.lt\",\"description\":\"\",\"potentialAction\":[{\"@type\":\"SearchAction\",\"target\":{\"@type\":\"EntryPoint\",\"urlTemplate\":\"https:\/\/toys.lt\/lv\/?s={search_term_string}\"},\"query-input\":{\"@type\":\"PropertyValueSpecification\",\"valueRequired\":true,\"valueName\":\"search_term_string\"}}],\"inLanguage\":\"lv-LV\"}]}<\/script>\n<!-- \/ Yoast SEO plugin. -->","yoast_head_json":{"title":"Clementoni sp\u0113le \"Action &amp; Reaction, Crossroads &amp; Accessories\" - Toys.lt","robots":{"index":"index","follow":"follow","max-snippet":"max-snippet:-1","max-image-preview":"max-image-preview:large","max-video-preview":"max-video-preview:-1"},"canonical":"https:\/\/toys.lt\/lv\/produktas\/clementoni-spele-action-reaction-crossroads-accessories\/","og_locale":"lv_LV","og_type":"article","og_title":"Clementoni sp\u0113le \"Action &amp; Reaction, Crossroads &amp; Accessories\" - Toys.lt","og_description":"Produkta veids: izgl\u012btojo\u0161s Z\u012bmola nosaukums: Clementoni Izcelsmes valsts: It\u0101lija Iepakojuma izm\u0113ri: 6 x 30 x 24 cm Ieteicamais vecums: no 6 gadiem.","og_url":"https:\/\/toys.lt\/lv\/produktas\/clementoni-spele-action-reaction-crossroads-accessories\/","og_site_name":"Toys.lt","article_modified_time":"2026-04-08T00:03:25+00:00","og_image":[{"width":1400,"height":1121,"url":"https:\/\/toys.lt\/wp-content\/uploads\/2022\/11\/products-3246.jpg","type":"image\/jpeg"}],"twitter_card":"summary_large_image","twitter_misc":{"Est. reading time":"1 minute"},"schema":{"@context":"https:\/\/schema.org","@graph":[{"@type":"WebPage","@id":"https:\/\/toys.lt\/lv\/produktas\/clementoni-spele-action-reaction-crossroads-accessories\/","url":"https:\/\/toys.lt\/lv\/produktas\/clementoni-spele-action-reaction-crossroads-accessories\/","name":"Clementoni sp\u0113le \"Action &amp; Reaction, Crossroads &amp; Accessories\" - Toys.lt","isPartOf":{"@id":"https:\/\/toys.lt\/lv\/#website"},"primaryImageOfPage":{"@id":"https:\/\/toys.lt\/lv\/produktas\/clementoni-spele-action-reaction-crossroads-accessories\/#primaryimage"},"image":{"@id":"https:\/\/toys.lt\/lv\/produktas\/clementoni-spele-action-reaction-crossroads-accessories\/#primaryimage"},"thumbnailUrl":"https:\/\/toys.lt\/wp-content\/uploads\/2022\/11\/products-3246.jpg","datePublished":"2022-11-22T00:41:55+00:00","dateModified":"2026-04-08T00:03:25+00:00","breadcrumb":{"@id":"https:\/\/toys.lt\/lv\/produktas\/clementoni-spele-action-reaction-crossroads-accessories\/#breadcrumb"},"inLanguage":"lv-LV","potentialAction":[{"@type":"ReadAction","target":["https:\/\/toys.lt\/lv\/produktas\/clementoni-spele-action-reaction-crossroads-accessories\/"]}]},{"@type":"ImageObject","inLanguage":"lv-LV","@id":"https:\/\/toys.lt\/lv\/produktas\/clementoni-spele-action-reaction-crossroads-accessories\/#primaryimage","url":"https:\/\/toys.lt\/wp-content\/uploads\/2022\/11\/products-3246.jpg","contentUrl":"https:\/\/toys.lt\/wp-content\/uploads\/2022\/11\/products-3246.jpg","width":1400,"height":1121,"caption":"Clementoni \u017eaidimas &#8220;Action &#038; Reaction, Crossroads &#038; Accessories&#8221;"},{"@type":"BreadcrumbList","@id":"https:\/\/toys.lt\/lv\/produktas\/clementoni-spele-action-reaction-crossroads-accessories\/#breadcrumb","itemListElement":[{"@type":"ListItem","position":1,"name":"Home","item":"https:\/\/toys.lt\/lv\/"},{"@type":"ListItem","position":2,"name":"Veikals","item":"https:\/\/toys.lt\/lv\/shop\/"},{"@type":"ListItem","position":3,"name":"Clementoni sp\u0113le &#8220;Action &amp; Reaction, Crossroads &amp; Accessories&#8221;"}]},{"@type":"WebSite","@id":"https:\/\/toys.lt\/lv\/#website","url":"https:\/\/toys.lt\/lv\/","name":"Toys.lt","description":"","potentialAction":[{"@type":"SearchAction","target":{"@type":"EntryPoint","urlTemplate":"https:\/\/toys.lt\/lv\/?s={search_term_string}"},"query-input":{"@type":"PropertyValueSpecification","valueRequired":true,"valueName":"search_term_string"}}],"inLanguage":"lv-LV"}]}},"_links":{"self":[{"href":"https:\/\/toys.lt\/lv\/wp-json\/wp\/v2\/product\/41905","targetHints":{"allow":["GET"]}}],"collection":[{"href":"https:\/\/toys.lt\/lv\/wp-json\/wp\/v2\/product"}],"about":[{"href":"https:\/\/toys.lt\/lv\/wp-json\/wp\/v2\/types\/product"}],"replies":[{"embeddable":true,"href":"https:\/\/toys.lt\/lv\/wp-json\/wp\/v2\/comments?post=41905"}],"version-history":[{"count":2,"href":"https:\/\/toys.lt\/lv\/wp-json\/wp\/v2\/product\/41905\/revisions"}],"predecessor-version":[{"id":46060,"href":"https:\/\/toys.lt\/lv\/wp-json\/wp\/v2\/product\/41905\/revisions\/46060"}],"wp:featuredmedia":[{"embeddable":true,"href":"https:\/\/toys.lt\/lv\/wp-json\/wp\/v2\/media\/38478"}],"wp:attachment":[{"href":"https:\/\/toys.lt\/lv\/wp-json\/wp\/v2\/media?parent=41905"}],"wp:term":[{"taxonomy":"product_brand","embeddable":true,"href":"https:\/\/toys.lt\/lv\/wp-json\/wp\/v2\/product_brand?post=41905"},{"taxonomy":"product_cat","embeddable":true,"href":"https:\/\/toys.lt\/lv\/wp-json\/wp\/v2\/product_cat?post=41905"},{"taxonomy":"product_tag","embeddable":true,"href":"https:\/\/toys.lt\/lv\/wp-json\/wp\/v2\/product_tag?post=41905"}],"curies":[{"name":"wp","href":"https:\/\/api.w.org\/{rel}","templated":true}]}}