{"id":41861,"date":"2022-08-06T01:07:06","date_gmt":"2022-08-06T01:07:06","guid":{"rendered":"https:\/\/toys.lt\/produktas\/technok-atkritumu-savacejs\/"},"modified":"2026-04-08T00:03:40","modified_gmt":"2026-04-08T00:03:40","slug":"technok-atkritumu-savacejs","status":"publish","type":"product","link":"https:\/\/toys.lt\/lv\/produktas\/technok-atkritumu-savacejs\/","title":{"rendered":"Technok atkritumu sav\u0101c\u0113js"},"content":{"rendered":"<p><strong>Funkcijas:<\/strong><\/p>\n<ul style=\"list-style-type: square\">\n<li style=\"margin: 0px;padding: 0px;font: inherit;border: 0px\">Atkritumu tvertnes kab\u012bne atliecas atpaka\u013c<\/li>\n<li style=\"margin: 0px;padding: 0px;font: inherit;border: 0px\">Viegli t\u012br\u0101ma virsma<\/li>\n<li style=\"margin: 0px;padding: 0px;font: inherit;border: 0px\">dro\u0161i, netoksiski materi\u0101li<\/li>\n<li style=\"margin: 0px;padding: 0px;font: inherit;border: 0px\">Piem\u0113rots gan \u0101ra, gan iek\u0161telpu rota\u013c\u0101m<\/li>\n<li style=\"margin: 0px;padding: 0px;font: inherit;border: 0px\">Att\u012bsta motoriku, komunik\u0101ciju, uzman\u012bbu, dom\u0101\u0161anu un kust\u012bbu koordin\u0101ciju.<\/li>\n<\/ul>\n","protected":false},"excerpt":{"rendered":"<p>Produkta veids: transportl\u012bdzeklis<\/p>\n<p>Izcelsmes valsts: Ukraina<\/p>\n<p>Iepakojuma izm\u0113ri: 36 x 24 x 21 cm<\/p>\n<p>Produkta materi\u0101ls: plastmasa<\/p>\n<p>Ieteicamais vecums: no 3 gadiem.<\/p>\n","protected":false},"featured_media":38311,"comment_status":"open","ping_status":"closed","template":"","meta":[],"product_brand":[],"product_cat":[1177,1155],"product_tag":[],"class_list":{"0":"post-41861","1":"product","2":"type-product","3":"status-publish","4":"has-post-thumbnail","6":"product_cat-rotalu-automasinas-traktori-un-kapurkedes","7":"product_cat-leti","8":"pa_prek-s-tipas-masinas","10":"first","11":"instock","12":"taxable","13":"shipping-taxable","14":"purchasable","15":"product-type-simple"},"yoast_head":"<!-- This site is optimized with the Yoast SEO plugin v26.3 - https:\/\/yoast.com\/wordpress\/plugins\/seo\/ -->\n<title>Technok atkritumu sav\u0101c\u0113js - Toys.lt<\/title>\n<meta name=\"robots\" content=\"index, follow, max-snippet:-1, max-image-preview:large, max-video-preview:-1\" \/>\n<link rel=\"canonical\" href=\"https:\/\/toys.lt\/lv\/produktas\/technok-atkritumu-savacejs\/\" \/>\n<meta property=\"og:locale\" content=\"lv_LV\" \/>\n<meta property=\"og:type\" content=\"article\" \/>\n<meta property=\"og:title\" content=\"Technok atkritumu sav\u0101c\u0113js - Toys.lt\" \/>\n<meta property=\"og:description\" content=\"Produkta veids: transportl\u012bdzeklis Izcelsmes valsts: Ukraina Iepakojuma izm\u0113ri: 36 x 24 x 21 cm Produkta materi\u0101ls: plastmasa Ieteicamais vecums: no 3 gadiem.\" \/>\n<meta property=\"og:url\" content=\"https:\/\/toys.lt\/lv\/produktas\/technok-atkritumu-savacejs\/\" \/>\n<meta property=\"og:site_name\" content=\"Toys.lt\" \/>\n<meta property=\"article:modified_time\" content=\"2026-04-08T00:03:40+00:00\" \/>\n<meta property=\"og:image\" content=\"https:\/\/toys.lt\/wp-content\/uploads\/2022\/08\/products-2920.jpg\" \/>\n\t<meta property=\"og:image:width\" content=\"1200\" \/>\n\t<meta property=\"og:image:height\" content=\"800\" \/>\n\t<meta property=\"og:image:type\" content=\"image\/jpeg\" \/>\n<meta name=\"twitter:card\" content=\"summary_large_image\" \/>\n<script type=\"application\/ld+json\" class=\"yoast-schema-graph\">{\"@context\":\"https:\/\/schema.org\",\"@graph\":[{\"@type\":\"WebPage\",\"@id\":\"https:\/\/toys.lt\/lv\/produktas\/technok-atkritumu-savacejs\/\",\"url\":\"https:\/\/toys.lt\/lv\/produktas\/technok-atkritumu-savacejs\/\",\"name\":\"Technok atkritumu sav\u0101c\u0113js - Toys.lt\",\"isPartOf\":{\"@id\":\"https:\/\/toys.lt\/lv\/#website\"},\"primaryImageOfPage\":{\"@id\":\"https:\/\/toys.lt\/lv\/produktas\/technok-atkritumu-savacejs\/#primaryimage\"},\"image\":{\"@id\":\"https:\/\/toys.lt\/lv\/produktas\/technok-atkritumu-savacejs\/#primaryimage\"},\"thumbnailUrl\":\"https:\/\/toys.lt\/wp-content\/uploads\/2022\/08\/products-2920.jpg\",\"datePublished\":\"2022-08-06T01:07:06+00:00\",\"dateModified\":\"2026-04-08T00:03:40+00:00\",\"breadcrumb\":{\"@id\":\"https:\/\/toys.lt\/lv\/produktas\/technok-atkritumu-savacejs\/#breadcrumb\"},\"inLanguage\":\"lv-LV\",\"potentialAction\":[{\"@type\":\"ReadAction\",\"target\":[\"https:\/\/toys.lt\/lv\/produktas\/technok-atkritumu-savacejs\/\"]}]},{\"@type\":\"ImageObject\",\"inLanguage\":\"lv-LV\",\"@id\":\"https:\/\/toys.lt\/lv\/produktas\/technok-atkritumu-savacejs\/#primaryimage\",\"url\":\"https:\/\/toys.lt\/wp-content\/uploads\/2022\/08\/products-2920.jpg\",\"contentUrl\":\"https:\/\/toys.lt\/wp-content\/uploads\/2022\/08\/products-2920.jpg\",\"width\":1200,\"height\":800,\"caption\":\"Technok \u0161iuk\u0161liav\u0117\u017eis\"},{\"@type\":\"BreadcrumbList\",\"@id\":\"https:\/\/toys.lt\/lv\/produktas\/technok-atkritumu-savacejs\/#breadcrumb\",\"itemListElement\":[{\"@type\":\"ListItem\",\"position\":1,\"name\":\"Home\",\"item\":\"https:\/\/toys.lt\/lv\/\"},{\"@type\":\"ListItem\",\"position\":2,\"name\":\"Veikals\",\"item\":\"https:\/\/toys.lt\/lv\/shop\/\"},{\"@type\":\"ListItem\",\"position\":3,\"name\":\"Technok atkritumu sav\u0101c\u0113js\"}]},{\"@type\":\"WebSite\",\"@id\":\"https:\/\/toys.lt\/lv\/#website\",\"url\":\"https:\/\/toys.lt\/lv\/\",\"name\":\"Toys.lt\",\"description\":\"\",\"potentialAction\":[{\"@type\":\"SearchAction\",\"target\":{\"@type\":\"EntryPoint\",\"urlTemplate\":\"https:\/\/toys.lt\/lv\/?s={search_term_string}\"},\"query-input\":{\"@type\":\"PropertyValueSpecification\",\"valueRequired\":true,\"valueName\":\"search_term_string\"}}],\"inLanguage\":\"lv-LV\"}]}<\/script>\n<!-- \/ Yoast SEO plugin. -->","yoast_head_json":{"title":"Technok atkritumu sav\u0101c\u0113js - Toys.lt","robots":{"index":"index","follow":"follow","max-snippet":"max-snippet:-1","max-image-preview":"max-image-preview:large","max-video-preview":"max-video-preview:-1"},"canonical":"https:\/\/toys.lt\/lv\/produktas\/technok-atkritumu-savacejs\/","og_locale":"lv_LV","og_type":"article","og_title":"Technok atkritumu sav\u0101c\u0113js - Toys.lt","og_description":"Produkta veids: transportl\u012bdzeklis Izcelsmes valsts: Ukraina Iepakojuma izm\u0113ri: 36 x 24 x 21 cm Produkta materi\u0101ls: plastmasa Ieteicamais vecums: no 3 gadiem.","og_url":"https:\/\/toys.lt\/lv\/produktas\/technok-atkritumu-savacejs\/","og_site_name":"Toys.lt","article_modified_time":"2026-04-08T00:03:40+00:00","og_image":[{"width":1200,"height":800,"url":"https:\/\/toys.lt\/wp-content\/uploads\/2022\/08\/products-2920.jpg","type":"image\/jpeg"}],"twitter_card":"summary_large_image","schema":{"@context":"https:\/\/schema.org","@graph":[{"@type":"WebPage","@id":"https:\/\/toys.lt\/lv\/produktas\/technok-atkritumu-savacejs\/","url":"https:\/\/toys.lt\/lv\/produktas\/technok-atkritumu-savacejs\/","name":"Technok atkritumu sav\u0101c\u0113js - Toys.lt","isPartOf":{"@id":"https:\/\/toys.lt\/lv\/#website"},"primaryImageOfPage":{"@id":"https:\/\/toys.lt\/lv\/produktas\/technok-atkritumu-savacejs\/#primaryimage"},"image":{"@id":"https:\/\/toys.lt\/lv\/produktas\/technok-atkritumu-savacejs\/#primaryimage"},"thumbnailUrl":"https:\/\/toys.lt\/wp-content\/uploads\/2022\/08\/products-2920.jpg","datePublished":"2022-08-06T01:07:06+00:00","dateModified":"2026-04-08T00:03:40+00:00","breadcrumb":{"@id":"https:\/\/toys.lt\/lv\/produktas\/technok-atkritumu-savacejs\/#breadcrumb"},"inLanguage":"lv-LV","potentialAction":[{"@type":"ReadAction","target":["https:\/\/toys.lt\/lv\/produktas\/technok-atkritumu-savacejs\/"]}]},{"@type":"ImageObject","inLanguage":"lv-LV","@id":"https:\/\/toys.lt\/lv\/produktas\/technok-atkritumu-savacejs\/#primaryimage","url":"https:\/\/toys.lt\/wp-content\/uploads\/2022\/08\/products-2920.jpg","contentUrl":"https:\/\/toys.lt\/wp-content\/uploads\/2022\/08\/products-2920.jpg","width":1200,"height":800,"caption":"Technok \u0161iuk\u0161liav\u0117\u017eis"},{"@type":"BreadcrumbList","@id":"https:\/\/toys.lt\/lv\/produktas\/technok-atkritumu-savacejs\/#breadcrumb","itemListElement":[{"@type":"ListItem","position":1,"name":"Home","item":"https:\/\/toys.lt\/lv\/"},{"@type":"ListItem","position":2,"name":"Veikals","item":"https:\/\/toys.lt\/lv\/shop\/"},{"@type":"ListItem","position":3,"name":"Technok atkritumu sav\u0101c\u0113js"}]},{"@type":"WebSite","@id":"https:\/\/toys.lt\/lv\/#website","url":"https:\/\/toys.lt\/lv\/","name":"Toys.lt","description":"","potentialAction":[{"@type":"SearchAction","target":{"@type":"EntryPoint","urlTemplate":"https:\/\/toys.lt\/lv\/?s={search_term_string}"},"query-input":{"@type":"PropertyValueSpecification","valueRequired":true,"valueName":"search_term_string"}}],"inLanguage":"lv-LV"}]}},"_links":{"self":[{"href":"https:\/\/toys.lt\/lv\/wp-json\/wp\/v2\/product\/41861","targetHints":{"allow":["GET"]}}],"collection":[{"href":"https:\/\/toys.lt\/lv\/wp-json\/wp\/v2\/product"}],"about":[{"href":"https:\/\/toys.lt\/lv\/wp-json\/wp\/v2\/types\/product"}],"replies":[{"embeddable":true,"href":"https:\/\/toys.lt\/lv\/wp-json\/wp\/v2\/comments?post=41861"}],"version-history":[{"count":2,"href":"https:\/\/toys.lt\/lv\/wp-json\/wp\/v2\/product\/41861\/revisions"}],"predecessor-version":[{"id":46125,"href":"https:\/\/toys.lt\/lv\/wp-json\/wp\/v2\/product\/41861\/revisions\/46125"}],"wp:featuredmedia":[{"embeddable":true,"href":"https:\/\/toys.lt\/lv\/wp-json\/wp\/v2\/media\/38311"}],"wp:attachment":[{"href":"https:\/\/toys.lt\/lv\/wp-json\/wp\/v2\/media?parent=41861"}],"wp:term":[{"taxonomy":"product_brand","embeddable":true,"href":"https:\/\/toys.lt\/lv\/wp-json\/wp\/v2\/product_brand?post=41861"},{"taxonomy":"product_cat","embeddable":true,"href":"https:\/\/toys.lt\/lv\/wp-json\/wp\/v2\/product_cat?post=41861"},{"taxonomy":"product_tag","embeddable":true,"href":"https:\/\/toys.lt\/lv\/wp-json\/wp\/v2\/product_tag?post=41861"}],"curies":[{"name":"wp","href":"https:\/\/api.w.org\/{rel}","templated":true}]}}