{"id":41845,"date":"2022-08-05T23:39:19","date_gmt":"2022-08-05T23:39:19","guid":{"rendered":"https:\/\/toys.lt\/produktas\/technok-eifela-torna-metala-konstrukciju-komplekts\/"},"modified":"2026-04-08T00:03:41","modified_gmt":"2026-04-08T00:03:41","slug":"technok-eifela-torna-metala-konstrukciju-komplekts","status":"publish","type":"product","link":"https:\/\/toys.lt\/lv\/produktas\/technok-eifela-torna-metala-konstrukciju-komplekts\/","title":{"rendered":"Technok Eife\u013ca tor\u0146a met\u0101la konstrukciju komplekts"},"content":{"rendered":"<p><strong>Funkcijas:<\/strong><\/p>\n<ul style=\"list-style-type: square\">\n<li>Deta\u013cas labi sader kop\u0101, ta\u010du t\u0101s ir ar\u012b viegli izjaucamas bez \u012bpa\u0161as piep\u016bles.<\/li>\n<li>B\u0113rns var salikt slaveno Eife\u013ca torni.<\/li>\n<li>Deta\u013c\u0101m ir spilgta, pies\u0101tin\u0101ta kr\u0101sa, kas laika gait\u0101 neizbal\u0113.<\/li>\n<li>Att\u012bsta motoriku, roku un acu koordin\u0101ciju, lo\u0123isko dom\u0101\u0161anu, komunik\u0101ciju un izt\u0113li.<\/li>\n<\/ul>\n","protected":false},"excerpt":{"rendered":"<p>Produkta veids: konstruktors<\/p>\n<p>Izcelsmes valsts: Ukraina<\/p>\n<p>Iepakojuma izm\u0113ri: 19 x 18 x 3,5 cm<\/p>\n<p>Gabalu skaits: 200<\/p>\n<p>Ieteicamais vecums: no 5 gadiem.<\/p>\n","protected":false},"featured_media":38298,"comment_status":"open","ping_status":"closed","template":"","meta":[],"product_brand":[],"product_cat":[1158],"product_tag":[],"class_list":{"0":"post-41845","1":"product","2":"type-product","3":"status-publish","4":"has-post-thumbnail","6":"product_cat-konstruktori","7":"pa_amziaus-grupe-5-lv","8":"pa_prek-s-tipas-konstruktori-un-modulu-bloki","10":"first","11":"instock","12":"taxable","13":"shipping-taxable","14":"purchasable","15":"product-type-simple"},"yoast_head":"<!-- This site is optimized with the Yoast SEO plugin v26.3 - https:\/\/yoast.com\/wordpress\/plugins\/seo\/ -->\n<title>Technok Eife\u013ca tor\u0146a met\u0101la konstrukciju komplekts - Toys.lt<\/title>\n<meta name=\"robots\" content=\"index, follow, max-snippet:-1, max-image-preview:large, max-video-preview:-1\" \/>\n<link rel=\"canonical\" href=\"https:\/\/toys.lt\/lv\/produktas\/technok-eifela-torna-metala-konstrukciju-komplekts\/\" \/>\n<meta property=\"og:locale\" content=\"lv_LV\" \/>\n<meta property=\"og:type\" content=\"article\" \/>\n<meta property=\"og:title\" content=\"Technok Eife\u013ca tor\u0146a met\u0101la konstrukciju komplekts - Toys.lt\" \/>\n<meta property=\"og:description\" content=\"Produkta veids: konstruktors Izcelsmes valsts: Ukraina Iepakojuma izm\u0113ri: 19 x 18 x 3,5 cm Gabalu skaits: 200 Ieteicamais vecums: no 5 gadiem.\" \/>\n<meta property=\"og:url\" content=\"https:\/\/toys.lt\/lv\/produktas\/technok-eifela-torna-metala-konstrukciju-komplekts\/\" \/>\n<meta property=\"og:site_name\" content=\"Toys.lt\" \/>\n<meta property=\"article:modified_time\" content=\"2026-04-08T00:03:41+00:00\" \/>\n<meta property=\"og:image\" content=\"https:\/\/toys.lt\/wp-content\/uploads\/2022\/08\/products-2890.jpg\" \/>\n\t<meta property=\"og:image:width\" content=\"1200\" \/>\n\t<meta property=\"og:image:height\" content=\"800\" \/>\n\t<meta property=\"og:image:type\" content=\"image\/jpeg\" \/>\n<meta name=\"twitter:card\" content=\"summary_large_image\" \/>\n<script type=\"application\/ld+json\" class=\"yoast-schema-graph\">{\"@context\":\"https:\/\/schema.org\",\"@graph\":[{\"@type\":\"WebPage\",\"@id\":\"https:\/\/toys.lt\/lv\/produktas\/technok-eifela-torna-metala-konstrukciju-komplekts\/\",\"url\":\"https:\/\/toys.lt\/lv\/produktas\/technok-eifela-torna-metala-konstrukciju-komplekts\/\",\"name\":\"Technok Eife\u013ca tor\u0146a met\u0101la konstrukciju komplekts - Toys.lt\",\"isPartOf\":{\"@id\":\"https:\/\/toys.lt\/lv\/#website\"},\"primaryImageOfPage\":{\"@id\":\"https:\/\/toys.lt\/lv\/produktas\/technok-eifela-torna-metala-konstrukciju-komplekts\/#primaryimage\"},\"image\":{\"@id\":\"https:\/\/toys.lt\/lv\/produktas\/technok-eifela-torna-metala-konstrukciju-komplekts\/#primaryimage\"},\"thumbnailUrl\":\"https:\/\/toys.lt\/wp-content\/uploads\/2022\/08\/products-2890.jpg\",\"datePublished\":\"2022-08-05T23:39:19+00:00\",\"dateModified\":\"2026-04-08T00:03:41+00:00\",\"breadcrumb\":{\"@id\":\"https:\/\/toys.lt\/lv\/produktas\/technok-eifela-torna-metala-konstrukciju-komplekts\/#breadcrumb\"},\"inLanguage\":\"lv-LV\",\"potentialAction\":[{\"@type\":\"ReadAction\",\"target\":[\"https:\/\/toys.lt\/lv\/produktas\/technok-eifela-torna-metala-konstrukciju-komplekts\/\"]}]},{\"@type\":\"ImageObject\",\"inLanguage\":\"lv-LV\",\"@id\":\"https:\/\/toys.lt\/lv\/produktas\/technok-eifela-torna-metala-konstrukciju-komplekts\/#primaryimage\",\"url\":\"https:\/\/toys.lt\/wp-content\/uploads\/2022\/08\/products-2890.jpg\",\"contentUrl\":\"https:\/\/toys.lt\/wp-content\/uploads\/2022\/08\/products-2890.jpg\",\"width\":1200,\"height\":800,\"caption\":\"Technok metalinis konstruktorius &#8220;Eifelio bok\u0161tas&#8221;\"},{\"@type\":\"BreadcrumbList\",\"@id\":\"https:\/\/toys.lt\/lv\/produktas\/technok-eifela-torna-metala-konstrukciju-komplekts\/#breadcrumb\",\"itemListElement\":[{\"@type\":\"ListItem\",\"position\":1,\"name\":\"Home\",\"item\":\"https:\/\/toys.lt\/lv\/\"},{\"@type\":\"ListItem\",\"position\":2,\"name\":\"Veikals\",\"item\":\"https:\/\/toys.lt\/lv\/shop\/\"},{\"@type\":\"ListItem\",\"position\":3,\"name\":\"Technok Eife\u013ca tor\u0146a met\u0101la konstrukciju komplekts\"}]},{\"@type\":\"WebSite\",\"@id\":\"https:\/\/toys.lt\/lv\/#website\",\"url\":\"https:\/\/toys.lt\/lv\/\",\"name\":\"Toys.lt\",\"description\":\"\",\"potentialAction\":[{\"@type\":\"SearchAction\",\"target\":{\"@type\":\"EntryPoint\",\"urlTemplate\":\"https:\/\/toys.lt\/lv\/?s={search_term_string}\"},\"query-input\":{\"@type\":\"PropertyValueSpecification\",\"valueRequired\":true,\"valueName\":\"search_term_string\"}}],\"inLanguage\":\"lv-LV\"}]}<\/script>\n<!-- \/ Yoast SEO plugin. -->","yoast_head_json":{"title":"Technok Eife\u013ca tor\u0146a met\u0101la konstrukciju komplekts - Toys.lt","robots":{"index":"index","follow":"follow","max-snippet":"max-snippet:-1","max-image-preview":"max-image-preview:large","max-video-preview":"max-video-preview:-1"},"canonical":"https:\/\/toys.lt\/lv\/produktas\/technok-eifela-torna-metala-konstrukciju-komplekts\/","og_locale":"lv_LV","og_type":"article","og_title":"Technok Eife\u013ca tor\u0146a met\u0101la konstrukciju komplekts - Toys.lt","og_description":"Produkta veids: konstruktors Izcelsmes valsts: Ukraina Iepakojuma izm\u0113ri: 19 x 18 x 3,5 cm Gabalu skaits: 200 Ieteicamais vecums: no 5 gadiem.","og_url":"https:\/\/toys.lt\/lv\/produktas\/technok-eifela-torna-metala-konstrukciju-komplekts\/","og_site_name":"Toys.lt","article_modified_time":"2026-04-08T00:03:41+00:00","og_image":[{"width":1200,"height":800,"url":"https:\/\/toys.lt\/wp-content\/uploads\/2022\/08\/products-2890.jpg","type":"image\/jpeg"}],"twitter_card":"summary_large_image","schema":{"@context":"https:\/\/schema.org","@graph":[{"@type":"WebPage","@id":"https:\/\/toys.lt\/lv\/produktas\/technok-eifela-torna-metala-konstrukciju-komplekts\/","url":"https:\/\/toys.lt\/lv\/produktas\/technok-eifela-torna-metala-konstrukciju-komplekts\/","name":"Technok Eife\u013ca tor\u0146a met\u0101la konstrukciju komplekts - Toys.lt","isPartOf":{"@id":"https:\/\/toys.lt\/lv\/#website"},"primaryImageOfPage":{"@id":"https:\/\/toys.lt\/lv\/produktas\/technok-eifela-torna-metala-konstrukciju-komplekts\/#primaryimage"},"image":{"@id":"https:\/\/toys.lt\/lv\/produktas\/technok-eifela-torna-metala-konstrukciju-komplekts\/#primaryimage"},"thumbnailUrl":"https:\/\/toys.lt\/wp-content\/uploads\/2022\/08\/products-2890.jpg","datePublished":"2022-08-05T23:39:19+00:00","dateModified":"2026-04-08T00:03:41+00:00","breadcrumb":{"@id":"https:\/\/toys.lt\/lv\/produktas\/technok-eifela-torna-metala-konstrukciju-komplekts\/#breadcrumb"},"inLanguage":"lv-LV","potentialAction":[{"@type":"ReadAction","target":["https:\/\/toys.lt\/lv\/produktas\/technok-eifela-torna-metala-konstrukciju-komplekts\/"]}]},{"@type":"ImageObject","inLanguage":"lv-LV","@id":"https:\/\/toys.lt\/lv\/produktas\/technok-eifela-torna-metala-konstrukciju-komplekts\/#primaryimage","url":"https:\/\/toys.lt\/wp-content\/uploads\/2022\/08\/products-2890.jpg","contentUrl":"https:\/\/toys.lt\/wp-content\/uploads\/2022\/08\/products-2890.jpg","width":1200,"height":800,"caption":"Technok metalinis konstruktorius &#8220;Eifelio bok\u0161tas&#8221;"},{"@type":"BreadcrumbList","@id":"https:\/\/toys.lt\/lv\/produktas\/technok-eifela-torna-metala-konstrukciju-komplekts\/#breadcrumb","itemListElement":[{"@type":"ListItem","position":1,"name":"Home","item":"https:\/\/toys.lt\/lv\/"},{"@type":"ListItem","position":2,"name":"Veikals","item":"https:\/\/toys.lt\/lv\/shop\/"},{"@type":"ListItem","position":3,"name":"Technok Eife\u013ca tor\u0146a met\u0101la konstrukciju komplekts"}]},{"@type":"WebSite","@id":"https:\/\/toys.lt\/lv\/#website","url":"https:\/\/toys.lt\/lv\/","name":"Toys.lt","description":"","potentialAction":[{"@type":"SearchAction","target":{"@type":"EntryPoint","urlTemplate":"https:\/\/toys.lt\/lv\/?s={search_term_string}"},"query-input":{"@type":"PropertyValueSpecification","valueRequired":true,"valueName":"search_term_string"}}],"inLanguage":"lv-LV"}]}},"_links":{"self":[{"href":"https:\/\/toys.lt\/lv\/wp-json\/wp\/v2\/product\/41845","targetHints":{"allow":["GET"]}}],"collection":[{"href":"https:\/\/toys.lt\/lv\/wp-json\/wp\/v2\/product"}],"about":[{"href":"https:\/\/toys.lt\/lv\/wp-json\/wp\/v2\/types\/product"}],"replies":[{"embeddable":true,"href":"https:\/\/toys.lt\/lv\/wp-json\/wp\/v2\/comments?post=41845"}],"version-history":[{"count":2,"href":"https:\/\/toys.lt\/lv\/wp-json\/wp\/v2\/product\/41845\/revisions"}],"predecessor-version":[{"id":46119,"href":"https:\/\/toys.lt\/lv\/wp-json\/wp\/v2\/product\/41845\/revisions\/46119"}],"wp:featuredmedia":[{"embeddable":true,"href":"https:\/\/toys.lt\/lv\/wp-json\/wp\/v2\/media\/38298"}],"wp:attachment":[{"href":"https:\/\/toys.lt\/lv\/wp-json\/wp\/v2\/media?parent=41845"}],"wp:term":[{"taxonomy":"product_brand","embeddable":true,"href":"https:\/\/toys.lt\/lv\/wp-json\/wp\/v2\/product_brand?post=41845"},{"taxonomy":"product_cat","embeddable":true,"href":"https:\/\/toys.lt\/lv\/wp-json\/wp\/v2\/product_cat?post=41845"},{"taxonomy":"product_tag","embeddable":true,"href":"https:\/\/toys.lt\/lv\/wp-json\/wp\/v2\/product_tag?post=41845"}],"curies":[{"name":"wp","href":"https:\/\/api.w.org\/{rel}","templated":true}]}}