{"id":41807,"date":"2021-03-31T16:06:01","date_gmt":"2021-03-31T16:06:01","guid":{"rendered":"https:\/\/toys.lt\/produktas\/technok-koka-trisritenis-bez-pedaliem\/"},"modified":"2026-04-09T00:01:19","modified_gmt":"2026-04-09T00:01:19","slug":"technok-koka-trisritenis-bez-pedaliem","status":"publish","type":"product","link":"https:\/\/toys.lt\/lv\/produktas\/technok-koka-trisritenis-bez-pedaliem\/","title":{"rendered":"TechnoK koka tr\u012bsritenis bez ped\u0101\u013ciem"},"content":{"rendered":"<p><strong>Funkcijas:<\/strong><\/p>\n<ul style=\"list-style-type: square\">\n<li style=\"margin: 0px;padding: 0px;font: inherit;border: 0px\">To ir \u013coti viegli p\u0101rvietot &#8211; vienk\u0101r\u0161i atbalstiet k\u0101jas uz virsmas.<\/li>\n<li style=\"margin: 0px;padding: 0px;font: inherit;border: 0px\">Groz\u0101mi priek\u0161\u0113jie rite\u0146i ar st\u016bri, ergonomisks s\u0113deklis, divi aizmugur\u0113jie rite\u0146i stabilit\u0101tei.<\/li>\n<li style=\"margin: 0px;padding: 0px;font: inherit;border: 0px\">Ciet\u0101s gumijas rite\u0146i nodro\u0161ina vienm\u0113r\u012bgu brauk\u0161anu gan \u0101r\u0101, gan m\u0101j\u0101s.<\/li>\n<li style=\"margin: 0px;padding: 0px;font: inherit;border: 0px\">Pamatojoties uz k\u0101j\u0101m, b\u0113rns savuk\u0101rt vienm\u0113r\u012bgi att\u012bsta musku\u013cus, kas labv\u0113l\u012bgi ietekm\u0113 vesel\u012bbu.<\/li>\n<\/ul>\n","protected":false},"excerpt":{"rendered":"<p>Izstr\u0101d\u0101juma veids: p\u0101rvieto\u0161an\u0101s pal\u012bgl\u012bdzeklis<\/p>\n<p>Izcelsmes valsts: Ukraina<\/p>\n<p>Izstr\u0101d\u0101juma izm\u0113ri: 56 x 38,5 x 27 cm<\/p>\n<p>Maksim\u0101l\u0101 slodze: 20 kg<\/p>\n<p>Svars: 3,140 kg<\/p>\n<p>Izstr\u0101d\u0101juma materi\u0101ls: koks<\/p>\n<p>Ieteicamais vecums: no 2 gadiem.<\/p>\n","protected":false},"featured_media":37838,"comment_status":"open","ping_status":"closed","template":"","meta":[],"product_brand":[],"product_cat":[1162,1155,1166,1169],"product_tag":[],"class_list":{"0":"post-41807","1":"product","2":"type-product","3":"status-publish","4":"has-post-thumbnail","6":"product_cat-ara-un-vasaras-rotallietas","7":"product_cat-leti","8":"product_cat-skuteri-tricikli-motocikli-kvadracikli","9":"product_cat-uzsezamas-un-pedalu-rotallietu-masinas-un-traktori","10":"pa_amziaus-grupe-2-lv","11":"pa_prek-s-tipas-tricikli","13":"first","14":"outofstock","15":"sale","16":"taxable","17":"shipping-taxable","18":"purchasable","19":"product-type-simple"},"yoast_head":"<!-- This site is optimized with the Yoast SEO plugin v26.3 - https:\/\/yoast.com\/wordpress\/plugins\/seo\/ -->\n<title>TechnoK koka tr\u012bsritenis bez ped\u0101\u013ciem - Toys.lt<\/title>\n<meta name=\"robots\" content=\"index, follow, max-snippet:-1, max-image-preview:large, max-video-preview:-1\" \/>\n<link rel=\"canonical\" href=\"https:\/\/toys.lt\/lv\/produktas\/technok-koka-trisritenis-bez-pedaliem\/\" \/>\n<meta property=\"og:locale\" content=\"lv_LV\" \/>\n<meta property=\"og:type\" content=\"article\" \/>\n<meta property=\"og:title\" content=\"TechnoK koka tr\u012bsritenis bez ped\u0101\u013ciem - Toys.lt\" \/>\n<meta property=\"og:description\" content=\"Izstr\u0101d\u0101juma veids: p\u0101rvieto\u0161an\u0101s pal\u012bgl\u012bdzeklis Izcelsmes valsts: Ukraina Izstr\u0101d\u0101juma izm\u0113ri: 56 x 38,5 x 27 cm Maksim\u0101l\u0101 slodze: 20 kg Svars: 3,140 kg Izstr\u0101d\u0101juma materi\u0101ls: koks Ieteicamais vecums: no 2 gadiem.\" \/>\n<meta property=\"og:url\" content=\"https:\/\/toys.lt\/lv\/produktas\/technok-koka-trisritenis-bez-pedaliem\/\" \/>\n<meta property=\"og:site_name\" content=\"Toys.lt\" \/>\n<meta property=\"article:modified_time\" content=\"2026-04-09T00:01:19+00:00\" \/>\n<meta property=\"og:image\" content=\"https:\/\/toys.lt\/wp-content\/uploads\/2021\/03\/products-1979.jpg\" \/>\n\t<meta property=\"og:image:width\" content=\"400\" \/>\n\t<meta property=\"og:image:height\" content=\"400\" \/>\n\t<meta property=\"og:image:type\" content=\"image\/jpeg\" \/>\n<meta name=\"twitter:card\" content=\"summary_large_image\" \/>\n<script type=\"application\/ld+json\" class=\"yoast-schema-graph\">{\"@context\":\"https:\/\/schema.org\",\"@graph\":[{\"@type\":\"WebPage\",\"@id\":\"https:\/\/toys.lt\/lv\/produktas\/technok-koka-trisritenis-bez-pedaliem\/\",\"url\":\"https:\/\/toys.lt\/lv\/produktas\/technok-koka-trisritenis-bez-pedaliem\/\",\"name\":\"TechnoK koka tr\u012bsritenis bez ped\u0101\u013ciem - Toys.lt\",\"isPartOf\":{\"@id\":\"https:\/\/toys.lt\/lv\/#website\"},\"primaryImageOfPage\":{\"@id\":\"https:\/\/toys.lt\/lv\/produktas\/technok-koka-trisritenis-bez-pedaliem\/#primaryimage\"},\"image\":{\"@id\":\"https:\/\/toys.lt\/lv\/produktas\/technok-koka-trisritenis-bez-pedaliem\/#primaryimage\"},\"thumbnailUrl\":\"https:\/\/toys.lt\/wp-content\/uploads\/2021\/03\/products-1979.jpg\",\"datePublished\":\"2021-03-31T16:06:01+00:00\",\"dateModified\":\"2026-04-09T00:01:19+00:00\",\"breadcrumb\":{\"@id\":\"https:\/\/toys.lt\/lv\/produktas\/technok-koka-trisritenis-bez-pedaliem\/#breadcrumb\"},\"inLanguage\":\"lv-LV\",\"potentialAction\":[{\"@type\":\"ReadAction\",\"target\":[\"https:\/\/toys.lt\/lv\/produktas\/technok-koka-trisritenis-bez-pedaliem\/\"]}]},{\"@type\":\"ImageObject\",\"inLanguage\":\"lv-LV\",\"@id\":\"https:\/\/toys.lt\/lv\/produktas\/technok-koka-trisritenis-bez-pedaliem\/#primaryimage\",\"url\":\"https:\/\/toys.lt\/wp-content\/uploads\/2021\/03\/products-1979.jpg\",\"contentUrl\":\"https:\/\/toys.lt\/wp-content\/uploads\/2021\/03\/products-1979.jpg\",\"width\":400,\"height\":400,\"caption\":\"TechnoK medinis triratis be pedal\u0173\"},{\"@type\":\"BreadcrumbList\",\"@id\":\"https:\/\/toys.lt\/lv\/produktas\/technok-koka-trisritenis-bez-pedaliem\/#breadcrumb\",\"itemListElement\":[{\"@type\":\"ListItem\",\"position\":1,\"name\":\"Home\",\"item\":\"https:\/\/toys.lt\/lv\/\"},{\"@type\":\"ListItem\",\"position\":2,\"name\":\"Veikals\",\"item\":\"https:\/\/toys.lt\/lv\/shop\/\"},{\"@type\":\"ListItem\",\"position\":3,\"name\":\"TechnoK koka tr\u012bsritenis bez ped\u0101\u013ciem\"}]},{\"@type\":\"WebSite\",\"@id\":\"https:\/\/toys.lt\/lv\/#website\",\"url\":\"https:\/\/toys.lt\/lv\/\",\"name\":\"Toys.lt\",\"description\":\"\",\"potentialAction\":[{\"@type\":\"SearchAction\",\"target\":{\"@type\":\"EntryPoint\",\"urlTemplate\":\"https:\/\/toys.lt\/lv\/?s={search_term_string}\"},\"query-input\":{\"@type\":\"PropertyValueSpecification\",\"valueRequired\":true,\"valueName\":\"search_term_string\"}}],\"inLanguage\":\"lv-LV\"}]}<\/script>\n<!-- \/ Yoast SEO plugin. -->","yoast_head_json":{"title":"TechnoK koka tr\u012bsritenis bez ped\u0101\u013ciem - Toys.lt","robots":{"index":"index","follow":"follow","max-snippet":"max-snippet:-1","max-image-preview":"max-image-preview:large","max-video-preview":"max-video-preview:-1"},"canonical":"https:\/\/toys.lt\/lv\/produktas\/technok-koka-trisritenis-bez-pedaliem\/","og_locale":"lv_LV","og_type":"article","og_title":"TechnoK koka tr\u012bsritenis bez ped\u0101\u013ciem - Toys.lt","og_description":"Izstr\u0101d\u0101juma veids: p\u0101rvieto\u0161an\u0101s pal\u012bgl\u012bdzeklis Izcelsmes valsts: Ukraina Izstr\u0101d\u0101juma izm\u0113ri: 56 x 38,5 x 27 cm Maksim\u0101l\u0101 slodze: 20 kg Svars: 3,140 kg Izstr\u0101d\u0101juma materi\u0101ls: koks Ieteicamais vecums: no 2 gadiem.","og_url":"https:\/\/toys.lt\/lv\/produktas\/technok-koka-trisritenis-bez-pedaliem\/","og_site_name":"Toys.lt","article_modified_time":"2026-04-09T00:01:19+00:00","og_image":[{"width":400,"height":400,"url":"https:\/\/toys.lt\/wp-content\/uploads\/2021\/03\/products-1979.jpg","type":"image\/jpeg"}],"twitter_card":"summary_large_image","schema":{"@context":"https:\/\/schema.org","@graph":[{"@type":"WebPage","@id":"https:\/\/toys.lt\/lv\/produktas\/technok-koka-trisritenis-bez-pedaliem\/","url":"https:\/\/toys.lt\/lv\/produktas\/technok-koka-trisritenis-bez-pedaliem\/","name":"TechnoK koka tr\u012bsritenis bez ped\u0101\u013ciem - Toys.lt","isPartOf":{"@id":"https:\/\/toys.lt\/lv\/#website"},"primaryImageOfPage":{"@id":"https:\/\/toys.lt\/lv\/produktas\/technok-koka-trisritenis-bez-pedaliem\/#primaryimage"},"image":{"@id":"https:\/\/toys.lt\/lv\/produktas\/technok-koka-trisritenis-bez-pedaliem\/#primaryimage"},"thumbnailUrl":"https:\/\/toys.lt\/wp-content\/uploads\/2021\/03\/products-1979.jpg","datePublished":"2021-03-31T16:06:01+00:00","dateModified":"2026-04-09T00:01:19+00:00","breadcrumb":{"@id":"https:\/\/toys.lt\/lv\/produktas\/technok-koka-trisritenis-bez-pedaliem\/#breadcrumb"},"inLanguage":"lv-LV","potentialAction":[{"@type":"ReadAction","target":["https:\/\/toys.lt\/lv\/produktas\/technok-koka-trisritenis-bez-pedaliem\/"]}]},{"@type":"ImageObject","inLanguage":"lv-LV","@id":"https:\/\/toys.lt\/lv\/produktas\/technok-koka-trisritenis-bez-pedaliem\/#primaryimage","url":"https:\/\/toys.lt\/wp-content\/uploads\/2021\/03\/products-1979.jpg","contentUrl":"https:\/\/toys.lt\/wp-content\/uploads\/2021\/03\/products-1979.jpg","width":400,"height":400,"caption":"TechnoK medinis triratis be pedal\u0173"},{"@type":"BreadcrumbList","@id":"https:\/\/toys.lt\/lv\/produktas\/technok-koka-trisritenis-bez-pedaliem\/#breadcrumb","itemListElement":[{"@type":"ListItem","position":1,"name":"Home","item":"https:\/\/toys.lt\/lv\/"},{"@type":"ListItem","position":2,"name":"Veikals","item":"https:\/\/toys.lt\/lv\/shop\/"},{"@type":"ListItem","position":3,"name":"TechnoK koka tr\u012bsritenis bez ped\u0101\u013ciem"}]},{"@type":"WebSite","@id":"https:\/\/toys.lt\/lv\/#website","url":"https:\/\/toys.lt\/lv\/","name":"Toys.lt","description":"","potentialAction":[{"@type":"SearchAction","target":{"@type":"EntryPoint","urlTemplate":"https:\/\/toys.lt\/lv\/?s={search_term_string}"},"query-input":{"@type":"PropertyValueSpecification","valueRequired":true,"valueName":"search_term_string"}}],"inLanguage":"lv-LV"}]}},"_links":{"self":[{"href":"https:\/\/toys.lt\/lv\/wp-json\/wp\/v2\/product\/41807","targetHints":{"allow":["GET"]}}],"collection":[{"href":"https:\/\/toys.lt\/lv\/wp-json\/wp\/v2\/product"}],"about":[{"href":"https:\/\/toys.lt\/lv\/wp-json\/wp\/v2\/types\/product"}],"replies":[{"embeddable":true,"href":"https:\/\/toys.lt\/lv\/wp-json\/wp\/v2\/comments?post=41807"}],"version-history":[{"count":2,"href":"https:\/\/toys.lt\/lv\/wp-json\/wp\/v2\/product\/41807\/revisions"}],"predecessor-version":[{"id":46198,"href":"https:\/\/toys.lt\/lv\/wp-json\/wp\/v2\/product\/41807\/revisions\/46198"}],"wp:featuredmedia":[{"embeddable":true,"href":"https:\/\/toys.lt\/lv\/wp-json\/wp\/v2\/media\/37838"}],"wp:attachment":[{"href":"https:\/\/toys.lt\/lv\/wp-json\/wp\/v2\/media?parent=41807"}],"wp:term":[{"taxonomy":"product_brand","embeddable":true,"href":"https:\/\/toys.lt\/lv\/wp-json\/wp\/v2\/product_brand?post=41807"},{"taxonomy":"product_cat","embeddable":true,"href":"https:\/\/toys.lt\/lv\/wp-json\/wp\/v2\/product_cat?post=41807"},{"taxonomy":"product_tag","embeddable":true,"href":"https:\/\/toys.lt\/lv\/wp-json\/wp\/v2\/product_tag?post=41807"}],"curies":[{"name":"wp","href":"https:\/\/api.w.org\/{rel}","templated":true}]}}