{"id":41760,"date":"2021-03-20T21:36:20","date_gmt":"2021-03-20T21:36:20","guid":{"rendered":"https:\/\/toys.lt\/produktas\/spele-saciksu\/"},"modified":"2026-04-09T00:01:23","modified_gmt":"2026-04-09T00:01:23","slug":"spele-saciksu","status":"publish","type":"product","link":"https:\/\/toys.lt\/lv\/produktas\/spele-saciksu\/","title":{"rendered":"Sp\u0113le &#8220;Sac\u012bk\u0161u&#8221;"},"content":{"rendered":"<p><strong>Racing ir <\/strong> sac\u012bk\u0161u simulators.<\/p>\n<p><strong>Funkcijas:<\/strong><\/p>\n<ul>\n<li>St\u016bres rata kust\u012bba kontrol\u0113 ma\u0161\u012bnas kust\u012bbu<\/li>\n<li>Gaismas un ska\u0146as emisijas<\/li>\n<li>Dzin\u0113ja iedarbin\u0101\u0161anas poga<\/li>\n<li>P\u0101rnesumu p\u0101rsl\u0113g\u0161anas pogas<\/li>\n<\/ul>\n","protected":false},"excerpt":{"rendered":"<p>Iepakojuma izm\u0113ri: 29 x 29 x 22 cm<\/p>\n<p>Nepiecie\u0161amie elementi: 3xAA (nav iek\u013cauti komplekt\u0101)<\/p>\n<p>Ieteicamais vecums: no 1,5 gadiem.<\/p>\n","protected":false},"featured_media":37815,"comment_status":"open","ping_status":"closed","template":"","meta":[],"product_brand":[],"product_cat":[1176,1157],"product_tag":[],"class_list":{"0":"post-41760","1":"product","2":"type-product","3":"status-publish","4":"has-post-thumbnail","6":"product_cat-rotallietas-zeniem","7":"product_cat-izglitojosas-un-interaktivas-rotallietas","8":"pa_amziaus-grupe-1-lv","9":"pa_prek-s-tipas-rotallietas-dazadam-spejam","11":"first","12":"outofstock","13":"taxable","14":"shipping-taxable","15":"purchasable","16":"product-type-simple"},"yoast_head":"<!-- This site is optimized with the Yoast SEO plugin v26.3 - https:\/\/yoast.com\/wordpress\/plugins\/seo\/ -->\n<title>Sp\u0113le &quot;Sac\u012bk\u0161u&quot; - Toys.lt<\/title>\n<meta name=\"robots\" content=\"index, follow, max-snippet:-1, max-image-preview:large, max-video-preview:-1\" \/>\n<link rel=\"canonical\" href=\"https:\/\/toys.lt\/lv\/produktas\/spele-saciksu\/\" \/>\n<meta property=\"og:locale\" content=\"lv_LV\" \/>\n<meta property=\"og:type\" content=\"article\" \/>\n<meta property=\"og:title\" content=\"Sp\u0113le &quot;Sac\u012bk\u0161u&quot; - Toys.lt\" \/>\n<meta property=\"og:description\" content=\"Iepakojuma izm\u0113ri: 29 x 29 x 22 cm Nepiecie\u0161amie elementi: 3xAA (nav iek\u013cauti komplekt\u0101) Ieteicamais vecums: no 1,5 gadiem.\" \/>\n<meta property=\"og:url\" content=\"https:\/\/toys.lt\/lv\/produktas\/spele-saciksu\/\" \/>\n<meta property=\"og:site_name\" content=\"Toys.lt\" \/>\n<meta property=\"article:modified_time\" content=\"2026-04-09T00:01:23+00:00\" \/>\n<meta property=\"og:image\" content=\"https:\/\/toys.lt\/wp-content\/uploads\/2021\/03\/products-1945.jpg\" \/>\n\t<meta property=\"og:image:width\" content=\"1417\" \/>\n\t<meta property=\"og:image:height\" content=\"1063\" \/>\n\t<meta property=\"og:image:type\" content=\"image\/jpeg\" \/>\n<meta name=\"twitter:card\" content=\"summary_large_image\" \/>\n<script type=\"application\/ld+json\" class=\"yoast-schema-graph\">{\"@context\":\"https:\/\/schema.org\",\"@graph\":[{\"@type\":\"WebPage\",\"@id\":\"https:\/\/toys.lt\/lv\/produktas\/spele-saciksu\/\",\"url\":\"https:\/\/toys.lt\/lv\/produktas\/spele-saciksu\/\",\"name\":\"Sp\u0113le \\\"Sac\u012bk\u0161u\\\" - Toys.lt\",\"isPartOf\":{\"@id\":\"https:\/\/toys.lt\/lv\/#website\"},\"primaryImageOfPage\":{\"@id\":\"https:\/\/toys.lt\/lv\/produktas\/spele-saciksu\/#primaryimage\"},\"image\":{\"@id\":\"https:\/\/toys.lt\/lv\/produktas\/spele-saciksu\/#primaryimage\"},\"thumbnailUrl\":\"https:\/\/toys.lt\/wp-content\/uploads\/2021\/03\/products-1945.jpg\",\"datePublished\":\"2021-03-20T21:36:20+00:00\",\"dateModified\":\"2026-04-09T00:01:23+00:00\",\"breadcrumb\":{\"@id\":\"https:\/\/toys.lt\/lv\/produktas\/spele-saciksu\/#breadcrumb\"},\"inLanguage\":\"lv-LV\",\"potentialAction\":[{\"@type\":\"ReadAction\",\"target\":[\"https:\/\/toys.lt\/lv\/produktas\/spele-saciksu\/\"]}]},{\"@type\":\"ImageObject\",\"inLanguage\":\"lv-LV\",\"@id\":\"https:\/\/toys.lt\/lv\/produktas\/spele-saciksu\/#primaryimage\",\"url\":\"https:\/\/toys.lt\/wp-content\/uploads\/2021\/03\/products-1945.jpg\",\"contentUrl\":\"https:\/\/toys.lt\/wp-content\/uploads\/2021\/03\/products-1945.jpg\",\"width\":1417,\"height\":1063,\"caption\":\"\u017daidimas &#8220;Lenktyn\u0117s&#8221;\"},{\"@type\":\"BreadcrumbList\",\"@id\":\"https:\/\/toys.lt\/lv\/produktas\/spele-saciksu\/#breadcrumb\",\"itemListElement\":[{\"@type\":\"ListItem\",\"position\":1,\"name\":\"Home\",\"item\":\"https:\/\/toys.lt\/lv\/\"},{\"@type\":\"ListItem\",\"position\":2,\"name\":\"Veikals\",\"item\":\"https:\/\/toys.lt\/lv\/shop\/\"},{\"@type\":\"ListItem\",\"position\":3,\"name\":\"Sp\u0113le &#8222;Sac\u012bk\u0161u&#8221;\"}]},{\"@type\":\"WebSite\",\"@id\":\"https:\/\/toys.lt\/lv\/#website\",\"url\":\"https:\/\/toys.lt\/lv\/\",\"name\":\"Toys.lt\",\"description\":\"\",\"potentialAction\":[{\"@type\":\"SearchAction\",\"target\":{\"@type\":\"EntryPoint\",\"urlTemplate\":\"https:\/\/toys.lt\/lv\/?s={search_term_string}\"},\"query-input\":{\"@type\":\"PropertyValueSpecification\",\"valueRequired\":true,\"valueName\":\"search_term_string\"}}],\"inLanguage\":\"lv-LV\"}]}<\/script>\n<!-- \/ Yoast SEO plugin. -->","yoast_head_json":{"title":"Sp\u0113le \"Sac\u012bk\u0161u\" - Toys.lt","robots":{"index":"index","follow":"follow","max-snippet":"max-snippet:-1","max-image-preview":"max-image-preview:large","max-video-preview":"max-video-preview:-1"},"canonical":"https:\/\/toys.lt\/lv\/produktas\/spele-saciksu\/","og_locale":"lv_LV","og_type":"article","og_title":"Sp\u0113le \"Sac\u012bk\u0161u\" - Toys.lt","og_description":"Iepakojuma izm\u0113ri: 29 x 29 x 22 cm Nepiecie\u0161amie elementi: 3xAA (nav iek\u013cauti komplekt\u0101) Ieteicamais vecums: no 1,5 gadiem.","og_url":"https:\/\/toys.lt\/lv\/produktas\/spele-saciksu\/","og_site_name":"Toys.lt","article_modified_time":"2026-04-09T00:01:23+00:00","og_image":[{"width":1417,"height":1063,"url":"https:\/\/toys.lt\/wp-content\/uploads\/2021\/03\/products-1945.jpg","type":"image\/jpeg"}],"twitter_card":"summary_large_image","schema":{"@context":"https:\/\/schema.org","@graph":[{"@type":"WebPage","@id":"https:\/\/toys.lt\/lv\/produktas\/spele-saciksu\/","url":"https:\/\/toys.lt\/lv\/produktas\/spele-saciksu\/","name":"Sp\u0113le \"Sac\u012bk\u0161u\" - Toys.lt","isPartOf":{"@id":"https:\/\/toys.lt\/lv\/#website"},"primaryImageOfPage":{"@id":"https:\/\/toys.lt\/lv\/produktas\/spele-saciksu\/#primaryimage"},"image":{"@id":"https:\/\/toys.lt\/lv\/produktas\/spele-saciksu\/#primaryimage"},"thumbnailUrl":"https:\/\/toys.lt\/wp-content\/uploads\/2021\/03\/products-1945.jpg","datePublished":"2021-03-20T21:36:20+00:00","dateModified":"2026-04-09T00:01:23+00:00","breadcrumb":{"@id":"https:\/\/toys.lt\/lv\/produktas\/spele-saciksu\/#breadcrumb"},"inLanguage":"lv-LV","potentialAction":[{"@type":"ReadAction","target":["https:\/\/toys.lt\/lv\/produktas\/spele-saciksu\/"]}]},{"@type":"ImageObject","inLanguage":"lv-LV","@id":"https:\/\/toys.lt\/lv\/produktas\/spele-saciksu\/#primaryimage","url":"https:\/\/toys.lt\/wp-content\/uploads\/2021\/03\/products-1945.jpg","contentUrl":"https:\/\/toys.lt\/wp-content\/uploads\/2021\/03\/products-1945.jpg","width":1417,"height":1063,"caption":"\u017daidimas &#8220;Lenktyn\u0117s&#8221;"},{"@type":"BreadcrumbList","@id":"https:\/\/toys.lt\/lv\/produktas\/spele-saciksu\/#breadcrumb","itemListElement":[{"@type":"ListItem","position":1,"name":"Home","item":"https:\/\/toys.lt\/lv\/"},{"@type":"ListItem","position":2,"name":"Veikals","item":"https:\/\/toys.lt\/lv\/shop\/"},{"@type":"ListItem","position":3,"name":"Sp\u0113le &#8222;Sac\u012bk\u0161u&#8221;"}]},{"@type":"WebSite","@id":"https:\/\/toys.lt\/lv\/#website","url":"https:\/\/toys.lt\/lv\/","name":"Toys.lt","description":"","potentialAction":[{"@type":"SearchAction","target":{"@type":"EntryPoint","urlTemplate":"https:\/\/toys.lt\/lv\/?s={search_term_string}"},"query-input":{"@type":"PropertyValueSpecification","valueRequired":true,"valueName":"search_term_string"}}],"inLanguage":"lv-LV"}]}},"_links":{"self":[{"href":"https:\/\/toys.lt\/lv\/wp-json\/wp\/v2\/product\/41760","targetHints":{"allow":["GET"]}}],"collection":[{"href":"https:\/\/toys.lt\/lv\/wp-json\/wp\/v2\/product"}],"about":[{"href":"https:\/\/toys.lt\/lv\/wp-json\/wp\/v2\/types\/product"}],"replies":[{"embeddable":true,"href":"https:\/\/toys.lt\/lv\/wp-json\/wp\/v2\/comments?post=41760"}],"version-history":[{"count":1,"href":"https:\/\/toys.lt\/lv\/wp-json\/wp\/v2\/product\/41760\/revisions"}],"predecessor-version":[{"id":41762,"href":"https:\/\/toys.lt\/lv\/wp-json\/wp\/v2\/product\/41760\/revisions\/41762"}],"wp:featuredmedia":[{"embeddable":true,"href":"https:\/\/toys.lt\/lv\/wp-json\/wp\/v2\/media\/37815"}],"wp:attachment":[{"href":"https:\/\/toys.lt\/lv\/wp-json\/wp\/v2\/media?parent=41760"}],"wp:term":[{"taxonomy":"product_brand","embeddable":true,"href":"https:\/\/toys.lt\/lv\/wp-json\/wp\/v2\/product_brand?post=41760"},{"taxonomy":"product_cat","embeddable":true,"href":"https:\/\/toys.lt\/lv\/wp-json\/wp\/v2\/product_cat?post=41760"},{"taxonomy":"product_tag","embeddable":true,"href":"https:\/\/toys.lt\/lv\/wp-json\/wp\/v2\/product_tag?post=41760"}],"curies":[{"name":"wp","href":"https:\/\/api.w.org\/{rel}","templated":true}]}}