{"id":41756,"date":"2021-03-18T20:03:57","date_gmt":"2021-03-18T20:03:57","guid":{"rendered":"https:\/\/toys.lt\/produktas\/rotallietu-tirisanas-komplekts\/"},"modified":"2026-04-09T00:01:24","modified_gmt":"2026-04-09T00:01:24","slug":"rotallietu-tirisanas-komplekts","status":"publish","type":"product","link":"https:\/\/toys.lt\/lv\/produktas\/rotallietu-tirisanas-komplekts\/","title":{"rendered":"Rota\u013clietu t\u012br\u012b\u0161anas komplekts"},"content":{"rendered":"<p><strong>Komplekt\u0101 ietilpst:<\/strong><\/p>\n<ul style=\"list-style-type:square\">\n<li>Rati\u0146i<\/li>\n<li>Scoop<\/li>\n<li>Audums<\/li>\n<li>Slota<\/li>\n<li>Kibir\u0117lis<\/li>\n<li>Birste<\/li>\n<li>T\u012br\u012bt\u0101js<\/li>\n<\/ul>\n<p><strong>Funkcijas:<\/strong><\/p>\n<ul style=\"list-style-type:square\">\n<li>Rite\u0146u rati\u0146i<\/li>\n<li>Katrai precei rati\u0146os ir sava vieta.<\/li>\n<li>T\u012br\u012bt\u0101js var slauc\u012bt vai not\u012br\u012bt s\u012bkus gru\u017eus<\/li>\n<li>Viegla deta\u013cu savieno\u0161ana<\/li>\n<li>Ietver visus nepiecie\u0161amos t\u012br\u012b\u0161anas l\u012bdzek\u013cus<\/li>\n<li>M\u0101ca k\u0101rt\u012bbu, dom\u0101\u0161anu, uzman\u012bbu un kust\u012bbu koordin\u0101ciju.<\/li>\n<\/ul>\n","protected":false},"excerpt":{"rendered":"<p>Produkta veids: t\u012br\u012b\u0161anas komplekts<\/p>\n<p>Izcelsmes valsts: \u0136\u012bna<\/p>\n<p>Iepakojuma izm\u0113ri: 33,5 x 15 x 46 cm<\/p>\n<p>Izstr\u0101d\u0101juma izm\u0113ri: 58 x 27 x 41 cm<\/p>\n<p>Svars: 1,25 kg<\/p>\n<p>Produkta materi\u0101ls: plastmasa<\/p>\n<p>Da\u013cu skaits: 8<\/p>\n<p>Ieteicamais vecums: no 3 gadiem<\/p>\n","protected":false},"featured_media":37807,"comment_status":"open","ping_status":"closed","template":"","meta":[],"product_brand":[],"product_cat":[1180,1176,1151,1155],"product_tag":[],"class_list":{"0":"post-41756","1":"product","2":"type-product","3":"status-publish","4":"has-post-thumbnail","6":"product_cat-rotallietas-meitenem","7":"product_cat-rotallietas-zeniem","8":"product_cat-specializeti-rotallietu-darbariki","9":"product_cat-leti","10":"pa_prek-s-tipas-tirisanas-komplekti","12":"first","13":"outofstock","14":"taxable","15":"shipping-taxable","16":"purchasable","17":"product-type-simple"},"yoast_head":"<!-- This site is optimized with the Yoast SEO plugin v26.3 - https:\/\/yoast.com\/wordpress\/plugins\/seo\/ -->\n<title>Rota\u013clietu t\u012br\u012b\u0161anas komplekts - Toys.lt<\/title>\n<meta name=\"robots\" content=\"index, follow, max-snippet:-1, max-image-preview:large, max-video-preview:-1\" \/>\n<link rel=\"canonical\" href=\"https:\/\/toys.lt\/lv\/produktas\/rotallietu-tirisanas-komplekts\/\" \/>\n<meta property=\"og:locale\" content=\"lv_LV\" \/>\n<meta property=\"og:type\" content=\"article\" \/>\n<meta property=\"og:title\" content=\"Rota\u013clietu t\u012br\u012b\u0161anas komplekts - Toys.lt\" \/>\n<meta property=\"og:description\" content=\"Produkta veids: t\u012br\u012b\u0161anas komplekts Izcelsmes valsts: \u0136\u012bna Iepakojuma izm\u0113ri: 33,5 x 15 x 46 cm Izstr\u0101d\u0101juma izm\u0113ri: 58 x 27 x 41 cm Svars: 1,25 kg Produkta materi\u0101ls: plastmasa Da\u013cu skaits: 8 Ieteicamais vecums: no 3 gadiem\" \/>\n<meta property=\"og:url\" content=\"https:\/\/toys.lt\/lv\/produktas\/rotallietu-tirisanas-komplekts\/\" \/>\n<meta property=\"og:site_name\" content=\"Toys.lt\" \/>\n<meta property=\"article:modified_time\" content=\"2026-04-09T00:01:24+00:00\" \/>\n<meta property=\"og:image\" content=\"https:\/\/toys.lt\/wp-content\/uploads\/2021\/03\/products-1930.jpg\" \/>\n\t<meta property=\"og:image:width\" content=\"1394\" \/>\n\t<meta property=\"og:image:height\" content=\"1772\" \/>\n\t<meta property=\"og:image:type\" content=\"image\/jpeg\" \/>\n<meta name=\"twitter:card\" content=\"summary_large_image\" \/>\n<script type=\"application\/ld+json\" class=\"yoast-schema-graph\">{\"@context\":\"https:\/\/schema.org\",\"@graph\":[{\"@type\":\"WebPage\",\"@id\":\"https:\/\/toys.lt\/lv\/produktas\/rotallietu-tirisanas-komplekts\/\",\"url\":\"https:\/\/toys.lt\/lv\/produktas\/rotallietu-tirisanas-komplekts\/\",\"name\":\"Rota\u013clietu t\u012br\u012b\u0161anas komplekts - Toys.lt\",\"isPartOf\":{\"@id\":\"https:\/\/toys.lt\/lv\/#website\"},\"primaryImageOfPage\":{\"@id\":\"https:\/\/toys.lt\/lv\/produktas\/rotallietu-tirisanas-komplekts\/#primaryimage\"},\"image\":{\"@id\":\"https:\/\/toys.lt\/lv\/produktas\/rotallietu-tirisanas-komplekts\/#primaryimage\"},\"thumbnailUrl\":\"https:\/\/toys.lt\/wp-content\/uploads\/2021\/03\/products-1930.jpg\",\"datePublished\":\"2021-03-18T20:03:57+00:00\",\"dateModified\":\"2026-04-09T00:01:24+00:00\",\"breadcrumb\":{\"@id\":\"https:\/\/toys.lt\/lv\/produktas\/rotallietu-tirisanas-komplekts\/#breadcrumb\"},\"inLanguage\":\"lv-LV\",\"potentialAction\":[{\"@type\":\"ReadAction\",\"target\":[\"https:\/\/toys.lt\/lv\/produktas\/rotallietu-tirisanas-komplekts\/\"]}]},{\"@type\":\"ImageObject\",\"inLanguage\":\"lv-LV\",\"@id\":\"https:\/\/toys.lt\/lv\/produktas\/rotallietu-tirisanas-komplekts\/#primaryimage\",\"url\":\"https:\/\/toys.lt\/wp-content\/uploads\/2021\/03\/products-1930.jpg\",\"contentUrl\":\"https:\/\/toys.lt\/wp-content\/uploads\/2021\/03\/products-1930.jpg\",\"width\":1394,\"height\":1772,\"caption\":\"\u017daislinis valymo rinkinys\"},{\"@type\":\"BreadcrumbList\",\"@id\":\"https:\/\/toys.lt\/lv\/produktas\/rotallietu-tirisanas-komplekts\/#breadcrumb\",\"itemListElement\":[{\"@type\":\"ListItem\",\"position\":1,\"name\":\"Home\",\"item\":\"https:\/\/toys.lt\/lv\/\"},{\"@type\":\"ListItem\",\"position\":2,\"name\":\"Veikals\",\"item\":\"https:\/\/toys.lt\/lv\/shop\/\"},{\"@type\":\"ListItem\",\"position\":3,\"name\":\"Rota\u013clietu t\u012br\u012b\u0161anas komplekts\"}]},{\"@type\":\"WebSite\",\"@id\":\"https:\/\/toys.lt\/lv\/#website\",\"url\":\"https:\/\/toys.lt\/lv\/\",\"name\":\"Toys.lt\",\"description\":\"\",\"potentialAction\":[{\"@type\":\"SearchAction\",\"target\":{\"@type\":\"EntryPoint\",\"urlTemplate\":\"https:\/\/toys.lt\/lv\/?s={search_term_string}\"},\"query-input\":{\"@type\":\"PropertyValueSpecification\",\"valueRequired\":true,\"valueName\":\"search_term_string\"}}],\"inLanguage\":\"lv-LV\"}]}<\/script>\n<!-- \/ Yoast SEO plugin. -->","yoast_head_json":{"title":"Rota\u013clietu t\u012br\u012b\u0161anas komplekts - Toys.lt","robots":{"index":"index","follow":"follow","max-snippet":"max-snippet:-1","max-image-preview":"max-image-preview:large","max-video-preview":"max-video-preview:-1"},"canonical":"https:\/\/toys.lt\/lv\/produktas\/rotallietu-tirisanas-komplekts\/","og_locale":"lv_LV","og_type":"article","og_title":"Rota\u013clietu t\u012br\u012b\u0161anas komplekts - Toys.lt","og_description":"Produkta veids: t\u012br\u012b\u0161anas komplekts Izcelsmes valsts: \u0136\u012bna Iepakojuma izm\u0113ri: 33,5 x 15 x 46 cm Izstr\u0101d\u0101juma izm\u0113ri: 58 x 27 x 41 cm Svars: 1,25 kg Produkta materi\u0101ls: plastmasa Da\u013cu skaits: 8 Ieteicamais vecums: no 3 gadiem","og_url":"https:\/\/toys.lt\/lv\/produktas\/rotallietu-tirisanas-komplekts\/","og_site_name":"Toys.lt","article_modified_time":"2026-04-09T00:01:24+00:00","og_image":[{"width":1394,"height":1772,"url":"https:\/\/toys.lt\/wp-content\/uploads\/2021\/03\/products-1930.jpg","type":"image\/jpeg"}],"twitter_card":"summary_large_image","schema":{"@context":"https:\/\/schema.org","@graph":[{"@type":"WebPage","@id":"https:\/\/toys.lt\/lv\/produktas\/rotallietu-tirisanas-komplekts\/","url":"https:\/\/toys.lt\/lv\/produktas\/rotallietu-tirisanas-komplekts\/","name":"Rota\u013clietu t\u012br\u012b\u0161anas komplekts - Toys.lt","isPartOf":{"@id":"https:\/\/toys.lt\/lv\/#website"},"primaryImageOfPage":{"@id":"https:\/\/toys.lt\/lv\/produktas\/rotallietu-tirisanas-komplekts\/#primaryimage"},"image":{"@id":"https:\/\/toys.lt\/lv\/produktas\/rotallietu-tirisanas-komplekts\/#primaryimage"},"thumbnailUrl":"https:\/\/toys.lt\/wp-content\/uploads\/2021\/03\/products-1930.jpg","datePublished":"2021-03-18T20:03:57+00:00","dateModified":"2026-04-09T00:01:24+00:00","breadcrumb":{"@id":"https:\/\/toys.lt\/lv\/produktas\/rotallietu-tirisanas-komplekts\/#breadcrumb"},"inLanguage":"lv-LV","potentialAction":[{"@type":"ReadAction","target":["https:\/\/toys.lt\/lv\/produktas\/rotallietu-tirisanas-komplekts\/"]}]},{"@type":"ImageObject","inLanguage":"lv-LV","@id":"https:\/\/toys.lt\/lv\/produktas\/rotallietu-tirisanas-komplekts\/#primaryimage","url":"https:\/\/toys.lt\/wp-content\/uploads\/2021\/03\/products-1930.jpg","contentUrl":"https:\/\/toys.lt\/wp-content\/uploads\/2021\/03\/products-1930.jpg","width":1394,"height":1772,"caption":"\u017daislinis valymo rinkinys"},{"@type":"BreadcrumbList","@id":"https:\/\/toys.lt\/lv\/produktas\/rotallietu-tirisanas-komplekts\/#breadcrumb","itemListElement":[{"@type":"ListItem","position":1,"name":"Home","item":"https:\/\/toys.lt\/lv\/"},{"@type":"ListItem","position":2,"name":"Veikals","item":"https:\/\/toys.lt\/lv\/shop\/"},{"@type":"ListItem","position":3,"name":"Rota\u013clietu t\u012br\u012b\u0161anas komplekts"}]},{"@type":"WebSite","@id":"https:\/\/toys.lt\/lv\/#website","url":"https:\/\/toys.lt\/lv\/","name":"Toys.lt","description":"","potentialAction":[{"@type":"SearchAction","target":{"@type":"EntryPoint","urlTemplate":"https:\/\/toys.lt\/lv\/?s={search_term_string}"},"query-input":{"@type":"PropertyValueSpecification","valueRequired":true,"valueName":"search_term_string"}}],"inLanguage":"lv-LV"}]}},"_links":{"self":[{"href":"https:\/\/toys.lt\/lv\/wp-json\/wp\/v2\/product\/41756","targetHints":{"allow":["GET"]}}],"collection":[{"href":"https:\/\/toys.lt\/lv\/wp-json\/wp\/v2\/product"}],"about":[{"href":"https:\/\/toys.lt\/lv\/wp-json\/wp\/v2\/types\/product"}],"replies":[{"embeddable":true,"href":"https:\/\/toys.lt\/lv\/wp-json\/wp\/v2\/comments?post=41756"}],"version-history":[{"count":2,"href":"https:\/\/toys.lt\/lv\/wp-json\/wp\/v2\/product\/41756\/revisions"}],"predecessor-version":[{"id":46168,"href":"https:\/\/toys.lt\/lv\/wp-json\/wp\/v2\/product\/41756\/revisions\/46168"}],"wp:featuredmedia":[{"embeddable":true,"href":"https:\/\/toys.lt\/lv\/wp-json\/wp\/v2\/media\/37807"}],"wp:attachment":[{"href":"https:\/\/toys.lt\/lv\/wp-json\/wp\/v2\/media?parent=41756"}],"wp:term":[{"taxonomy":"product_brand","embeddable":true,"href":"https:\/\/toys.lt\/lv\/wp-json\/wp\/v2\/product_brand?post=41756"},{"taxonomy":"product_cat","embeddable":true,"href":"https:\/\/toys.lt\/lv\/wp-json\/wp\/v2\/product_cat?post=41756"},{"taxonomy":"product_tag","embeddable":true,"href":"https:\/\/toys.lt\/lv\/wp-json\/wp\/v2\/product_tag?post=41756"}],"curies":[{"name":"wp","href":"https:\/\/api.w.org\/{rel}","templated":true}]}}