{"id":41747,"date":"2021-02-01T03:39:02","date_gmt":"2021-02-01T03:39:02","guid":{"rendered":"https:\/\/toys.lt\/produktas\/inerces-policijas-furgons-ar-4-automasinam\/"},"modified":"2026-04-09T00:01:26","modified_gmt":"2026-04-09T00:01:26","slug":"inerces-policijas-furgons-ar-4-automasinam","status":"publish","type":"product","link":"https:\/\/toys.lt\/lv\/produktas\/inerces-policijas-furgons-ar-4-automasinam\/","title":{"rendered":"Inerces policijas furgons ar 4 automa\u0161\u012bn\u0101m"},"content":{"rendered":"<p>\u0160is policijas automa\u0161\u012bnu komplekts sast\u0101v no 4 da\u017e\u0101du marku policijas automa\u0161\u012bn\u0101m un viena autotransportiera. Komplekt\u0101 ir inerces automa\u0161\u012bna, kas var p\u0101rvietoties pati, un viss, kas jums j\u0101dara, ir to j\u0101stumj, un t\u0101 autom\u0101tiski virz\u012bsies uz priek\u0161u. Pie kravas automa\u0161\u012bnas ir piestiprin\u0101ta piekabe ar diviem st\u0101viem, un taj\u0101 var ievietot citas rota\u013clietas, k\u0101 ar\u012b automa\u0161\u012bnas. Piekabe ir apr\u012bkota ar auto piebraucamo ce\u013cu.   <\/p>\n<p>\u0160\u0101di sp\u0113l\u0113jot, b\u0113rns att\u012bsta roku un acu koordin\u0101ciju un motoriku.<\/p>\n<p><strong>Funkcijas:<\/strong><\/p>\n<ul style=\"list-style-type: square;\">\n<li>Inerces meh\u0101nisms<\/li>\n<li>Ekskluz\u012bvs dizains<\/li>\n<li>Viegli lietojams<\/li>\n<li>Att\u012bsta smalk\u0101s un rupj\u0101s motorikas prasmes<\/li>\n<li>Dro\u0161i sp\u0113l\u0113t<\/li>\n<\/ul>\n","protected":false},"excerpt":{"rendered":"<p>Produkta veids: transportl\u012bdzeklis<\/p>\n<p>Izcelsmes valsts: \u0136\u012bna<\/p>\n<p>Iepakojuma izm\u0113ri: 41 x 15 x 10 cm<\/p>\n<p>Produkta materi\u0101ls: plastmasa<\/p>\n<p>Ieteicamais vecums: no 3 gadiem.<\/p>\n","protected":false},"featured_media":37795,"comment_status":"open","ping_status":"closed","template":"","meta":[],"product_brand":[],"product_cat":[1176,1177],"product_tag":[],"class_list":{"0":"post-41747","1":"product","2":"type-product","3":"status-publish","4":"has-post-thumbnail","6":"product_cat-rotallietas-zeniem","7":"product_cat-rotalu-automasinas-traktori-un-kapurkedes","9":"first","10":"outofstock","11":"taxable","12":"shipping-taxable","13":"purchasable","14":"product-type-simple"},"yoast_head":"<!-- This site is optimized with the Yoast SEO plugin v26.3 - https:\/\/yoast.com\/wordpress\/plugins\/seo\/ -->\n<title>Inerces policijas furgons ar 4 automa\u0161\u012bn\u0101m - Toys.lt<\/title>\n<meta name=\"robots\" content=\"index, follow, max-snippet:-1, max-image-preview:large, max-video-preview:-1\" \/>\n<link rel=\"canonical\" href=\"https:\/\/toys.lt\/lv\/produktas\/inerces-policijas-furgons-ar-4-automasinam\/\" \/>\n<meta property=\"og:locale\" content=\"lv_LV\" \/>\n<meta property=\"og:type\" content=\"article\" \/>\n<meta property=\"og:title\" content=\"Inerces policijas furgons ar 4 automa\u0161\u012bn\u0101m - Toys.lt\" \/>\n<meta property=\"og:description\" content=\"Produkta veids: transportl\u012bdzeklis Izcelsmes valsts: \u0136\u012bna Iepakojuma izm\u0113ri: 41 x 15 x 10 cm Produkta materi\u0101ls: plastmasa Ieteicamais vecums: no 3 gadiem.\" \/>\n<meta property=\"og:url\" content=\"https:\/\/toys.lt\/lv\/produktas\/inerces-policijas-furgons-ar-4-automasinam\/\" \/>\n<meta property=\"og:site_name\" content=\"Toys.lt\" \/>\n<meta property=\"article:modified_time\" content=\"2026-04-09T00:01:26+00:00\" \/>\n<meta property=\"og:image\" content=\"https:\/\/toys.lt\/wp-content\/uploads\/2021\/02\/products-1910.jpg\" \/>\n\t<meta property=\"og:image:width\" content=\"1653\" \/>\n\t<meta property=\"og:image:height\" content=\"791\" \/>\n\t<meta property=\"og:image:type\" content=\"image\/jpeg\" \/>\n<meta name=\"twitter:card\" content=\"summary_large_image\" \/>\n<meta name=\"twitter:label1\" content=\"Est. reading time\" \/>\n\t<meta name=\"twitter:data1\" content=\"1 minute\" \/>\n<script type=\"application\/ld+json\" class=\"yoast-schema-graph\">{\"@context\":\"https:\/\/schema.org\",\"@graph\":[{\"@type\":\"WebPage\",\"@id\":\"https:\/\/toys.lt\/lv\/produktas\/inerces-policijas-furgons-ar-4-automasinam\/\",\"url\":\"https:\/\/toys.lt\/lv\/produktas\/inerces-policijas-furgons-ar-4-automasinam\/\",\"name\":\"Inerces policijas furgons ar 4 automa\u0161\u012bn\u0101m - Toys.lt\",\"isPartOf\":{\"@id\":\"https:\/\/toys.lt\/lv\/#website\"},\"primaryImageOfPage\":{\"@id\":\"https:\/\/toys.lt\/lv\/produktas\/inerces-policijas-furgons-ar-4-automasinam\/#primaryimage\"},\"image\":{\"@id\":\"https:\/\/toys.lt\/lv\/produktas\/inerces-policijas-furgons-ar-4-automasinam\/#primaryimage\"},\"thumbnailUrl\":\"https:\/\/toys.lt\/wp-content\/uploads\/2021\/02\/products-1910.jpg\",\"datePublished\":\"2021-02-01T03:39:02+00:00\",\"dateModified\":\"2026-04-09T00:01:26+00:00\",\"breadcrumb\":{\"@id\":\"https:\/\/toys.lt\/lv\/produktas\/inerces-policijas-furgons-ar-4-automasinam\/#breadcrumb\"},\"inLanguage\":\"lv-LV\",\"potentialAction\":[{\"@type\":\"ReadAction\",\"target\":[\"https:\/\/toys.lt\/lv\/produktas\/inerces-policijas-furgons-ar-4-automasinam\/\"]}]},{\"@type\":\"ImageObject\",\"inLanguage\":\"lv-LV\",\"@id\":\"https:\/\/toys.lt\/lv\/produktas\/inerces-policijas-furgons-ar-4-automasinam\/#primaryimage\",\"url\":\"https:\/\/toys.lt\/wp-content\/uploads\/2021\/02\/products-1910.jpg\",\"contentUrl\":\"https:\/\/toys.lt\/wp-content\/uploads\/2021\/02\/products-1910.jpg\",\"width\":1653,\"height\":791,\"caption\":\"Inercinis policijos autove\u017eis su 4 automobiliais\"},{\"@type\":\"BreadcrumbList\",\"@id\":\"https:\/\/toys.lt\/lv\/produktas\/inerces-policijas-furgons-ar-4-automasinam\/#breadcrumb\",\"itemListElement\":[{\"@type\":\"ListItem\",\"position\":1,\"name\":\"Home\",\"item\":\"https:\/\/toys.lt\/lv\/\"},{\"@type\":\"ListItem\",\"position\":2,\"name\":\"Veikals\",\"item\":\"https:\/\/toys.lt\/lv\/shop\/\"},{\"@type\":\"ListItem\",\"position\":3,\"name\":\"Inerces policijas furgons ar 4 automa\u0161\u012bn\u0101m\"}]},{\"@type\":\"WebSite\",\"@id\":\"https:\/\/toys.lt\/lv\/#website\",\"url\":\"https:\/\/toys.lt\/lv\/\",\"name\":\"Toys.lt\",\"description\":\"\",\"potentialAction\":[{\"@type\":\"SearchAction\",\"target\":{\"@type\":\"EntryPoint\",\"urlTemplate\":\"https:\/\/toys.lt\/lv\/?s={search_term_string}\"},\"query-input\":{\"@type\":\"PropertyValueSpecification\",\"valueRequired\":true,\"valueName\":\"search_term_string\"}}],\"inLanguage\":\"lv-LV\"}]}<\/script>\n<!-- \/ Yoast SEO plugin. -->","yoast_head_json":{"title":"Inerces policijas furgons ar 4 automa\u0161\u012bn\u0101m - Toys.lt","robots":{"index":"index","follow":"follow","max-snippet":"max-snippet:-1","max-image-preview":"max-image-preview:large","max-video-preview":"max-video-preview:-1"},"canonical":"https:\/\/toys.lt\/lv\/produktas\/inerces-policijas-furgons-ar-4-automasinam\/","og_locale":"lv_LV","og_type":"article","og_title":"Inerces policijas furgons ar 4 automa\u0161\u012bn\u0101m - Toys.lt","og_description":"Produkta veids: transportl\u012bdzeklis Izcelsmes valsts: \u0136\u012bna Iepakojuma izm\u0113ri: 41 x 15 x 10 cm Produkta materi\u0101ls: plastmasa Ieteicamais vecums: no 3 gadiem.","og_url":"https:\/\/toys.lt\/lv\/produktas\/inerces-policijas-furgons-ar-4-automasinam\/","og_site_name":"Toys.lt","article_modified_time":"2026-04-09T00:01:26+00:00","og_image":[{"width":1653,"height":791,"url":"https:\/\/toys.lt\/wp-content\/uploads\/2021\/02\/products-1910.jpg","type":"image\/jpeg"}],"twitter_card":"summary_large_image","twitter_misc":{"Est. reading time":"1 minute"},"schema":{"@context":"https:\/\/schema.org","@graph":[{"@type":"WebPage","@id":"https:\/\/toys.lt\/lv\/produktas\/inerces-policijas-furgons-ar-4-automasinam\/","url":"https:\/\/toys.lt\/lv\/produktas\/inerces-policijas-furgons-ar-4-automasinam\/","name":"Inerces policijas furgons ar 4 automa\u0161\u012bn\u0101m - Toys.lt","isPartOf":{"@id":"https:\/\/toys.lt\/lv\/#website"},"primaryImageOfPage":{"@id":"https:\/\/toys.lt\/lv\/produktas\/inerces-policijas-furgons-ar-4-automasinam\/#primaryimage"},"image":{"@id":"https:\/\/toys.lt\/lv\/produktas\/inerces-policijas-furgons-ar-4-automasinam\/#primaryimage"},"thumbnailUrl":"https:\/\/toys.lt\/wp-content\/uploads\/2021\/02\/products-1910.jpg","datePublished":"2021-02-01T03:39:02+00:00","dateModified":"2026-04-09T00:01:26+00:00","breadcrumb":{"@id":"https:\/\/toys.lt\/lv\/produktas\/inerces-policijas-furgons-ar-4-automasinam\/#breadcrumb"},"inLanguage":"lv-LV","potentialAction":[{"@type":"ReadAction","target":["https:\/\/toys.lt\/lv\/produktas\/inerces-policijas-furgons-ar-4-automasinam\/"]}]},{"@type":"ImageObject","inLanguage":"lv-LV","@id":"https:\/\/toys.lt\/lv\/produktas\/inerces-policijas-furgons-ar-4-automasinam\/#primaryimage","url":"https:\/\/toys.lt\/wp-content\/uploads\/2021\/02\/products-1910.jpg","contentUrl":"https:\/\/toys.lt\/wp-content\/uploads\/2021\/02\/products-1910.jpg","width":1653,"height":791,"caption":"Inercinis policijos autove\u017eis su 4 automobiliais"},{"@type":"BreadcrumbList","@id":"https:\/\/toys.lt\/lv\/produktas\/inerces-policijas-furgons-ar-4-automasinam\/#breadcrumb","itemListElement":[{"@type":"ListItem","position":1,"name":"Home","item":"https:\/\/toys.lt\/lv\/"},{"@type":"ListItem","position":2,"name":"Veikals","item":"https:\/\/toys.lt\/lv\/shop\/"},{"@type":"ListItem","position":3,"name":"Inerces policijas furgons ar 4 automa\u0161\u012bn\u0101m"}]},{"@type":"WebSite","@id":"https:\/\/toys.lt\/lv\/#website","url":"https:\/\/toys.lt\/lv\/","name":"Toys.lt","description":"","potentialAction":[{"@type":"SearchAction","target":{"@type":"EntryPoint","urlTemplate":"https:\/\/toys.lt\/lv\/?s={search_term_string}"},"query-input":{"@type":"PropertyValueSpecification","valueRequired":true,"valueName":"search_term_string"}}],"inLanguage":"lv-LV"}]}},"_links":{"self":[{"href":"https:\/\/toys.lt\/lv\/wp-json\/wp\/v2\/product\/41747","targetHints":{"allow":["GET"]}}],"collection":[{"href":"https:\/\/toys.lt\/lv\/wp-json\/wp\/v2\/product"}],"about":[{"href":"https:\/\/toys.lt\/lv\/wp-json\/wp\/v2\/types\/product"}],"replies":[{"embeddable":true,"href":"https:\/\/toys.lt\/lv\/wp-json\/wp\/v2\/comments?post=41747"}],"version-history":[{"count":1,"href":"https:\/\/toys.lt\/lv\/wp-json\/wp\/v2\/product\/41747\/revisions"}],"predecessor-version":[{"id":41749,"href":"https:\/\/toys.lt\/lv\/wp-json\/wp\/v2\/product\/41747\/revisions\/41749"}],"wp:featuredmedia":[{"embeddable":true,"href":"https:\/\/toys.lt\/lv\/wp-json\/wp\/v2\/media\/37795"}],"wp:attachment":[{"href":"https:\/\/toys.lt\/lv\/wp-json\/wp\/v2\/media?parent=41747"}],"wp:term":[{"taxonomy":"product_brand","embeddable":true,"href":"https:\/\/toys.lt\/lv\/wp-json\/wp\/v2\/product_brand?post=41747"},{"taxonomy":"product_cat","embeddable":true,"href":"https:\/\/toys.lt\/lv\/wp-json\/wp\/v2\/product_cat?post=41747"},{"taxonomy":"product_tag","embeddable":true,"href":"https:\/\/toys.lt\/lv\/wp-json\/wp\/v2\/product_tag?post=41747"}],"curies":[{"name":"wp","href":"https:\/\/api.w.org\/{rel}","templated":true}]}}