{"id":41722,"date":"2021-10-05T00:24:24","date_gmt":"2021-10-05T00:24:24","guid":{"rendered":"https:\/\/toys.lt\/produktas\/clementoni-puzle-neisvansteina-6000gab\/"},"modified":"2026-02-19T00:01:34","modified_gmt":"2026-02-19T00:01:34","slug":"clementoni-puzle-neisvansteina-6000gab","status":"publish","type":"product","link":"https:\/\/toys.lt\/lv\/produktas\/clementoni-puzle-neisvansteina-6000gab\/","title":{"rendered":"Clementoni puzle &#8220;Nei\u0161v\u0101n\u0161teina&#8221; 6000gab"},"content":{"rendered":"<p class=\"MsoNormal\" style=\"margin: 0px;font-size: medium;color: #7a7a7a;padding: 0px;line-height: inherit;border: 0px;font-family: Roboto, sans-serif;background-color: #fefefe;text-align: center\" align=\"center\"><i style=\"line-height: inherit;margin: 0px;padding: 0px;border: 0px;font-variant: inherit;font-weight: inherit;font-size: inherit;font-family: inherit\"><span style=\"margin: 0px;padding: 0px;border: 0px;font-style: inherit;font-variant: inherit;font-weight: inherit;font-size: 8.5pt;line-height: inherit;font-family: Verdana, sans-serif;color: #000000\">Clementoni &#8211; dibin\u0101ts It\u0101lij\u0101 un veiksm\u012bgi darbojas jau vair\u0101k nek\u0101 50 gadus! Uz\u0146\u0113muma misija ir rad\u012bt sp\u0113les, kas pal\u012bdz b\u0113rniem augt.   <\/span><\/i><\/p>\n<p class=\"MsoNormal\" style=\"margin: 0px;font-size: medium;color: #7a7a7a;padding: 0px;line-height: inherit;border: 0px;font-family: Roboto, sans-serif;background-color: #fefefe;text-align: center\" align=\"center\"><i style=\"line-height: inherit;margin: 0px;padding: 0px;border: 0px;font-variant: inherit;font-weight: inherit;font-size: inherit;font-family: inherit\"><span style=\"margin: 0px;padding: 0px;border: 0px;font-style: inherit;font-variant: inherit;font-weight: inherit;font-size: 8.5pt;line-height: inherit;font-family: Verdana, sans-serif;color: #000000\">Tas viss ir izstr\u0101d\u0101ts, lai apmierin\u0101tu jaunie\u0161u vajadz\u012bbas, \u0146emot v\u0113r\u0101 m\u016bsdienu tehnolo\u0123ijas un glob\u0101l\u0101s izgl\u012bt\u012bbas tendences.<\/span><\/i><\/p>\n<p class=\"MsoNormal\" style=\"margin: 0px;font-size: medium;color: #7a7a7a;padding: 0px;line-height: inherit;border: 0px;font-family: Roboto, sans-serif;background-color: #fefefe;text-align: center\" align=\"center\"><i style=\"line-height: inherit;margin: 0px;padding: 0px;border: 0px;font-variant: inherit;font-weight: inherit;font-size: inherit;font-family: inherit\"><span style=\"margin: 0px;padding: 0px;border: 0px;font-style: inherit;font-variant: inherit;font-weight: inherit;font-size: 8.5pt;line-height: inherit;font-family: Verdana, sans-serif;color: #000000\">Puzle ir lieliska izklaide visai \u0123imenei. Klusie un omul\u012bgie vakari, kas pavad\u012bti ar \u0161o br\u012bni\u0161\u0137\u012bgo nodarbi, paliks atmi\u0146\u0101 uz ilgu laiku! <\/span><\/i><\/p>\n<p><strong>Funkcijas:<\/strong><\/p>\n<ul style=\"list-style-type: square\">\n<li style=\"margin: 0px;padding: 0px;font: inherit;border: 0px\">Augstas kvalit\u0101tes kolekcija<\/li>\n<li style=\"margin: 0px;padding: 0px;font: inherit;border: 0px\">6000 puzles gabali\u0146u<\/li>\n<li style=\"margin: 0px;padding: 0px;font: inherit;border: 0px\">Materi\u0101lu kvalit\u0101te un izcilas druk\u0101\u0161anas tehnikas izmanto\u0161ana nodro\u0161ina skaistus, spilgtus un dz\u012bvus att\u0113lus.<\/li>\n<li style=\"margin: 0px;padding: 0px;font: inherit;border: 0px\">Deta\u013cas ir izgatavotas no bieza, augstas kvalit\u0101tes kartona.<\/li>\n<li style=\"margin: 0px;padding: 0px;font: inherit;border: 0px\">Gludas un graciozas deta\u013cu l\u012bnijas<\/li>\n<li style=\"margin: 0px;padding: 0px;font: inherit;border: 0px\">Perfekts deta\u013cu savienojums<\/li>\n<li style=\"margin: 0px;padding: 0px;font: inherit;border: 0px\">Clementoni vienm\u0113r r\u016bp\u0113jas par vides jaut\u0101jumiem un izmanto daudz otrreiz p\u0101rstr\u0101d\u0101tu materi\u0101lu, lai izvair\u012btos no pies\u0101r\u0146ojo\u0161u sast\u0101vda\u013cu izmanto\u0161anas.<\/li>\n<li style=\"margin: 0px;padding: 0px;font: inherit;border: 0px\">Stimul\u0113 roku un acu koordin\u0101ciju, atmi\u0146u, motoriku, izt\u0113li un rado\u0161umu.<\/li>\n<\/ul>\n","protected":false},"excerpt":{"rendered":"<p>Produkta veids: puzle<\/p>\n<p>Z\u012bmola nosaukums: Clementoni<\/p>\n<p>Izcelsmes valsts: It\u0101lija<\/p>\n<p>Iepakojuma izm\u0113ri: 51 x 7 x 31 cm<\/p>\n<p>Puzles izm\u0113ri: 168 x 118 cm<\/p>\n<p>Gabali\u0146u skaits: 6000<\/p>\n<p>Ieteicamais vecums: no 14 gadiem.<\/p>\n","protected":false},"featured_media":37966,"comment_status":"open","ping_status":"closed","template":"","meta":[],"product_brand":[384],"product_cat":[1155,1154,1153],"product_tag":[],"class_list":{"0":"post-41722","1":"product","2":"type-product","3":"status-publish","4":"has-post-thumbnail","6":"product_brand-clementoni-2","7":"product_cat-leti","8":"product_cat-lielas-puzles-no-1500-lidz-13200-gabaliniem","9":"product_cat-puzles-puzle","10":"pa_amziaus-grupe-14-lv","11":"pa_dali-skaicius-6000-lv","12":"pa_prekes-zenklas-clementoni-lv","13":"pa_special-s-pasi-lymai-laba-cena","14":"pa_tema-daba","16":"first","17":"outofstock","18":"sale","19":"taxable","20":"shipping-taxable","21":"purchasable","22":"product-type-simple"},"yoast_head":"<!-- This site is optimized with the Yoast SEO plugin v26.3 - https:\/\/yoast.com\/wordpress\/plugins\/seo\/ -->\n<title>Clementoni puzle &quot;Nei\u0161v\u0101n\u0161teina&quot; 6000gab - Toys.lt<\/title>\n<meta name=\"robots\" content=\"index, follow, max-snippet:-1, max-image-preview:large, max-video-preview:-1\" \/>\n<link rel=\"canonical\" href=\"https:\/\/toys.lt\/lv\/produktas\/clementoni-puzle-neisvansteina-6000gab\/\" \/>\n<meta property=\"og:locale\" content=\"lv_LV\" \/>\n<meta property=\"og:type\" content=\"article\" \/>\n<meta property=\"og:title\" content=\"Clementoni puzle &quot;Nei\u0161v\u0101n\u0161teina&quot; 6000gab - Toys.lt\" \/>\n<meta property=\"og:description\" content=\"Produkta veids: puzle Z\u012bmola nosaukums: Clementoni Izcelsmes valsts: It\u0101lija Iepakojuma izm\u0113ri: 51 x 7 x 31 cm Puzles izm\u0113ri: 168 x 118 cm Gabali\u0146u skaits: 6000 Ieteicamais vecums: no 14 gadiem.\" \/>\n<meta property=\"og:url\" content=\"https:\/\/toys.lt\/lv\/produktas\/clementoni-puzle-neisvansteina-6000gab\/\" \/>\n<meta property=\"og:site_name\" content=\"Toys.lt\" \/>\n<meta property=\"article:modified_time\" content=\"2026-02-19T00:01:34+00:00\" \/>\n<meta property=\"og:image\" content=\"https:\/\/toys.lt\/wp-content\/uploads\/2021\/10\/products-2244.jpg\" \/>\n\t<meta property=\"og:image:width\" content=\"1500\" \/>\n\t<meta property=\"og:image:height\" content=\"1051\" \/>\n\t<meta property=\"og:image:type\" content=\"image\/jpeg\" \/>\n<meta name=\"twitter:card\" content=\"summary_large_image\" \/>\n<meta name=\"twitter:label1\" content=\"Est. reading time\" \/>\n\t<meta name=\"twitter:data1\" content=\"1 minute\" \/>\n<script type=\"application\/ld+json\" class=\"yoast-schema-graph\">{\"@context\":\"https:\/\/schema.org\",\"@graph\":[{\"@type\":\"WebPage\",\"@id\":\"https:\/\/toys.lt\/lv\/produktas\/clementoni-puzle-neisvansteina-6000gab\/\",\"url\":\"https:\/\/toys.lt\/lv\/produktas\/clementoni-puzle-neisvansteina-6000gab\/\",\"name\":\"Clementoni puzle \\\"Nei\u0161v\u0101n\u0161teina\\\" 6000gab - Toys.lt\",\"isPartOf\":{\"@id\":\"https:\/\/toys.lt\/lv\/#website\"},\"primaryImageOfPage\":{\"@id\":\"https:\/\/toys.lt\/lv\/produktas\/clementoni-puzle-neisvansteina-6000gab\/#primaryimage\"},\"image\":{\"@id\":\"https:\/\/toys.lt\/lv\/produktas\/clementoni-puzle-neisvansteina-6000gab\/#primaryimage\"},\"thumbnailUrl\":\"https:\/\/toys.lt\/wp-content\/uploads\/2021\/10\/products-2244.jpg\",\"datePublished\":\"2021-10-05T00:24:24+00:00\",\"dateModified\":\"2026-02-19T00:01:34+00:00\",\"breadcrumb\":{\"@id\":\"https:\/\/toys.lt\/lv\/produktas\/clementoni-puzle-neisvansteina-6000gab\/#breadcrumb\"},\"inLanguage\":\"lv-LV\",\"potentialAction\":[{\"@type\":\"ReadAction\",\"target\":[\"https:\/\/toys.lt\/lv\/produktas\/clementoni-puzle-neisvansteina-6000gab\/\"]}]},{\"@type\":\"ImageObject\",\"inLanguage\":\"lv-LV\",\"@id\":\"https:\/\/toys.lt\/lv\/produktas\/clementoni-puzle-neisvansteina-6000gab\/#primaryimage\",\"url\":\"https:\/\/toys.lt\/wp-content\/uploads\/2021\/10\/products-2244.jpg\",\"contentUrl\":\"https:\/\/toys.lt\/wp-content\/uploads\/2021\/10\/products-2244.jpg\",\"width\":1500,\"height\":1051,\"caption\":\"Clementoni d\u0117lion\u0117 &#8220;Neuschwanstein&#8221; 6000pcs\"},{\"@type\":\"BreadcrumbList\",\"@id\":\"https:\/\/toys.lt\/lv\/produktas\/clementoni-puzle-neisvansteina-6000gab\/#breadcrumb\",\"itemListElement\":[{\"@type\":\"ListItem\",\"position\":1,\"name\":\"Home\",\"item\":\"https:\/\/toys.lt\/lv\/\"},{\"@type\":\"ListItem\",\"position\":2,\"name\":\"Veikals\",\"item\":\"https:\/\/toys.lt\/lv\/shop\/\"},{\"@type\":\"ListItem\",\"position\":3,\"name\":\"Clementoni puzle &#8220;Nei\u0161v\u0101n\u0161teina&#8221; 6000gab\"}]},{\"@type\":\"WebSite\",\"@id\":\"https:\/\/toys.lt\/lv\/#website\",\"url\":\"https:\/\/toys.lt\/lv\/\",\"name\":\"Toys.lt\",\"description\":\"\",\"potentialAction\":[{\"@type\":\"SearchAction\",\"target\":{\"@type\":\"EntryPoint\",\"urlTemplate\":\"https:\/\/toys.lt\/lv\/?s={search_term_string}\"},\"query-input\":{\"@type\":\"PropertyValueSpecification\",\"valueRequired\":true,\"valueName\":\"search_term_string\"}}],\"inLanguage\":\"lv-LV\"}]}<\/script>\n<!-- \/ Yoast SEO plugin. -->","yoast_head_json":{"title":"Clementoni puzle \"Nei\u0161v\u0101n\u0161teina\" 6000gab - Toys.lt","robots":{"index":"index","follow":"follow","max-snippet":"max-snippet:-1","max-image-preview":"max-image-preview:large","max-video-preview":"max-video-preview:-1"},"canonical":"https:\/\/toys.lt\/lv\/produktas\/clementoni-puzle-neisvansteina-6000gab\/","og_locale":"lv_LV","og_type":"article","og_title":"Clementoni puzle \"Nei\u0161v\u0101n\u0161teina\" 6000gab - Toys.lt","og_description":"Produkta veids: puzle Z\u012bmola nosaukums: Clementoni Izcelsmes valsts: It\u0101lija Iepakojuma izm\u0113ri: 51 x 7 x 31 cm Puzles izm\u0113ri: 168 x 118 cm Gabali\u0146u skaits: 6000 Ieteicamais vecums: no 14 gadiem.","og_url":"https:\/\/toys.lt\/lv\/produktas\/clementoni-puzle-neisvansteina-6000gab\/","og_site_name":"Toys.lt","article_modified_time":"2026-02-19T00:01:34+00:00","og_image":[{"width":1500,"height":1051,"url":"https:\/\/toys.lt\/wp-content\/uploads\/2021\/10\/products-2244.jpg","type":"image\/jpeg"}],"twitter_card":"summary_large_image","twitter_misc":{"Est. reading time":"1 minute"},"schema":{"@context":"https:\/\/schema.org","@graph":[{"@type":"WebPage","@id":"https:\/\/toys.lt\/lv\/produktas\/clementoni-puzle-neisvansteina-6000gab\/","url":"https:\/\/toys.lt\/lv\/produktas\/clementoni-puzle-neisvansteina-6000gab\/","name":"Clementoni puzle \"Nei\u0161v\u0101n\u0161teina\" 6000gab - Toys.lt","isPartOf":{"@id":"https:\/\/toys.lt\/lv\/#website"},"primaryImageOfPage":{"@id":"https:\/\/toys.lt\/lv\/produktas\/clementoni-puzle-neisvansteina-6000gab\/#primaryimage"},"image":{"@id":"https:\/\/toys.lt\/lv\/produktas\/clementoni-puzle-neisvansteina-6000gab\/#primaryimage"},"thumbnailUrl":"https:\/\/toys.lt\/wp-content\/uploads\/2021\/10\/products-2244.jpg","datePublished":"2021-10-05T00:24:24+00:00","dateModified":"2026-02-19T00:01:34+00:00","breadcrumb":{"@id":"https:\/\/toys.lt\/lv\/produktas\/clementoni-puzle-neisvansteina-6000gab\/#breadcrumb"},"inLanguage":"lv-LV","potentialAction":[{"@type":"ReadAction","target":["https:\/\/toys.lt\/lv\/produktas\/clementoni-puzle-neisvansteina-6000gab\/"]}]},{"@type":"ImageObject","inLanguage":"lv-LV","@id":"https:\/\/toys.lt\/lv\/produktas\/clementoni-puzle-neisvansteina-6000gab\/#primaryimage","url":"https:\/\/toys.lt\/wp-content\/uploads\/2021\/10\/products-2244.jpg","contentUrl":"https:\/\/toys.lt\/wp-content\/uploads\/2021\/10\/products-2244.jpg","width":1500,"height":1051,"caption":"Clementoni d\u0117lion\u0117 &#8220;Neuschwanstein&#8221; 6000pcs"},{"@type":"BreadcrumbList","@id":"https:\/\/toys.lt\/lv\/produktas\/clementoni-puzle-neisvansteina-6000gab\/#breadcrumb","itemListElement":[{"@type":"ListItem","position":1,"name":"Home","item":"https:\/\/toys.lt\/lv\/"},{"@type":"ListItem","position":2,"name":"Veikals","item":"https:\/\/toys.lt\/lv\/shop\/"},{"@type":"ListItem","position":3,"name":"Clementoni puzle &#8220;Nei\u0161v\u0101n\u0161teina&#8221; 6000gab"}]},{"@type":"WebSite","@id":"https:\/\/toys.lt\/lv\/#website","url":"https:\/\/toys.lt\/lv\/","name":"Toys.lt","description":"","potentialAction":[{"@type":"SearchAction","target":{"@type":"EntryPoint","urlTemplate":"https:\/\/toys.lt\/lv\/?s={search_term_string}"},"query-input":{"@type":"PropertyValueSpecification","valueRequired":true,"valueName":"search_term_string"}}],"inLanguage":"lv-LV"}]}},"_links":{"self":[{"href":"https:\/\/toys.lt\/lv\/wp-json\/wp\/v2\/product\/41722","targetHints":{"allow":["GET"]}}],"collection":[{"href":"https:\/\/toys.lt\/lv\/wp-json\/wp\/v2\/product"}],"about":[{"href":"https:\/\/toys.lt\/lv\/wp-json\/wp\/v2\/types\/product"}],"replies":[{"embeddable":true,"href":"https:\/\/toys.lt\/lv\/wp-json\/wp\/v2\/comments?post=41722"}],"version-history":[{"count":2,"href":"https:\/\/toys.lt\/lv\/wp-json\/wp\/v2\/product\/41722\/revisions"}],"predecessor-version":[{"id":46234,"href":"https:\/\/toys.lt\/lv\/wp-json\/wp\/v2\/product\/41722\/revisions\/46234"}],"wp:featuredmedia":[{"embeddable":true,"href":"https:\/\/toys.lt\/lv\/wp-json\/wp\/v2\/media\/37966"}],"wp:attachment":[{"href":"https:\/\/toys.lt\/lv\/wp-json\/wp\/v2\/media?parent=41722"}],"wp:term":[{"taxonomy":"product_brand","embeddable":true,"href":"https:\/\/toys.lt\/lv\/wp-json\/wp\/v2\/product_brand?post=41722"},{"taxonomy":"product_cat","embeddable":true,"href":"https:\/\/toys.lt\/lv\/wp-json\/wp\/v2\/product_cat?post=41722"},{"taxonomy":"product_tag","embeddable":true,"href":"https:\/\/toys.lt\/lv\/wp-json\/wp\/v2\/product_tag?post=41722"}],"curies":[{"name":"wp","href":"https:\/\/api.w.org\/{rel}","templated":true}]}}