{"id":41697,"date":"2021-09-22T23:21:46","date_gmt":"2021-09-22T23:21:46","guid":{"rendered":"https:\/\/toys.lt\/produktas\/matematikas-klucisi-eneneeru\/"},"modified":"2026-04-09T00:01:09","modified_gmt":"2026-04-09T00:01:09","slug":"matematikas-klucisi-eneneeru","status":"publish","type":"product","link":"https:\/\/toys.lt\/lv\/produktas\/matematikas-klucisi-eneneeru\/","title":{"rendered":"Matem\u0101tikas kluc\u012b\u0161i (EN+EN+EE+RU)"},"content":{"rendered":"<p>12 da\u017e\u0101di ilustr\u0113ti kluc\u012b\u0161i, kas pal\u012bdz\u0113s ikvienam risin\u0101t m\u012bklas, skait\u012bt un risin\u0101t probl\u0113mas.<\/p>\n","protected":false},"excerpt":{"rendered":"<p>Produkta veids: izgl\u012btojo\u0161a rota\u013clieta<\/p>\n<p>Izcelsmes valsts: It\u0101lija<\/p>\n<p>Iepakojuma izm\u0113ri: 26 x 19 x 4,5 cm<\/p>\n<p>Ieteicamais vecums: no 5 gadiem.<\/p>\n","protected":false},"featured_media":37914,"comment_status":"open","ping_status":"closed","template":"","meta":[],"product_brand":[384],"product_cat":[1180,1176,1157,1155],"product_tag":[],"class_list":{"0":"post-41697","1":"product","2":"type-product","3":"status-publish","4":"has-post-thumbnail","6":"product_brand-clementoni-2","7":"product_cat-rotallietas-meitenem","8":"product_cat-rotallietas-zeniem","9":"product_cat-izglitojosas-un-interaktivas-rotallietas","10":"product_cat-leti","11":"pa_amziaus-grupe-5-lv","12":"pa_prek-s-tipas-izglitojosas-rotallietas","14":"first","15":"outofstock","16":"taxable","17":"shipping-taxable","18":"purchasable","19":"product-type-simple"},"yoast_head":"<!-- This site is optimized with the Yoast SEO plugin v26.3 - https:\/\/yoast.com\/wordpress\/plugins\/seo\/ -->\n<title>Matem\u0101tikas kluc\u012b\u0161i (EN+EN+EE+RU) - Toys.lt<\/title>\n<meta name=\"robots\" content=\"index, follow, max-snippet:-1, max-image-preview:large, max-video-preview:-1\" \/>\n<link rel=\"canonical\" href=\"https:\/\/toys.lt\/lv\/produktas\/matematikas-klucisi-eneneeru\/\" \/>\n<meta property=\"og:locale\" content=\"lv_LV\" \/>\n<meta property=\"og:type\" content=\"article\" \/>\n<meta property=\"og:title\" content=\"Matem\u0101tikas kluc\u012b\u0161i (EN+EN+EE+RU) - Toys.lt\" \/>\n<meta property=\"og:description\" content=\"Produkta veids: izgl\u012btojo\u0161a rota\u013clieta Izcelsmes valsts: It\u0101lija Iepakojuma izm\u0113ri: 26 x 19 x 4,5 cm Ieteicamais vecums: no 5 gadiem.\" \/>\n<meta property=\"og:url\" content=\"https:\/\/toys.lt\/lv\/produktas\/matematikas-klucisi-eneneeru\/\" \/>\n<meta property=\"og:site_name\" content=\"Toys.lt\" \/>\n<meta property=\"article:modified_time\" content=\"2026-04-09T00:01:09+00:00\" \/>\n<meta property=\"og:image\" content=\"https:\/\/toys.lt\/wp-content\/uploads\/2021\/09\/products-2147.jpg\" \/>\n\t<meta property=\"og:image:width\" content=\"1052\" \/>\n\t<meta property=\"og:image:height\" content=\"769\" \/>\n\t<meta property=\"og:image:type\" content=\"image\/jpeg\" \/>\n<meta name=\"twitter:card\" content=\"summary_large_image\" \/>\n<script type=\"application\/ld+json\" class=\"yoast-schema-graph\">{\"@context\":\"https:\/\/schema.org\",\"@graph\":[{\"@type\":\"WebPage\",\"@id\":\"https:\/\/toys.lt\/lv\/produktas\/matematikas-klucisi-eneneeru\/\",\"url\":\"https:\/\/toys.lt\/lv\/produktas\/matematikas-klucisi-eneneeru\/\",\"name\":\"Matem\u0101tikas kluc\u012b\u0161i (EN+EN+EE+RU) - Toys.lt\",\"isPartOf\":{\"@id\":\"https:\/\/toys.lt\/lv\/#website\"},\"primaryImageOfPage\":{\"@id\":\"https:\/\/toys.lt\/lv\/produktas\/matematikas-klucisi-eneneeru\/#primaryimage\"},\"image\":{\"@id\":\"https:\/\/toys.lt\/lv\/produktas\/matematikas-klucisi-eneneeru\/#primaryimage\"},\"thumbnailUrl\":\"https:\/\/toys.lt\/wp-content\/uploads\/2021\/09\/products-2147.jpg\",\"datePublished\":\"2021-09-22T23:21:46+00:00\",\"dateModified\":\"2026-04-09T00:01:09+00:00\",\"breadcrumb\":{\"@id\":\"https:\/\/toys.lt\/lv\/produktas\/matematikas-klucisi-eneneeru\/#breadcrumb\"},\"inLanguage\":\"lv-LV\",\"potentialAction\":[{\"@type\":\"ReadAction\",\"target\":[\"https:\/\/toys.lt\/lv\/produktas\/matematikas-klucisi-eneneeru\/\"]}]},{\"@type\":\"ImageObject\",\"inLanguage\":\"lv-LV\",\"@id\":\"https:\/\/toys.lt\/lv\/produktas\/matematikas-klucisi-eneneeru\/#primaryimage\",\"url\":\"https:\/\/toys.lt\/wp-content\/uploads\/2021\/09\/products-2147.jpg\",\"contentUrl\":\"https:\/\/toys.lt\/wp-content\/uploads\/2021\/09\/products-2147.jpg\",\"width\":1052,\"height\":769,\"caption\":\"Matematikos kubeliai (LT+LV+EE+RU)\"},{\"@type\":\"BreadcrumbList\",\"@id\":\"https:\/\/toys.lt\/lv\/produktas\/matematikas-klucisi-eneneeru\/#breadcrumb\",\"itemListElement\":[{\"@type\":\"ListItem\",\"position\":1,\"name\":\"Home\",\"item\":\"https:\/\/toys.lt\/lv\/\"},{\"@type\":\"ListItem\",\"position\":2,\"name\":\"Veikals\",\"item\":\"https:\/\/toys.lt\/lv\/shop\/\"},{\"@type\":\"ListItem\",\"position\":3,\"name\":\"Matem\u0101tikas kluc\u012b\u0161i (EN+EN+EE+RU)\"}]},{\"@type\":\"WebSite\",\"@id\":\"https:\/\/toys.lt\/lv\/#website\",\"url\":\"https:\/\/toys.lt\/lv\/\",\"name\":\"Toys.lt\",\"description\":\"\",\"potentialAction\":[{\"@type\":\"SearchAction\",\"target\":{\"@type\":\"EntryPoint\",\"urlTemplate\":\"https:\/\/toys.lt\/lv\/?s={search_term_string}\"},\"query-input\":{\"@type\":\"PropertyValueSpecification\",\"valueRequired\":true,\"valueName\":\"search_term_string\"}}],\"inLanguage\":\"lv-LV\"}]}<\/script>\n<!-- \/ Yoast SEO plugin. -->","yoast_head_json":{"title":"Matem\u0101tikas kluc\u012b\u0161i (EN+EN+EE+RU) - Toys.lt","robots":{"index":"index","follow":"follow","max-snippet":"max-snippet:-1","max-image-preview":"max-image-preview:large","max-video-preview":"max-video-preview:-1"},"canonical":"https:\/\/toys.lt\/lv\/produktas\/matematikas-klucisi-eneneeru\/","og_locale":"lv_LV","og_type":"article","og_title":"Matem\u0101tikas kluc\u012b\u0161i (EN+EN+EE+RU) - Toys.lt","og_description":"Produkta veids: izgl\u012btojo\u0161a rota\u013clieta Izcelsmes valsts: It\u0101lija Iepakojuma izm\u0113ri: 26 x 19 x 4,5 cm Ieteicamais vecums: no 5 gadiem.","og_url":"https:\/\/toys.lt\/lv\/produktas\/matematikas-klucisi-eneneeru\/","og_site_name":"Toys.lt","article_modified_time":"2026-04-09T00:01:09+00:00","og_image":[{"width":1052,"height":769,"url":"https:\/\/toys.lt\/wp-content\/uploads\/2021\/09\/products-2147.jpg","type":"image\/jpeg"}],"twitter_card":"summary_large_image","schema":{"@context":"https:\/\/schema.org","@graph":[{"@type":"WebPage","@id":"https:\/\/toys.lt\/lv\/produktas\/matematikas-klucisi-eneneeru\/","url":"https:\/\/toys.lt\/lv\/produktas\/matematikas-klucisi-eneneeru\/","name":"Matem\u0101tikas kluc\u012b\u0161i (EN+EN+EE+RU) - Toys.lt","isPartOf":{"@id":"https:\/\/toys.lt\/lv\/#website"},"primaryImageOfPage":{"@id":"https:\/\/toys.lt\/lv\/produktas\/matematikas-klucisi-eneneeru\/#primaryimage"},"image":{"@id":"https:\/\/toys.lt\/lv\/produktas\/matematikas-klucisi-eneneeru\/#primaryimage"},"thumbnailUrl":"https:\/\/toys.lt\/wp-content\/uploads\/2021\/09\/products-2147.jpg","datePublished":"2021-09-22T23:21:46+00:00","dateModified":"2026-04-09T00:01:09+00:00","breadcrumb":{"@id":"https:\/\/toys.lt\/lv\/produktas\/matematikas-klucisi-eneneeru\/#breadcrumb"},"inLanguage":"lv-LV","potentialAction":[{"@type":"ReadAction","target":["https:\/\/toys.lt\/lv\/produktas\/matematikas-klucisi-eneneeru\/"]}]},{"@type":"ImageObject","inLanguage":"lv-LV","@id":"https:\/\/toys.lt\/lv\/produktas\/matematikas-klucisi-eneneeru\/#primaryimage","url":"https:\/\/toys.lt\/wp-content\/uploads\/2021\/09\/products-2147.jpg","contentUrl":"https:\/\/toys.lt\/wp-content\/uploads\/2021\/09\/products-2147.jpg","width":1052,"height":769,"caption":"Matematikos kubeliai (LT+LV+EE+RU)"},{"@type":"BreadcrumbList","@id":"https:\/\/toys.lt\/lv\/produktas\/matematikas-klucisi-eneneeru\/#breadcrumb","itemListElement":[{"@type":"ListItem","position":1,"name":"Home","item":"https:\/\/toys.lt\/lv\/"},{"@type":"ListItem","position":2,"name":"Veikals","item":"https:\/\/toys.lt\/lv\/shop\/"},{"@type":"ListItem","position":3,"name":"Matem\u0101tikas kluc\u012b\u0161i (EN+EN+EE+RU)"}]},{"@type":"WebSite","@id":"https:\/\/toys.lt\/lv\/#website","url":"https:\/\/toys.lt\/lv\/","name":"Toys.lt","description":"","potentialAction":[{"@type":"SearchAction","target":{"@type":"EntryPoint","urlTemplate":"https:\/\/toys.lt\/lv\/?s={search_term_string}"},"query-input":{"@type":"PropertyValueSpecification","valueRequired":true,"valueName":"search_term_string"}}],"inLanguage":"lv-LV"}]}},"_links":{"self":[{"href":"https:\/\/toys.lt\/lv\/wp-json\/wp\/v2\/product\/41697","targetHints":{"allow":["GET"]}}],"collection":[{"href":"https:\/\/toys.lt\/lv\/wp-json\/wp\/v2\/product"}],"about":[{"href":"https:\/\/toys.lt\/lv\/wp-json\/wp\/v2\/types\/product"}],"replies":[{"embeddable":true,"href":"https:\/\/toys.lt\/lv\/wp-json\/wp\/v2\/comments?post=41697"}],"version-history":[{"count":1,"href":"https:\/\/toys.lt\/lv\/wp-json\/wp\/v2\/product\/41697\/revisions"}],"predecessor-version":[{"id":41699,"href":"https:\/\/toys.lt\/lv\/wp-json\/wp\/v2\/product\/41697\/revisions\/41699"}],"wp:featuredmedia":[{"embeddable":true,"href":"https:\/\/toys.lt\/lv\/wp-json\/wp\/v2\/media\/37914"}],"wp:attachment":[{"href":"https:\/\/toys.lt\/lv\/wp-json\/wp\/v2\/media?parent=41697"}],"wp:term":[{"taxonomy":"product_brand","embeddable":true,"href":"https:\/\/toys.lt\/lv\/wp-json\/wp\/v2\/product_brand?post=41697"},{"taxonomy":"product_cat","embeddable":true,"href":"https:\/\/toys.lt\/lv\/wp-json\/wp\/v2\/product_cat?post=41697"},{"taxonomy":"product_tag","embeddable":true,"href":"https:\/\/toys.lt\/lv\/wp-json\/wp\/v2\/product_tag?post=41697"}],"curies":[{"name":"wp","href":"https:\/\/api.w.org\/{rel}","templated":true}]}}