{"id":41682,"date":"2021-10-20T21:03:52","date_gmt":"2021-10-20T21:03:52","guid":{"rendered":"https:\/\/toys.lt\/produktas\/rotallietu-garaza\/"},"modified":"2026-04-09T00:01:00","modified_gmt":"2026-04-09T00:01:00","slug":"rotallietu-garaza","status":"publish","type":"product","link":"https:\/\/toys.lt\/lv\/produktas\/rotallietu-garaza\/","title":{"rendered":"Rota\u013clietu gar\u0101\u017ea"},"content":{"rendered":"<p>P\u0113c salik\u0161anas <strong>rota\u013clietu gar\u0101\u017ea <\/strong>b\u016bs ide\u0101ls gar\u0101\u017eas komplekts j\u016bsu mazu\u013ca automa\u0161\u012bn\u0101m:<\/p>\n<ul>\n<li>Brauk\u0161anas mar\u0161ruts;<\/li>\n<li>Ma\u0161\u012bnas pac\u0113l\u0101js;<\/li>\n<li>Degvielas kolonna;<\/li>\n<li>Autost\u0101vvieta<\/li>\n<\/ul>\n<p><strong>Rota\u013clietu gar\u0101\u017eai <\/strong>ir tr\u012bs st\u0101vi. Ietver 4 automa\u0161\u012bnas, helikopteru. <\/p>\n","protected":false},"excerpt":{"rendered":"<p><strong>Rota\u013clietu gar\u0101\u017ea:<\/strong><\/p>\n<p>Iepakojuma izm\u0113ri: 73 x 9 x 40 cm<\/p>\n<p>Svars 2,06 kg<\/p>\n<p>Materi\u0101ls: plastmasa<\/p>\n<p>Ieteicamais vecums: no 3 gadiem<\/p>\n<p>Izcelsmes valsts: \u0136\u012bna<\/p>\n","protected":false},"featured_media":37997,"comment_status":"open","ping_status":"open","template":"","meta":[],"product_brand":[],"product_cat":[1183,1176,1177,1155],"product_tag":[],"class_list":{"0":"post-41682","1":"product","2":"type-product","3":"status-publish","4":"has-post-thumbnail","6":"product_cat-rotallietas-maziem-berniem","7":"product_cat-rotallietas-zeniem","8":"product_cat-rotalu-automasinas-traktori-un-kapurkedes","9":"product_cat-leti","10":"pa_amziaus-grupe-3-lv","11":"pa_spalva-dazadi","13":"first","14":"outofstock","15":"taxable","16":"shipping-taxable","17":"purchasable","18":"product-type-simple"},"yoast_head":"<!-- This site is optimized with the Yoast SEO plugin v26.3 - https:\/\/yoast.com\/wordpress\/plugins\/seo\/ -->\n<title>Rota\u013clietu gar\u0101\u017ea - Toys.lt<\/title>\n<meta name=\"robots\" content=\"index, follow, max-snippet:-1, max-image-preview:large, max-video-preview:-1\" \/>\n<link rel=\"canonical\" href=\"https:\/\/toys.lt\/lv\/produktas\/rotallietu-garaza\/\" \/>\n<meta property=\"og:locale\" content=\"lv_LV\" \/>\n<meta property=\"og:type\" content=\"article\" \/>\n<meta property=\"og:title\" content=\"Rota\u013clietu gar\u0101\u017ea - Toys.lt\" \/>\n<meta property=\"og:description\" content=\"Rota\u013clietu gar\u0101\u017ea: Iepakojuma izm\u0113ri: 73 x 9 x 40 cm Svars 2,06 kg Materi\u0101ls: plastmasa Ieteicamais vecums: no 3 gadiem Izcelsmes valsts: \u0136\u012bna\" \/>\n<meta property=\"og:url\" content=\"https:\/\/toys.lt\/lv\/produktas\/rotallietu-garaza\/\" \/>\n<meta property=\"og:site_name\" content=\"Toys.lt\" \/>\n<meta property=\"article:modified_time\" content=\"2026-04-09T00:01:00+00:00\" \/>\n<meta property=\"og:image\" content=\"https:\/\/toys.lt\/wp-content\/uploads\/2021\/10\/products-2310.jpg\" \/>\n\t<meta property=\"og:image:width\" content=\"660\" \/>\n\t<meta property=\"og:image:height\" content=\"462\" \/>\n\t<meta property=\"og:image:type\" content=\"image\/jpeg\" \/>\n<meta name=\"twitter:card\" content=\"summary_large_image\" \/>\n<script type=\"application\/ld+json\" class=\"yoast-schema-graph\">{\"@context\":\"https:\/\/schema.org\",\"@graph\":[{\"@type\":\"WebPage\",\"@id\":\"https:\/\/toys.lt\/lv\/produktas\/rotallietu-garaza\/\",\"url\":\"https:\/\/toys.lt\/lv\/produktas\/rotallietu-garaza\/\",\"name\":\"Rota\u013clietu gar\u0101\u017ea - Toys.lt\",\"isPartOf\":{\"@id\":\"https:\/\/toys.lt\/lv\/#website\"},\"primaryImageOfPage\":{\"@id\":\"https:\/\/toys.lt\/lv\/produktas\/rotallietu-garaza\/#primaryimage\"},\"image\":{\"@id\":\"https:\/\/toys.lt\/lv\/produktas\/rotallietu-garaza\/#primaryimage\"},\"thumbnailUrl\":\"https:\/\/toys.lt\/wp-content\/uploads\/2021\/10\/products-2310.jpg\",\"datePublished\":\"2021-10-20T21:03:52+00:00\",\"dateModified\":\"2026-04-09T00:01:00+00:00\",\"breadcrumb\":{\"@id\":\"https:\/\/toys.lt\/lv\/produktas\/rotallietu-garaza\/#breadcrumb\"},\"inLanguage\":\"lv-LV\",\"potentialAction\":[{\"@type\":\"ReadAction\",\"target\":[\"https:\/\/toys.lt\/lv\/produktas\/rotallietu-garaza\/\"]}]},{\"@type\":\"ImageObject\",\"inLanguage\":\"lv-LV\",\"@id\":\"https:\/\/toys.lt\/lv\/produktas\/rotallietu-garaza\/#primaryimage\",\"url\":\"https:\/\/toys.lt\/wp-content\/uploads\/2021\/10\/products-2310.jpg\",\"contentUrl\":\"https:\/\/toys.lt\/wp-content\/uploads\/2021\/10\/products-2310.jpg\",\"width\":660,\"height\":462,\"caption\":\"\u017daislinis gara\u017eas\"},{\"@type\":\"BreadcrumbList\",\"@id\":\"https:\/\/toys.lt\/lv\/produktas\/rotallietu-garaza\/#breadcrumb\",\"itemListElement\":[{\"@type\":\"ListItem\",\"position\":1,\"name\":\"Home\",\"item\":\"https:\/\/toys.lt\/lv\/\"},{\"@type\":\"ListItem\",\"position\":2,\"name\":\"Veikals\",\"item\":\"https:\/\/toys.lt\/lv\/shop\/\"},{\"@type\":\"ListItem\",\"position\":3,\"name\":\"Rota\u013clietu gar\u0101\u017ea\"}]},{\"@type\":\"WebSite\",\"@id\":\"https:\/\/toys.lt\/lv\/#website\",\"url\":\"https:\/\/toys.lt\/lv\/\",\"name\":\"Toys.lt\",\"description\":\"\",\"potentialAction\":[{\"@type\":\"SearchAction\",\"target\":{\"@type\":\"EntryPoint\",\"urlTemplate\":\"https:\/\/toys.lt\/lv\/?s={search_term_string}\"},\"query-input\":{\"@type\":\"PropertyValueSpecification\",\"valueRequired\":true,\"valueName\":\"search_term_string\"}}],\"inLanguage\":\"lv-LV\"}]}<\/script>\n<!-- \/ Yoast SEO plugin. -->","yoast_head_json":{"title":"Rota\u013clietu gar\u0101\u017ea - Toys.lt","robots":{"index":"index","follow":"follow","max-snippet":"max-snippet:-1","max-image-preview":"max-image-preview:large","max-video-preview":"max-video-preview:-1"},"canonical":"https:\/\/toys.lt\/lv\/produktas\/rotallietu-garaza\/","og_locale":"lv_LV","og_type":"article","og_title":"Rota\u013clietu gar\u0101\u017ea - Toys.lt","og_description":"Rota\u013clietu gar\u0101\u017ea: Iepakojuma izm\u0113ri: 73 x 9 x 40 cm Svars 2,06 kg Materi\u0101ls: plastmasa Ieteicamais vecums: no 3 gadiem Izcelsmes valsts: \u0136\u012bna","og_url":"https:\/\/toys.lt\/lv\/produktas\/rotallietu-garaza\/","og_site_name":"Toys.lt","article_modified_time":"2026-04-09T00:01:00+00:00","og_image":[{"width":660,"height":462,"url":"https:\/\/toys.lt\/wp-content\/uploads\/2021\/10\/products-2310.jpg","type":"image\/jpeg"}],"twitter_card":"summary_large_image","schema":{"@context":"https:\/\/schema.org","@graph":[{"@type":"WebPage","@id":"https:\/\/toys.lt\/lv\/produktas\/rotallietu-garaza\/","url":"https:\/\/toys.lt\/lv\/produktas\/rotallietu-garaza\/","name":"Rota\u013clietu gar\u0101\u017ea - Toys.lt","isPartOf":{"@id":"https:\/\/toys.lt\/lv\/#website"},"primaryImageOfPage":{"@id":"https:\/\/toys.lt\/lv\/produktas\/rotallietu-garaza\/#primaryimage"},"image":{"@id":"https:\/\/toys.lt\/lv\/produktas\/rotallietu-garaza\/#primaryimage"},"thumbnailUrl":"https:\/\/toys.lt\/wp-content\/uploads\/2021\/10\/products-2310.jpg","datePublished":"2021-10-20T21:03:52+00:00","dateModified":"2026-04-09T00:01:00+00:00","breadcrumb":{"@id":"https:\/\/toys.lt\/lv\/produktas\/rotallietu-garaza\/#breadcrumb"},"inLanguage":"lv-LV","potentialAction":[{"@type":"ReadAction","target":["https:\/\/toys.lt\/lv\/produktas\/rotallietu-garaza\/"]}]},{"@type":"ImageObject","inLanguage":"lv-LV","@id":"https:\/\/toys.lt\/lv\/produktas\/rotallietu-garaza\/#primaryimage","url":"https:\/\/toys.lt\/wp-content\/uploads\/2021\/10\/products-2310.jpg","contentUrl":"https:\/\/toys.lt\/wp-content\/uploads\/2021\/10\/products-2310.jpg","width":660,"height":462,"caption":"\u017daislinis gara\u017eas"},{"@type":"BreadcrumbList","@id":"https:\/\/toys.lt\/lv\/produktas\/rotallietu-garaza\/#breadcrumb","itemListElement":[{"@type":"ListItem","position":1,"name":"Home","item":"https:\/\/toys.lt\/lv\/"},{"@type":"ListItem","position":2,"name":"Veikals","item":"https:\/\/toys.lt\/lv\/shop\/"},{"@type":"ListItem","position":3,"name":"Rota\u013clietu gar\u0101\u017ea"}]},{"@type":"WebSite","@id":"https:\/\/toys.lt\/lv\/#website","url":"https:\/\/toys.lt\/lv\/","name":"Toys.lt","description":"","potentialAction":[{"@type":"SearchAction","target":{"@type":"EntryPoint","urlTemplate":"https:\/\/toys.lt\/lv\/?s={search_term_string}"},"query-input":{"@type":"PropertyValueSpecification","valueRequired":true,"valueName":"search_term_string"}}],"inLanguage":"lv-LV"}]}},"_links":{"self":[{"href":"https:\/\/toys.lt\/lv\/wp-json\/wp\/v2\/product\/41682","targetHints":{"allow":["GET"]}}],"collection":[{"href":"https:\/\/toys.lt\/lv\/wp-json\/wp\/v2\/product"}],"about":[{"href":"https:\/\/toys.lt\/lv\/wp-json\/wp\/v2\/types\/product"}],"replies":[{"embeddable":true,"href":"https:\/\/toys.lt\/lv\/wp-json\/wp\/v2\/comments?post=41682"}],"version-history":[{"count":1,"href":"https:\/\/toys.lt\/lv\/wp-json\/wp\/v2\/product\/41682\/revisions"}],"predecessor-version":[{"id":41685,"href":"https:\/\/toys.lt\/lv\/wp-json\/wp\/v2\/product\/41682\/revisions\/41685"}],"wp:featuredmedia":[{"embeddable":true,"href":"https:\/\/toys.lt\/lv\/wp-json\/wp\/v2\/media\/37997"}],"wp:attachment":[{"href":"https:\/\/toys.lt\/lv\/wp-json\/wp\/v2\/media?parent=41682"}],"wp:term":[{"taxonomy":"product_brand","embeddable":true,"href":"https:\/\/toys.lt\/lv\/wp-json\/wp\/v2\/product_brand?post=41682"},{"taxonomy":"product_cat","embeddable":true,"href":"https:\/\/toys.lt\/lv\/wp-json\/wp\/v2\/product_cat?post=41682"},{"taxonomy":"product_tag","embeddable":true,"href":"https:\/\/toys.lt\/lv\/wp-json\/wp\/v2\/product_tag?post=41682"}],"curies":[{"name":"wp","href":"https:\/\/api.w.org\/{rel}","templated":true}]}}