{"id":41671,"date":"2021-11-10T02:19:21","date_gmt":"2021-11-10T02:19:21","guid":{"rendered":"https:\/\/toys.lt\/produktas\/metala-konstruktors-4\/"},"modified":"2026-04-09T00:00:57","modified_gmt":"2026-04-09T00:00:57","slug":"metala-konstruktors-4","status":"publish","type":"product","link":"https:\/\/toys.lt\/lv\/produktas\/metala-konstruktors-4\/","title":{"rendered":"Met\u0101la konstruktors"},"content":{"rendered":"<p><strong>Funkcijas:<\/strong><\/p>\n<ul style=\"list-style-type: square;\">\n<li>Deta\u013cas labi sader kop\u0101, ta\u010du t\u0101s ir ar\u012b viegli izjaucamas bez \u012bpa\u0161as piep\u016bles.<\/li>\n<li>B\u0113rns var\u0113s salikt da\u017e\u0101das formas un transportl\u012bdzek\u013cus.<\/li>\n<li>Deta\u013c\u0101m ir spilgta, pies\u0101tin\u0101ta kr\u0101sa, kas laika gait\u0101 neizbal\u0113.<\/li>\n<li>Att\u012bsta motoriku, roku un acu koordin\u0101ciju, lo\u0123isko dom\u0101\u0161anu, komunik\u0101ciju un izt\u0113li.<\/li>\n<\/ul>\n","protected":false},"excerpt":{"rendered":"<p>Produkta veids: konstruktors<\/p>\n<p>Izcelsmes valsts: Ukraina<\/p>\n<p>Iepakojuma izm\u0113ri: 31 x 24 x 4,5 cm<\/p>\n<p>Svars: 0,8 kg<\/p>\n<p>Gabalu skaits: 201<\/p>\n<p>Ieteicamais vecums: no 5 gadiem.<\/p>\n","protected":false},"featured_media":38027,"comment_status":"open","ping_status":"closed","template":"","meta":[],"product_brand":[],"product_cat":[1176,1157,1158,1155],"product_tag":[],"class_list":{"0":"post-41671","1":"product","2":"type-product","3":"status-publish","4":"has-post-thumbnail","6":"product_cat-rotallietas-zeniem","7":"product_cat-izglitojosas-un-interaktivas-rotallietas","8":"product_cat-konstruktori","9":"product_cat-leti","10":"pa_amziaus-grupe-5-lv","11":"pa_prek-s-tipas-konstruktori-un-modulu-bloki","13":"first","14":"instock","15":"taxable","16":"shipping-taxable","17":"purchasable","18":"product-type-simple"},"yoast_head":"<!-- This site is optimized with the Yoast SEO plugin v26.3 - https:\/\/yoast.com\/wordpress\/plugins\/seo\/ -->\n<title>Met\u0101la konstruktors - Toys.lt<\/title>\n<meta name=\"robots\" content=\"index, follow, max-snippet:-1, max-image-preview:large, max-video-preview:-1\" \/>\n<link rel=\"canonical\" href=\"https:\/\/toys.lt\/lv\/produktas\/metala-konstruktors-4\/\" \/>\n<meta property=\"og:locale\" content=\"lv_LV\" \/>\n<meta property=\"og:type\" content=\"article\" \/>\n<meta property=\"og:title\" content=\"Met\u0101la konstruktors - Toys.lt\" \/>\n<meta property=\"og:description\" content=\"Produkta veids: konstruktors Izcelsmes valsts: Ukraina Iepakojuma izm\u0113ri: 31 x 24 x 4,5 cm Svars: 0,8 kg Gabalu skaits: 201 Ieteicamais vecums: no 5 gadiem.\" \/>\n<meta property=\"og:url\" content=\"https:\/\/toys.lt\/lv\/produktas\/metala-konstruktors-4\/\" \/>\n<meta property=\"og:site_name\" content=\"Toys.lt\" \/>\n<meta property=\"article:modified_time\" content=\"2026-04-09T00:00:57+00:00\" \/>\n<meta property=\"og:image\" content=\"https:\/\/toys.lt\/wp-content\/uploads\/2021\/11\/products-2368.jpg\" \/>\n\t<meta property=\"og:image:width\" content=\"1200\" \/>\n\t<meta property=\"og:image:height\" content=\"900\" \/>\n\t<meta property=\"og:image:type\" content=\"image\/jpeg\" \/>\n<meta name=\"twitter:card\" content=\"summary_large_image\" \/>\n<script type=\"application\/ld+json\" class=\"yoast-schema-graph\">{\"@context\":\"https:\/\/schema.org\",\"@graph\":[{\"@type\":\"WebPage\",\"@id\":\"https:\/\/toys.lt\/lv\/produktas\/metala-konstruktors-4\/\",\"url\":\"https:\/\/toys.lt\/lv\/produktas\/metala-konstruktors-4\/\",\"name\":\"Met\u0101la konstruktors - Toys.lt\",\"isPartOf\":{\"@id\":\"https:\/\/toys.lt\/lv\/#website\"},\"primaryImageOfPage\":{\"@id\":\"https:\/\/toys.lt\/lv\/produktas\/metala-konstruktors-4\/#primaryimage\"},\"image\":{\"@id\":\"https:\/\/toys.lt\/lv\/produktas\/metala-konstruktors-4\/#primaryimage\"},\"thumbnailUrl\":\"https:\/\/toys.lt\/wp-content\/uploads\/2021\/11\/products-2368.jpg\",\"datePublished\":\"2021-11-10T02:19:21+00:00\",\"dateModified\":\"2026-04-09T00:00:57+00:00\",\"breadcrumb\":{\"@id\":\"https:\/\/toys.lt\/lv\/produktas\/metala-konstruktors-4\/#breadcrumb\"},\"inLanguage\":\"lv-LV\",\"potentialAction\":[{\"@type\":\"ReadAction\",\"target\":[\"https:\/\/toys.lt\/lv\/produktas\/metala-konstruktors-4\/\"]}]},{\"@type\":\"ImageObject\",\"inLanguage\":\"lv-LV\",\"@id\":\"https:\/\/toys.lt\/lv\/produktas\/metala-konstruktors-4\/#primaryimage\",\"url\":\"https:\/\/toys.lt\/wp-content\/uploads\/2021\/11\/products-2368.jpg\",\"contentUrl\":\"https:\/\/toys.lt\/wp-content\/uploads\/2021\/11\/products-2368.jpg\",\"width\":1200,\"height\":900,\"caption\":\"Metalinis konstruktorius\"},{\"@type\":\"BreadcrumbList\",\"@id\":\"https:\/\/toys.lt\/lv\/produktas\/metala-konstruktors-4\/#breadcrumb\",\"itemListElement\":[{\"@type\":\"ListItem\",\"position\":1,\"name\":\"Home\",\"item\":\"https:\/\/toys.lt\/lv\/\"},{\"@type\":\"ListItem\",\"position\":2,\"name\":\"Veikals\",\"item\":\"https:\/\/toys.lt\/lv\/shop\/\"},{\"@type\":\"ListItem\",\"position\":3,\"name\":\"Met\u0101la konstruktors\"}]},{\"@type\":\"WebSite\",\"@id\":\"https:\/\/toys.lt\/lv\/#website\",\"url\":\"https:\/\/toys.lt\/lv\/\",\"name\":\"Toys.lt\",\"description\":\"\",\"potentialAction\":[{\"@type\":\"SearchAction\",\"target\":{\"@type\":\"EntryPoint\",\"urlTemplate\":\"https:\/\/toys.lt\/lv\/?s={search_term_string}\"},\"query-input\":{\"@type\":\"PropertyValueSpecification\",\"valueRequired\":true,\"valueName\":\"search_term_string\"}}],\"inLanguage\":\"lv-LV\"}]}<\/script>\n<!-- \/ Yoast SEO plugin. -->","yoast_head_json":{"title":"Met\u0101la konstruktors - Toys.lt","robots":{"index":"index","follow":"follow","max-snippet":"max-snippet:-1","max-image-preview":"max-image-preview:large","max-video-preview":"max-video-preview:-1"},"canonical":"https:\/\/toys.lt\/lv\/produktas\/metala-konstruktors-4\/","og_locale":"lv_LV","og_type":"article","og_title":"Met\u0101la konstruktors - Toys.lt","og_description":"Produkta veids: konstruktors Izcelsmes valsts: Ukraina Iepakojuma izm\u0113ri: 31 x 24 x 4,5 cm Svars: 0,8 kg Gabalu skaits: 201 Ieteicamais vecums: no 5 gadiem.","og_url":"https:\/\/toys.lt\/lv\/produktas\/metala-konstruktors-4\/","og_site_name":"Toys.lt","article_modified_time":"2026-04-09T00:00:57+00:00","og_image":[{"width":1200,"height":900,"url":"https:\/\/toys.lt\/wp-content\/uploads\/2021\/11\/products-2368.jpg","type":"image\/jpeg"}],"twitter_card":"summary_large_image","schema":{"@context":"https:\/\/schema.org","@graph":[{"@type":"WebPage","@id":"https:\/\/toys.lt\/lv\/produktas\/metala-konstruktors-4\/","url":"https:\/\/toys.lt\/lv\/produktas\/metala-konstruktors-4\/","name":"Met\u0101la konstruktors - Toys.lt","isPartOf":{"@id":"https:\/\/toys.lt\/lv\/#website"},"primaryImageOfPage":{"@id":"https:\/\/toys.lt\/lv\/produktas\/metala-konstruktors-4\/#primaryimage"},"image":{"@id":"https:\/\/toys.lt\/lv\/produktas\/metala-konstruktors-4\/#primaryimage"},"thumbnailUrl":"https:\/\/toys.lt\/wp-content\/uploads\/2021\/11\/products-2368.jpg","datePublished":"2021-11-10T02:19:21+00:00","dateModified":"2026-04-09T00:00:57+00:00","breadcrumb":{"@id":"https:\/\/toys.lt\/lv\/produktas\/metala-konstruktors-4\/#breadcrumb"},"inLanguage":"lv-LV","potentialAction":[{"@type":"ReadAction","target":["https:\/\/toys.lt\/lv\/produktas\/metala-konstruktors-4\/"]}]},{"@type":"ImageObject","inLanguage":"lv-LV","@id":"https:\/\/toys.lt\/lv\/produktas\/metala-konstruktors-4\/#primaryimage","url":"https:\/\/toys.lt\/wp-content\/uploads\/2021\/11\/products-2368.jpg","contentUrl":"https:\/\/toys.lt\/wp-content\/uploads\/2021\/11\/products-2368.jpg","width":1200,"height":900,"caption":"Metalinis konstruktorius"},{"@type":"BreadcrumbList","@id":"https:\/\/toys.lt\/lv\/produktas\/metala-konstruktors-4\/#breadcrumb","itemListElement":[{"@type":"ListItem","position":1,"name":"Home","item":"https:\/\/toys.lt\/lv\/"},{"@type":"ListItem","position":2,"name":"Veikals","item":"https:\/\/toys.lt\/lv\/shop\/"},{"@type":"ListItem","position":3,"name":"Met\u0101la konstruktors"}]},{"@type":"WebSite","@id":"https:\/\/toys.lt\/lv\/#website","url":"https:\/\/toys.lt\/lv\/","name":"Toys.lt","description":"","potentialAction":[{"@type":"SearchAction","target":{"@type":"EntryPoint","urlTemplate":"https:\/\/toys.lt\/lv\/?s={search_term_string}"},"query-input":{"@type":"PropertyValueSpecification","valueRequired":true,"valueName":"search_term_string"}}],"inLanguage":"lv-LV"}]}},"_links":{"self":[{"href":"https:\/\/toys.lt\/lv\/wp-json\/wp\/v2\/product\/41671","targetHints":{"allow":["GET"]}}],"collection":[{"href":"https:\/\/toys.lt\/lv\/wp-json\/wp\/v2\/product"}],"about":[{"href":"https:\/\/toys.lt\/lv\/wp-json\/wp\/v2\/types\/product"}],"replies":[{"embeddable":true,"href":"https:\/\/toys.lt\/lv\/wp-json\/wp\/v2\/comments?post=41671"}],"version-history":[{"count":1,"href":"https:\/\/toys.lt\/lv\/wp-json\/wp\/v2\/product\/41671\/revisions"}],"predecessor-version":[{"id":41672,"href":"https:\/\/toys.lt\/lv\/wp-json\/wp\/v2\/product\/41671\/revisions\/41672"}],"wp:featuredmedia":[{"embeddable":true,"href":"https:\/\/toys.lt\/lv\/wp-json\/wp\/v2\/media\/38027"}],"wp:attachment":[{"href":"https:\/\/toys.lt\/lv\/wp-json\/wp\/v2\/media?parent=41671"}],"wp:term":[{"taxonomy":"product_brand","embeddable":true,"href":"https:\/\/toys.lt\/lv\/wp-json\/wp\/v2\/product_brand?post=41671"},{"taxonomy":"product_cat","embeddable":true,"href":"https:\/\/toys.lt\/lv\/wp-json\/wp\/v2\/product_cat?post=41671"},{"taxonomy":"product_tag","embeddable":true,"href":"https:\/\/toys.lt\/lv\/wp-json\/wp\/v2\/product_tag?post=41671"}],"curies":[{"name":"wp","href":"https:\/\/api.w.org\/{rel}","templated":true}]}}