{"id":41652,"date":"2021-05-20T00:19:18","date_gmt":"2021-05-20T00:19:18","guid":{"rendered":"https:\/\/toys.lt\/produktas\/elektriskais-trisritenis-pilsan-cobra\/"},"modified":"2026-04-09T00:01:14","modified_gmt":"2026-04-09T00:01:14","slug":"elektriskais-trisritenis-pilsan-cobra","status":"publish","type":"product","link":"https:\/\/toys.lt\/lv\/produktas\/elektriskais-trisritenis-pilsan-cobra\/","title":{"rendered":"Elektriskais tr\u012bsritenis Pilsan &#8220;Cobra&#8221;"},"content":{"rendered":"<p><strong>Funkcijas:<\/strong><\/p>\n<ul style=\"list-style-type: square\">\n<li>  Maksim\u0101lais svars: 35 kg<\/li>\n<li>  \u0100trums: 3,5 km\/h<\/li>\n<li>  6 V akumulators, 6 V l\u0101d\u0113t\u0101js<\/li>\n<li>  1&#215;6 V aizmugur\u0113jais motors<\/li>\n<li>  Termoprotektors (\u0137\u0113des aizsardz\u012bba pret p\u0101rkar\u0161anu)<\/li>\n<li>  \u0100trums uz priek\u0161u un atpaka\u013cgait\u0101 (1 sekundes aizture)<\/li>\n<li>  Vied\u0101 atsl\u0113gu sist\u0113ma ar apgaismojumu<\/li>\n<li>  P\u0101rnesums uz priek\u0161u\/atpaka\u013cgaitas p\u0101rnesums<\/li>\n<li>  Kad b\u0113rns no\u0146em k\u0101ju no akseleratora ped\u0101\u013ca, tr\u012bsritenis autom\u0101tiski apst\u0101sies.<\/li>\n<li>  Elegants un ergonomisks dizains<\/li>\n<li>  B\u0113rnu vesel\u012bbai piem\u0113rota izejviela, kas nesatur kancerog\u0113nas vielas<\/li>\n<\/ul>\n","protected":false},"excerpt":{"rendered":"<p>Produkta veids: p\u0101rvieto\u0161an\u0101s pal\u012bgl\u012bdzeklis<\/p>\n<p>Izcelsmes valsts: Turcija<\/p>\n<p>Produkta izm\u0113ri: 58,5 x 92 x 70 cm<\/p>\n<p>Svars: 9 kg<\/p>\n<p>Ieteicamais vecums: no 3 gadiem.<\/p>\n","protected":false},"featured_media":37872,"comment_status":"open","ping_status":"closed","template":"","meta":[],"product_brand":[],"product_cat":[1162,1155,1166,1169],"product_tag":[],"class_list":{"0":"post-41652","1":"product","2":"type-product","3":"status-publish","4":"has-post-thumbnail","6":"product_cat-ara-un-vasaras-rotallietas","7":"product_cat-leti","8":"product_cat-skuteri-tricikli-motocikli-kvadracikli","9":"product_cat-uzsezamas-un-pedalu-rotallietu-masinas-un-traktori","10":"pa_amziaus-grupe-3-lv","11":"pa_prek-s-tipas-tricikli","12":"pa_spalva-sarkanais","14":"first","15":"instock","16":"sale","17":"taxable","18":"shipping-taxable","19":"purchasable","20":"product-type-simple"},"yoast_head":"<!-- This site is optimized with the Yoast SEO plugin v26.3 - https:\/\/yoast.com\/wordpress\/plugins\/seo\/ -->\n<title>Elektriskais tr\u012bsritenis Pilsan &quot;Cobra&quot; - Toys.lt<\/title>\n<meta name=\"robots\" content=\"index, follow, max-snippet:-1, max-image-preview:large, max-video-preview:-1\" \/>\n<link rel=\"canonical\" href=\"https:\/\/toys.lt\/lv\/produktas\/elektriskais-trisritenis-pilsan-cobra\/\" \/>\n<meta property=\"og:locale\" content=\"lv_LV\" \/>\n<meta property=\"og:type\" content=\"article\" \/>\n<meta property=\"og:title\" content=\"Elektriskais tr\u012bsritenis Pilsan &quot;Cobra&quot; - Toys.lt\" \/>\n<meta property=\"og:description\" content=\"Produkta veids: p\u0101rvieto\u0161an\u0101s pal\u012bgl\u012bdzeklis Izcelsmes valsts: Turcija Produkta izm\u0113ri: 58,5 x 92 x 70 cm Svars: 9 kg Ieteicamais vecums: no 3 gadiem.\" \/>\n<meta property=\"og:url\" content=\"https:\/\/toys.lt\/lv\/produktas\/elektriskais-trisritenis-pilsan-cobra\/\" \/>\n<meta property=\"og:site_name\" content=\"Toys.lt\" \/>\n<meta property=\"article:modified_time\" content=\"2026-04-09T00:01:14+00:00\" \/>\n<meta property=\"og:image\" content=\"https:\/\/toys.lt\/wp-content\/uploads\/2021\/05\/products-2058-scaled.jpg\" \/>\n\t<meta property=\"og:image:width\" content=\"2560\" \/>\n\t<meta property=\"og:image:height\" content=\"2226\" \/>\n\t<meta property=\"og:image:type\" content=\"image\/jpeg\" \/>\n<meta name=\"twitter:card\" content=\"summary_large_image\" \/>\n<script type=\"application\/ld+json\" class=\"yoast-schema-graph\">{\"@context\":\"https:\/\/schema.org\",\"@graph\":[{\"@type\":\"WebPage\",\"@id\":\"https:\/\/toys.lt\/lv\/produktas\/elektriskais-trisritenis-pilsan-cobra\/\",\"url\":\"https:\/\/toys.lt\/lv\/produktas\/elektriskais-trisritenis-pilsan-cobra\/\",\"name\":\"Elektriskais tr\u012bsritenis Pilsan \\\"Cobra\\\" - Toys.lt\",\"isPartOf\":{\"@id\":\"https:\/\/toys.lt\/lv\/#website\"},\"primaryImageOfPage\":{\"@id\":\"https:\/\/toys.lt\/lv\/produktas\/elektriskais-trisritenis-pilsan-cobra\/#primaryimage\"},\"image\":{\"@id\":\"https:\/\/toys.lt\/lv\/produktas\/elektriskais-trisritenis-pilsan-cobra\/#primaryimage\"},\"thumbnailUrl\":\"https:\/\/toys.lt\/wp-content\/uploads\/2021\/05\/products-2058-scaled.jpg\",\"datePublished\":\"2021-05-20T00:19:18+00:00\",\"dateModified\":\"2026-04-09T00:01:14+00:00\",\"breadcrumb\":{\"@id\":\"https:\/\/toys.lt\/lv\/produktas\/elektriskais-trisritenis-pilsan-cobra\/#breadcrumb\"},\"inLanguage\":\"lv-LV\",\"potentialAction\":[{\"@type\":\"ReadAction\",\"target\":[\"https:\/\/toys.lt\/lv\/produktas\/elektriskais-trisritenis-pilsan-cobra\/\"]}]},{\"@type\":\"ImageObject\",\"inLanguage\":\"lv-LV\",\"@id\":\"https:\/\/toys.lt\/lv\/produktas\/elektriskais-trisritenis-pilsan-cobra\/#primaryimage\",\"url\":\"https:\/\/toys.lt\/wp-content\/uploads\/2021\/05\/products-2058-scaled.jpg\",\"contentUrl\":\"https:\/\/toys.lt\/wp-content\/uploads\/2021\/05\/products-2058-scaled.jpg\",\"width\":2560,\"height\":2226,\"caption\":\"Elektrinis triratis Pilsan &#8220;Cobra&#8221;\"},{\"@type\":\"BreadcrumbList\",\"@id\":\"https:\/\/toys.lt\/lv\/produktas\/elektriskais-trisritenis-pilsan-cobra\/#breadcrumb\",\"itemListElement\":[{\"@type\":\"ListItem\",\"position\":1,\"name\":\"Home\",\"item\":\"https:\/\/toys.lt\/lv\/\"},{\"@type\":\"ListItem\",\"position\":2,\"name\":\"Veikals\",\"item\":\"https:\/\/toys.lt\/lv\/shop\/\"},{\"@type\":\"ListItem\",\"position\":3,\"name\":\"Elektriskais tr\u012bsritenis Pilsan &#8222;Cobra&#8221;\"}]},{\"@type\":\"WebSite\",\"@id\":\"https:\/\/toys.lt\/lv\/#website\",\"url\":\"https:\/\/toys.lt\/lv\/\",\"name\":\"Toys.lt\",\"description\":\"\",\"potentialAction\":[{\"@type\":\"SearchAction\",\"target\":{\"@type\":\"EntryPoint\",\"urlTemplate\":\"https:\/\/toys.lt\/lv\/?s={search_term_string}\"},\"query-input\":{\"@type\":\"PropertyValueSpecification\",\"valueRequired\":true,\"valueName\":\"search_term_string\"}}],\"inLanguage\":\"lv-LV\"}]}<\/script>\n<!-- \/ Yoast SEO plugin. -->","yoast_head_json":{"title":"Elektriskais tr\u012bsritenis Pilsan \"Cobra\" - Toys.lt","robots":{"index":"index","follow":"follow","max-snippet":"max-snippet:-1","max-image-preview":"max-image-preview:large","max-video-preview":"max-video-preview:-1"},"canonical":"https:\/\/toys.lt\/lv\/produktas\/elektriskais-trisritenis-pilsan-cobra\/","og_locale":"lv_LV","og_type":"article","og_title":"Elektriskais tr\u012bsritenis Pilsan \"Cobra\" - Toys.lt","og_description":"Produkta veids: p\u0101rvieto\u0161an\u0101s pal\u012bgl\u012bdzeklis Izcelsmes valsts: Turcija Produkta izm\u0113ri: 58,5 x 92 x 70 cm Svars: 9 kg Ieteicamais vecums: no 3 gadiem.","og_url":"https:\/\/toys.lt\/lv\/produktas\/elektriskais-trisritenis-pilsan-cobra\/","og_site_name":"Toys.lt","article_modified_time":"2026-04-09T00:01:14+00:00","og_image":[{"width":2560,"height":2226,"url":"https:\/\/toys.lt\/wp-content\/uploads\/2021\/05\/products-2058-scaled.jpg","type":"image\/jpeg"}],"twitter_card":"summary_large_image","schema":{"@context":"https:\/\/schema.org","@graph":[{"@type":"WebPage","@id":"https:\/\/toys.lt\/lv\/produktas\/elektriskais-trisritenis-pilsan-cobra\/","url":"https:\/\/toys.lt\/lv\/produktas\/elektriskais-trisritenis-pilsan-cobra\/","name":"Elektriskais tr\u012bsritenis Pilsan \"Cobra\" - Toys.lt","isPartOf":{"@id":"https:\/\/toys.lt\/lv\/#website"},"primaryImageOfPage":{"@id":"https:\/\/toys.lt\/lv\/produktas\/elektriskais-trisritenis-pilsan-cobra\/#primaryimage"},"image":{"@id":"https:\/\/toys.lt\/lv\/produktas\/elektriskais-trisritenis-pilsan-cobra\/#primaryimage"},"thumbnailUrl":"https:\/\/toys.lt\/wp-content\/uploads\/2021\/05\/products-2058-scaled.jpg","datePublished":"2021-05-20T00:19:18+00:00","dateModified":"2026-04-09T00:01:14+00:00","breadcrumb":{"@id":"https:\/\/toys.lt\/lv\/produktas\/elektriskais-trisritenis-pilsan-cobra\/#breadcrumb"},"inLanguage":"lv-LV","potentialAction":[{"@type":"ReadAction","target":["https:\/\/toys.lt\/lv\/produktas\/elektriskais-trisritenis-pilsan-cobra\/"]}]},{"@type":"ImageObject","inLanguage":"lv-LV","@id":"https:\/\/toys.lt\/lv\/produktas\/elektriskais-trisritenis-pilsan-cobra\/#primaryimage","url":"https:\/\/toys.lt\/wp-content\/uploads\/2021\/05\/products-2058-scaled.jpg","contentUrl":"https:\/\/toys.lt\/wp-content\/uploads\/2021\/05\/products-2058-scaled.jpg","width":2560,"height":2226,"caption":"Elektrinis triratis Pilsan &#8220;Cobra&#8221;"},{"@type":"BreadcrumbList","@id":"https:\/\/toys.lt\/lv\/produktas\/elektriskais-trisritenis-pilsan-cobra\/#breadcrumb","itemListElement":[{"@type":"ListItem","position":1,"name":"Home","item":"https:\/\/toys.lt\/lv\/"},{"@type":"ListItem","position":2,"name":"Veikals","item":"https:\/\/toys.lt\/lv\/shop\/"},{"@type":"ListItem","position":3,"name":"Elektriskais tr\u012bsritenis Pilsan &#8222;Cobra&#8221;"}]},{"@type":"WebSite","@id":"https:\/\/toys.lt\/lv\/#website","url":"https:\/\/toys.lt\/lv\/","name":"Toys.lt","description":"","potentialAction":[{"@type":"SearchAction","target":{"@type":"EntryPoint","urlTemplate":"https:\/\/toys.lt\/lv\/?s={search_term_string}"},"query-input":{"@type":"PropertyValueSpecification","valueRequired":true,"valueName":"search_term_string"}}],"inLanguage":"lv-LV"}]}},"_links":{"self":[{"href":"https:\/\/toys.lt\/lv\/wp-json\/wp\/v2\/product\/41652","targetHints":{"allow":["GET"]}}],"collection":[{"href":"https:\/\/toys.lt\/lv\/wp-json\/wp\/v2\/product"}],"about":[{"href":"https:\/\/toys.lt\/lv\/wp-json\/wp\/v2\/types\/product"}],"replies":[{"embeddable":true,"href":"https:\/\/toys.lt\/lv\/wp-json\/wp\/v2\/comments?post=41652"}],"version-history":[{"count":2,"href":"https:\/\/toys.lt\/lv\/wp-json\/wp\/v2\/product\/41652\/revisions"}],"predecessor-version":[{"id":46205,"href":"https:\/\/toys.lt\/lv\/wp-json\/wp\/v2\/product\/41652\/revisions\/46205"}],"wp:featuredmedia":[{"embeddable":true,"href":"https:\/\/toys.lt\/lv\/wp-json\/wp\/v2\/media\/37872"}],"wp:attachment":[{"href":"https:\/\/toys.lt\/lv\/wp-json\/wp\/v2\/media?parent=41652"}],"wp:term":[{"taxonomy":"product_brand","embeddable":true,"href":"https:\/\/toys.lt\/lv\/wp-json\/wp\/v2\/product_brand?post=41652"},{"taxonomy":"product_cat","embeddable":true,"href":"https:\/\/toys.lt\/lv\/wp-json\/wp\/v2\/product_cat?post=41652"},{"taxonomy":"product_tag","embeddable":true,"href":"https:\/\/toys.lt\/lv\/wp-json\/wp\/v2\/product_tag?post=41652"}],"curies":[{"name":"wp","href":"https:\/\/api.w.org\/{rel}","templated":true}]}}