{"id":41605,"date":"2022-03-10T02:20:44","date_gmt":"2022-03-10T02:20:44","guid":{"rendered":"https:\/\/toys.lt\/?post_type=product&#038;p=41605"},"modified":"2026-04-09T00:00:48","modified_gmt":"2026-04-09T00:00:48","slug":"clementoni-mehaniskas-laboratorijas-supercar","status":"publish","type":"product","link":"https:\/\/toys.lt\/lv\/produktas\/clementoni-mehaniskas-laboratorijas-supercar\/","title":{"rendered":"Clementoni Meh\u0101nisk\u0101s laboratorijas &#8211; Supercar"},"content":{"rendered":"<p class=\"MsoNormal\" style=\"margin: 0px; font-size: medium; color: #7a7a7a; padding: 0px; line-height: inherit; border: 0px; font-family: Roboto, sans-serif; background-color: #fefefe; text-align: center;\" align=\"center\"><i style=\"line-height: inherit; margin: 0px; padding: 0px; border: 0px; font-variant: inherit; font-weight: inherit; font-size: inherit; font-family: inherit;\"><span style=\"margin: 0px; padding: 0px; border: 0px; font-style: inherit; font-variant: inherit; font-weight: inherit; font-size: 8.5pt; line-height: inherit; font-family: Verdana, sans-serif; color: #000000;\">Clementoni &#8211; dibin\u0101ts It\u0101lij\u0101 un veiksm\u012bgi darbojas jau vair\u0101k nek\u0101 50 gadus! Uz\u0146\u0113muma misija ir rad\u012bt sp\u0113les, kas pal\u012bdz b\u0113rniem augt.   <\/span><\/i><\/p>\n<p class=\"MsoNormal\" style=\"margin: 0px; font-size: medium; color: #7a7a7a; padding: 0px; line-height: inherit; border: 0px; font-family: Roboto, sans-serif; background-color: #fefefe; text-align: center;\" align=\"center\"><i style=\"line-height: inherit; margin: 0px; padding: 0px; border: 0px; font-variant: inherit; font-weight: inherit; font-size: inherit; font-family: inherit;\"><span style=\"margin: 0px; padding: 0px; border: 0px; font-style: inherit; font-variant: inherit; font-weight: inherit; font-size: 8.5pt; line-height: inherit; font-family: Verdana, sans-serif; color: #000000;\">Tas viss ir izstr\u0101d\u0101ts, lai apmierin\u0101tu jaunie\u0161u vajadz\u012bbas, \u0146emot v\u0113r\u0101 m\u016bsdienu tehnolo\u0123ijas un glob\u0101l\u0101s izgl\u012bt\u012bbas tendences.<\/span><\/i><\/p>\n<p data-start=\"532\" data-end=\"835\">Clementoni Mechanics Supercar ir STEM izgl\u012btojo\u0161s konstruktors, kas \u013cauj uzb\u016bv\u0113t iespaid\u012bgu sporta automa\u0161\u012bnu. Komplekt\u0101 ir vair\u0101k nek\u0101 100 deta\u013cu, un tas sniedz iesp\u0113ju iepaz\u012bt meh\u0101nikas pamatus un iem\u0101c\u012bties izprast p\u0101rnesumu, brauk\u0161anas un kust\u012bbas principus. <\/p>\n<p data-start=\"837\" data-end=\"1011\">\u012apa\u0161a bezmaksas lietotne nodro\u0161ina virtu\u0101lu pal\u012bdz\u012bbu mont\u0101\u017eas posm\u0101, padarot procesu v\u0113l vienk\u0101r\u0161\u0101ku un interakt\u012bvu m\u0101c\u012bbu pieredzi.<\/p>\n<p data-start=\"1013\" data-end=\"1027\"><strong data-start=\"1013\" data-end=\"1025\">Funkcijas:<\/strong><\/p>\n<ul data-start=\"1028\" data-end=\"1324\">\n<li data-start=\"1028\" data-end=\"1080\">\n<p data-start=\"1030\" data-end=\"1080\">Sac\u012bk\u0161u automa\u0161\u012bna ir samont\u0113ta no 100 deta\u013c\u0101m;<\/p>\n<\/li>\n<li data-start=\"1081\" data-end=\"1158\">\n<p data-start=\"1083\" data-end=\"1158\">Lejupiel\u0101d\u0113t ir pieejama lietotne ar 3D mode\u013ciem un mont\u0101\u017eas instrukcij\u0101m;<\/p>\n<\/li>\n<li data-start=\"1159\" data-end=\"1219\">\n<p data-start=\"1161\" data-end=\"1219\">Lielisks simulators meh\u0101nikas un in\u017eenierzin\u0101t\u0146u pamatiem;<\/p>\n<\/li>\n<li data-start=\"1220\" data-end=\"1287\">\n<p data-start=\"1222\" data-end=\"1287\">Att\u012bsta roku veikl\u012bbu, izt\u0113li, rado\u0161umu un lo\u0123isko dom\u0101\u0161anu;<\/p>\n<\/li>\n<li data-start=\"1288\" data-end=\"1324\">\n<p data-start=\"1290\" data-end=\"1324\">Komplekt\u0101 iek\u013cauta lietot\u0101ja rokasgr\u0101mata.<\/p>\n<\/li>\n<\/ul>\n<p data-start=\"1326\" data-end=\"1555\"><strong data-start=\"1326\" data-end=\"1355\">Citi tehniskie dati:<\/strong><br data-start=\"1355\" data-end=\"1358\">Ieteicamais vecums: no 8 gadiem.<br data-start=\"1392\" data-end=\"1395\">S\u0113rija: Science &amp; Play &#8211; Mechanics.<br data-start=\"1430\" data-end=\"1433\">Ra\u017eots It\u0101lij\u0101.<br data-start=\"1453\" data-end=\"1456\">Dro\u0161\u012bbas br\u012bdin\u0101jums: nav piem\u0113rots b\u0113rniem l\u012bdz 3 gadu (36 m\u0113ne\u0161u) vecumam mazu deta\u013cu d\u0113\u013c &#8211; aizr\u012b\u0161an\u0101s risks.<\/p>\n","protected":false},"excerpt":{"rendered":"<p>Produkta veids: izgl\u012btojo\u0161s<\/p>\n<p>Z\u012bmola nosaukums: Clementoni<\/p>\n<p>Izcelsmes valsts: It\u0101lija<\/p>\n<p>Iepakojuma izm\u0113ri: 28 x 19 x 7 cm<\/p>\n<p>Ieteicamais vecums: no 8 gadiem.<\/p>\n","protected":false},"featured_media":38141,"comment_status":"open","ping_status":"closed","template":"","meta":[],"product_brand":[384],"product_cat":[1180,1176,1157,1155],"product_tag":[],"class_list":{"0":"post-41605","1":"product","2":"type-product","3":"status-publish","4":"has-post-thumbnail","6":"product_brand-clementoni-2","7":"product_cat-rotallietas-meitenem","8":"product_cat-rotallietas-zeniem","9":"product_cat-izglitojosas-un-interaktivas-rotallietas","10":"product_cat-leti","11":"pa_amziaus-grupe-8-lv","12":"pa_prek-s-tipas-masinas","13":"pa_prekes-zenklas-clementoni-lv","15":"first","16":"instock","17":"taxable","18":"shipping-taxable","19":"purchasable","20":"product-type-simple"},"yoast_head":"<!-- This site is optimized with the Yoast SEO plugin v26.3 - https:\/\/yoast.com\/wordpress\/plugins\/seo\/ -->\n<title>Clementoni Meh\u0101nisk\u0101s laboratorijas - Supercar - Toys.lt<\/title>\n<meta name=\"description\" content=\"Clementoni Mechanical Labs - Superauto konstruktors, 100 gabali\u0146i. Att\u012bsta rado\u0161umu, roku veikl\u012bbu un iepaz\u012bstina ar meh\u0101nikas pamatiem.\" \/>\n<meta name=\"robots\" content=\"index, follow, max-snippet:-1, max-image-preview:large, max-video-preview:-1\" \/>\n<link rel=\"canonical\" href=\"https:\/\/toys.lt\/lv\/produktas\/clementoni-mehaniskas-laboratorijas-supercar\/\" \/>\n<meta property=\"og:locale\" content=\"lv_LV\" \/>\n<meta property=\"og:type\" content=\"article\" \/>\n<meta property=\"og:title\" content=\"Clementoni Meh\u0101nisk\u0101s laboratorijas - Supercar - Toys.lt\" \/>\n<meta property=\"og:description\" content=\"Clementoni Mechanical Labs - Superauto konstruktors, 100 gabali\u0146i. Att\u012bsta rado\u0161umu, roku veikl\u012bbu un iepaz\u012bstina ar meh\u0101nikas pamatiem.\" \/>\n<meta property=\"og:url\" content=\"https:\/\/toys.lt\/lv\/produktas\/clementoni-mehaniskas-laboratorijas-supercar\/\" \/>\n<meta property=\"og:site_name\" content=\"Toys.lt\" \/>\n<meta property=\"article:modified_time\" content=\"2026-04-09T00:00:48+00:00\" \/>\n<meta property=\"og:image\" content=\"https:\/\/toys.lt\/wp-content\/uploads\/2022\/03\/products-2589.jpg\" \/>\n\t<meta property=\"og:image:width\" content=\"912\" \/>\n\t<meta property=\"og:image:height\" content=\"702\" \/>\n\t<meta property=\"og:image:type\" content=\"image\/jpeg\" \/>\n<meta name=\"twitter:card\" content=\"summary_large_image\" \/>\n<meta name=\"twitter:label1\" content=\"Est. reading time\" \/>\n\t<meta name=\"twitter:data1\" content=\"1 minute\" \/>\n<script type=\"application\/ld+json\" class=\"yoast-schema-graph\">{\"@context\":\"https:\/\/schema.org\",\"@graph\":[{\"@type\":\"WebPage\",\"@id\":\"https:\/\/toys.lt\/lv\/produktas\/clementoni-mehaniskas-laboratorijas-supercar\/\",\"url\":\"https:\/\/toys.lt\/lv\/produktas\/clementoni-mehaniskas-laboratorijas-supercar\/\",\"name\":\"Clementoni Meh\u0101nisk\u0101s laboratorijas - Supercar - Toys.lt\",\"isPartOf\":{\"@id\":\"https:\/\/toys.lt\/lv\/#website\"},\"primaryImageOfPage\":{\"@id\":\"https:\/\/toys.lt\/lv\/produktas\/clementoni-mehaniskas-laboratorijas-supercar\/#primaryimage\"},\"image\":{\"@id\":\"https:\/\/toys.lt\/lv\/produktas\/clementoni-mehaniskas-laboratorijas-supercar\/#primaryimage\"},\"thumbnailUrl\":\"https:\/\/toys.lt\/wp-content\/uploads\/2022\/03\/products-2589.jpg\",\"datePublished\":\"2022-03-10T02:20:44+00:00\",\"dateModified\":\"2026-04-09T00:00:48+00:00\",\"description\":\"Clementoni Mechanical Labs - Superauto konstruktors, 100 gabali\u0146i. Att\u012bsta rado\u0161umu, roku veikl\u012bbu un iepaz\u012bstina ar meh\u0101nikas pamatiem.\",\"breadcrumb\":{\"@id\":\"https:\/\/toys.lt\/lv\/produktas\/clementoni-mehaniskas-laboratorijas-supercar\/#breadcrumb\"},\"inLanguage\":\"lv-LV\",\"potentialAction\":[{\"@type\":\"ReadAction\",\"target\":[\"https:\/\/toys.lt\/lv\/produktas\/clementoni-mehaniskas-laboratorijas-supercar\/\"]}]},{\"@type\":\"ImageObject\",\"inLanguage\":\"lv-LV\",\"@id\":\"https:\/\/toys.lt\/lv\/produktas\/clementoni-mehaniskas-laboratorijas-supercar\/#primaryimage\",\"url\":\"https:\/\/toys.lt\/wp-content\/uploads\/2022\/03\/products-2589.jpg\",\"contentUrl\":\"https:\/\/toys.lt\/wp-content\/uploads\/2022\/03\/products-2589.jpg\",\"width\":912,\"height\":702,\"caption\":\"Clementoni konstruktorius &#8220;Mechanical Labs &#8211; &#8220;SUPERCAR&#8221;\"},{\"@type\":\"BreadcrumbList\",\"@id\":\"https:\/\/toys.lt\/lv\/produktas\/clementoni-mehaniskas-laboratorijas-supercar\/#breadcrumb\",\"itemListElement\":[{\"@type\":\"ListItem\",\"position\":1,\"name\":\"Home\",\"item\":\"https:\/\/toys.lt\/lv\/\"},{\"@type\":\"ListItem\",\"position\":2,\"name\":\"Veikals\",\"item\":\"https:\/\/toys.lt\/lv\/shop\/\"},{\"@type\":\"ListItem\",\"position\":3,\"name\":\"Clementoni Meh\u0101nisk\u0101s laboratorijas &#8211; Supercar\"}]},{\"@type\":\"WebSite\",\"@id\":\"https:\/\/toys.lt\/lv\/#website\",\"url\":\"https:\/\/toys.lt\/lv\/\",\"name\":\"Toys.lt\",\"description\":\"\",\"potentialAction\":[{\"@type\":\"SearchAction\",\"target\":{\"@type\":\"EntryPoint\",\"urlTemplate\":\"https:\/\/toys.lt\/lv\/?s={search_term_string}\"},\"query-input\":{\"@type\":\"PropertyValueSpecification\",\"valueRequired\":true,\"valueName\":\"search_term_string\"}}],\"inLanguage\":\"lv-LV\"}]}<\/script>\n<!-- \/ Yoast SEO plugin. -->","yoast_head_json":{"title":"Clementoni Meh\u0101nisk\u0101s laboratorijas - Supercar - Toys.lt","description":"Clementoni Mechanical Labs - Superauto konstruktors, 100 gabali\u0146i. Att\u012bsta rado\u0161umu, roku veikl\u012bbu un iepaz\u012bstina ar meh\u0101nikas pamatiem.","robots":{"index":"index","follow":"follow","max-snippet":"max-snippet:-1","max-image-preview":"max-image-preview:large","max-video-preview":"max-video-preview:-1"},"canonical":"https:\/\/toys.lt\/lv\/produktas\/clementoni-mehaniskas-laboratorijas-supercar\/","og_locale":"lv_LV","og_type":"article","og_title":"Clementoni Meh\u0101nisk\u0101s laboratorijas - Supercar - Toys.lt","og_description":"Clementoni Mechanical Labs - Superauto konstruktors, 100 gabali\u0146i. Att\u012bsta rado\u0161umu, roku veikl\u012bbu un iepaz\u012bstina ar meh\u0101nikas pamatiem.","og_url":"https:\/\/toys.lt\/lv\/produktas\/clementoni-mehaniskas-laboratorijas-supercar\/","og_site_name":"Toys.lt","article_modified_time":"2026-04-09T00:00:48+00:00","og_image":[{"width":912,"height":702,"url":"https:\/\/toys.lt\/wp-content\/uploads\/2022\/03\/products-2589.jpg","type":"image\/jpeg"}],"twitter_card":"summary_large_image","twitter_misc":{"Est. reading time":"1 minute"},"schema":{"@context":"https:\/\/schema.org","@graph":[{"@type":"WebPage","@id":"https:\/\/toys.lt\/lv\/produktas\/clementoni-mehaniskas-laboratorijas-supercar\/","url":"https:\/\/toys.lt\/lv\/produktas\/clementoni-mehaniskas-laboratorijas-supercar\/","name":"Clementoni Meh\u0101nisk\u0101s laboratorijas - Supercar - Toys.lt","isPartOf":{"@id":"https:\/\/toys.lt\/lv\/#website"},"primaryImageOfPage":{"@id":"https:\/\/toys.lt\/lv\/produktas\/clementoni-mehaniskas-laboratorijas-supercar\/#primaryimage"},"image":{"@id":"https:\/\/toys.lt\/lv\/produktas\/clementoni-mehaniskas-laboratorijas-supercar\/#primaryimage"},"thumbnailUrl":"https:\/\/toys.lt\/wp-content\/uploads\/2022\/03\/products-2589.jpg","datePublished":"2022-03-10T02:20:44+00:00","dateModified":"2026-04-09T00:00:48+00:00","description":"Clementoni Mechanical Labs - Superauto konstruktors, 100 gabali\u0146i. Att\u012bsta rado\u0161umu, roku veikl\u012bbu un iepaz\u012bstina ar meh\u0101nikas pamatiem.","breadcrumb":{"@id":"https:\/\/toys.lt\/lv\/produktas\/clementoni-mehaniskas-laboratorijas-supercar\/#breadcrumb"},"inLanguage":"lv-LV","potentialAction":[{"@type":"ReadAction","target":["https:\/\/toys.lt\/lv\/produktas\/clementoni-mehaniskas-laboratorijas-supercar\/"]}]},{"@type":"ImageObject","inLanguage":"lv-LV","@id":"https:\/\/toys.lt\/lv\/produktas\/clementoni-mehaniskas-laboratorijas-supercar\/#primaryimage","url":"https:\/\/toys.lt\/wp-content\/uploads\/2022\/03\/products-2589.jpg","contentUrl":"https:\/\/toys.lt\/wp-content\/uploads\/2022\/03\/products-2589.jpg","width":912,"height":702,"caption":"Clementoni konstruktorius &#8220;Mechanical Labs &#8211; &#8220;SUPERCAR&#8221;"},{"@type":"BreadcrumbList","@id":"https:\/\/toys.lt\/lv\/produktas\/clementoni-mehaniskas-laboratorijas-supercar\/#breadcrumb","itemListElement":[{"@type":"ListItem","position":1,"name":"Home","item":"https:\/\/toys.lt\/lv\/"},{"@type":"ListItem","position":2,"name":"Veikals","item":"https:\/\/toys.lt\/lv\/shop\/"},{"@type":"ListItem","position":3,"name":"Clementoni Meh\u0101nisk\u0101s laboratorijas &#8211; Supercar"}]},{"@type":"WebSite","@id":"https:\/\/toys.lt\/lv\/#website","url":"https:\/\/toys.lt\/lv\/","name":"Toys.lt","description":"","potentialAction":[{"@type":"SearchAction","target":{"@type":"EntryPoint","urlTemplate":"https:\/\/toys.lt\/lv\/?s={search_term_string}"},"query-input":{"@type":"PropertyValueSpecification","valueRequired":true,"valueName":"search_term_string"}}],"inLanguage":"lv-LV"}]}},"_links":{"self":[{"href":"https:\/\/toys.lt\/lv\/wp-json\/wp\/v2\/product\/41605","targetHints":{"allow":["GET"]}}],"collection":[{"href":"https:\/\/toys.lt\/lv\/wp-json\/wp\/v2\/product"}],"about":[{"href":"https:\/\/toys.lt\/lv\/wp-json\/wp\/v2\/types\/product"}],"replies":[{"embeddable":true,"href":"https:\/\/toys.lt\/lv\/wp-json\/wp\/v2\/comments?post=41605"}],"version-history":[{"count":2,"href":"https:\/\/toys.lt\/lv\/wp-json\/wp\/v2\/product\/41605\/revisions"}],"predecessor-version":[{"id":46156,"href":"https:\/\/toys.lt\/lv\/wp-json\/wp\/v2\/product\/41605\/revisions\/46156"}],"wp:featuredmedia":[{"embeddable":true,"href":"https:\/\/toys.lt\/lv\/wp-json\/wp\/v2\/media\/38141"}],"wp:attachment":[{"href":"https:\/\/toys.lt\/lv\/wp-json\/wp\/v2\/media?parent=41605"}],"wp:term":[{"taxonomy":"product_brand","embeddable":true,"href":"https:\/\/toys.lt\/lv\/wp-json\/wp\/v2\/product_brand?post=41605"},{"taxonomy":"product_cat","embeddable":true,"href":"https:\/\/toys.lt\/lv\/wp-json\/wp\/v2\/product_cat?post=41605"},{"taxonomy":"product_tag","embeddable":true,"href":"https:\/\/toys.lt\/lv\/wp-json\/wp\/v2\/product_tag?post=41605"}],"curies":[{"name":"wp","href":"https:\/\/api.w.org\/{rel}","templated":true}]}}