{"id":41603,"date":"2022-02-21T15:46:54","date_gmt":"2022-02-21T15:46:54","guid":{"rendered":"https:\/\/toys.lt\/produktas\/mag-building-magnetiskais-konstruktors-48-gab\/"},"modified":"2026-04-09T00:00:49","modified_gmt":"2026-04-09T00:00:49","slug":"mag-building-magnetiskais-konstruktors-48-gab","status":"publish","type":"product","link":"https:\/\/toys.lt\/lv\/produktas\/mag-building-magnetiskais-konstruktors-48-gab\/","title":{"rendered":"Mag-Building Magn\u0113tiskais konstruktors (48 gab.)"},"content":{"rendered":"<p><strong>Mag-Building Magn\u0113tiskais konstruktors<\/strong> ir univers\u0101ls komplekts, kas piem\u0113rots visu vecumu b\u0113rniem no 3 gadu vecuma. J\u016bsu b\u0113rns att\u012bst\u012bs lo\u0123isko dom\u0101\u0161anu, interesi par zin\u0101tni un rado\u0161\u0101s prasmes. <strong>&#8220;Mag-Building&#8221; <\/strong>da\u013cas <strong> <\/strong>ir savstarp\u0113ji savienoti ar magn\u0113tiem. Kad deta\u013cas ir savienotas, t\u0101s var pagriezt vajadz\u012bgaj\u0101 le\u0146\u0137\u012b, lai ar savu izt\u0113li rad\u012btu vissp\u0113c\u012bg\u0101k\u0101s \u0123eometrisk\u0101s fig\u016bras. <\/p>\n<p><strong>Mag-Building Magn\u0113tiskais konstruktors<\/strong> &#8211; 48 gab.<\/p>\n<p>Tr\u012bsst\u016bris &#8211; 12 gab.<\/p>\n<p>Dobi kvadr\u0101ti\u0146i &#8211; 12 gab.<\/p>\n<p>Pilna izm\u0113ra kvadr\u0101ti\u0146i &#8211; 10 gab.<\/p>\n<p>Piecst\u016bri &#8211; 2 gab.<\/p>\n<p>Dobi piecst\u016bri &#8211; 2 gab.<\/p>\n<p>B\u0101ze ar rite\u0146iem &#8211; 2 gab.<\/p>\n<p>Smagratis &#8211; 2 gab.<\/p>\n<p>Pl\u0101ksne ar stat\u012bvu<\/p>\n<p>Karti\u0146as ar skait\u013ciem un att\u0113liem<\/p>\n","protected":false},"excerpt":{"rendered":"<p>Izstr\u0101d\u0101juma veids &#8211; magn\u0113tisk\u0101 izgl\u012btojo\u0161\u0101 rota\u013clieta<\/p>\n<p>Materi\u0101ls &#8211; plastmasa<\/p>\n<p>Da\u013cu skaits. &#8211; 48 gab. <\/p>\n<p>Iepakojuma izm\u0113ri &#8211; 39 x 30 x 7 cm<\/p>\n<p>Svars &#8211; 1,2 kg<\/p>\n<p>Ieteicamais vecums &#8211; 3 gadi un vec\u0101ki<\/p>\n<p>Izcelsmes valsts &#8211; \u0136\u012bna<\/p>\n","protected":false},"featured_media":38128,"comment_status":"open","ping_status":"closed","template":"","meta":[],"product_brand":[],"product_cat":[1180,1176,1157,1158,1155],"product_tag":[],"class_list":{"0":"post-41603","1":"product","2":"type-product","3":"status-publish","4":"has-post-thumbnail","6":"product_cat-rotallietas-meitenem","7":"product_cat-rotallietas-zeniem","8":"product_cat-izglitojosas-un-interaktivas-rotallietas","9":"product_cat-konstruktori","10":"product_cat-leti","11":"pa_prek-s-tipas-konstruktori-un-modulu-bloki","12":"pa_spalva-dazadi","14":"first","15":"instock","16":"sale","17":"taxable","18":"shipping-taxable","19":"purchasable","20":"product-type-simple"},"yoast_head":"<!-- This site is optimized with the Yoast SEO plugin v26.3 - https:\/\/yoast.com\/wordpress\/plugins\/seo\/ -->\n<title>Mag-Building Magn\u0113tiskais konstruktors (48 gab.) - Toys.lt<\/title>\n<meta name=\"robots\" content=\"index, follow, max-snippet:-1, max-image-preview:large, max-video-preview:-1\" \/>\n<link rel=\"canonical\" href=\"https:\/\/toys.lt\/lv\/produktas\/mag-building-magnetiskais-konstruktors-48-gab\/\" \/>\n<meta property=\"og:locale\" content=\"lv_LV\" \/>\n<meta property=\"og:type\" content=\"article\" \/>\n<meta property=\"og:title\" content=\"Mag-Building Magn\u0113tiskais konstruktors (48 gab.) - Toys.lt\" \/>\n<meta property=\"og:description\" content=\"Izstr\u0101d\u0101juma veids - magn\u0113tisk\u0101 izgl\u012btojo\u0161\u0101 rota\u013clieta Materi\u0101ls - plastmasa Da\u013cu skaits. - 48 gab.  Iepakojuma izm\u0113ri - 39 x 30 x 7 cm Svars - 1,2 kg Ieteicamais vecums - 3 gadi un vec\u0101ki Izcelsmes valsts - \u0136\u012bna\" \/>\n<meta property=\"og:url\" content=\"https:\/\/toys.lt\/lv\/produktas\/mag-building-magnetiskais-konstruktors-48-gab\/\" \/>\n<meta property=\"og:site_name\" content=\"Toys.lt\" \/>\n<meta property=\"article:modified_time\" content=\"2026-04-09T00:00:49+00:00\" \/>\n<meta property=\"og:image\" content=\"https:\/\/toys.lt\/wp-content\/uploads\/2022\/02\/products-2569.jpg\" \/>\n\t<meta property=\"og:image:width\" content=\"600\" \/>\n\t<meta property=\"og:image:height\" content=\"463\" \/>\n\t<meta property=\"og:image:type\" content=\"image\/jpeg\" \/>\n<meta name=\"twitter:card\" content=\"summary_large_image\" \/>\n<meta name=\"twitter:label1\" content=\"Est. reading time\" \/>\n\t<meta name=\"twitter:data1\" content=\"1 minute\" \/>\n<script type=\"application\/ld+json\" class=\"yoast-schema-graph\">{\"@context\":\"https:\/\/schema.org\",\"@graph\":[{\"@type\":\"WebPage\",\"@id\":\"https:\/\/toys.lt\/lv\/produktas\/mag-building-magnetiskais-konstruktors-48-gab\/\",\"url\":\"https:\/\/toys.lt\/lv\/produktas\/mag-building-magnetiskais-konstruktors-48-gab\/\",\"name\":\"Mag-Building Magn\u0113tiskais konstruktors (48 gab.) - Toys.lt\",\"isPartOf\":{\"@id\":\"https:\/\/toys.lt\/lv\/#website\"},\"primaryImageOfPage\":{\"@id\":\"https:\/\/toys.lt\/lv\/produktas\/mag-building-magnetiskais-konstruktors-48-gab\/#primaryimage\"},\"image\":{\"@id\":\"https:\/\/toys.lt\/lv\/produktas\/mag-building-magnetiskais-konstruktors-48-gab\/#primaryimage\"},\"thumbnailUrl\":\"https:\/\/toys.lt\/wp-content\/uploads\/2022\/02\/products-2569.jpg\",\"datePublished\":\"2022-02-21T15:46:54+00:00\",\"dateModified\":\"2026-04-09T00:00:49+00:00\",\"breadcrumb\":{\"@id\":\"https:\/\/toys.lt\/lv\/produktas\/mag-building-magnetiskais-konstruktors-48-gab\/#breadcrumb\"},\"inLanguage\":\"lv-LV\",\"potentialAction\":[{\"@type\":\"ReadAction\",\"target\":[\"https:\/\/toys.lt\/lv\/produktas\/mag-building-magnetiskais-konstruktors-48-gab\/\"]}]},{\"@type\":\"ImageObject\",\"inLanguage\":\"lv-LV\",\"@id\":\"https:\/\/toys.lt\/lv\/produktas\/mag-building-magnetiskais-konstruktors-48-gab\/#primaryimage\",\"url\":\"https:\/\/toys.lt\/wp-content\/uploads\/2022\/02\/products-2569.jpg\",\"contentUrl\":\"https:\/\/toys.lt\/wp-content\/uploads\/2022\/02\/products-2569.jpg\",\"width\":600,\"height\":463,\"caption\":\"Magnetinis konstruktorius &#8220;Mag-Building&#8221; (48 detal\u0117s)\"},{\"@type\":\"BreadcrumbList\",\"@id\":\"https:\/\/toys.lt\/lv\/produktas\/mag-building-magnetiskais-konstruktors-48-gab\/#breadcrumb\",\"itemListElement\":[{\"@type\":\"ListItem\",\"position\":1,\"name\":\"Home\",\"item\":\"https:\/\/toys.lt\/lv\/\"},{\"@type\":\"ListItem\",\"position\":2,\"name\":\"Veikals\",\"item\":\"https:\/\/toys.lt\/lv\/shop\/\"},{\"@type\":\"ListItem\",\"position\":3,\"name\":\"Mag-Building Magn\u0113tiskais konstruktors (48 gab.)\"}]},{\"@type\":\"WebSite\",\"@id\":\"https:\/\/toys.lt\/lv\/#website\",\"url\":\"https:\/\/toys.lt\/lv\/\",\"name\":\"Toys.lt\",\"description\":\"\",\"potentialAction\":[{\"@type\":\"SearchAction\",\"target\":{\"@type\":\"EntryPoint\",\"urlTemplate\":\"https:\/\/toys.lt\/lv\/?s={search_term_string}\"},\"query-input\":{\"@type\":\"PropertyValueSpecification\",\"valueRequired\":true,\"valueName\":\"search_term_string\"}}],\"inLanguage\":\"lv-LV\"}]}<\/script>\n<!-- \/ Yoast SEO plugin. -->","yoast_head_json":{"title":"Mag-Building Magn\u0113tiskais konstruktors (48 gab.) - Toys.lt","robots":{"index":"index","follow":"follow","max-snippet":"max-snippet:-1","max-image-preview":"max-image-preview:large","max-video-preview":"max-video-preview:-1"},"canonical":"https:\/\/toys.lt\/lv\/produktas\/mag-building-magnetiskais-konstruktors-48-gab\/","og_locale":"lv_LV","og_type":"article","og_title":"Mag-Building Magn\u0113tiskais konstruktors (48 gab.) - Toys.lt","og_description":"Izstr\u0101d\u0101juma veids - magn\u0113tisk\u0101 izgl\u012btojo\u0161\u0101 rota\u013clieta Materi\u0101ls - plastmasa Da\u013cu skaits. - 48 gab.  Iepakojuma izm\u0113ri - 39 x 30 x 7 cm Svars - 1,2 kg Ieteicamais vecums - 3 gadi un vec\u0101ki Izcelsmes valsts - \u0136\u012bna","og_url":"https:\/\/toys.lt\/lv\/produktas\/mag-building-magnetiskais-konstruktors-48-gab\/","og_site_name":"Toys.lt","article_modified_time":"2026-04-09T00:00:49+00:00","og_image":[{"width":600,"height":463,"url":"https:\/\/toys.lt\/wp-content\/uploads\/2022\/02\/products-2569.jpg","type":"image\/jpeg"}],"twitter_card":"summary_large_image","twitter_misc":{"Est. reading time":"1 minute"},"schema":{"@context":"https:\/\/schema.org","@graph":[{"@type":"WebPage","@id":"https:\/\/toys.lt\/lv\/produktas\/mag-building-magnetiskais-konstruktors-48-gab\/","url":"https:\/\/toys.lt\/lv\/produktas\/mag-building-magnetiskais-konstruktors-48-gab\/","name":"Mag-Building Magn\u0113tiskais konstruktors (48 gab.) - Toys.lt","isPartOf":{"@id":"https:\/\/toys.lt\/lv\/#website"},"primaryImageOfPage":{"@id":"https:\/\/toys.lt\/lv\/produktas\/mag-building-magnetiskais-konstruktors-48-gab\/#primaryimage"},"image":{"@id":"https:\/\/toys.lt\/lv\/produktas\/mag-building-magnetiskais-konstruktors-48-gab\/#primaryimage"},"thumbnailUrl":"https:\/\/toys.lt\/wp-content\/uploads\/2022\/02\/products-2569.jpg","datePublished":"2022-02-21T15:46:54+00:00","dateModified":"2026-04-09T00:00:49+00:00","breadcrumb":{"@id":"https:\/\/toys.lt\/lv\/produktas\/mag-building-magnetiskais-konstruktors-48-gab\/#breadcrumb"},"inLanguage":"lv-LV","potentialAction":[{"@type":"ReadAction","target":["https:\/\/toys.lt\/lv\/produktas\/mag-building-magnetiskais-konstruktors-48-gab\/"]}]},{"@type":"ImageObject","inLanguage":"lv-LV","@id":"https:\/\/toys.lt\/lv\/produktas\/mag-building-magnetiskais-konstruktors-48-gab\/#primaryimage","url":"https:\/\/toys.lt\/wp-content\/uploads\/2022\/02\/products-2569.jpg","contentUrl":"https:\/\/toys.lt\/wp-content\/uploads\/2022\/02\/products-2569.jpg","width":600,"height":463,"caption":"Magnetinis konstruktorius &#8220;Mag-Building&#8221; (48 detal\u0117s)"},{"@type":"BreadcrumbList","@id":"https:\/\/toys.lt\/lv\/produktas\/mag-building-magnetiskais-konstruktors-48-gab\/#breadcrumb","itemListElement":[{"@type":"ListItem","position":1,"name":"Home","item":"https:\/\/toys.lt\/lv\/"},{"@type":"ListItem","position":2,"name":"Veikals","item":"https:\/\/toys.lt\/lv\/shop\/"},{"@type":"ListItem","position":3,"name":"Mag-Building Magn\u0113tiskais konstruktors (48 gab.)"}]},{"@type":"WebSite","@id":"https:\/\/toys.lt\/lv\/#website","url":"https:\/\/toys.lt\/lv\/","name":"Toys.lt","description":"","potentialAction":[{"@type":"SearchAction","target":{"@type":"EntryPoint","urlTemplate":"https:\/\/toys.lt\/lv\/?s={search_term_string}"},"query-input":{"@type":"PropertyValueSpecification","valueRequired":true,"valueName":"search_term_string"}}],"inLanguage":"lv-LV"}]}},"_links":{"self":[{"href":"https:\/\/toys.lt\/lv\/wp-json\/wp\/v2\/product\/41603","targetHints":{"allow":["GET"]}}],"collection":[{"href":"https:\/\/toys.lt\/lv\/wp-json\/wp\/v2\/product"}],"about":[{"href":"https:\/\/toys.lt\/lv\/wp-json\/wp\/v2\/types\/product"}],"replies":[{"embeddable":true,"href":"https:\/\/toys.lt\/lv\/wp-json\/wp\/v2\/comments?post=41603"}],"version-history":[{"count":2,"href":"https:\/\/toys.lt\/lv\/wp-json\/wp\/v2\/product\/41603\/revisions"}],"predecessor-version":[{"id":46089,"href":"https:\/\/toys.lt\/lv\/wp-json\/wp\/v2\/product\/41603\/revisions\/46089"}],"wp:featuredmedia":[{"embeddable":true,"href":"https:\/\/toys.lt\/lv\/wp-json\/wp\/v2\/media\/38128"}],"wp:attachment":[{"href":"https:\/\/toys.lt\/lv\/wp-json\/wp\/v2\/media?parent=41603"}],"wp:term":[{"taxonomy":"product_brand","embeddable":true,"href":"https:\/\/toys.lt\/lv\/wp-json\/wp\/v2\/product_brand?post=41603"},{"taxonomy":"product_cat","embeddable":true,"href":"https:\/\/toys.lt\/lv\/wp-json\/wp\/v2\/product_cat?post=41603"},{"taxonomy":"product_tag","embeddable":true,"href":"https:\/\/toys.lt\/lv\/wp-json\/wp\/v2\/product_tag?post=41603"}],"curies":[{"name":"wp","href":"https:\/\/api.w.org\/{rel}","templated":true}]}}