{"id":41599,"date":"2021-12-08T23:57:14","date_gmt":"2021-12-08T23:57:14","guid":{"rendered":"https:\/\/toys.lt\/produktas\/baby-clemmy-klucisu-komplekts\/"},"modified":"2026-04-09T00:00:54","modified_gmt":"2026-04-09T00:00:54","slug":"baby-clemmy-klucisu-komplekts","status":"publish","type":"product","link":"https:\/\/toys.lt\/lv\/produktas\/baby-clemmy-klucisu-komplekts\/","title":{"rendered":"Baby Clemmy kluc\u012b\u0161u komplekts"},"content":{"rendered":"<p class=\"MsoNormal\" align=\"center\" style=\"margin:0px;font-size:medium;color:#7a7a7a;padding:0px;line-height:inherit;border:0px;font-family:Roboto, sans-serif;background-color:#fefefe;text-align:center\"><i style=\"line-height:inherit;margin:0px;padding:0px;border:0px;font-variant:inherit;font-weight:inherit;font-size:inherit;font-family:inherit\"><span style=\"margin:0px;padding:0px;border:0px;font-style:inherit;font-variant:inherit;font-weight:inherit;font-size:8.5pt;line-height:inherit;font-family:Verdana, sans-serif;color:#000000\">Clementoni &#8211; dibin\u0101ts It\u0101lij\u0101 un veiksm\u012bgi darbojas jau vair\u0101k nek\u0101 50 gadus! Uz\u0146\u0113muma misija ir rad\u012bt sp\u0113les, kas pal\u012bdz b\u0113rniem augt.   <\/span><\/i><\/p>\n<p class=\"MsoNormal\" align=\"center\" style=\"margin:0px;font-size:medium;color:#7a7a7a;padding:0px;line-height:inherit;border:0px;font-family:Roboto, sans-serif;background-color:#fefefe;text-align:center\"><i style=\"line-height:inherit;margin:0px;padding:0px;border:0px;font-variant:inherit;font-weight:inherit;font-size:inherit;font-family:inherit\"><span style=\"margin:0px;padding:0px;border:0px;font-style:inherit;font-variant:inherit;font-weight:inherit;font-size:8.5pt;line-height:inherit;font-family:Verdana, sans-serif;color:#000000\">Tas viss ir izstr\u0101d\u0101ts, lai apmierin\u0101tu jaunie\u0161u vajadz\u012bbas, \u0146emot v\u0113r\u0101 m\u016bsdienu tehnolo\u0123ijas un glob\u0101l\u0101s izgl\u012bt\u012bbas tendences.<\/span><\/i><\/p>\n<p><strong>Funkcijas:<\/strong><\/p>\n<ul style=\"list-style-type:square\">\n<li style=\"margin:0px;padding:0px;font:inherit;border:0px\">Soma ar 48 m\u012bkstajiem blokiem  <\/li>\n<li style=\"margin:0px;padding:0px;font:inherit;border:0px\">Bloki ir viegli savienojami un \u016bdensiztur\u012bgi.<\/li>\n<li style=\"margin:0px;padding:0px;font:inherit;border:0px\">\u0112rta un m\u012bksta r\u0101v\u0113jsl\u0113dz\u0113ja soma ar rokturi, kur\u0101 varat glab\u0101t savus blokus un n\u0113s\u0101t tos visur l\u012bdzi.<\/li>\n<li style=\"margin:0px;padding:0px;font:inherit;border:0px\"><span style=\"margin:0px;padding:0px;border:0px;font-style:inherit;font-variant:inherit;font-weight:inherit;font-size:medium;line-height:inherit;font-family:Roboto, sans-serif;color:#0a0a0a;background-color:#fefefe\">&#8220;Clemmyrota\u013clietas ir visdro\u0161\u0101k\u0101 dizaina, piem\u0113rotas pat vismaz\u0101kajiem b\u0113rniem, kuri var ar t\u0101m sp\u0113l\u0113ties, nerisk\u0113jot g\u016bt traumas.<\/span><\/li>\n<li style=\"margin:0px;padding:0px;font:inherit;border:0px\">Dro\u0161a un sertific\u0113ta rota\u013clieta<\/li>\n<li style=\"margin:0px;padding:0px;font:inherit;border:0px\">Stimul\u0113 ma\u0146u att\u012bst\u012bbu, izt\u0113li, smalk\u0101s motorikas prasmes.<\/li>\n<\/ul>\n<p>.<\/p>\n","protected":false},"excerpt":{"rendered":"<p>Produkta veids: konstruktors<\/p>\n<p>Z\u012bmola nosaukums: Clementoni<\/p>\n<p>Izcelsmes valsts: It\u0101lija<\/p>\n<p>Da\u013cu skaits: 48<\/p>\n<p>Iepakojuma izm\u0113ri: 14 x 25 x 31 cm<\/p>\n<p>Ieteicamais vecums: no 6 m\u0113ne\u0161iem<\/p>\n","protected":false},"featured_media":38067,"comment_status":"open","ping_status":"open","template":"","meta":[],"product_brand":[384],"product_cat":[1183,1157,1158,1155],"product_tag":[],"class_list":{"0":"post-41599","1":"product","2":"type-product","3":"status-publish","4":"has-post-thumbnail","6":"product_brand-clementoni-2","7":"product_cat-rotallietas-maziem-berniem","8":"product_cat-izglitojosas-un-interaktivas-rotallietas","9":"product_cat-konstruktori","10":"product_cat-leti","11":"pa_amziaus-grupe-6-lv","12":"pa_prek-s-tipas-konstruktori-un-modulu-bloki","13":"pa_prekes-zenklas-clementoni-lv","15":"first","16":"outofstock","17":"taxable","18":"shipping-taxable","19":"purchasable","20":"product-type-simple"},"yoast_head":"<!-- This site is optimized with the Yoast SEO plugin v26.3 - https:\/\/yoast.com\/wordpress\/plugins\/seo\/ -->\n<title>Baby Clemmy kluc\u012b\u0161u komplekts - Toys.lt<\/title>\n<meta name=\"robots\" content=\"index, follow, max-snippet:-1, max-image-preview:large, max-video-preview:-1\" \/>\n<link rel=\"canonical\" href=\"https:\/\/toys.lt\/lv\/produktas\/baby-clemmy-klucisu-komplekts\/\" \/>\n<meta property=\"og:locale\" content=\"lv_LV\" \/>\n<meta property=\"og:type\" content=\"article\" \/>\n<meta property=\"og:title\" content=\"Baby Clemmy kluc\u012b\u0161u komplekts - Toys.lt\" \/>\n<meta property=\"og:description\" content=\"Produkta veids: konstruktors Z\u012bmola nosaukums: Clementoni Izcelsmes valsts: It\u0101lija Da\u013cu skaits: 48 Iepakojuma izm\u0113ri: 14 x 25 x 31 cm Ieteicamais vecums: no 6 m\u0113ne\u0161iem\" \/>\n<meta property=\"og:url\" content=\"https:\/\/toys.lt\/lv\/produktas\/baby-clemmy-klucisu-komplekts\/\" \/>\n<meta property=\"og:site_name\" content=\"Toys.lt\" \/>\n<meta property=\"article:modified_time\" content=\"2026-04-09T00:00:54+00:00\" \/>\n<meta property=\"og:image\" content=\"https:\/\/toys.lt\/wp-content\/uploads\/2021\/12\/products-2458.jpg\" \/>\n\t<meta property=\"og:image:width\" content=\"1400\" \/>\n\t<meta property=\"og:image:height\" content=\"1171\" \/>\n\t<meta property=\"og:image:type\" content=\"image\/jpeg\" \/>\n<meta name=\"twitter:card\" content=\"summary_large_image\" \/>\n<meta name=\"twitter:label1\" content=\"Est. reading time\" \/>\n\t<meta name=\"twitter:data1\" content=\"1 minute\" \/>\n<script type=\"application\/ld+json\" class=\"yoast-schema-graph\">{\"@context\":\"https:\/\/schema.org\",\"@graph\":[{\"@type\":\"WebPage\",\"@id\":\"https:\/\/toys.lt\/lv\/produktas\/baby-clemmy-klucisu-komplekts\/\",\"url\":\"https:\/\/toys.lt\/lv\/produktas\/baby-clemmy-klucisu-komplekts\/\",\"name\":\"Baby Clemmy kluc\u012b\u0161u komplekts - Toys.lt\",\"isPartOf\":{\"@id\":\"https:\/\/toys.lt\/lv\/#website\"},\"primaryImageOfPage\":{\"@id\":\"https:\/\/toys.lt\/lv\/produktas\/baby-clemmy-klucisu-komplekts\/#primaryimage\"},\"image\":{\"@id\":\"https:\/\/toys.lt\/lv\/produktas\/baby-clemmy-klucisu-komplekts\/#primaryimage\"},\"thumbnailUrl\":\"https:\/\/toys.lt\/wp-content\/uploads\/2021\/12\/products-2458.jpg\",\"datePublished\":\"2021-12-08T23:57:14+00:00\",\"dateModified\":\"2026-04-09T00:00:54+00:00\",\"breadcrumb\":{\"@id\":\"https:\/\/toys.lt\/lv\/produktas\/baby-clemmy-klucisu-komplekts\/#breadcrumb\"},\"inLanguage\":\"lv-LV\",\"potentialAction\":[{\"@type\":\"ReadAction\",\"target\":[\"https:\/\/toys.lt\/lv\/produktas\/baby-clemmy-klucisu-komplekts\/\"]}]},{\"@type\":\"ImageObject\",\"inLanguage\":\"lv-LV\",\"@id\":\"https:\/\/toys.lt\/lv\/produktas\/baby-clemmy-klucisu-komplekts\/#primaryimage\",\"url\":\"https:\/\/toys.lt\/wp-content\/uploads\/2021\/12\/products-2458.jpg\",\"contentUrl\":\"https:\/\/toys.lt\/wp-content\/uploads\/2021\/12\/products-2458.jpg\",\"width\":1400,\"height\":1171,\"caption\":\"Konstruktorius &#8220;Baby Clemmy Blocks Set&#8221;\"},{\"@type\":\"BreadcrumbList\",\"@id\":\"https:\/\/toys.lt\/lv\/produktas\/baby-clemmy-klucisu-komplekts\/#breadcrumb\",\"itemListElement\":[{\"@type\":\"ListItem\",\"position\":1,\"name\":\"Home\",\"item\":\"https:\/\/toys.lt\/lv\/\"},{\"@type\":\"ListItem\",\"position\":2,\"name\":\"Veikals\",\"item\":\"https:\/\/toys.lt\/lv\/shop\/\"},{\"@type\":\"ListItem\",\"position\":3,\"name\":\"Baby Clemmy kluc\u012b\u0161u komplekts\"}]},{\"@type\":\"WebSite\",\"@id\":\"https:\/\/toys.lt\/lv\/#website\",\"url\":\"https:\/\/toys.lt\/lv\/\",\"name\":\"Toys.lt\",\"description\":\"\",\"potentialAction\":[{\"@type\":\"SearchAction\",\"target\":{\"@type\":\"EntryPoint\",\"urlTemplate\":\"https:\/\/toys.lt\/lv\/?s={search_term_string}\"},\"query-input\":{\"@type\":\"PropertyValueSpecification\",\"valueRequired\":true,\"valueName\":\"search_term_string\"}}],\"inLanguage\":\"lv-LV\"}]}<\/script>\n<!-- \/ Yoast SEO plugin. -->","yoast_head_json":{"title":"Baby Clemmy kluc\u012b\u0161u komplekts - Toys.lt","robots":{"index":"index","follow":"follow","max-snippet":"max-snippet:-1","max-image-preview":"max-image-preview:large","max-video-preview":"max-video-preview:-1"},"canonical":"https:\/\/toys.lt\/lv\/produktas\/baby-clemmy-klucisu-komplekts\/","og_locale":"lv_LV","og_type":"article","og_title":"Baby Clemmy kluc\u012b\u0161u komplekts - Toys.lt","og_description":"Produkta veids: konstruktors Z\u012bmola nosaukums: Clementoni Izcelsmes valsts: It\u0101lija Da\u013cu skaits: 48 Iepakojuma izm\u0113ri: 14 x 25 x 31 cm Ieteicamais vecums: no 6 m\u0113ne\u0161iem","og_url":"https:\/\/toys.lt\/lv\/produktas\/baby-clemmy-klucisu-komplekts\/","og_site_name":"Toys.lt","article_modified_time":"2026-04-09T00:00:54+00:00","og_image":[{"width":1400,"height":1171,"url":"https:\/\/toys.lt\/wp-content\/uploads\/2021\/12\/products-2458.jpg","type":"image\/jpeg"}],"twitter_card":"summary_large_image","twitter_misc":{"Est. reading time":"1 minute"},"schema":{"@context":"https:\/\/schema.org","@graph":[{"@type":"WebPage","@id":"https:\/\/toys.lt\/lv\/produktas\/baby-clemmy-klucisu-komplekts\/","url":"https:\/\/toys.lt\/lv\/produktas\/baby-clemmy-klucisu-komplekts\/","name":"Baby Clemmy kluc\u012b\u0161u komplekts - Toys.lt","isPartOf":{"@id":"https:\/\/toys.lt\/lv\/#website"},"primaryImageOfPage":{"@id":"https:\/\/toys.lt\/lv\/produktas\/baby-clemmy-klucisu-komplekts\/#primaryimage"},"image":{"@id":"https:\/\/toys.lt\/lv\/produktas\/baby-clemmy-klucisu-komplekts\/#primaryimage"},"thumbnailUrl":"https:\/\/toys.lt\/wp-content\/uploads\/2021\/12\/products-2458.jpg","datePublished":"2021-12-08T23:57:14+00:00","dateModified":"2026-04-09T00:00:54+00:00","breadcrumb":{"@id":"https:\/\/toys.lt\/lv\/produktas\/baby-clemmy-klucisu-komplekts\/#breadcrumb"},"inLanguage":"lv-LV","potentialAction":[{"@type":"ReadAction","target":["https:\/\/toys.lt\/lv\/produktas\/baby-clemmy-klucisu-komplekts\/"]}]},{"@type":"ImageObject","inLanguage":"lv-LV","@id":"https:\/\/toys.lt\/lv\/produktas\/baby-clemmy-klucisu-komplekts\/#primaryimage","url":"https:\/\/toys.lt\/wp-content\/uploads\/2021\/12\/products-2458.jpg","contentUrl":"https:\/\/toys.lt\/wp-content\/uploads\/2021\/12\/products-2458.jpg","width":1400,"height":1171,"caption":"Konstruktorius &#8220;Baby Clemmy Blocks Set&#8221;"},{"@type":"BreadcrumbList","@id":"https:\/\/toys.lt\/lv\/produktas\/baby-clemmy-klucisu-komplekts\/#breadcrumb","itemListElement":[{"@type":"ListItem","position":1,"name":"Home","item":"https:\/\/toys.lt\/lv\/"},{"@type":"ListItem","position":2,"name":"Veikals","item":"https:\/\/toys.lt\/lv\/shop\/"},{"@type":"ListItem","position":3,"name":"Baby Clemmy kluc\u012b\u0161u komplekts"}]},{"@type":"WebSite","@id":"https:\/\/toys.lt\/lv\/#website","url":"https:\/\/toys.lt\/lv\/","name":"Toys.lt","description":"","potentialAction":[{"@type":"SearchAction","target":{"@type":"EntryPoint","urlTemplate":"https:\/\/toys.lt\/lv\/?s={search_term_string}"},"query-input":{"@type":"PropertyValueSpecification","valueRequired":true,"valueName":"search_term_string"}}],"inLanguage":"lv-LV"}]}},"_links":{"self":[{"href":"https:\/\/toys.lt\/lv\/wp-json\/wp\/v2\/product\/41599","targetHints":{"allow":["GET"]}}],"collection":[{"href":"https:\/\/toys.lt\/lv\/wp-json\/wp\/v2\/product"}],"about":[{"href":"https:\/\/toys.lt\/lv\/wp-json\/wp\/v2\/types\/product"}],"replies":[{"embeddable":true,"href":"https:\/\/toys.lt\/lv\/wp-json\/wp\/v2\/comments?post=41599"}],"version-history":[{"count":2,"href":"https:\/\/toys.lt\/lv\/wp-json\/wp\/v2\/product\/41599\/revisions"}],"predecessor-version":[{"id":46138,"href":"https:\/\/toys.lt\/lv\/wp-json\/wp\/v2\/product\/41599\/revisions\/46138"}],"wp:featuredmedia":[{"embeddable":true,"href":"https:\/\/toys.lt\/lv\/wp-json\/wp\/v2\/media\/38067"}],"wp:attachment":[{"href":"https:\/\/toys.lt\/lv\/wp-json\/wp\/v2\/media?parent=41599"}],"wp:term":[{"taxonomy":"product_brand","embeddable":true,"href":"https:\/\/toys.lt\/lv\/wp-json\/wp\/v2\/product_brand?post=41599"},{"taxonomy":"product_cat","embeddable":true,"href":"https:\/\/toys.lt\/lv\/wp-json\/wp\/v2\/product_cat?post=41599"},{"taxonomy":"product_tag","embeddable":true,"href":"https:\/\/toys.lt\/lv\/wp-json\/wp\/v2\/product_tag?post=41599"}],"curies":[{"name":"wp","href":"https:\/\/api.w.org\/{rel}","templated":true}]}}