{"id":41591,"date":"2021-12-09T01:12:49","date_gmt":"2021-12-09T01:12:49","guid":{"rendered":"https:\/\/toys.lt\/produktas\/clementoni-leopard-puzzle-2000gab\/"},"modified":"2026-04-09T00:00:53","modified_gmt":"2026-04-09T00:00:53","slug":"clementoni-leopard-puzzle-2000gab","status":"publish","type":"product","link":"https:\/\/toys.lt\/lv\/produktas\/clementoni-leopard-puzzle-2000gab\/","title":{"rendered":"Clementoni Leopard Puzzle 2000gab"},"content":{"rendered":"<p><strong>Funkcijas:<\/strong><\/p>\n<ul style=\"list-style-type: square\">\n<li style=\"margin: 0px;padding: 0px;font: inherit;border: 0px\">Augstas kvalit\u0101tes kolekcija<\/li>\n<li style=\"margin: 0px;padding: 0px;font: inherit;border: 0px\">2000 puzles gabali\u0146u<\/li>\n<li style=\"margin: 0px;padding: 0px;font: inherit;border: 0px\">Materi\u0101lu kvalit\u0101te un izcilas druk\u0101\u0161anas tehnikas izmanto\u0161ana nodro\u0161ina skaistus, spilgtus un dz\u012bvus att\u0113lus.<\/li>\n<li style=\"margin: 0px;padding: 0px;font: inherit;border: 0px\">Deta\u013cas ir izgatavotas no bieza, augstas kvalit\u0101tes kartona.<\/li>\n<li style=\"margin: 0px;padding: 0px;font: inherit;border: 0px\">Gludas un graciozas deta\u013cu l\u012bnijas<\/li>\n<li style=\"margin: 0px;padding: 0px;font: inherit;border: 0px\">Perfekts deta\u013cu savienojums<\/li>\n<li style=\"margin: 0px;padding: 0px;font: inherit;border: 0px\">Clementoni vienm\u0113r r\u016bp\u0113jas par vides jaut\u0101jumiem un izmanto daudz otrreiz p\u0101rstr\u0101d\u0101tu materi\u0101lu, lai izvair\u012btos no pies\u0101r\u0146ojo\u0161u sast\u0101vda\u013cu izmanto\u0161anas.<\/li>\n<li style=\"margin: 0px;padding: 0px;font: inherit;border: 0px\">Stimul\u0113 roku un acu koordin\u0101ciju, atmi\u0146u, motoriku, izt\u0113li un rado\u0161umu.<\/li>\n<\/ul>\n","protected":false},"excerpt":{"rendered":"<p>Produkta veids: puzle<\/p>\n<p>Z\u012bmola nosaukums: Clementoni<\/p>\n<p>Izcelsmes valsts: It\u0101lija<\/p>\n<p>Iepakojuma izm\u0113ri: 28,1 x 5,8 x 41 cm<\/p>\n<p>Gabali\u0146u skaits: 2000<\/p>\n<p>Ieteicamais vecums: no 14 gadiem.<\/p>\n","protected":false},"featured_media":38073,"comment_status":"open","ping_status":"closed","template":"","meta":[],"product_brand":[384],"product_cat":[1155,1154,1153],"product_tag":[],"class_list":{"0":"post-41591","1":"product","2":"type-product","3":"status-publish","4":"has-post-thumbnail","6":"product_brand-clementoni-2","7":"product_cat-leti","8":"product_cat-lielas-puzles-no-1500-lidz-13200-gabaliniem","9":"product_cat-puzles-puzle","10":"pa_amziaus-grupe-14-lv","11":"pa_dali-skaicius-2000-lv","12":"pa_prekes-zenklas-clementoni-lv","13":"pa_special-s-pasi-lymai-laba-cena","14":"pa_tema-dzivnieki","16":"first","17":"outofstock","18":"taxable","19":"shipping-taxable","20":"purchasable","21":"product-type-simple"},"yoast_head":"<!-- This site is optimized with the Yoast SEO plugin v26.3 - https:\/\/yoast.com\/wordpress\/plugins\/seo\/ -->\n<title>Clementoni Leopard Puzzle 2000gab - Toys.lt<\/title>\n<meta name=\"robots\" content=\"index, follow, max-snippet:-1, max-image-preview:large, max-video-preview:-1\" \/>\n<link rel=\"canonical\" href=\"https:\/\/toys.lt\/lv\/produktas\/clementoni-leopard-puzzle-2000gab\/\" \/>\n<meta property=\"og:locale\" content=\"lv_LV\" \/>\n<meta property=\"og:type\" content=\"article\" \/>\n<meta property=\"og:title\" content=\"Clementoni Leopard Puzzle 2000gab - Toys.lt\" \/>\n<meta property=\"og:description\" content=\"Produkta veids: puzle Z\u012bmola nosaukums: Clementoni Izcelsmes valsts: It\u0101lija Iepakojuma izm\u0113ri: 28,1 x 5,8 x 41 cm Gabali\u0146u skaits: 2000 Ieteicamais vecums: no 14 gadiem.\" \/>\n<meta property=\"og:url\" content=\"https:\/\/toys.lt\/lv\/produktas\/clementoni-leopard-puzzle-2000gab\/\" \/>\n<meta property=\"og:site_name\" content=\"Toys.lt\" \/>\n<meta property=\"article:modified_time\" content=\"2026-04-09T00:00:53+00:00\" \/>\n<meta property=\"og:image\" content=\"https:\/\/toys.lt\/wp-content\/uploads\/2021\/12\/products-2470.jpg\" \/>\n\t<meta property=\"og:image:width\" content=\"1400\" \/>\n\t<meta property=\"og:image:height\" content=\"1160\" \/>\n\t<meta property=\"og:image:type\" content=\"image\/jpeg\" \/>\n<meta name=\"twitter:card\" content=\"summary_large_image\" \/>\n<script type=\"application\/ld+json\" class=\"yoast-schema-graph\">{\"@context\":\"https:\/\/schema.org\",\"@graph\":[{\"@type\":\"WebPage\",\"@id\":\"https:\/\/toys.lt\/lv\/produktas\/clementoni-leopard-puzzle-2000gab\/\",\"url\":\"https:\/\/toys.lt\/lv\/produktas\/clementoni-leopard-puzzle-2000gab\/\",\"name\":\"Clementoni Leopard Puzzle 2000gab - Toys.lt\",\"isPartOf\":{\"@id\":\"https:\/\/toys.lt\/lv\/#website\"},\"primaryImageOfPage\":{\"@id\":\"https:\/\/toys.lt\/lv\/produktas\/clementoni-leopard-puzzle-2000gab\/#primaryimage\"},\"image\":{\"@id\":\"https:\/\/toys.lt\/lv\/produktas\/clementoni-leopard-puzzle-2000gab\/#primaryimage\"},\"thumbnailUrl\":\"https:\/\/toys.lt\/wp-content\/uploads\/2021\/12\/products-2470.jpg\",\"datePublished\":\"2021-12-09T01:12:49+00:00\",\"dateModified\":\"2026-04-09T00:00:53+00:00\",\"breadcrumb\":{\"@id\":\"https:\/\/toys.lt\/lv\/produktas\/clementoni-leopard-puzzle-2000gab\/#breadcrumb\"},\"inLanguage\":\"lv-LV\",\"potentialAction\":[{\"@type\":\"ReadAction\",\"target\":[\"https:\/\/toys.lt\/lv\/produktas\/clementoni-leopard-puzzle-2000gab\/\"]}]},{\"@type\":\"ImageObject\",\"inLanguage\":\"lv-LV\",\"@id\":\"https:\/\/toys.lt\/lv\/produktas\/clementoni-leopard-puzzle-2000gab\/#primaryimage\",\"url\":\"https:\/\/toys.lt\/wp-content\/uploads\/2021\/12\/products-2470.jpg\",\"contentUrl\":\"https:\/\/toys.lt\/wp-content\/uploads\/2021\/12\/products-2470.jpg\",\"width\":1400,\"height\":1160,\"caption\":\"Clementoni d\u0117lion\u0117 &#8220;Leopard&#8221; 2000pcs\"},{\"@type\":\"BreadcrumbList\",\"@id\":\"https:\/\/toys.lt\/lv\/produktas\/clementoni-leopard-puzzle-2000gab\/#breadcrumb\",\"itemListElement\":[{\"@type\":\"ListItem\",\"position\":1,\"name\":\"Home\",\"item\":\"https:\/\/toys.lt\/lv\/\"},{\"@type\":\"ListItem\",\"position\":2,\"name\":\"Veikals\",\"item\":\"https:\/\/toys.lt\/lv\/shop\/\"},{\"@type\":\"ListItem\",\"position\":3,\"name\":\"Clementoni Leopard Puzzle 2000gab\"}]},{\"@type\":\"WebSite\",\"@id\":\"https:\/\/toys.lt\/lv\/#website\",\"url\":\"https:\/\/toys.lt\/lv\/\",\"name\":\"Toys.lt\",\"description\":\"\",\"potentialAction\":[{\"@type\":\"SearchAction\",\"target\":{\"@type\":\"EntryPoint\",\"urlTemplate\":\"https:\/\/toys.lt\/lv\/?s={search_term_string}\"},\"query-input\":{\"@type\":\"PropertyValueSpecification\",\"valueRequired\":true,\"valueName\":\"search_term_string\"}}],\"inLanguage\":\"lv-LV\"}]}<\/script>\n<!-- \/ Yoast SEO plugin. -->","yoast_head_json":{"title":"Clementoni Leopard Puzzle 2000gab - Toys.lt","robots":{"index":"index","follow":"follow","max-snippet":"max-snippet:-1","max-image-preview":"max-image-preview:large","max-video-preview":"max-video-preview:-1"},"canonical":"https:\/\/toys.lt\/lv\/produktas\/clementoni-leopard-puzzle-2000gab\/","og_locale":"lv_LV","og_type":"article","og_title":"Clementoni Leopard Puzzle 2000gab - Toys.lt","og_description":"Produkta veids: puzle Z\u012bmola nosaukums: Clementoni Izcelsmes valsts: It\u0101lija Iepakojuma izm\u0113ri: 28,1 x 5,8 x 41 cm Gabali\u0146u skaits: 2000 Ieteicamais vecums: no 14 gadiem.","og_url":"https:\/\/toys.lt\/lv\/produktas\/clementoni-leopard-puzzle-2000gab\/","og_site_name":"Toys.lt","article_modified_time":"2026-04-09T00:00:53+00:00","og_image":[{"width":1400,"height":1160,"url":"https:\/\/toys.lt\/wp-content\/uploads\/2021\/12\/products-2470.jpg","type":"image\/jpeg"}],"twitter_card":"summary_large_image","schema":{"@context":"https:\/\/schema.org","@graph":[{"@type":"WebPage","@id":"https:\/\/toys.lt\/lv\/produktas\/clementoni-leopard-puzzle-2000gab\/","url":"https:\/\/toys.lt\/lv\/produktas\/clementoni-leopard-puzzle-2000gab\/","name":"Clementoni Leopard Puzzle 2000gab - Toys.lt","isPartOf":{"@id":"https:\/\/toys.lt\/lv\/#website"},"primaryImageOfPage":{"@id":"https:\/\/toys.lt\/lv\/produktas\/clementoni-leopard-puzzle-2000gab\/#primaryimage"},"image":{"@id":"https:\/\/toys.lt\/lv\/produktas\/clementoni-leopard-puzzle-2000gab\/#primaryimage"},"thumbnailUrl":"https:\/\/toys.lt\/wp-content\/uploads\/2021\/12\/products-2470.jpg","datePublished":"2021-12-09T01:12:49+00:00","dateModified":"2026-04-09T00:00:53+00:00","breadcrumb":{"@id":"https:\/\/toys.lt\/lv\/produktas\/clementoni-leopard-puzzle-2000gab\/#breadcrumb"},"inLanguage":"lv-LV","potentialAction":[{"@type":"ReadAction","target":["https:\/\/toys.lt\/lv\/produktas\/clementoni-leopard-puzzle-2000gab\/"]}]},{"@type":"ImageObject","inLanguage":"lv-LV","@id":"https:\/\/toys.lt\/lv\/produktas\/clementoni-leopard-puzzle-2000gab\/#primaryimage","url":"https:\/\/toys.lt\/wp-content\/uploads\/2021\/12\/products-2470.jpg","contentUrl":"https:\/\/toys.lt\/wp-content\/uploads\/2021\/12\/products-2470.jpg","width":1400,"height":1160,"caption":"Clementoni d\u0117lion\u0117 &#8220;Leopard&#8221; 2000pcs"},{"@type":"BreadcrumbList","@id":"https:\/\/toys.lt\/lv\/produktas\/clementoni-leopard-puzzle-2000gab\/#breadcrumb","itemListElement":[{"@type":"ListItem","position":1,"name":"Home","item":"https:\/\/toys.lt\/lv\/"},{"@type":"ListItem","position":2,"name":"Veikals","item":"https:\/\/toys.lt\/lv\/shop\/"},{"@type":"ListItem","position":3,"name":"Clementoni Leopard Puzzle 2000gab"}]},{"@type":"WebSite","@id":"https:\/\/toys.lt\/lv\/#website","url":"https:\/\/toys.lt\/lv\/","name":"Toys.lt","description":"","potentialAction":[{"@type":"SearchAction","target":{"@type":"EntryPoint","urlTemplate":"https:\/\/toys.lt\/lv\/?s={search_term_string}"},"query-input":{"@type":"PropertyValueSpecification","valueRequired":true,"valueName":"search_term_string"}}],"inLanguage":"lv-LV"}]}},"_links":{"self":[{"href":"https:\/\/toys.lt\/lv\/wp-json\/wp\/v2\/product\/41591","targetHints":{"allow":["GET"]}}],"collection":[{"href":"https:\/\/toys.lt\/lv\/wp-json\/wp\/v2\/product"}],"about":[{"href":"https:\/\/toys.lt\/lv\/wp-json\/wp\/v2\/types\/product"}],"replies":[{"embeddable":true,"href":"https:\/\/toys.lt\/lv\/wp-json\/wp\/v2\/comments?post=41591"}],"version-history":[{"count":2,"href":"https:\/\/toys.lt\/lv\/wp-json\/wp\/v2\/product\/41591\/revisions"}],"predecessor-version":[{"id":46143,"href":"https:\/\/toys.lt\/lv\/wp-json\/wp\/v2\/product\/41591\/revisions\/46143"}],"wp:featuredmedia":[{"embeddable":true,"href":"https:\/\/toys.lt\/lv\/wp-json\/wp\/v2\/media\/38073"}],"wp:attachment":[{"href":"https:\/\/toys.lt\/lv\/wp-json\/wp\/v2\/media?parent=41591"}],"wp:term":[{"taxonomy":"product_brand","embeddable":true,"href":"https:\/\/toys.lt\/lv\/wp-json\/wp\/v2\/product_brand?post=41591"},{"taxonomy":"product_cat","embeddable":true,"href":"https:\/\/toys.lt\/lv\/wp-json\/wp\/v2\/product_cat?post=41591"},{"taxonomy":"product_tag","embeddable":true,"href":"https:\/\/toys.lt\/lv\/wp-json\/wp\/v2\/product_tag?post=41591"}],"curies":[{"name":"wp","href":"https:\/\/api.w.org\/{rel}","templated":true}]}}