{"id":41585,"date":"2021-12-09T00:10:16","date_gmt":"2021-12-09T00:10:16","guid":{"rendered":"https:\/\/toys.lt\/produktas\/clementoni-interaktiva-rasesanas-tafele\/"},"modified":"2026-04-09T00:00:54","modified_gmt":"2026-04-09T00:00:54","slug":"clementoni-interaktiva-rasesanas-tafele","status":"publish","type":"product","link":"https:\/\/toys.lt\/lv\/produktas\/clementoni-interaktiva-rasesanas-tafele\/","title":{"rendered":"Clementoni interakt\u012bv\u0101 ras\u0113\u0161anas t\u0101fele"},"content":{"rendered":"<p><strong>Funkcijas:<\/strong><\/p>\n<ul style=\"list-style-type: square;\">\n<li style=\"margin: 0px; padding: 0px; font: inherit; border: 0px;\">\u012apa\u0161a z\u012bm\u0113\u0161anas t\u0101fele z\u012bm\u0113\u0161anai, rakst\u012b\u0161anai, dz\u0113\u0161anai<\/li>\n<li style=\"margin: 0px; padding: 0px; font: inherit; border: 0px;\">T\u0101fele rada melodijas un ska\u0146as, kas ieinteres\u0113s j\u016bsu b\u0113rnu.<\/li>\n<li style=\"margin: 0px; padding: 0px; font: inherit; border: 0px;\">Ide\u0101la rota\u013clieta b\u0113rnu roku prasmju, izt\u0113les un rado\u0161uma veicin\u0101\u0161anai.<\/li>\n<\/ul>\n<p><strong>Ieteicams izmantot tikai t\u0101feles pildspalvu, lai nesaboj\u0101tu t\u0101feli.  <\/strong><\/p>\n","protected":false},"excerpt":{"rendered":"<p>Produkta veids: z\u012bm\u0113\u0161anas t\u0101fele<\/p>\n<p>Z\u012bmola nosaukums: Clementoni<\/p>\n<p>Izcelsmes valsts: It\u0101lija<\/p>\n<p>Iepakojuma izm\u0113ri: 7 x 38 x 47 cm<\/p>\n<p>Ieteicamais vecums: no 18 m\u0113ne\u0161iem.<\/p>\n","protected":false},"featured_media":38071,"comment_status":"open","ping_status":"closed","template":"","meta":[],"product_brand":[384],"product_cat":[1183,1157,1155],"product_tag":[],"class_list":{"0":"post-41585","1":"product","2":"type-product","3":"status-publish","4":"has-post-thumbnail","6":"product_brand-clementoni-2","7":"product_cat-rotallietas-maziem-berniem","8":"product_cat-izglitojosas-un-interaktivas-rotallietas","9":"product_cat-leti","10":"pa_amziaus-grupe-1-lv","11":"pa_prek-s-tipas-zimesanas-deli","12":"pa_prekes-zenklas-clementoni-lv","14":"first","15":"instock","16":"taxable","17":"shipping-taxable","18":"purchasable","19":"product-type-simple"},"yoast_head":"<!-- This site is optimized with the Yoast SEO plugin v26.3 - https:\/\/yoast.com\/wordpress\/plugins\/seo\/ -->\n<title>Clementoni interakt\u012bv\u0101 ras\u0113\u0161anas t\u0101fele - Toys.lt<\/title>\n<meta name=\"robots\" content=\"index, follow, max-snippet:-1, max-image-preview:large, max-video-preview:-1\" \/>\n<link rel=\"canonical\" href=\"https:\/\/toys.lt\/lv\/produktas\/clementoni-interaktiva-rasesanas-tafele\/\" \/>\n<meta property=\"og:locale\" content=\"lv_LV\" \/>\n<meta property=\"og:type\" content=\"article\" \/>\n<meta property=\"og:title\" content=\"Clementoni interakt\u012bv\u0101 ras\u0113\u0161anas t\u0101fele - Toys.lt\" \/>\n<meta property=\"og:description\" content=\"Produkta veids: z\u012bm\u0113\u0161anas t\u0101fele Z\u012bmola nosaukums: Clementoni Izcelsmes valsts: It\u0101lija Iepakojuma izm\u0113ri: 7 x 38 x 47 cm Ieteicamais vecums: no 18 m\u0113ne\u0161iem.\" \/>\n<meta property=\"og:url\" content=\"https:\/\/toys.lt\/lv\/produktas\/clementoni-interaktiva-rasesanas-tafele\/\" \/>\n<meta property=\"og:site_name\" content=\"Toys.lt\" \/>\n<meta property=\"article:modified_time\" content=\"2026-04-09T00:00:54+00:00\" \/>\n<meta property=\"og:image\" content=\"https:\/\/toys.lt\/wp-content\/uploads\/2021\/12\/products-2466.jpg\" \/>\n\t<meta property=\"og:image:width\" content=\"1400\" \/>\n\t<meta property=\"og:image:height\" content=\"1260\" \/>\n\t<meta property=\"og:image:type\" content=\"image\/jpeg\" \/>\n<meta name=\"twitter:card\" content=\"summary_large_image\" \/>\n<script type=\"application\/ld+json\" class=\"yoast-schema-graph\">{\"@context\":\"https:\/\/schema.org\",\"@graph\":[{\"@type\":\"WebPage\",\"@id\":\"https:\/\/toys.lt\/lv\/produktas\/clementoni-interaktiva-rasesanas-tafele\/\",\"url\":\"https:\/\/toys.lt\/lv\/produktas\/clementoni-interaktiva-rasesanas-tafele\/\",\"name\":\"Clementoni interakt\u012bv\u0101 ras\u0113\u0161anas t\u0101fele - Toys.lt\",\"isPartOf\":{\"@id\":\"https:\/\/toys.lt\/lv\/#website\"},\"primaryImageOfPage\":{\"@id\":\"https:\/\/toys.lt\/lv\/produktas\/clementoni-interaktiva-rasesanas-tafele\/#primaryimage\"},\"image\":{\"@id\":\"https:\/\/toys.lt\/lv\/produktas\/clementoni-interaktiva-rasesanas-tafele\/#primaryimage\"},\"thumbnailUrl\":\"https:\/\/toys.lt\/wp-content\/uploads\/2021\/12\/products-2466.jpg\",\"datePublished\":\"2021-12-09T00:10:16+00:00\",\"dateModified\":\"2026-04-09T00:00:54+00:00\",\"breadcrumb\":{\"@id\":\"https:\/\/toys.lt\/lv\/produktas\/clementoni-interaktiva-rasesanas-tafele\/#breadcrumb\"},\"inLanguage\":\"lv-LV\",\"potentialAction\":[{\"@type\":\"ReadAction\",\"target\":[\"https:\/\/toys.lt\/lv\/produktas\/clementoni-interaktiva-rasesanas-tafele\/\"]}]},{\"@type\":\"ImageObject\",\"inLanguage\":\"lv-LV\",\"@id\":\"https:\/\/toys.lt\/lv\/produktas\/clementoni-interaktiva-rasesanas-tafele\/#primaryimage\",\"url\":\"https:\/\/toys.lt\/wp-content\/uploads\/2021\/12\/products-2466.jpg\",\"contentUrl\":\"https:\/\/toys.lt\/wp-content\/uploads\/2021\/12\/products-2466.jpg\",\"width\":1400,\"height\":1260,\"caption\":\"Clementoni interaktyvi pie\u0161imo lenta\"},{\"@type\":\"BreadcrumbList\",\"@id\":\"https:\/\/toys.lt\/lv\/produktas\/clementoni-interaktiva-rasesanas-tafele\/#breadcrumb\",\"itemListElement\":[{\"@type\":\"ListItem\",\"position\":1,\"name\":\"Home\",\"item\":\"https:\/\/toys.lt\/lv\/\"},{\"@type\":\"ListItem\",\"position\":2,\"name\":\"Veikals\",\"item\":\"https:\/\/toys.lt\/lv\/shop\/\"},{\"@type\":\"ListItem\",\"position\":3,\"name\":\"Clementoni interakt\u012bv\u0101 ras\u0113\u0161anas t\u0101fele\"}]},{\"@type\":\"WebSite\",\"@id\":\"https:\/\/toys.lt\/lv\/#website\",\"url\":\"https:\/\/toys.lt\/lv\/\",\"name\":\"Toys.lt\",\"description\":\"\",\"potentialAction\":[{\"@type\":\"SearchAction\",\"target\":{\"@type\":\"EntryPoint\",\"urlTemplate\":\"https:\/\/toys.lt\/lv\/?s={search_term_string}\"},\"query-input\":{\"@type\":\"PropertyValueSpecification\",\"valueRequired\":true,\"valueName\":\"search_term_string\"}}],\"inLanguage\":\"lv-LV\"}]}<\/script>\n<!-- \/ Yoast SEO plugin. -->","yoast_head_json":{"title":"Clementoni interakt\u012bv\u0101 ras\u0113\u0161anas t\u0101fele - Toys.lt","robots":{"index":"index","follow":"follow","max-snippet":"max-snippet:-1","max-image-preview":"max-image-preview:large","max-video-preview":"max-video-preview:-1"},"canonical":"https:\/\/toys.lt\/lv\/produktas\/clementoni-interaktiva-rasesanas-tafele\/","og_locale":"lv_LV","og_type":"article","og_title":"Clementoni interakt\u012bv\u0101 ras\u0113\u0161anas t\u0101fele - Toys.lt","og_description":"Produkta veids: z\u012bm\u0113\u0161anas t\u0101fele Z\u012bmola nosaukums: Clementoni Izcelsmes valsts: It\u0101lija Iepakojuma izm\u0113ri: 7 x 38 x 47 cm Ieteicamais vecums: no 18 m\u0113ne\u0161iem.","og_url":"https:\/\/toys.lt\/lv\/produktas\/clementoni-interaktiva-rasesanas-tafele\/","og_site_name":"Toys.lt","article_modified_time":"2026-04-09T00:00:54+00:00","og_image":[{"width":1400,"height":1260,"url":"https:\/\/toys.lt\/wp-content\/uploads\/2021\/12\/products-2466.jpg","type":"image\/jpeg"}],"twitter_card":"summary_large_image","schema":{"@context":"https:\/\/schema.org","@graph":[{"@type":"WebPage","@id":"https:\/\/toys.lt\/lv\/produktas\/clementoni-interaktiva-rasesanas-tafele\/","url":"https:\/\/toys.lt\/lv\/produktas\/clementoni-interaktiva-rasesanas-tafele\/","name":"Clementoni interakt\u012bv\u0101 ras\u0113\u0161anas t\u0101fele - Toys.lt","isPartOf":{"@id":"https:\/\/toys.lt\/lv\/#website"},"primaryImageOfPage":{"@id":"https:\/\/toys.lt\/lv\/produktas\/clementoni-interaktiva-rasesanas-tafele\/#primaryimage"},"image":{"@id":"https:\/\/toys.lt\/lv\/produktas\/clementoni-interaktiva-rasesanas-tafele\/#primaryimage"},"thumbnailUrl":"https:\/\/toys.lt\/wp-content\/uploads\/2021\/12\/products-2466.jpg","datePublished":"2021-12-09T00:10:16+00:00","dateModified":"2026-04-09T00:00:54+00:00","breadcrumb":{"@id":"https:\/\/toys.lt\/lv\/produktas\/clementoni-interaktiva-rasesanas-tafele\/#breadcrumb"},"inLanguage":"lv-LV","potentialAction":[{"@type":"ReadAction","target":["https:\/\/toys.lt\/lv\/produktas\/clementoni-interaktiva-rasesanas-tafele\/"]}]},{"@type":"ImageObject","inLanguage":"lv-LV","@id":"https:\/\/toys.lt\/lv\/produktas\/clementoni-interaktiva-rasesanas-tafele\/#primaryimage","url":"https:\/\/toys.lt\/wp-content\/uploads\/2021\/12\/products-2466.jpg","contentUrl":"https:\/\/toys.lt\/wp-content\/uploads\/2021\/12\/products-2466.jpg","width":1400,"height":1260,"caption":"Clementoni interaktyvi pie\u0161imo lenta"},{"@type":"BreadcrumbList","@id":"https:\/\/toys.lt\/lv\/produktas\/clementoni-interaktiva-rasesanas-tafele\/#breadcrumb","itemListElement":[{"@type":"ListItem","position":1,"name":"Home","item":"https:\/\/toys.lt\/lv\/"},{"@type":"ListItem","position":2,"name":"Veikals","item":"https:\/\/toys.lt\/lv\/shop\/"},{"@type":"ListItem","position":3,"name":"Clementoni interakt\u012bv\u0101 ras\u0113\u0161anas t\u0101fele"}]},{"@type":"WebSite","@id":"https:\/\/toys.lt\/lv\/#website","url":"https:\/\/toys.lt\/lv\/","name":"Toys.lt","description":"","potentialAction":[{"@type":"SearchAction","target":{"@type":"EntryPoint","urlTemplate":"https:\/\/toys.lt\/lv\/?s={search_term_string}"},"query-input":{"@type":"PropertyValueSpecification","valueRequired":true,"valueName":"search_term_string"}}],"inLanguage":"lv-LV"}]}},"_links":{"self":[{"href":"https:\/\/toys.lt\/lv\/wp-json\/wp\/v2\/product\/41585","targetHints":{"allow":["GET"]}}],"collection":[{"href":"https:\/\/toys.lt\/lv\/wp-json\/wp\/v2\/product"}],"about":[{"href":"https:\/\/toys.lt\/lv\/wp-json\/wp\/v2\/types\/product"}],"replies":[{"embeddable":true,"href":"https:\/\/toys.lt\/lv\/wp-json\/wp\/v2\/comments?post=41585"}],"version-history":[{"count":1,"href":"https:\/\/toys.lt\/lv\/wp-json\/wp\/v2\/product\/41585\/revisions"}],"predecessor-version":[{"id":41586,"href":"https:\/\/toys.lt\/lv\/wp-json\/wp\/v2\/product\/41585\/revisions\/41586"}],"wp:featuredmedia":[{"embeddable":true,"href":"https:\/\/toys.lt\/lv\/wp-json\/wp\/v2\/media\/38071"}],"wp:attachment":[{"href":"https:\/\/toys.lt\/lv\/wp-json\/wp\/v2\/media?parent=41585"}],"wp:term":[{"taxonomy":"product_brand","embeddable":true,"href":"https:\/\/toys.lt\/lv\/wp-json\/wp\/v2\/product_brand?post=41585"},{"taxonomy":"product_cat","embeddable":true,"href":"https:\/\/toys.lt\/lv\/wp-json\/wp\/v2\/product_cat?post=41585"},{"taxonomy":"product_tag","embeddable":true,"href":"https:\/\/toys.lt\/lv\/wp-json\/wp\/v2\/product_tag?post=41585"}],"curies":[{"name":"wp","href":"https:\/\/api.w.org\/{rel}","templated":true}]}}