{"id":41563,"date":"2022-01-18T04:01:01","date_gmt":"2022-01-18T04:01:01","guid":{"rendered":"https:\/\/toys.lt\/produktas\/clementoni-mehaniskas-laboratorijas-arktikas-transportlidzekli\/"},"modified":"2026-04-09T00:00:50","modified_gmt":"2026-04-09T00:00:50","slug":"clementoni-mehaniskas-laboratorijas-arktikas-transportlidzekli","status":"publish","type":"product","link":"https:\/\/toys.lt\/lv\/produktas\/clementoni-mehaniskas-laboratorijas-arktikas-transportlidzekli\/","title":{"rendered":"Clementoni &#8220;Meh\u0101nisk\u0101s laboratorijas &#8211; Arktikas transportl\u012bdzek\u013ci&#8221;"},"content":{"rendered":"<p class=\"MsoNormal\" style=\"margin: 0px;font-size: medium;color: #7a7a7a;padding: 0px;line-height: inherit;border: 0px;font-family: Roboto, sans-serif;background-color: #fefefe;text-align: center\" align=\"center\"><i style=\"line-height: inherit;margin: 0px;padding: 0px;border: 0px;font-variant: inherit;font-weight: inherit;font-size: inherit;font-family: inherit\"><span style=\"margin: 0px;padding: 0px;border: 0px;font-style: inherit;font-variant: inherit;font-weight: inherit;font-size: 8.5pt;line-height: inherit;font-family: Verdana, sans-serif;color: #000000\">Clementoni &#8211; dibin\u0101ts It\u0101lij\u0101 un veiksm\u012bgi darbojas jau vair\u0101k nek\u0101 50 gadus! Uz\u0146\u0113muma misija ir rad\u012bt sp\u0113les, kas pal\u012bdz b\u0113rniem augt.   <\/span><\/i><\/p>\n<p class=\"MsoNormal\" style=\"margin: 0px;font-size: medium;color: #7a7a7a;padding: 0px;line-height: inherit;border: 0px;font-family: Roboto, sans-serif;background-color: #fefefe;text-align: center\" align=\"center\"><i style=\"line-height: inherit;margin: 0px;padding: 0px;border: 0px;font-variant: inherit;font-weight: inherit;font-size: inherit;font-family: inherit\"><span style=\"margin: 0px;padding: 0px;border: 0px;font-style: inherit;font-variant: inherit;font-weight: inherit;font-size: 8.5pt;line-height: inherit;font-family: Verdana, sans-serif;color: #000000\">Tas viss ir izstr\u0101d\u0101ts, lai apmierin\u0101tu jaunie\u0161u vajadz\u012bbas, \u0146emot v\u0113r\u0101 m\u016bsdienu tehnolo\u0123ijas un glob\u0101l\u0101s izgl\u012bt\u012bbas tendences.<\/span><\/i><\/p>\n<p><strong>Funkcijas:<\/strong><\/p>\n<ul style=\"list-style-type: square\">\n<li>Neticams zin\u0101tniskais komplekts, kas pal\u012bdz\u0113s jums s\u0101kt atkl\u0101t Antarktikas nosl\u0113pumus un p\u0101rvar\u0113t ledu meh\u0101nikas un in\u017eenierzin\u0101t\u0146u ce\u013cojum\u0101.<\/li>\n<li>Ar 350 sast\u0101vda\u013c\u0101m j\u016bsu b\u0113rns var uzb\u016bv\u0113t 20 transportl\u012bdzek\u013cu mode\u013cus, lai izp\u0113t\u012btu Antarkt\u012bdu, tostarp kravas automa\u0161\u012bnu, sniega t\u012br\u012bt\u0101ju, traktoru, lidma\u0161\u012bnu un citus.<\/li>\n<li>Kravas automa\u0161\u012bnai ir vilc\u0113js un groz\u0101ma piekabe, tornis ar orient\u0113jamu celtni, st\u016bres meh\u0101nisms ar zobstie\u0146iem un regul\u0113jamu priek\u0161\u0113jo l\u0101psti\u0146u, kas nodro\u0161ina neticamus piedz\u012bvojumus uz ledus.<\/li>\n<li>Aizraujo\u0161\u0101 Mechanics Lab lietotne ar 3D interakt\u012bv\u0101m instrukcij\u0101m padara mode\u013cu veido\u0161anu vienk\u0101r\u0161u un jautru.<\/li>\n<li>Ilustr\u0113ts ce\u013cvedis, kas pal\u012bdz\u0113s j\u016bsu b\u0113rnam b\u016bv\u0113t mode\u013cus, iepaz\u012bstinot ar fizikas, in\u017eenierzin\u0101tnes un meh\u0101nikas pamatiem.<\/li>\n<li style=\"margin: 0px;padding: 0px;font: inherit;border: 0px\">&#8220;Clementoni Meh\u0101nikas laboratoriju l\u012bnijas pamat\u0101 ir STEM izgl\u012bt\u012bbas metodolo\u0123ija, kas pal\u012bdz b\u0113rniem att\u012bst\u012bt kritisko dom\u0101\u0161anu un probl\u0113mu risin\u0101\u0161anu, apg\u016bstot un pielietojot zin\u0101tnes, tehnolo\u0123iju, in\u017eenierzin\u0101t\u0146u un matem\u0101tikas zin\u0101\u0161anas.<\/li>\n<li style=\"margin: 0px;padding: 0px;font: inherit;border: 0px\">STEM (Science, Technology, Engineering, Mathematics &#8211; zin\u0101tne, tehnolo\u0123ijas, in\u017eenierzin\u0101tnes, matem\u0101tika) ir akron\u012bms, kas radies ASV, un t\u0101 m\u0113r\u0137is ir nodro\u0161in\u0101t skol\u0113nus ar prasm\u0113m, zin\u0101\u0161an\u0101m un pieredzi, lai risin\u0101tu n\u0101kotnes tehnolo\u0123iskos izaicin\u0101jumus.<\/li>\n<li style=\"margin: 0px;padding: 0px;font: inherit;border: 0px\">Att\u012bsta roku veikl\u012bbu, izt\u0113li un rado\u0161umu.<\/li>\n<\/ul>\n","protected":false},"excerpt":{"rendered":"<p>Produkta veids: izgl\u012btojo\u0161s<\/p>\n<p>Z\u012bmola nosaukums: Clementoni<\/p>\n<p>Izcelsmes valsts: It\u0101lija<\/p>\n<p>Iepakojuma izm\u0113ri: 33 x 45 x 7 cm<\/p>\n<p>Ieteicamais vecums: no 8 gadiem.<\/p>\n","protected":false},"featured_media":38104,"comment_status":"open","ping_status":"closed","template":"","meta":[],"product_brand":[384],"product_cat":[1176,1157,1155],"product_tag":[],"class_list":{"0":"post-41563","1":"product","2":"type-product","3":"status-publish","4":"has-post-thumbnail","6":"product_brand-clementoni-2","7":"product_cat-rotallietas-zeniem","8":"product_cat-izglitojosas-un-interaktivas-rotallietas","9":"product_cat-leti","10":"pa_amziaus-grupe-8-lv","11":"pa_prek-s-tipas-kravas-automasinas","12":"pa_prekes-zenklas-clementoni-lv","14":"first","15":"outofstock","16":"taxable","17":"shipping-taxable","18":"purchasable","19":"product-type-simple"},"yoast_head":"<!-- This site is optimized with the Yoast SEO plugin v26.3 - https:\/\/yoast.com\/wordpress\/plugins\/seo\/ -->\n<title>Clementoni &quot;Meh\u0101nisk\u0101s laboratorijas - Arktikas transportl\u012bdzek\u013ci&quot; - Toys.lt<\/title>\n<meta name=\"robots\" content=\"index, follow, max-snippet:-1, max-image-preview:large, max-video-preview:-1\" \/>\n<link rel=\"canonical\" href=\"https:\/\/toys.lt\/lv\/produktas\/clementoni-mehaniskas-laboratorijas-arktikas-transportlidzekli\/\" \/>\n<meta property=\"og:locale\" content=\"lv_LV\" \/>\n<meta property=\"og:type\" content=\"article\" \/>\n<meta property=\"og:title\" content=\"Clementoni &quot;Meh\u0101nisk\u0101s laboratorijas - Arktikas transportl\u012bdzek\u013ci&quot; - Toys.lt\" \/>\n<meta property=\"og:description\" content=\"Produkta veids: izgl\u012btojo\u0161s Z\u012bmola nosaukums: Clementoni Izcelsmes valsts: It\u0101lija Iepakojuma izm\u0113ri: 33 x 45 x 7 cm Ieteicamais vecums: no 8 gadiem.\" \/>\n<meta property=\"og:url\" content=\"https:\/\/toys.lt\/lv\/produktas\/clementoni-mehaniskas-laboratorijas-arktikas-transportlidzekli\/\" \/>\n<meta property=\"og:site_name\" content=\"Toys.lt\" \/>\n<meta property=\"article:modified_time\" content=\"2026-04-09T00:00:50+00:00\" \/>\n<meta property=\"og:image\" content=\"https:\/\/toys.lt\/wp-content\/uploads\/2022\/01\/products-2529.jpg\" \/>\n\t<meta property=\"og:image:width\" content=\"1500\" \/>\n\t<meta property=\"og:image:height\" content=\"879\" \/>\n\t<meta property=\"og:image:type\" content=\"image\/jpeg\" \/>\n<meta name=\"twitter:card\" content=\"summary_large_image\" \/>\n<meta name=\"twitter:label1\" content=\"Est. reading time\" \/>\n\t<meta name=\"twitter:data1\" content=\"2 minutes\" \/>\n<script type=\"application\/ld+json\" class=\"yoast-schema-graph\">{\"@context\":\"https:\/\/schema.org\",\"@graph\":[{\"@type\":\"WebPage\",\"@id\":\"https:\/\/toys.lt\/lv\/produktas\/clementoni-mehaniskas-laboratorijas-arktikas-transportlidzekli\/\",\"url\":\"https:\/\/toys.lt\/lv\/produktas\/clementoni-mehaniskas-laboratorijas-arktikas-transportlidzekli\/\",\"name\":\"Clementoni \\\"Meh\u0101nisk\u0101s laboratorijas - Arktikas transportl\u012bdzek\u013ci\\\" - Toys.lt\",\"isPartOf\":{\"@id\":\"https:\/\/toys.lt\/lv\/#website\"},\"primaryImageOfPage\":{\"@id\":\"https:\/\/toys.lt\/lv\/produktas\/clementoni-mehaniskas-laboratorijas-arktikas-transportlidzekli\/#primaryimage\"},\"image\":{\"@id\":\"https:\/\/toys.lt\/lv\/produktas\/clementoni-mehaniskas-laboratorijas-arktikas-transportlidzekli\/#primaryimage\"},\"thumbnailUrl\":\"https:\/\/toys.lt\/wp-content\/uploads\/2022\/01\/products-2529.jpg\",\"datePublished\":\"2022-01-18T04:01:01+00:00\",\"dateModified\":\"2026-04-09T00:00:50+00:00\",\"breadcrumb\":{\"@id\":\"https:\/\/toys.lt\/lv\/produktas\/clementoni-mehaniskas-laboratorijas-arktikas-transportlidzekli\/#breadcrumb\"},\"inLanguage\":\"lv-LV\",\"potentialAction\":[{\"@type\":\"ReadAction\",\"target\":[\"https:\/\/toys.lt\/lv\/produktas\/clementoni-mehaniskas-laboratorijas-arktikas-transportlidzekli\/\"]}]},{\"@type\":\"ImageObject\",\"inLanguage\":\"lv-LV\",\"@id\":\"https:\/\/toys.lt\/lv\/produktas\/clementoni-mehaniskas-laboratorijas-arktikas-transportlidzekli\/#primaryimage\",\"url\":\"https:\/\/toys.lt\/wp-content\/uploads\/2022\/01\/products-2529.jpg\",\"contentUrl\":\"https:\/\/toys.lt\/wp-content\/uploads\/2022\/01\/products-2529.jpg\",\"width\":1500,\"height\":879,\"caption\":\"Clementoni konstruktorius &#8220;Mechanical Labs &#8211; Artic Vehicles&#8221;\"},{\"@type\":\"BreadcrumbList\",\"@id\":\"https:\/\/toys.lt\/lv\/produktas\/clementoni-mehaniskas-laboratorijas-arktikas-transportlidzekli\/#breadcrumb\",\"itemListElement\":[{\"@type\":\"ListItem\",\"position\":1,\"name\":\"Home\",\"item\":\"https:\/\/toys.lt\/lv\/\"},{\"@type\":\"ListItem\",\"position\":2,\"name\":\"Veikals\",\"item\":\"https:\/\/toys.lt\/lv\/shop\/\"},{\"@type\":\"ListItem\",\"position\":3,\"name\":\"Clementoni &#8222;Meh\u0101nisk\u0101s laboratorijas &#8211; Arktikas transportl\u012bdzek\u013ci&#8221;\"}]},{\"@type\":\"WebSite\",\"@id\":\"https:\/\/toys.lt\/lv\/#website\",\"url\":\"https:\/\/toys.lt\/lv\/\",\"name\":\"Toys.lt\",\"description\":\"\",\"potentialAction\":[{\"@type\":\"SearchAction\",\"target\":{\"@type\":\"EntryPoint\",\"urlTemplate\":\"https:\/\/toys.lt\/lv\/?s={search_term_string}\"},\"query-input\":{\"@type\":\"PropertyValueSpecification\",\"valueRequired\":true,\"valueName\":\"search_term_string\"}}],\"inLanguage\":\"lv-LV\"}]}<\/script>\n<!-- \/ Yoast SEO plugin. -->","yoast_head_json":{"title":"Clementoni \"Meh\u0101nisk\u0101s laboratorijas - Arktikas transportl\u012bdzek\u013ci\" - Toys.lt","robots":{"index":"index","follow":"follow","max-snippet":"max-snippet:-1","max-image-preview":"max-image-preview:large","max-video-preview":"max-video-preview:-1"},"canonical":"https:\/\/toys.lt\/lv\/produktas\/clementoni-mehaniskas-laboratorijas-arktikas-transportlidzekli\/","og_locale":"lv_LV","og_type":"article","og_title":"Clementoni \"Meh\u0101nisk\u0101s laboratorijas - Arktikas transportl\u012bdzek\u013ci\" - Toys.lt","og_description":"Produkta veids: izgl\u012btojo\u0161s Z\u012bmola nosaukums: Clementoni Izcelsmes valsts: It\u0101lija Iepakojuma izm\u0113ri: 33 x 45 x 7 cm Ieteicamais vecums: no 8 gadiem.","og_url":"https:\/\/toys.lt\/lv\/produktas\/clementoni-mehaniskas-laboratorijas-arktikas-transportlidzekli\/","og_site_name":"Toys.lt","article_modified_time":"2026-04-09T00:00:50+00:00","og_image":[{"width":1500,"height":879,"url":"https:\/\/toys.lt\/wp-content\/uploads\/2022\/01\/products-2529.jpg","type":"image\/jpeg"}],"twitter_card":"summary_large_image","twitter_misc":{"Est. reading time":"2 minutes"},"schema":{"@context":"https:\/\/schema.org","@graph":[{"@type":"WebPage","@id":"https:\/\/toys.lt\/lv\/produktas\/clementoni-mehaniskas-laboratorijas-arktikas-transportlidzekli\/","url":"https:\/\/toys.lt\/lv\/produktas\/clementoni-mehaniskas-laboratorijas-arktikas-transportlidzekli\/","name":"Clementoni \"Meh\u0101nisk\u0101s laboratorijas - Arktikas transportl\u012bdzek\u013ci\" - Toys.lt","isPartOf":{"@id":"https:\/\/toys.lt\/lv\/#website"},"primaryImageOfPage":{"@id":"https:\/\/toys.lt\/lv\/produktas\/clementoni-mehaniskas-laboratorijas-arktikas-transportlidzekli\/#primaryimage"},"image":{"@id":"https:\/\/toys.lt\/lv\/produktas\/clementoni-mehaniskas-laboratorijas-arktikas-transportlidzekli\/#primaryimage"},"thumbnailUrl":"https:\/\/toys.lt\/wp-content\/uploads\/2022\/01\/products-2529.jpg","datePublished":"2022-01-18T04:01:01+00:00","dateModified":"2026-04-09T00:00:50+00:00","breadcrumb":{"@id":"https:\/\/toys.lt\/lv\/produktas\/clementoni-mehaniskas-laboratorijas-arktikas-transportlidzekli\/#breadcrumb"},"inLanguage":"lv-LV","potentialAction":[{"@type":"ReadAction","target":["https:\/\/toys.lt\/lv\/produktas\/clementoni-mehaniskas-laboratorijas-arktikas-transportlidzekli\/"]}]},{"@type":"ImageObject","inLanguage":"lv-LV","@id":"https:\/\/toys.lt\/lv\/produktas\/clementoni-mehaniskas-laboratorijas-arktikas-transportlidzekli\/#primaryimage","url":"https:\/\/toys.lt\/wp-content\/uploads\/2022\/01\/products-2529.jpg","contentUrl":"https:\/\/toys.lt\/wp-content\/uploads\/2022\/01\/products-2529.jpg","width":1500,"height":879,"caption":"Clementoni konstruktorius &#8220;Mechanical Labs &#8211; Artic Vehicles&#8221;"},{"@type":"BreadcrumbList","@id":"https:\/\/toys.lt\/lv\/produktas\/clementoni-mehaniskas-laboratorijas-arktikas-transportlidzekli\/#breadcrumb","itemListElement":[{"@type":"ListItem","position":1,"name":"Home","item":"https:\/\/toys.lt\/lv\/"},{"@type":"ListItem","position":2,"name":"Veikals","item":"https:\/\/toys.lt\/lv\/shop\/"},{"@type":"ListItem","position":3,"name":"Clementoni &#8222;Meh\u0101nisk\u0101s laboratorijas &#8211; Arktikas transportl\u012bdzek\u013ci&#8221;"}]},{"@type":"WebSite","@id":"https:\/\/toys.lt\/lv\/#website","url":"https:\/\/toys.lt\/lv\/","name":"Toys.lt","description":"","potentialAction":[{"@type":"SearchAction","target":{"@type":"EntryPoint","urlTemplate":"https:\/\/toys.lt\/lv\/?s={search_term_string}"},"query-input":{"@type":"PropertyValueSpecification","valueRequired":true,"valueName":"search_term_string"}}],"inLanguage":"lv-LV"}]}},"_links":{"self":[{"href":"https:\/\/toys.lt\/lv\/wp-json\/wp\/v2\/product\/41563","targetHints":{"allow":["GET"]}}],"collection":[{"href":"https:\/\/toys.lt\/lv\/wp-json\/wp\/v2\/product"}],"about":[{"href":"https:\/\/toys.lt\/lv\/wp-json\/wp\/v2\/types\/product"}],"replies":[{"embeddable":true,"href":"https:\/\/toys.lt\/lv\/wp-json\/wp\/v2\/comments?post=41563"}],"version-history":[{"count":2,"href":"https:\/\/toys.lt\/lv\/wp-json\/wp\/v2\/product\/41563\/revisions"}],"predecessor-version":[{"id":46152,"href":"https:\/\/toys.lt\/lv\/wp-json\/wp\/v2\/product\/41563\/revisions\/46152"}],"wp:featuredmedia":[{"embeddable":true,"href":"https:\/\/toys.lt\/lv\/wp-json\/wp\/v2\/media\/38104"}],"wp:attachment":[{"href":"https:\/\/toys.lt\/lv\/wp-json\/wp\/v2\/media?parent=41563"}],"wp:term":[{"taxonomy":"product_brand","embeddable":true,"href":"https:\/\/toys.lt\/lv\/wp-json\/wp\/v2\/product_brand?post=41563"},{"taxonomy":"product_cat","embeddable":true,"href":"https:\/\/toys.lt\/lv\/wp-json\/wp\/v2\/product_cat?post=41563"},{"taxonomy":"product_tag","embeddable":true,"href":"https:\/\/toys.lt\/lv\/wp-json\/wp\/v2\/product_tag?post=41563"}],"curies":[{"name":"wp","href":"https:\/\/api.w.org\/{rel}","templated":true}]}}