{"id":41559,"date":"2022-01-18T04:09:25","date_gmt":"2022-01-18T04:09:25","guid":{"rendered":"https:\/\/toys.lt\/produktas\/clementoni-mehaniskas-laboratorijas-automasina\/"},"modified":"2026-04-09T00:00:50","modified_gmt":"2026-04-09T00:00:50","slug":"clementoni-mehaniskas-laboratorijas-automasina","status":"publish","type":"product","link":"https:\/\/toys.lt\/lv\/produktas\/clementoni-mehaniskas-laboratorijas-automasina\/","title":{"rendered":"Clementoni Meh\u0101nisk\u0101s laboratorijas &#8211; Automa\u0161\u012bna"},"content":{"rendered":"<p class=\"MsoNormal\" style=\"margin: 0px;font-size: medium;color: #7a7a7a;padding: 0px;line-height: inherit;border: 0px;font-family: Roboto, sans-serif;background-color: #fefefe;text-align: center\" align=\"center\"><i style=\"line-height: inherit;margin: 0px;padding: 0px;border: 0px;font-variant: inherit;font-weight: inherit;font-size: inherit;font-family: inherit\"><span style=\"margin: 0px;padding: 0px;border: 0px;font-style: inherit;font-variant: inherit;font-weight: inherit;font-size: 8.5pt;line-height: inherit;font-family: Verdana, sans-serif;color: #000000\">Clementoni &#8211; dibin\u0101ts It\u0101lij\u0101 un veiksm\u012bgi darbojas jau vair\u0101k nek\u0101 50 gadus! Uz\u0146\u0113muma misija ir rad\u012bt sp\u0113les, kas pal\u012bdz b\u0113rniem augt.   <\/span><\/i><\/p>\n<p class=\"MsoNormal\" style=\"margin: 0px;font-size: medium;color: #7a7a7a;padding: 0px;line-height: inherit;border: 0px;font-family: Roboto, sans-serif;background-color: #fefefe;text-align: center\" align=\"center\"><i style=\"line-height: inherit;margin: 0px;padding: 0px;border: 0px;font-variant: inherit;font-weight: inherit;font-size: inherit;font-family: inherit\"><span style=\"margin: 0px;padding: 0px;border: 0px;font-style: inherit;font-variant: inherit;font-weight: inherit;font-size: 8.5pt;line-height: inherit;font-family: Verdana, sans-serif;color: #000000\">Tas viss ir izstr\u0101d\u0101ts, lai apmierin\u0101tu jaunie\u0161u vajadz\u012bbas, \u0146emot v\u0113r\u0101 m\u016bsdienu tehnolo\u0123ijas un glob\u0101l\u0101s izgl\u012bt\u012bbas tendences.<\/span><\/i><\/p>\n<p><strong>Funkcijas:<\/strong><\/p>\n<ul style=\"list-style-type: square\">\n<li>No 250 deta\u013c\u0101m var uzb\u016bv\u0113t vair\u0101k nek\u0101 50 da\u017e\u0101dus transportl\u012bdzek\u013cus.<\/li>\n<li>Ide\u0101ls meh\u0101nikas un in\u017eenierzin\u0101t\u0146u simulators<\/li>\n<li style=\"margin: 0px;padding: 0px;font: inherit;border: 0px\">Att\u012bsta roku veikl\u012bbu, izt\u0113li un rado\u0161umu.<\/li>\n<li style=\"margin: 0px;padding: 0px;font: inherit;border: 0px\">Ietver lietot\u0101ja rokasgr\u0101matu<\/li>\n<\/ul>\n","protected":false},"excerpt":{"rendered":"<p>Produkta veids: izgl\u012btojo\u0161s<\/p>\n<p>Z\u012bmola nosaukums: Clementoni<\/p>\n<p>Izcelsmes valsts: It\u0101lija<\/p>\n<p>Iepakojuma izm\u0113ri: 35 x 41 x 7 cm<\/p>\n<p>Ieteicamais vecums: no 8 gadiem.<\/p>\n","protected":false},"featured_media":38113,"comment_status":"open","ping_status":"closed","template":"","meta":[],"product_brand":[384],"product_cat":[1176,1158,1155],"product_tag":[],"class_list":{"0":"post-41559","1":"product","2":"type-product","3":"status-publish","4":"has-post-thumbnail","6":"product_brand-clementoni-2","7":"product_cat-rotallietas-zeniem","8":"product_cat-konstruktori","9":"product_cat-leti","10":"pa_amziaus-grupe-8-lv","11":"pa_prek-s-tipas-masinas","12":"pa_prekes-zenklas-clementoni-lv","14":"first","15":"outofstock","16":"taxable","17":"shipping-taxable","18":"purchasable","19":"product-type-simple"},"yoast_head":"<!-- This site is optimized with the Yoast SEO plugin v26.3 - https:\/\/yoast.com\/wordpress\/plugins\/seo\/ -->\n<title>Clementoni Meh\u0101nisk\u0101s laboratorijas - Automa\u0161\u012bna - Toys.lt<\/title>\n<meta name=\"robots\" content=\"index, follow, max-snippet:-1, max-image-preview:large, max-video-preview:-1\" \/>\n<link rel=\"canonical\" href=\"https:\/\/toys.lt\/lv\/produktas\/clementoni-mehaniskas-laboratorijas-automasina\/\" \/>\n<meta property=\"og:locale\" content=\"lv_LV\" \/>\n<meta property=\"og:type\" content=\"article\" \/>\n<meta property=\"og:title\" content=\"Clementoni Meh\u0101nisk\u0101s laboratorijas - Automa\u0161\u012bna - Toys.lt\" \/>\n<meta property=\"og:description\" content=\"Produkta veids: izgl\u012btojo\u0161s Z\u012bmola nosaukums: Clementoni Izcelsmes valsts: It\u0101lija Iepakojuma izm\u0113ri: 35 x 41 x 7 cm Ieteicamais vecums: no 8 gadiem.\" \/>\n<meta property=\"og:url\" content=\"https:\/\/toys.lt\/lv\/produktas\/clementoni-mehaniskas-laboratorijas-automasina\/\" \/>\n<meta property=\"og:site_name\" content=\"Toys.lt\" \/>\n<meta property=\"article:modified_time\" content=\"2026-04-09T00:00:50+00:00\" \/>\n<meta property=\"og:image\" content=\"https:\/\/toys.lt\/wp-content\/uploads\/2022\/01\/products-2547.jpg\" \/>\n\t<meta property=\"og:image:width\" content=\"1400\" \/>\n\t<meta property=\"og:image:height\" content=\"754\" \/>\n\t<meta property=\"og:image:type\" content=\"image\/jpeg\" \/>\n<meta name=\"twitter:card\" content=\"summary_large_image\" \/>\n<script type=\"application\/ld+json\" class=\"yoast-schema-graph\">{\"@context\":\"https:\/\/schema.org\",\"@graph\":[{\"@type\":\"WebPage\",\"@id\":\"https:\/\/toys.lt\/lv\/produktas\/clementoni-mehaniskas-laboratorijas-automasina\/\",\"url\":\"https:\/\/toys.lt\/lv\/produktas\/clementoni-mehaniskas-laboratorijas-automasina\/\",\"name\":\"Clementoni Meh\u0101nisk\u0101s laboratorijas - Automa\u0161\u012bna - Toys.lt\",\"isPartOf\":{\"@id\":\"https:\/\/toys.lt\/lv\/#website\"},\"primaryImageOfPage\":{\"@id\":\"https:\/\/toys.lt\/lv\/produktas\/clementoni-mehaniskas-laboratorijas-automasina\/#primaryimage\"},\"image\":{\"@id\":\"https:\/\/toys.lt\/lv\/produktas\/clementoni-mehaniskas-laboratorijas-automasina\/#primaryimage\"},\"thumbnailUrl\":\"https:\/\/toys.lt\/wp-content\/uploads\/2022\/01\/products-2547.jpg\",\"datePublished\":\"2022-01-18T04:09:25+00:00\",\"dateModified\":\"2026-04-09T00:00:50+00:00\",\"breadcrumb\":{\"@id\":\"https:\/\/toys.lt\/lv\/produktas\/clementoni-mehaniskas-laboratorijas-automasina\/#breadcrumb\"},\"inLanguage\":\"lv-LV\",\"potentialAction\":[{\"@type\":\"ReadAction\",\"target\":[\"https:\/\/toys.lt\/lv\/produktas\/clementoni-mehaniskas-laboratorijas-automasina\/\"]}]},{\"@type\":\"ImageObject\",\"inLanguage\":\"lv-LV\",\"@id\":\"https:\/\/toys.lt\/lv\/produktas\/clementoni-mehaniskas-laboratorijas-automasina\/#primaryimage\",\"url\":\"https:\/\/toys.lt\/wp-content\/uploads\/2022\/01\/products-2547.jpg\",\"contentUrl\":\"https:\/\/toys.lt\/wp-content\/uploads\/2022\/01\/products-2547.jpg\",\"width\":1400,\"height\":754,\"caption\":\"Clementoni konstruktorius &#8220;Mechanical Labs &#8211; Car&#8221;\"},{\"@type\":\"BreadcrumbList\",\"@id\":\"https:\/\/toys.lt\/lv\/produktas\/clementoni-mehaniskas-laboratorijas-automasina\/#breadcrumb\",\"itemListElement\":[{\"@type\":\"ListItem\",\"position\":1,\"name\":\"Home\",\"item\":\"https:\/\/toys.lt\/lv\/\"},{\"@type\":\"ListItem\",\"position\":2,\"name\":\"Veikals\",\"item\":\"https:\/\/toys.lt\/lv\/shop\/\"},{\"@type\":\"ListItem\",\"position\":3,\"name\":\"Clementoni Meh\u0101nisk\u0101s laboratorijas &#8211; Automa\u0161\u012bna\"}]},{\"@type\":\"WebSite\",\"@id\":\"https:\/\/toys.lt\/lv\/#website\",\"url\":\"https:\/\/toys.lt\/lv\/\",\"name\":\"Toys.lt\",\"description\":\"\",\"potentialAction\":[{\"@type\":\"SearchAction\",\"target\":{\"@type\":\"EntryPoint\",\"urlTemplate\":\"https:\/\/toys.lt\/lv\/?s={search_term_string}\"},\"query-input\":{\"@type\":\"PropertyValueSpecification\",\"valueRequired\":true,\"valueName\":\"search_term_string\"}}],\"inLanguage\":\"lv-LV\"}]}<\/script>\n<!-- \/ Yoast SEO plugin. -->","yoast_head_json":{"title":"Clementoni Meh\u0101nisk\u0101s laboratorijas - Automa\u0161\u012bna - Toys.lt","robots":{"index":"index","follow":"follow","max-snippet":"max-snippet:-1","max-image-preview":"max-image-preview:large","max-video-preview":"max-video-preview:-1"},"canonical":"https:\/\/toys.lt\/lv\/produktas\/clementoni-mehaniskas-laboratorijas-automasina\/","og_locale":"lv_LV","og_type":"article","og_title":"Clementoni Meh\u0101nisk\u0101s laboratorijas - Automa\u0161\u012bna - Toys.lt","og_description":"Produkta veids: izgl\u012btojo\u0161s Z\u012bmola nosaukums: Clementoni Izcelsmes valsts: It\u0101lija Iepakojuma izm\u0113ri: 35 x 41 x 7 cm Ieteicamais vecums: no 8 gadiem.","og_url":"https:\/\/toys.lt\/lv\/produktas\/clementoni-mehaniskas-laboratorijas-automasina\/","og_site_name":"Toys.lt","article_modified_time":"2026-04-09T00:00:50+00:00","og_image":[{"width":1400,"height":754,"url":"https:\/\/toys.lt\/wp-content\/uploads\/2022\/01\/products-2547.jpg","type":"image\/jpeg"}],"twitter_card":"summary_large_image","schema":{"@context":"https:\/\/schema.org","@graph":[{"@type":"WebPage","@id":"https:\/\/toys.lt\/lv\/produktas\/clementoni-mehaniskas-laboratorijas-automasina\/","url":"https:\/\/toys.lt\/lv\/produktas\/clementoni-mehaniskas-laboratorijas-automasina\/","name":"Clementoni Meh\u0101nisk\u0101s laboratorijas - Automa\u0161\u012bna - Toys.lt","isPartOf":{"@id":"https:\/\/toys.lt\/lv\/#website"},"primaryImageOfPage":{"@id":"https:\/\/toys.lt\/lv\/produktas\/clementoni-mehaniskas-laboratorijas-automasina\/#primaryimage"},"image":{"@id":"https:\/\/toys.lt\/lv\/produktas\/clementoni-mehaniskas-laboratorijas-automasina\/#primaryimage"},"thumbnailUrl":"https:\/\/toys.lt\/wp-content\/uploads\/2022\/01\/products-2547.jpg","datePublished":"2022-01-18T04:09:25+00:00","dateModified":"2026-04-09T00:00:50+00:00","breadcrumb":{"@id":"https:\/\/toys.lt\/lv\/produktas\/clementoni-mehaniskas-laboratorijas-automasina\/#breadcrumb"},"inLanguage":"lv-LV","potentialAction":[{"@type":"ReadAction","target":["https:\/\/toys.lt\/lv\/produktas\/clementoni-mehaniskas-laboratorijas-automasina\/"]}]},{"@type":"ImageObject","inLanguage":"lv-LV","@id":"https:\/\/toys.lt\/lv\/produktas\/clementoni-mehaniskas-laboratorijas-automasina\/#primaryimage","url":"https:\/\/toys.lt\/wp-content\/uploads\/2022\/01\/products-2547.jpg","contentUrl":"https:\/\/toys.lt\/wp-content\/uploads\/2022\/01\/products-2547.jpg","width":1400,"height":754,"caption":"Clementoni konstruktorius &#8220;Mechanical Labs &#8211; Car&#8221;"},{"@type":"BreadcrumbList","@id":"https:\/\/toys.lt\/lv\/produktas\/clementoni-mehaniskas-laboratorijas-automasina\/#breadcrumb","itemListElement":[{"@type":"ListItem","position":1,"name":"Home","item":"https:\/\/toys.lt\/lv\/"},{"@type":"ListItem","position":2,"name":"Veikals","item":"https:\/\/toys.lt\/lv\/shop\/"},{"@type":"ListItem","position":3,"name":"Clementoni Meh\u0101nisk\u0101s laboratorijas &#8211; Automa\u0161\u012bna"}]},{"@type":"WebSite","@id":"https:\/\/toys.lt\/lv\/#website","url":"https:\/\/toys.lt\/lv\/","name":"Toys.lt","description":"","potentialAction":[{"@type":"SearchAction","target":{"@type":"EntryPoint","urlTemplate":"https:\/\/toys.lt\/lv\/?s={search_term_string}"},"query-input":{"@type":"PropertyValueSpecification","valueRequired":true,"valueName":"search_term_string"}}],"inLanguage":"lv-LV"}]}},"_links":{"self":[{"href":"https:\/\/toys.lt\/lv\/wp-json\/wp\/v2\/product\/41559","targetHints":{"allow":["GET"]}}],"collection":[{"href":"https:\/\/toys.lt\/lv\/wp-json\/wp\/v2\/product"}],"about":[{"href":"https:\/\/toys.lt\/lv\/wp-json\/wp\/v2\/types\/product"}],"replies":[{"embeddable":true,"href":"https:\/\/toys.lt\/lv\/wp-json\/wp\/v2\/comments?post=41559"}],"version-history":[{"count":2,"href":"https:\/\/toys.lt\/lv\/wp-json\/wp\/v2\/product\/41559\/revisions"}],"predecessor-version":[{"id":46154,"href":"https:\/\/toys.lt\/lv\/wp-json\/wp\/v2\/product\/41559\/revisions\/46154"}],"wp:featuredmedia":[{"embeddable":true,"href":"https:\/\/toys.lt\/lv\/wp-json\/wp\/v2\/media\/38113"}],"wp:attachment":[{"href":"https:\/\/toys.lt\/lv\/wp-json\/wp\/v2\/media?parent=41559"}],"wp:term":[{"taxonomy":"product_brand","embeddable":true,"href":"https:\/\/toys.lt\/lv\/wp-json\/wp\/v2\/product_brand?post=41559"},{"taxonomy":"product_cat","embeddable":true,"href":"https:\/\/toys.lt\/lv\/wp-json\/wp\/v2\/product_cat?post=41559"},{"taxonomy":"product_tag","embeddable":true,"href":"https:\/\/toys.lt\/lv\/wp-json\/wp\/v2\/product_tag?post=41559"}],"curies":[{"name":"wp","href":"https:\/\/api.w.org\/{rel}","templated":true}]}}