{"id":41553,"date":"2022-03-10T01:43:27","date_gmt":"2022-03-10T01:43:27","guid":{"rendered":"https:\/\/toys.lt\/produktas\/clementoni-baby-camera-rotallietu-kamera\/"},"modified":"2026-04-09T00:00:48","modified_gmt":"2026-04-09T00:00:48","slug":"clementoni-baby-camera-rotallietu-kamera","status":"publish","type":"product","link":"https:\/\/toys.lt\/lv\/produktas\/clementoni-baby-camera-rotallietu-kamera\/","title":{"rendered":"Clementoni Baby Camera rota\u013clietu kamera"},"content":{"rendered":"<p><b>Clementoni Baby Camera rota\u013cu kamera<\/b> ir pilna pozit\u012bvas darb\u012bbas.<\/p>\n<p><strong>Funkcijas:<\/strong><\/p>\n<ul style=\"list-style-type: disc\">\n<li>Gaisma;<\/li>\n<li>Melodijas;<\/li>\n<li>Kad nospie\u017eat pogas, par\u0101d\u0101s dz\u012bvnieku fotoatt\u0113li<\/li>\n<\/ul>\n","protected":false},"excerpt":{"rendered":"<p>Z\u012bmols: Clementoni<\/p>\n<p>Izcelsmes valsts: It\u0101lija<\/p>\n<p>Iepakojuma izm\u0113ri: 14 x 6 x 20 cm<\/p>\n<p>Ieteicamais vecums: no 10 m\u0113ne\u0161iem<\/p>\n<p>Nepiecie\u0161amie elementi: 1xAAA.<\/p>\n","protected":false},"featured_media":38132,"comment_status":"open","ping_status":"closed","template":"","meta":[],"product_brand":[384],"product_cat":[1183,1157,1155],"product_tag":[],"class_list":{"0":"post-41553","1":"product","2":"type-product","3":"status-publish","4":"has-post-thumbnail","6":"product_brand-clementoni-2","7":"product_cat-rotallietas-maziem-berniem","8":"product_cat-izglitojosas-un-interaktivas-rotallietas","9":"product_cat-leti","10":"pa_amziaus-grupe-10-lv","11":"pa_prek-s-tipas-rotallietas-dazadam-spejam","12":"pa_prekes-zenklas-clementoni-lv","14":"first","15":"instock","16":"taxable","17":"shipping-taxable","18":"purchasable","19":"product-type-simple"},"yoast_head":"<!-- This site is optimized with the Yoast SEO plugin v26.3 - https:\/\/yoast.com\/wordpress\/plugins\/seo\/ -->\n<title>Clementoni Baby Camera rota\u013clietu kamera - Toys.lt<\/title>\n<meta name=\"robots\" content=\"index, follow, max-snippet:-1, max-image-preview:large, max-video-preview:-1\" \/>\n<link rel=\"canonical\" href=\"https:\/\/toys.lt\/lv\/produktas\/clementoni-baby-camera-rotallietu-kamera\/\" \/>\n<meta property=\"og:locale\" content=\"lv_LV\" \/>\n<meta property=\"og:type\" content=\"article\" \/>\n<meta property=\"og:title\" content=\"Clementoni Baby Camera rota\u013clietu kamera - Toys.lt\" \/>\n<meta property=\"og:description\" content=\"Z\u012bmols: Clementoni Izcelsmes valsts: It\u0101lija Iepakojuma izm\u0113ri: 14 x 6 x 20 cm Ieteicamais vecums: no 10 m\u0113ne\u0161iem Nepiecie\u0161amie elementi: 1xAAA.\" \/>\n<meta property=\"og:url\" content=\"https:\/\/toys.lt\/lv\/produktas\/clementoni-baby-camera-rotallietu-kamera\/\" \/>\n<meta property=\"og:site_name\" content=\"Toys.lt\" \/>\n<meta property=\"article:modified_time\" content=\"2026-04-09T00:00:48+00:00\" \/>\n<meta property=\"og:image\" content=\"https:\/\/toys.lt\/wp-content\/uploads\/2022\/03\/products-2574.jpg\" \/>\n\t<meta property=\"og:image:width\" content=\"1025\" \/>\n\t<meta property=\"og:image:height\" content=\"1112\" \/>\n\t<meta property=\"og:image:type\" content=\"image\/jpeg\" \/>\n<meta name=\"twitter:card\" content=\"summary_large_image\" \/>\n<script type=\"application\/ld+json\" class=\"yoast-schema-graph\">{\"@context\":\"https:\/\/schema.org\",\"@graph\":[{\"@type\":\"WebPage\",\"@id\":\"https:\/\/toys.lt\/lv\/produktas\/clementoni-baby-camera-rotallietu-kamera\/\",\"url\":\"https:\/\/toys.lt\/lv\/produktas\/clementoni-baby-camera-rotallietu-kamera\/\",\"name\":\"Clementoni Baby Camera rota\u013clietu kamera - Toys.lt\",\"isPartOf\":{\"@id\":\"https:\/\/toys.lt\/lv\/#website\"},\"primaryImageOfPage\":{\"@id\":\"https:\/\/toys.lt\/lv\/produktas\/clementoni-baby-camera-rotallietu-kamera\/#primaryimage\"},\"image\":{\"@id\":\"https:\/\/toys.lt\/lv\/produktas\/clementoni-baby-camera-rotallietu-kamera\/#primaryimage\"},\"thumbnailUrl\":\"https:\/\/toys.lt\/wp-content\/uploads\/2022\/03\/products-2574.jpg\",\"datePublished\":\"2022-03-10T01:43:27+00:00\",\"dateModified\":\"2026-04-09T00:00:48+00:00\",\"breadcrumb\":{\"@id\":\"https:\/\/toys.lt\/lv\/produktas\/clementoni-baby-camera-rotallietu-kamera\/#breadcrumb\"},\"inLanguage\":\"lv-LV\",\"potentialAction\":[{\"@type\":\"ReadAction\",\"target\":[\"https:\/\/toys.lt\/lv\/produktas\/clementoni-baby-camera-rotallietu-kamera\/\"]}]},{\"@type\":\"ImageObject\",\"inLanguage\":\"lv-LV\",\"@id\":\"https:\/\/toys.lt\/lv\/produktas\/clementoni-baby-camera-rotallietu-kamera\/#primaryimage\",\"url\":\"https:\/\/toys.lt\/wp-content\/uploads\/2022\/03\/products-2574.jpg\",\"contentUrl\":\"https:\/\/toys.lt\/wp-content\/uploads\/2022\/03\/products-2574.jpg\",\"width\":1025,\"height\":1112,\"caption\":\"Clementoni \u017daislinis fotoaparatas &#8220;Baby Camera&#8221;\"},{\"@type\":\"BreadcrumbList\",\"@id\":\"https:\/\/toys.lt\/lv\/produktas\/clementoni-baby-camera-rotallietu-kamera\/#breadcrumb\",\"itemListElement\":[{\"@type\":\"ListItem\",\"position\":1,\"name\":\"Home\",\"item\":\"https:\/\/toys.lt\/lv\/\"},{\"@type\":\"ListItem\",\"position\":2,\"name\":\"Veikals\",\"item\":\"https:\/\/toys.lt\/lv\/shop\/\"},{\"@type\":\"ListItem\",\"position\":3,\"name\":\"Clementoni Baby Camera rota\u013clietu kamera\"}]},{\"@type\":\"WebSite\",\"@id\":\"https:\/\/toys.lt\/lv\/#website\",\"url\":\"https:\/\/toys.lt\/lv\/\",\"name\":\"Toys.lt\",\"description\":\"\",\"potentialAction\":[{\"@type\":\"SearchAction\",\"target\":{\"@type\":\"EntryPoint\",\"urlTemplate\":\"https:\/\/toys.lt\/lv\/?s={search_term_string}\"},\"query-input\":{\"@type\":\"PropertyValueSpecification\",\"valueRequired\":true,\"valueName\":\"search_term_string\"}}],\"inLanguage\":\"lv-LV\"}]}<\/script>\n<!-- \/ Yoast SEO plugin. -->","yoast_head_json":{"title":"Clementoni Baby Camera rota\u013clietu kamera - Toys.lt","robots":{"index":"index","follow":"follow","max-snippet":"max-snippet:-1","max-image-preview":"max-image-preview:large","max-video-preview":"max-video-preview:-1"},"canonical":"https:\/\/toys.lt\/lv\/produktas\/clementoni-baby-camera-rotallietu-kamera\/","og_locale":"lv_LV","og_type":"article","og_title":"Clementoni Baby Camera rota\u013clietu kamera - Toys.lt","og_description":"Z\u012bmols: Clementoni Izcelsmes valsts: It\u0101lija Iepakojuma izm\u0113ri: 14 x 6 x 20 cm Ieteicamais vecums: no 10 m\u0113ne\u0161iem Nepiecie\u0161amie elementi: 1xAAA.","og_url":"https:\/\/toys.lt\/lv\/produktas\/clementoni-baby-camera-rotallietu-kamera\/","og_site_name":"Toys.lt","article_modified_time":"2026-04-09T00:00:48+00:00","og_image":[{"width":1025,"height":1112,"url":"https:\/\/toys.lt\/wp-content\/uploads\/2022\/03\/products-2574.jpg","type":"image\/jpeg"}],"twitter_card":"summary_large_image","schema":{"@context":"https:\/\/schema.org","@graph":[{"@type":"WebPage","@id":"https:\/\/toys.lt\/lv\/produktas\/clementoni-baby-camera-rotallietu-kamera\/","url":"https:\/\/toys.lt\/lv\/produktas\/clementoni-baby-camera-rotallietu-kamera\/","name":"Clementoni Baby Camera rota\u013clietu kamera - Toys.lt","isPartOf":{"@id":"https:\/\/toys.lt\/lv\/#website"},"primaryImageOfPage":{"@id":"https:\/\/toys.lt\/lv\/produktas\/clementoni-baby-camera-rotallietu-kamera\/#primaryimage"},"image":{"@id":"https:\/\/toys.lt\/lv\/produktas\/clementoni-baby-camera-rotallietu-kamera\/#primaryimage"},"thumbnailUrl":"https:\/\/toys.lt\/wp-content\/uploads\/2022\/03\/products-2574.jpg","datePublished":"2022-03-10T01:43:27+00:00","dateModified":"2026-04-09T00:00:48+00:00","breadcrumb":{"@id":"https:\/\/toys.lt\/lv\/produktas\/clementoni-baby-camera-rotallietu-kamera\/#breadcrumb"},"inLanguage":"lv-LV","potentialAction":[{"@type":"ReadAction","target":["https:\/\/toys.lt\/lv\/produktas\/clementoni-baby-camera-rotallietu-kamera\/"]}]},{"@type":"ImageObject","inLanguage":"lv-LV","@id":"https:\/\/toys.lt\/lv\/produktas\/clementoni-baby-camera-rotallietu-kamera\/#primaryimage","url":"https:\/\/toys.lt\/wp-content\/uploads\/2022\/03\/products-2574.jpg","contentUrl":"https:\/\/toys.lt\/wp-content\/uploads\/2022\/03\/products-2574.jpg","width":1025,"height":1112,"caption":"Clementoni \u017daislinis fotoaparatas &#8220;Baby Camera&#8221;"},{"@type":"BreadcrumbList","@id":"https:\/\/toys.lt\/lv\/produktas\/clementoni-baby-camera-rotallietu-kamera\/#breadcrumb","itemListElement":[{"@type":"ListItem","position":1,"name":"Home","item":"https:\/\/toys.lt\/lv\/"},{"@type":"ListItem","position":2,"name":"Veikals","item":"https:\/\/toys.lt\/lv\/shop\/"},{"@type":"ListItem","position":3,"name":"Clementoni Baby Camera rota\u013clietu kamera"}]},{"@type":"WebSite","@id":"https:\/\/toys.lt\/lv\/#website","url":"https:\/\/toys.lt\/lv\/","name":"Toys.lt","description":"","potentialAction":[{"@type":"SearchAction","target":{"@type":"EntryPoint","urlTemplate":"https:\/\/toys.lt\/lv\/?s={search_term_string}"},"query-input":{"@type":"PropertyValueSpecification","valueRequired":true,"valueName":"search_term_string"}}],"inLanguage":"lv-LV"}]}},"_links":{"self":[{"href":"https:\/\/toys.lt\/lv\/wp-json\/wp\/v2\/product\/41553","targetHints":{"allow":["GET"]}}],"collection":[{"href":"https:\/\/toys.lt\/lv\/wp-json\/wp\/v2\/product"}],"about":[{"href":"https:\/\/toys.lt\/lv\/wp-json\/wp\/v2\/types\/product"}],"replies":[{"embeddable":true,"href":"https:\/\/toys.lt\/lv\/wp-json\/wp\/v2\/comments?post=41553"}],"version-history":[{"count":2,"href":"https:\/\/toys.lt\/lv\/wp-json\/wp\/v2\/product\/41553\/revisions"}],"predecessor-version":[{"id":46091,"href":"https:\/\/toys.lt\/lv\/wp-json\/wp\/v2\/product\/41553\/revisions\/46091"}],"wp:featuredmedia":[{"embeddable":true,"href":"https:\/\/toys.lt\/lv\/wp-json\/wp\/v2\/media\/38132"}],"wp:attachment":[{"href":"https:\/\/toys.lt\/lv\/wp-json\/wp\/v2\/media?parent=41553"}],"wp:term":[{"taxonomy":"product_brand","embeddable":true,"href":"https:\/\/toys.lt\/lv\/wp-json\/wp\/v2\/product_brand?post=41553"},{"taxonomy":"product_cat","embeddable":true,"href":"https:\/\/toys.lt\/lv\/wp-json\/wp\/v2\/product_cat?post=41553"},{"taxonomy":"product_tag","embeddable":true,"href":"https:\/\/toys.lt\/lv\/wp-json\/wp\/v2\/product_tag?post=41553"}],"curies":[{"name":"wp","href":"https:\/\/api.w.org\/{rel}","templated":true}]}}