{"id":41549,"date":"2022-03-11T01:36:18","date_gmt":"2022-03-11T01:36:18","guid":{"rendered":"https:\/\/toys.lt\/produktas\/interaktivs-clementoni-baby-jeep\/"},"modified":"2026-04-09T00:00:47","modified_gmt":"2026-04-09T00:00:47","slug":"interaktivs-clementoni-baby-jeep","status":"publish","type":"product","link":"https:\/\/toys.lt\/lv\/produktas\/interaktivs-clementoni-baby-jeep\/","title":{"rendered":"Interakt\u012bvs Clementoni Baby Jeep"},"content":{"rendered":"<p class=\"MsoNormal\" align=\"center\" style=\"text-align:center\"><i><span style=\"font-size:8.5pt;font-family:Verdana, 'sans-serif';color:#000000\">Clementoni &#8211; dibin\u0101ts It\u0101lij\u0101 un veiksm\u012bgi darbojas jau vair\u0101k nek\u0101 50 gadus! Uz\u0146\u0113muma misija ir rad\u012bt sp\u0113les, kas pal\u012bdz b\u0113rniem augt.   <\/span><\/i><\/p>\n<p class=\"MsoNormal\" align=\"center\" style=\"text-align:center\"><i><span style=\"font-size:8.5pt;font-family:Verdana, 'sans-serif';color:#000000\">Tas viss ir izstr\u0101d\u0101ts, lai apmierin\u0101tu jaunie\u0161u vajadz\u012bbas, \u0146emot v\u0113r\u0101 m\u016bsdienu tehnolo\u0123ijas un glob\u0101l\u0101s izgl\u012bt\u012bbas tendences.<\/span><\/i><\/p>\n<\/p>\n<p><strong>Funkcijas:<\/strong><\/p>\n<ul style=\"list-style-type:square\">\n<li>p\u0101rvietojas uz priek\u0161u, kad ma\u0161\u012bna tiek vilkta atpaka\u013c (atvilk\u0161anas meh\u0101nisms).<\/li>\n<li>Izplata gaismas un ska\u0146as<\/li>\n<li>Izgatavots no netoksiskiem un dro\u0161iem materi\u0101liem<\/li>\n<li>Stimul\u0113 roku un acu koordin\u0101ciju, c\u0113lo\u0146u un seku atpaz\u012b\u0161anu, motoriku, izt\u0113li un rado\u0161umu.<\/li>\n<\/ul>\n","protected":false},"excerpt":{"rendered":"<p>Produkta veids: izgl\u012btojo\u0161s<\/p>\n<p>Z\u012bmola nosaukums: Clementoni<\/p>\n<p>Iepakojuma izm\u0113ri: 11 x 16 x 22 cm<\/p>\n<p>Izcelsmes valsts: It\u0101lija<\/p>\n<p>Ieteicamais vecums: no 1 gada<\/p>\n","protected":false},"featured_media":38146,"comment_status":"open","ping_status":"open","template":"","meta":[],"product_brand":[384],"product_cat":[1183,1177,1157,1155],"product_tag":[],"class_list":{"0":"post-41549","1":"product","2":"type-product","3":"status-publish","4":"has-post-thumbnail","6":"product_brand-clementoni-2","7":"product_cat-rotallietas-maziem-berniem","8":"product_cat-rotalu-automasinas-traktori-un-kapurkedes","9":"product_cat-izglitojosas-un-interaktivas-rotallietas","10":"product_cat-leti","11":"pa_amziaus-grupe-1-lv","12":"pa_prek-s-tipas-rotallietas-dazadam-spejam","13":"pa_prekes-zenklas-clementoni-lv","15":"first","16":"outofstock","17":"sale","18":"taxable","19":"shipping-taxable","20":"purchasable","21":"product-type-simple"},"yoast_head":"<!-- This site is optimized with the Yoast SEO plugin v26.3 - https:\/\/yoast.com\/wordpress\/plugins\/seo\/ -->\n<title>Interakt\u012bvs Clementoni Baby Jeep - Toys.lt<\/title>\n<meta name=\"robots\" content=\"index, follow, max-snippet:-1, max-image-preview:large, max-video-preview:-1\" \/>\n<link rel=\"canonical\" href=\"https:\/\/toys.lt\/lv\/produktas\/interaktivs-clementoni-baby-jeep\/\" \/>\n<meta property=\"og:locale\" content=\"lv_LV\" \/>\n<meta property=\"og:type\" content=\"article\" \/>\n<meta property=\"og:title\" content=\"Interakt\u012bvs Clementoni Baby Jeep - Toys.lt\" \/>\n<meta property=\"og:description\" content=\"Produkta veids: izgl\u012btojo\u0161s Z\u012bmola nosaukums: Clementoni Iepakojuma izm\u0113ri: 11 x 16 x 22 cm Izcelsmes valsts: It\u0101lija Ieteicamais vecums: no 1 gada\" \/>\n<meta property=\"og:url\" content=\"https:\/\/toys.lt\/lv\/produktas\/interaktivs-clementoni-baby-jeep\/\" \/>\n<meta property=\"og:site_name\" content=\"Toys.lt\" \/>\n<meta property=\"article:modified_time\" content=\"2026-04-09T00:00:47+00:00\" \/>\n<meta property=\"og:image\" content=\"https:\/\/toys.lt\/wp-content\/uploads\/2022\/03\/products-2598.jpg\" \/>\n\t<meta property=\"og:image:width\" content=\"1400\" \/>\n\t<meta property=\"og:image:height\" content=\"842\" \/>\n\t<meta property=\"og:image:type\" content=\"image\/jpeg\" \/>\n<meta name=\"twitter:card\" content=\"summary_large_image\" \/>\n<meta name=\"twitter:label1\" content=\"Est. reading time\" \/>\n\t<meta name=\"twitter:data1\" content=\"1 minute\" \/>\n<script type=\"application\/ld+json\" class=\"yoast-schema-graph\">{\"@context\":\"https:\/\/schema.org\",\"@graph\":[{\"@type\":\"WebPage\",\"@id\":\"https:\/\/toys.lt\/lv\/produktas\/interaktivs-clementoni-baby-jeep\/\",\"url\":\"https:\/\/toys.lt\/lv\/produktas\/interaktivs-clementoni-baby-jeep\/\",\"name\":\"Interakt\u012bvs Clementoni Baby Jeep - Toys.lt\",\"isPartOf\":{\"@id\":\"https:\/\/toys.lt\/lv\/#website\"},\"primaryImageOfPage\":{\"@id\":\"https:\/\/toys.lt\/lv\/produktas\/interaktivs-clementoni-baby-jeep\/#primaryimage\"},\"image\":{\"@id\":\"https:\/\/toys.lt\/lv\/produktas\/interaktivs-clementoni-baby-jeep\/#primaryimage\"},\"thumbnailUrl\":\"https:\/\/toys.lt\/wp-content\/uploads\/2022\/03\/products-2598.jpg\",\"datePublished\":\"2022-03-11T01:36:18+00:00\",\"dateModified\":\"2026-04-09T00:00:47+00:00\",\"breadcrumb\":{\"@id\":\"https:\/\/toys.lt\/lv\/produktas\/interaktivs-clementoni-baby-jeep\/#breadcrumb\"},\"inLanguage\":\"lv-LV\",\"potentialAction\":[{\"@type\":\"ReadAction\",\"target\":[\"https:\/\/toys.lt\/lv\/produktas\/interaktivs-clementoni-baby-jeep\/\"]}]},{\"@type\":\"ImageObject\",\"inLanguage\":\"lv-LV\",\"@id\":\"https:\/\/toys.lt\/lv\/produktas\/interaktivs-clementoni-baby-jeep\/#primaryimage\",\"url\":\"https:\/\/toys.lt\/wp-content\/uploads\/2022\/03\/products-2598.jpg\",\"contentUrl\":\"https:\/\/toys.lt\/wp-content\/uploads\/2022\/03\/products-2598.jpg\",\"width\":1400,\"height\":842,\"caption\":\"Interaktyvus Clementoni Baby d\u017eipas\"},{\"@type\":\"BreadcrumbList\",\"@id\":\"https:\/\/toys.lt\/lv\/produktas\/interaktivs-clementoni-baby-jeep\/#breadcrumb\",\"itemListElement\":[{\"@type\":\"ListItem\",\"position\":1,\"name\":\"Home\",\"item\":\"https:\/\/toys.lt\/lv\/\"},{\"@type\":\"ListItem\",\"position\":2,\"name\":\"Veikals\",\"item\":\"https:\/\/toys.lt\/lv\/shop\/\"},{\"@type\":\"ListItem\",\"position\":3,\"name\":\"Interakt\u012bvs Clementoni Baby Jeep\"}]},{\"@type\":\"WebSite\",\"@id\":\"https:\/\/toys.lt\/lv\/#website\",\"url\":\"https:\/\/toys.lt\/lv\/\",\"name\":\"Toys.lt\",\"description\":\"\",\"potentialAction\":[{\"@type\":\"SearchAction\",\"target\":{\"@type\":\"EntryPoint\",\"urlTemplate\":\"https:\/\/toys.lt\/lv\/?s={search_term_string}\"},\"query-input\":{\"@type\":\"PropertyValueSpecification\",\"valueRequired\":true,\"valueName\":\"search_term_string\"}}],\"inLanguage\":\"lv-LV\"}]}<\/script>\n<!-- \/ Yoast SEO plugin. -->","yoast_head_json":{"title":"Interakt\u012bvs Clementoni Baby Jeep - Toys.lt","robots":{"index":"index","follow":"follow","max-snippet":"max-snippet:-1","max-image-preview":"max-image-preview:large","max-video-preview":"max-video-preview:-1"},"canonical":"https:\/\/toys.lt\/lv\/produktas\/interaktivs-clementoni-baby-jeep\/","og_locale":"lv_LV","og_type":"article","og_title":"Interakt\u012bvs Clementoni Baby Jeep - Toys.lt","og_description":"Produkta veids: izgl\u012btojo\u0161s Z\u012bmola nosaukums: Clementoni Iepakojuma izm\u0113ri: 11 x 16 x 22 cm Izcelsmes valsts: It\u0101lija Ieteicamais vecums: no 1 gada","og_url":"https:\/\/toys.lt\/lv\/produktas\/interaktivs-clementoni-baby-jeep\/","og_site_name":"Toys.lt","article_modified_time":"2026-04-09T00:00:47+00:00","og_image":[{"width":1400,"height":842,"url":"https:\/\/toys.lt\/wp-content\/uploads\/2022\/03\/products-2598.jpg","type":"image\/jpeg"}],"twitter_card":"summary_large_image","twitter_misc":{"Est. reading time":"1 minute"},"schema":{"@context":"https:\/\/schema.org","@graph":[{"@type":"WebPage","@id":"https:\/\/toys.lt\/lv\/produktas\/interaktivs-clementoni-baby-jeep\/","url":"https:\/\/toys.lt\/lv\/produktas\/interaktivs-clementoni-baby-jeep\/","name":"Interakt\u012bvs Clementoni Baby Jeep - Toys.lt","isPartOf":{"@id":"https:\/\/toys.lt\/lv\/#website"},"primaryImageOfPage":{"@id":"https:\/\/toys.lt\/lv\/produktas\/interaktivs-clementoni-baby-jeep\/#primaryimage"},"image":{"@id":"https:\/\/toys.lt\/lv\/produktas\/interaktivs-clementoni-baby-jeep\/#primaryimage"},"thumbnailUrl":"https:\/\/toys.lt\/wp-content\/uploads\/2022\/03\/products-2598.jpg","datePublished":"2022-03-11T01:36:18+00:00","dateModified":"2026-04-09T00:00:47+00:00","breadcrumb":{"@id":"https:\/\/toys.lt\/lv\/produktas\/interaktivs-clementoni-baby-jeep\/#breadcrumb"},"inLanguage":"lv-LV","potentialAction":[{"@type":"ReadAction","target":["https:\/\/toys.lt\/lv\/produktas\/interaktivs-clementoni-baby-jeep\/"]}]},{"@type":"ImageObject","inLanguage":"lv-LV","@id":"https:\/\/toys.lt\/lv\/produktas\/interaktivs-clementoni-baby-jeep\/#primaryimage","url":"https:\/\/toys.lt\/wp-content\/uploads\/2022\/03\/products-2598.jpg","contentUrl":"https:\/\/toys.lt\/wp-content\/uploads\/2022\/03\/products-2598.jpg","width":1400,"height":842,"caption":"Interaktyvus Clementoni Baby d\u017eipas"},{"@type":"BreadcrumbList","@id":"https:\/\/toys.lt\/lv\/produktas\/interaktivs-clementoni-baby-jeep\/#breadcrumb","itemListElement":[{"@type":"ListItem","position":1,"name":"Home","item":"https:\/\/toys.lt\/lv\/"},{"@type":"ListItem","position":2,"name":"Veikals","item":"https:\/\/toys.lt\/lv\/shop\/"},{"@type":"ListItem","position":3,"name":"Interakt\u012bvs Clementoni Baby Jeep"}]},{"@type":"WebSite","@id":"https:\/\/toys.lt\/lv\/#website","url":"https:\/\/toys.lt\/lv\/","name":"Toys.lt","description":"","potentialAction":[{"@type":"SearchAction","target":{"@type":"EntryPoint","urlTemplate":"https:\/\/toys.lt\/lv\/?s={search_term_string}"},"query-input":{"@type":"PropertyValueSpecification","valueRequired":true,"valueName":"search_term_string"}}],"inLanguage":"lv-LV"}]}},"_links":{"self":[{"href":"https:\/\/toys.lt\/lv\/wp-json\/wp\/v2\/product\/41549","targetHints":{"allow":["GET"]}}],"collection":[{"href":"https:\/\/toys.lt\/lv\/wp-json\/wp\/v2\/product"}],"about":[{"href":"https:\/\/toys.lt\/lv\/wp-json\/wp\/v2\/types\/product"}],"replies":[{"embeddable":true,"href":"https:\/\/toys.lt\/lv\/wp-json\/wp\/v2\/comments?post=41549"}],"version-history":[{"count":2,"href":"https:\/\/toys.lt\/lv\/wp-json\/wp\/v2\/product\/41549\/revisions"}],"predecessor-version":[{"id":46087,"href":"https:\/\/toys.lt\/lv\/wp-json\/wp\/v2\/product\/41549\/revisions\/46087"}],"wp:featuredmedia":[{"embeddable":true,"href":"https:\/\/toys.lt\/lv\/wp-json\/wp\/v2\/media\/38146"}],"wp:attachment":[{"href":"https:\/\/toys.lt\/lv\/wp-json\/wp\/v2\/media?parent=41549"}],"wp:term":[{"taxonomy":"product_brand","embeddable":true,"href":"https:\/\/toys.lt\/lv\/wp-json\/wp\/v2\/product_brand?post=41549"},{"taxonomy":"product_cat","embeddable":true,"href":"https:\/\/toys.lt\/lv\/wp-json\/wp\/v2\/product_cat?post=41549"},{"taxonomy":"product_tag","embeddable":true,"href":"https:\/\/toys.lt\/lv\/wp-json\/wp\/v2\/product_tag?post=41549"}],"curies":[{"name":"wp","href":"https:\/\/api.w.org\/{rel}","templated":true}]}}