{"id":41528,"date":"2022-12-12T03:49:20","date_gmt":"2022-12-12T03:49:20","guid":{"rendered":"https:\/\/toys.lt\/produktas\/technok-rotallietu-pasizgazejs\/"},"modified":"2026-04-08T00:03:20","modified_gmt":"2026-04-08T00:03:20","slug":"technok-rotallietu-pasizgazejs","status":"publish","type":"product","link":"https:\/\/toys.lt\/lv\/produktas\/technok-rotallietu-pasizgazejs\/","title":{"rendered":"TechnoK rota\u013clietu pa\u0161izg\u0101z\u0113js"},"content":{"rendered":"<p>\u0160is spilgtais un stil\u012bgais pa\u0161izg\u0101z\u0113js, kas ir neticami liels un neticami for\u0161s, b\u016bs jebkuras rota\u013cu transportl\u012bdzek\u013cu kolekcijas nagla.<\/p>\n<p><strong>Funkcijas:<\/strong><\/p>\n<ul style=\"list-style-type: square\">\n<li style=\"margin: 0px;padding: 0px;font: inherit;border: 0px\">\u0160im \u012bpa\u0161ajam apr\u012bkojumam var b\u016bt daudz pielietojumu: rota\u013clietu konstru\u0113\u0161ana, pre\u010du un pasa\u017eieru p\u0101rvad\u0101\u0161ana, darbs rota\u013clietu karjer\u0101.<\/li>\n<li style=\"margin: 0px;padding: 0px;font: inherit;border: 0px\">Pa\u0161izg\u0101z\u0113ja salok\u0101m\u0101 virsb\u016bve ir pietiekami ietilp\u012bga, lai p\u0101rvad\u0101tu lielus priek\u0161metus vai lielu daudzumu akme\u0146u, smil\u0161u un citu priek\u0161metu.<\/li>\n<li style=\"margin: 0px;padding: 0px;font: inherit;border: 0px\">S\u0101nu izkrau\u0161ana padara pa\u0161izg\u0101z\u0113jus piem\u0113rotus lieto\u0161anai ierobe\u017eot\u0101s telp\u0101s.<\/li>\n<li style=\"margin: 0px;padding: 0px;font: inherit;border: 0px\">Jaud\u012bgi izp\u016bstas formas rite\u0146i nodro\u0161ina augstu sa\u0137eres l\u012bmeni.<\/li>\n<li style=\"margin: 0px;padding: 0px;font: inherit;border: 0px\">Pa\u0161izg\u0101z\u0113ja kab\u012bnei ir \u0113rts rokturis \u0113rtai rota\u013clietu transport\u0113\u0161anai.<\/li>\n<li style=\"margin: 0px;padding: 0px;font: inherit;border: 0px\">Rota\u013clietai ir interesants fut\u016bristisks dizains un ko\u0161as kr\u0101sas.<\/li>\n<li style=\"margin: 0px;padding: 0px;font: inherit;border: 0px\">Ar \u0161o pa\u0161izg\u0101z\u0113ju j\u016bsu b\u0113rnam b\u016bs prieks sp\u0113l\u0113ties ar draugiem un izdom\u0101t da\u017e\u0101das lomu sp\u0113les.<\/li>\n<\/ul>\n","protected":false},"excerpt":{"rendered":"<p>Produkta veids: rota\u013cu auto<\/p>\n<p>Izcelsmes valsts: Ukraina<\/p>\n<p>Produkta izm\u0113ri: 47 x 25,5 x 27 cm<\/p>\n<p>Svars: 1,3 kg<\/p>\n<p>Produkta materi\u0101ls: plastmasa<\/p>\n<p>Ieteicamais vecums: no 3 gadiem.<\/p>\n","protected":false},"featured_media":38520,"comment_status":"open","ping_status":"closed","template":"","meta":[],"product_brand":[],"product_cat":[1155,1166],"product_tag":[],"class_list":{"0":"post-41528","1":"product","2":"type-product","3":"status-publish","4":"has-post-thumbnail","6":"product_cat-leti","7":"product_cat-skuteri-tricikli-motocikli-kvadracikli","8":"pa_amziaus-grupe-3-lv","9":"pa_prek-s-tipas-masinas-lv","11":"first","12":"instock","13":"taxable","14":"shipping-taxable","15":"purchasable","16":"product-type-simple"},"yoast_head":"<!-- This site is optimized with the Yoast SEO plugin v26.3 - https:\/\/yoast.com\/wordpress\/plugins\/seo\/ -->\n<title>TechnoK rota\u013clietu pa\u0161izg\u0101z\u0113js - Toys.lt<\/title>\n<meta name=\"robots\" content=\"index, follow, max-snippet:-1, max-image-preview:large, max-video-preview:-1\" \/>\n<link rel=\"canonical\" href=\"https:\/\/toys.lt\/lv\/produktas\/technok-rotallietu-pasizgazejs\/\" \/>\n<meta property=\"og:locale\" content=\"lv_LV\" \/>\n<meta property=\"og:type\" content=\"article\" \/>\n<meta property=\"og:title\" content=\"TechnoK rota\u013clietu pa\u0161izg\u0101z\u0113js - Toys.lt\" \/>\n<meta property=\"og:description\" content=\"Produkta veids: rota\u013cu auto Izcelsmes valsts: Ukraina Produkta izm\u0113ri: 47 x 25,5 x 27 cm Svars: 1,3 kg Produkta materi\u0101ls: plastmasa Ieteicamais vecums: no 3 gadiem.\" \/>\n<meta property=\"og:url\" content=\"https:\/\/toys.lt\/lv\/produktas\/technok-rotallietu-pasizgazejs\/\" \/>\n<meta property=\"og:site_name\" content=\"Toys.lt\" \/>\n<meta property=\"article:modified_time\" content=\"2026-04-08T00:03:20+00:00\" \/>\n<meta property=\"og:image\" content=\"https:\/\/toys.lt\/wp-content\/uploads\/2022\/12\/products-3328.jpg\" \/>\n\t<meta property=\"og:image:width\" content=\"1200\" \/>\n\t<meta property=\"og:image:height\" content=\"800\" \/>\n\t<meta property=\"og:image:type\" content=\"image\/jpeg\" \/>\n<meta name=\"twitter:card\" content=\"summary_large_image\" \/>\n<meta name=\"twitter:label1\" content=\"Est. reading time\" \/>\n\t<meta name=\"twitter:data1\" content=\"1 minute\" \/>\n<script type=\"application\/ld+json\" class=\"yoast-schema-graph\">{\"@context\":\"https:\/\/schema.org\",\"@graph\":[{\"@type\":\"WebPage\",\"@id\":\"https:\/\/toys.lt\/lv\/produktas\/technok-rotallietu-pasizgazejs\/\",\"url\":\"https:\/\/toys.lt\/lv\/produktas\/technok-rotallietu-pasizgazejs\/\",\"name\":\"TechnoK rota\u013clietu pa\u0161izg\u0101z\u0113js - Toys.lt\",\"isPartOf\":{\"@id\":\"https:\/\/toys.lt\/lv\/#website\"},\"primaryImageOfPage\":{\"@id\":\"https:\/\/toys.lt\/lv\/produktas\/technok-rotallietu-pasizgazejs\/#primaryimage\"},\"image\":{\"@id\":\"https:\/\/toys.lt\/lv\/produktas\/technok-rotallietu-pasizgazejs\/#primaryimage\"},\"thumbnailUrl\":\"https:\/\/toys.lt\/wp-content\/uploads\/2022\/12\/products-3328.jpg\",\"datePublished\":\"2022-12-12T03:49:20+00:00\",\"dateModified\":\"2026-04-08T00:03:20+00:00\",\"breadcrumb\":{\"@id\":\"https:\/\/toys.lt\/lv\/produktas\/technok-rotallietu-pasizgazejs\/#breadcrumb\"},\"inLanguage\":\"lv-LV\",\"potentialAction\":[{\"@type\":\"ReadAction\",\"target\":[\"https:\/\/toys.lt\/lv\/produktas\/technok-rotallietu-pasizgazejs\/\"]}]},{\"@type\":\"ImageObject\",\"inLanguage\":\"lv-LV\",\"@id\":\"https:\/\/toys.lt\/lv\/produktas\/technok-rotallietu-pasizgazejs\/#primaryimage\",\"url\":\"https:\/\/toys.lt\/wp-content\/uploads\/2022\/12\/products-3328.jpg\",\"contentUrl\":\"https:\/\/toys.lt\/wp-content\/uploads\/2022\/12\/products-3328.jpg\",\"width\":1200,\"height\":800,\"caption\":\"\u017daislinis savivartis &#8220;TechnoK&#8221;\"},{\"@type\":\"BreadcrumbList\",\"@id\":\"https:\/\/toys.lt\/lv\/produktas\/technok-rotallietu-pasizgazejs\/#breadcrumb\",\"itemListElement\":[{\"@type\":\"ListItem\",\"position\":1,\"name\":\"Home\",\"item\":\"https:\/\/toys.lt\/lv\/\"},{\"@type\":\"ListItem\",\"position\":2,\"name\":\"Veikals\",\"item\":\"https:\/\/toys.lt\/lv\/shop\/\"},{\"@type\":\"ListItem\",\"position\":3,\"name\":\"TechnoK rota\u013clietu pa\u0161izg\u0101z\u0113js\"}]},{\"@type\":\"WebSite\",\"@id\":\"https:\/\/toys.lt\/lv\/#website\",\"url\":\"https:\/\/toys.lt\/lv\/\",\"name\":\"Toys.lt\",\"description\":\"\",\"potentialAction\":[{\"@type\":\"SearchAction\",\"target\":{\"@type\":\"EntryPoint\",\"urlTemplate\":\"https:\/\/toys.lt\/lv\/?s={search_term_string}\"},\"query-input\":{\"@type\":\"PropertyValueSpecification\",\"valueRequired\":true,\"valueName\":\"search_term_string\"}}],\"inLanguage\":\"lv-LV\"}]}<\/script>\n<!-- \/ Yoast SEO plugin. -->","yoast_head_json":{"title":"TechnoK rota\u013clietu pa\u0161izg\u0101z\u0113js - Toys.lt","robots":{"index":"index","follow":"follow","max-snippet":"max-snippet:-1","max-image-preview":"max-image-preview:large","max-video-preview":"max-video-preview:-1"},"canonical":"https:\/\/toys.lt\/lv\/produktas\/technok-rotallietu-pasizgazejs\/","og_locale":"lv_LV","og_type":"article","og_title":"TechnoK rota\u013clietu pa\u0161izg\u0101z\u0113js - Toys.lt","og_description":"Produkta veids: rota\u013cu auto Izcelsmes valsts: Ukraina Produkta izm\u0113ri: 47 x 25,5 x 27 cm Svars: 1,3 kg Produkta materi\u0101ls: plastmasa Ieteicamais vecums: no 3 gadiem.","og_url":"https:\/\/toys.lt\/lv\/produktas\/technok-rotallietu-pasizgazejs\/","og_site_name":"Toys.lt","article_modified_time":"2026-04-08T00:03:20+00:00","og_image":[{"width":1200,"height":800,"url":"https:\/\/toys.lt\/wp-content\/uploads\/2022\/12\/products-3328.jpg","type":"image\/jpeg"}],"twitter_card":"summary_large_image","twitter_misc":{"Est. reading time":"1 minute"},"schema":{"@context":"https:\/\/schema.org","@graph":[{"@type":"WebPage","@id":"https:\/\/toys.lt\/lv\/produktas\/technok-rotallietu-pasizgazejs\/","url":"https:\/\/toys.lt\/lv\/produktas\/technok-rotallietu-pasizgazejs\/","name":"TechnoK rota\u013clietu pa\u0161izg\u0101z\u0113js - Toys.lt","isPartOf":{"@id":"https:\/\/toys.lt\/lv\/#website"},"primaryImageOfPage":{"@id":"https:\/\/toys.lt\/lv\/produktas\/technok-rotallietu-pasizgazejs\/#primaryimage"},"image":{"@id":"https:\/\/toys.lt\/lv\/produktas\/technok-rotallietu-pasizgazejs\/#primaryimage"},"thumbnailUrl":"https:\/\/toys.lt\/wp-content\/uploads\/2022\/12\/products-3328.jpg","datePublished":"2022-12-12T03:49:20+00:00","dateModified":"2026-04-08T00:03:20+00:00","breadcrumb":{"@id":"https:\/\/toys.lt\/lv\/produktas\/technok-rotallietu-pasizgazejs\/#breadcrumb"},"inLanguage":"lv-LV","potentialAction":[{"@type":"ReadAction","target":["https:\/\/toys.lt\/lv\/produktas\/technok-rotallietu-pasizgazejs\/"]}]},{"@type":"ImageObject","inLanguage":"lv-LV","@id":"https:\/\/toys.lt\/lv\/produktas\/technok-rotallietu-pasizgazejs\/#primaryimage","url":"https:\/\/toys.lt\/wp-content\/uploads\/2022\/12\/products-3328.jpg","contentUrl":"https:\/\/toys.lt\/wp-content\/uploads\/2022\/12\/products-3328.jpg","width":1200,"height":800,"caption":"\u017daislinis savivartis &#8220;TechnoK&#8221;"},{"@type":"BreadcrumbList","@id":"https:\/\/toys.lt\/lv\/produktas\/technok-rotallietu-pasizgazejs\/#breadcrumb","itemListElement":[{"@type":"ListItem","position":1,"name":"Home","item":"https:\/\/toys.lt\/lv\/"},{"@type":"ListItem","position":2,"name":"Veikals","item":"https:\/\/toys.lt\/lv\/shop\/"},{"@type":"ListItem","position":3,"name":"TechnoK rota\u013clietu pa\u0161izg\u0101z\u0113js"}]},{"@type":"WebSite","@id":"https:\/\/toys.lt\/lv\/#website","url":"https:\/\/toys.lt\/lv\/","name":"Toys.lt","description":"","potentialAction":[{"@type":"SearchAction","target":{"@type":"EntryPoint","urlTemplate":"https:\/\/toys.lt\/lv\/?s={search_term_string}"},"query-input":{"@type":"PropertyValueSpecification","valueRequired":true,"valueName":"search_term_string"}}],"inLanguage":"lv-LV"}]}},"_links":{"self":[{"href":"https:\/\/toys.lt\/lv\/wp-json\/wp\/v2\/product\/41528","targetHints":{"allow":["GET"]}}],"collection":[{"href":"https:\/\/toys.lt\/lv\/wp-json\/wp\/v2\/product"}],"about":[{"href":"https:\/\/toys.lt\/lv\/wp-json\/wp\/v2\/types\/product"}],"replies":[{"embeddable":true,"href":"https:\/\/toys.lt\/lv\/wp-json\/wp\/v2\/comments?post=41528"}],"version-history":[{"count":2,"href":"https:\/\/toys.lt\/lv\/wp-json\/wp\/v2\/product\/41528\/revisions"}],"predecessor-version":[{"id":46065,"href":"https:\/\/toys.lt\/lv\/wp-json\/wp\/v2\/product\/41528\/revisions\/46065"}],"wp:featuredmedia":[{"embeddable":true,"href":"https:\/\/toys.lt\/lv\/wp-json\/wp\/v2\/media\/38520"}],"wp:attachment":[{"href":"https:\/\/toys.lt\/lv\/wp-json\/wp\/v2\/media?parent=41528"}],"wp:term":[{"taxonomy":"product_brand","embeddable":true,"href":"https:\/\/toys.lt\/lv\/wp-json\/wp\/v2\/product_brand?post=41528"},{"taxonomy":"product_cat","embeddable":true,"href":"https:\/\/toys.lt\/lv\/wp-json\/wp\/v2\/product_cat?post=41528"},{"taxonomy":"product_tag","embeddable":true,"href":"https:\/\/toys.lt\/lv\/wp-json\/wp\/v2\/product_tag?post=41528"}],"curies":[{"name":"wp","href":"https:\/\/api.w.org\/{rel}","templated":true}]}}