{"id":41522,"date":"2023-02-15T12:18:13","date_gmt":"2023-02-15T12:18:13","guid":{"rendered":"https:\/\/toys.lt\/produktas\/technok-smart-bernu-majina-rotalu-maja\/"},"modified":"2026-04-08T00:03:19","modified_gmt":"2026-04-08T00:03:19","slug":"technok-smart-bernu-majina-rotalu-maja","status":"publish","type":"product","link":"https:\/\/toys.lt\/lv\/produktas\/technok-smart-bernu-majina-rotalu-maja\/","title":{"rendered":"Technok Smart b\u0113rnu m\u0101ji\u0146a &#8211; rota\u013cu m\u0101ja"},"content":{"rendered":"<p><strong>Funkcijas:<\/strong><\/p>\n<ul style=\"list-style-type: square;\">\n<li style=\"margin: 0px; padding: 0px; font: inherit; border: 0px;\">Atbilsto\u0161ajos dobumos ievietojamas da\u017e\u0101das formas.<\/li>\n<li style=\"margin: 0px; padding: 0px; font: inherit; border: 0px;\">Pla\u0161s kr\u0101su kl\u0101sts<\/li>\n<li style=\"margin: 0px; padding: 0px; font: inherit; border: 0px;\">Att\u012bsta roku un acu koordin\u0101ciju, s\u012bko motoriku, inteli\u0123enci, izt\u0113li, izt\u0113li, formu un kr\u0101su atpaz\u012b\u0161anu.<\/li>\n<li style=\"margin: 0px; padding: 0px; font: inherit; border: 0px;\">Katra no t\u0101m atblo\u0137\u0113 atbilsto\u0161as kr\u0101sas durvis.<\/li>\n<li style=\"margin: 0px; padding: 0px; font: inherit; border: 0px;\">Biolo\u0123iskais produkts<\/li>\n<li style=\"margin: 0px; padding: 0px; font: inherit; border: 0px;\">dro\u0161i, netoksiski materi\u0101li<\/li>\n<\/ul>\n","protected":false},"excerpt":{"rendered":"<p>Produkta veids: izgl\u012btojo\u0161a rota\u013clieta<\/p>\n<p>Izcelsmes valsts: Ukraina<\/p>\n<p>Iepakojuma izm\u0113ri: 20 x 19 x 16 cm<\/p>\n<p>Produkta materi\u0101ls: plastmasa<\/p>\n<p>Ieteicamais vecums: no 1 gada.<\/p>\n","protected":false},"featured_media":38548,"comment_status":"open","ping_status":"closed","template":"","meta":[],"product_brand":[],"product_cat":[1180,1176,1157,1406],"product_tag":[],"class_list":{"0":"post-41522","1":"product","2":"type-product","3":"status-publish","4":"has-post-thumbnail","6":"product_cat-rotallietas-meitenem","7":"product_cat-rotallietas-zeniem","8":"product_cat-izglitojosas-un-interaktivas-rotallietas","9":"product_cat-letakais","10":"pa_amziaus-grupe-1-lv","11":"pa_prek-s-tipas-izglitojosas-rotallietas","13":"first","14":"instock","15":"taxable","16":"shipping-taxable","17":"purchasable","18":"product-type-simple"},"yoast_head":"<!-- This site is optimized with the Yoast SEO plugin v26.3 - https:\/\/yoast.com\/wordpress\/plugins\/seo\/ -->\n<title>Technok Smart b\u0113rnu m\u0101ji\u0146a - rota\u013cu m\u0101ja - Toys.lt<\/title>\n<meta name=\"robots\" content=\"index, follow, max-snippet:-1, max-image-preview:large, max-video-preview:-1\" \/>\n<link rel=\"canonical\" href=\"https:\/\/toys.lt\/lv\/produktas\/technok-smart-bernu-majina-rotalu-maja\/\" \/>\n<meta property=\"og:locale\" content=\"lv_LV\" \/>\n<meta property=\"og:type\" content=\"article\" \/>\n<meta property=\"og:title\" content=\"Technok Smart b\u0113rnu m\u0101ji\u0146a - rota\u013cu m\u0101ja - Toys.lt\" \/>\n<meta property=\"og:description\" content=\"Produkta veids: izgl\u012btojo\u0161a rota\u013clieta Izcelsmes valsts: Ukraina Iepakojuma izm\u0113ri: 20 x 19 x 16 cm Produkta materi\u0101ls: plastmasa Ieteicamais vecums: no 1 gada.\" \/>\n<meta property=\"og:url\" content=\"https:\/\/toys.lt\/lv\/produktas\/technok-smart-bernu-majina-rotalu-maja\/\" \/>\n<meta property=\"og:site_name\" content=\"Toys.lt\" \/>\n<meta property=\"article:modified_time\" content=\"2026-04-08T00:03:19+00:00\" \/>\n<meta property=\"og:image\" content=\"https:\/\/toys.lt\/wp-content\/uploads\/2023\/02\/products-3383.jpg\" \/>\n\t<meta property=\"og:image:width\" content=\"1200\" \/>\n\t<meta property=\"og:image:height\" content=\"800\" \/>\n\t<meta property=\"og:image:type\" content=\"image\/jpeg\" \/>\n<meta name=\"twitter:card\" content=\"summary_large_image\" \/>\n<script type=\"application\/ld+json\" class=\"yoast-schema-graph\">{\"@context\":\"https:\/\/schema.org\",\"@graph\":[{\"@type\":\"WebPage\",\"@id\":\"https:\/\/toys.lt\/lv\/produktas\/technok-smart-bernu-majina-rotalu-maja\/\",\"url\":\"https:\/\/toys.lt\/lv\/produktas\/technok-smart-bernu-majina-rotalu-maja\/\",\"name\":\"Technok Smart b\u0113rnu m\u0101ji\u0146a - rota\u013cu m\u0101ja - Toys.lt\",\"isPartOf\":{\"@id\":\"https:\/\/toys.lt\/lv\/#website\"},\"primaryImageOfPage\":{\"@id\":\"https:\/\/toys.lt\/lv\/produktas\/technok-smart-bernu-majina-rotalu-maja\/#primaryimage\"},\"image\":{\"@id\":\"https:\/\/toys.lt\/lv\/produktas\/technok-smart-bernu-majina-rotalu-maja\/#primaryimage\"},\"thumbnailUrl\":\"https:\/\/toys.lt\/wp-content\/uploads\/2023\/02\/products-3383.jpg\",\"datePublished\":\"2023-02-15T12:18:13+00:00\",\"dateModified\":\"2026-04-08T00:03:19+00:00\",\"breadcrumb\":{\"@id\":\"https:\/\/toys.lt\/lv\/produktas\/technok-smart-bernu-majina-rotalu-maja\/#breadcrumb\"},\"inLanguage\":\"lv-LV\",\"potentialAction\":[{\"@type\":\"ReadAction\",\"target\":[\"https:\/\/toys.lt\/lv\/produktas\/technok-smart-bernu-majina-rotalu-maja\/\"]}]},{\"@type\":\"ImageObject\",\"inLanguage\":\"lv-LV\",\"@id\":\"https:\/\/toys.lt\/lv\/produktas\/technok-smart-bernu-majina-rotalu-maja\/#primaryimage\",\"url\":\"https:\/\/toys.lt\/wp-content\/uploads\/2023\/02\/products-3383.jpg\",\"contentUrl\":\"https:\/\/toys.lt\/wp-content\/uploads\/2023\/02\/products-3383.jpg\",\"width\":1200,\"height\":800,\"caption\":\"Technok \u017eaislinis namelis &#8220;Smart kid cabin&#8221;\"},{\"@type\":\"BreadcrumbList\",\"@id\":\"https:\/\/toys.lt\/lv\/produktas\/technok-smart-bernu-majina-rotalu-maja\/#breadcrumb\",\"itemListElement\":[{\"@type\":\"ListItem\",\"position\":1,\"name\":\"Home\",\"item\":\"https:\/\/toys.lt\/lv\/\"},{\"@type\":\"ListItem\",\"position\":2,\"name\":\"Veikals\",\"item\":\"https:\/\/toys.lt\/lv\/shop\/\"},{\"@type\":\"ListItem\",\"position\":3,\"name\":\"Technok Smart b\u0113rnu m\u0101ji\u0146a &#8211; rota\u013cu m\u0101ja\"}]},{\"@type\":\"WebSite\",\"@id\":\"https:\/\/toys.lt\/lv\/#website\",\"url\":\"https:\/\/toys.lt\/lv\/\",\"name\":\"Toys.lt\",\"description\":\"\",\"potentialAction\":[{\"@type\":\"SearchAction\",\"target\":{\"@type\":\"EntryPoint\",\"urlTemplate\":\"https:\/\/toys.lt\/lv\/?s={search_term_string}\"},\"query-input\":{\"@type\":\"PropertyValueSpecification\",\"valueRequired\":true,\"valueName\":\"search_term_string\"}}],\"inLanguage\":\"lv-LV\"}]}<\/script>\n<!-- \/ Yoast SEO plugin. -->","yoast_head_json":{"title":"Technok Smart b\u0113rnu m\u0101ji\u0146a - rota\u013cu m\u0101ja - Toys.lt","robots":{"index":"index","follow":"follow","max-snippet":"max-snippet:-1","max-image-preview":"max-image-preview:large","max-video-preview":"max-video-preview:-1"},"canonical":"https:\/\/toys.lt\/lv\/produktas\/technok-smart-bernu-majina-rotalu-maja\/","og_locale":"lv_LV","og_type":"article","og_title":"Technok Smart b\u0113rnu m\u0101ji\u0146a - rota\u013cu m\u0101ja - Toys.lt","og_description":"Produkta veids: izgl\u012btojo\u0161a rota\u013clieta Izcelsmes valsts: Ukraina Iepakojuma izm\u0113ri: 20 x 19 x 16 cm Produkta materi\u0101ls: plastmasa Ieteicamais vecums: no 1 gada.","og_url":"https:\/\/toys.lt\/lv\/produktas\/technok-smart-bernu-majina-rotalu-maja\/","og_site_name":"Toys.lt","article_modified_time":"2026-04-08T00:03:19+00:00","og_image":[{"width":1200,"height":800,"url":"https:\/\/toys.lt\/wp-content\/uploads\/2023\/02\/products-3383.jpg","type":"image\/jpeg"}],"twitter_card":"summary_large_image","schema":{"@context":"https:\/\/schema.org","@graph":[{"@type":"WebPage","@id":"https:\/\/toys.lt\/lv\/produktas\/technok-smart-bernu-majina-rotalu-maja\/","url":"https:\/\/toys.lt\/lv\/produktas\/technok-smart-bernu-majina-rotalu-maja\/","name":"Technok Smart b\u0113rnu m\u0101ji\u0146a - rota\u013cu m\u0101ja - Toys.lt","isPartOf":{"@id":"https:\/\/toys.lt\/lv\/#website"},"primaryImageOfPage":{"@id":"https:\/\/toys.lt\/lv\/produktas\/technok-smart-bernu-majina-rotalu-maja\/#primaryimage"},"image":{"@id":"https:\/\/toys.lt\/lv\/produktas\/technok-smart-bernu-majina-rotalu-maja\/#primaryimage"},"thumbnailUrl":"https:\/\/toys.lt\/wp-content\/uploads\/2023\/02\/products-3383.jpg","datePublished":"2023-02-15T12:18:13+00:00","dateModified":"2026-04-08T00:03:19+00:00","breadcrumb":{"@id":"https:\/\/toys.lt\/lv\/produktas\/technok-smart-bernu-majina-rotalu-maja\/#breadcrumb"},"inLanguage":"lv-LV","potentialAction":[{"@type":"ReadAction","target":["https:\/\/toys.lt\/lv\/produktas\/technok-smart-bernu-majina-rotalu-maja\/"]}]},{"@type":"ImageObject","inLanguage":"lv-LV","@id":"https:\/\/toys.lt\/lv\/produktas\/technok-smart-bernu-majina-rotalu-maja\/#primaryimage","url":"https:\/\/toys.lt\/wp-content\/uploads\/2023\/02\/products-3383.jpg","contentUrl":"https:\/\/toys.lt\/wp-content\/uploads\/2023\/02\/products-3383.jpg","width":1200,"height":800,"caption":"Technok \u017eaislinis namelis &#8220;Smart kid cabin&#8221;"},{"@type":"BreadcrumbList","@id":"https:\/\/toys.lt\/lv\/produktas\/technok-smart-bernu-majina-rotalu-maja\/#breadcrumb","itemListElement":[{"@type":"ListItem","position":1,"name":"Home","item":"https:\/\/toys.lt\/lv\/"},{"@type":"ListItem","position":2,"name":"Veikals","item":"https:\/\/toys.lt\/lv\/shop\/"},{"@type":"ListItem","position":3,"name":"Technok Smart b\u0113rnu m\u0101ji\u0146a &#8211; rota\u013cu m\u0101ja"}]},{"@type":"WebSite","@id":"https:\/\/toys.lt\/lv\/#website","url":"https:\/\/toys.lt\/lv\/","name":"Toys.lt","description":"","potentialAction":[{"@type":"SearchAction","target":{"@type":"EntryPoint","urlTemplate":"https:\/\/toys.lt\/lv\/?s={search_term_string}"},"query-input":{"@type":"PropertyValueSpecification","valueRequired":true,"valueName":"search_term_string"}}],"inLanguage":"lv-LV"}]}},"_links":{"self":[{"href":"https:\/\/toys.lt\/lv\/wp-json\/wp\/v2\/product\/41522","targetHints":{"allow":["GET"]}}],"collection":[{"href":"https:\/\/toys.lt\/lv\/wp-json\/wp\/v2\/product"}],"about":[{"href":"https:\/\/toys.lt\/lv\/wp-json\/wp\/v2\/types\/product"}],"replies":[{"embeddable":true,"href":"https:\/\/toys.lt\/lv\/wp-json\/wp\/v2\/comments?post=41522"}],"version-history":[{"count":1,"href":"https:\/\/toys.lt\/lv\/wp-json\/wp\/v2\/product\/41522\/revisions"}],"predecessor-version":[{"id":41523,"href":"https:\/\/toys.lt\/lv\/wp-json\/wp\/v2\/product\/41522\/revisions\/41523"}],"wp:featuredmedia":[{"embeddable":true,"href":"https:\/\/toys.lt\/lv\/wp-json\/wp\/v2\/media\/38548"}],"wp:attachment":[{"href":"https:\/\/toys.lt\/lv\/wp-json\/wp\/v2\/media?parent=41522"}],"wp:term":[{"taxonomy":"product_brand","embeddable":true,"href":"https:\/\/toys.lt\/lv\/wp-json\/wp\/v2\/product_brand?post=41522"},{"taxonomy":"product_cat","embeddable":true,"href":"https:\/\/toys.lt\/lv\/wp-json\/wp\/v2\/product_cat?post=41522"},{"taxonomy":"product_tag","embeddable":true,"href":"https:\/\/toys.lt\/lv\/wp-json\/wp\/v2\/product_tag?post=41522"}],"curies":[{"name":"wp","href":"https:\/\/api.w.org\/{rel}","templated":true}]}}