{"id":41517,"date":"2022-11-10T04:21:10","date_gmt":"2022-11-10T04:21:10","guid":{"rendered":"https:\/\/toys.lt\/produktas\/clementoni-make-up-komplekts-crazy-chic-fairy-style-make-up\/"},"modified":"2026-04-08T00:03:29","modified_gmt":"2026-04-08T00:03:29","slug":"clementoni-make-up-komplekts-crazy-chic-fairy-style-make-up","status":"publish","type":"product","link":"https:\/\/toys.lt\/lv\/produktas\/clementoni-make-up-komplekts-crazy-chic-fairy-style-make-up\/","title":{"rendered":"Clementoni Make-up komplekts &#8211; Crazy Chic &#8220;FAIRY STYLE MAKE-UP&#8221;"},"content":{"rendered":"<p class=\"MsoNormal\" style=\"margin: 0px;font-size: medium;color: #7a7a7a;padding: 0px;line-height: inherit;border: 0px;font-family: Roboto, sans-serif;background-color: #fefefe;text-align: center\" align=\"center\"><i style=\"line-height: inherit;margin: 0px;padding: 0px;border: 0px;font-variant: inherit;font-weight: inherit;font-size: inherit;font-family: inherit\"><span style=\"margin: 0px;padding: 0px;border: 0px;font-style: inherit;font-variant: inherit;font-weight: inherit;font-size: 8.5pt;line-height: inherit;font-family: Verdana, sans-serif;color: #000000\">Clementoni &#8211; dibin\u0101ts It\u0101lij\u0101 un veiksm\u012bgi darbojas jau vair\u0101k nek\u0101 50 gadus! Uz\u0146\u0113muma misija ir rad\u012bt sp\u0113les, kas pal\u012bdz b\u0113rniem augt.   <\/span><\/i><\/p>\n<p class=\"MsoNormal\" style=\"margin: 0px;font-size: medium;color: #7a7a7a;padding: 0px;line-height: inherit;border: 0px;font-family: Roboto, sans-serif;background-color: #fefefe;text-align: center\" align=\"center\"><i style=\"line-height: inherit;margin: 0px;padding: 0px;border: 0px;font-variant: inherit;font-weight: inherit;font-size: inherit;font-family: inherit\"><span style=\"margin: 0px;padding: 0px;border: 0px;font-style: inherit;font-variant: inherit;font-weight: inherit;font-size: 8.5pt;line-height: inherit;font-family: Verdana, sans-serif;color: #000000\">Tas viss ir izstr\u0101d\u0101ts, lai apmierin\u0101tu jaunie\u0161u vajadz\u012bbas, \u0146emot v\u0113r\u0101 m\u016bsdienu tehnolo\u0123ijas un glob\u0101l\u0101s izgl\u012bt\u012bbas tendences.<\/span><\/i><\/p>\n<p><strong>Funkcijas:<\/strong><\/p>\n<ul style=\"list-style-type: square\">\n<li>Make-up komplekts, kas atveras k\u0101 gr\u0101mata<\/li>\n<li>Komplekt\u0101 ir 12 da\u017e\u0101das acu \u0113nas un 8 da\u017e\u0101di l\u016bpu sp\u012bdumi.<\/li>\n<li>Make-up viegli no\u0146emams ar \u016bdeni, un tas ir izgatavots no p\u0101rbaud\u012btiem netoksiskiem materi\u0101liem, kas ir piln\u012bgi dro\u0161i.<\/li>\n<li>\u0160\u012b sp\u0113le stimul\u0113 j\u016bsu b\u0113rnu izt\u0113li, rado\u0161umu un motoriku.<\/li>\n<\/ul>\n","protected":false},"excerpt":{"rendered":"<p>Produkta veids: skaistumkop\u0161anas komplekts<\/p>\n<p>Z\u012bmola nosaukums: Clementoni<\/p>\n<p>Izcelsmes valsts: It\u0101lija<\/p>\n<p>Iepakojuma izm\u0113ri: 3 x 15 x 21 cm<\/p>\n<p>Ieteicamais vecums: no 6 gadiem.<\/p>\n","protected":false},"featured_media":38430,"comment_status":"open","ping_status":"closed","template":"","meta":[],"product_brand":[384],"product_cat":[1261,1155],"product_tag":[],"class_list":{"0":"post-41517","1":"product","2":"type-product","3":"status-publish","4":"has-post-thumbnail","6":"product_brand-clementoni-2","7":"product_cat-skaistumkopsanas-komplekti-un-kosmetika-meitenem","8":"product_cat-leti","9":"pa_amziaus-grupe-6-lv","10":"pa_prek-s-tipas-kosmetikas-komplekti","11":"pa_prekes-zenklas-clementoni-lv","13":"first","14":"instock","15":"sale","16":"taxable","17":"shipping-taxable","18":"purchasable","19":"product-type-simple"},"yoast_head":"<!-- This site is optimized with the Yoast SEO plugin v26.3 - https:\/\/yoast.com\/wordpress\/plugins\/seo\/ -->\n<title>Clementoni Make-up komplekts - Crazy Chic &quot;FAIRY STYLE MAKE-UP&quot; - Toys.lt<\/title>\n<meta name=\"robots\" content=\"index, follow, max-snippet:-1, max-image-preview:large, max-video-preview:-1\" \/>\n<link rel=\"canonical\" href=\"https:\/\/toys.lt\/lv\/produktas\/clementoni-make-up-komplekts-crazy-chic-fairy-style-make-up\/\" \/>\n<meta property=\"og:locale\" content=\"lv_LV\" \/>\n<meta property=\"og:type\" content=\"article\" \/>\n<meta property=\"og:title\" content=\"Clementoni Make-up komplekts - Crazy Chic &quot;FAIRY STYLE MAKE-UP&quot; - Toys.lt\" \/>\n<meta property=\"og:description\" content=\"Produkta veids: skaistumkop\u0161anas komplekts Z\u012bmola nosaukums: Clementoni Izcelsmes valsts: It\u0101lija Iepakojuma izm\u0113ri: 3 x 15 x 21 cm Ieteicamais vecums: no 6 gadiem.\" \/>\n<meta property=\"og:url\" content=\"https:\/\/toys.lt\/lv\/produktas\/clementoni-make-up-komplekts-crazy-chic-fairy-style-make-up\/\" \/>\n<meta property=\"og:site_name\" content=\"Toys.lt\" \/>\n<meta property=\"article:modified_time\" content=\"2026-04-08T00:03:29+00:00\" \/>\n<meta property=\"og:image\" content=\"https:\/\/toys.lt\/wp-content\/uploads\/2022\/11\/products-3161.jpg\" \/>\n\t<meta property=\"og:image:width\" content=\"476\" \/>\n\t<meta property=\"og:image:height\" content=\"630\" \/>\n\t<meta property=\"og:image:type\" content=\"image\/jpeg\" \/>\n<meta name=\"twitter:card\" content=\"summary_large_image\" \/>\n<meta name=\"twitter:label1\" content=\"Est. reading time\" \/>\n\t<meta name=\"twitter:data1\" content=\"1 minute\" \/>\n<script type=\"application\/ld+json\" class=\"yoast-schema-graph\">{\"@context\":\"https:\/\/schema.org\",\"@graph\":[{\"@type\":\"WebPage\",\"@id\":\"https:\/\/toys.lt\/lv\/produktas\/clementoni-make-up-komplekts-crazy-chic-fairy-style-make-up\/\",\"url\":\"https:\/\/toys.lt\/lv\/produktas\/clementoni-make-up-komplekts-crazy-chic-fairy-style-make-up\/\",\"name\":\"Clementoni Make-up komplekts - Crazy Chic \\\"FAIRY STYLE MAKE-UP\\\" - Toys.lt\",\"isPartOf\":{\"@id\":\"https:\/\/toys.lt\/lv\/#website\"},\"primaryImageOfPage\":{\"@id\":\"https:\/\/toys.lt\/lv\/produktas\/clementoni-make-up-komplekts-crazy-chic-fairy-style-make-up\/#primaryimage\"},\"image\":{\"@id\":\"https:\/\/toys.lt\/lv\/produktas\/clementoni-make-up-komplekts-crazy-chic-fairy-style-make-up\/#primaryimage\"},\"thumbnailUrl\":\"https:\/\/toys.lt\/wp-content\/uploads\/2022\/11\/products-3161.jpg\",\"datePublished\":\"2022-11-10T04:21:10+00:00\",\"dateModified\":\"2026-04-08T00:03:29+00:00\",\"breadcrumb\":{\"@id\":\"https:\/\/toys.lt\/lv\/produktas\/clementoni-make-up-komplekts-crazy-chic-fairy-style-make-up\/#breadcrumb\"},\"inLanguage\":\"lv-LV\",\"potentialAction\":[{\"@type\":\"ReadAction\",\"target\":[\"https:\/\/toys.lt\/lv\/produktas\/clementoni-make-up-komplekts-crazy-chic-fairy-style-make-up\/\"]}]},{\"@type\":\"ImageObject\",\"inLanguage\":\"lv-LV\",\"@id\":\"https:\/\/toys.lt\/lv\/produktas\/clementoni-make-up-komplekts-crazy-chic-fairy-style-make-up\/#primaryimage\",\"url\":\"https:\/\/toys.lt\/wp-content\/uploads\/2022\/11\/products-3161.jpg\",\"contentUrl\":\"https:\/\/toys.lt\/wp-content\/uploads\/2022\/11\/products-3161.jpg\",\"width\":476,\"height\":630,\"caption\":\"Clementoni makia\u017eo rinkinys &#8211; Crazy Chic &#8220;FAIRY STYLE MAKE-UP&#8221;\"},{\"@type\":\"BreadcrumbList\",\"@id\":\"https:\/\/toys.lt\/lv\/produktas\/clementoni-make-up-komplekts-crazy-chic-fairy-style-make-up\/#breadcrumb\",\"itemListElement\":[{\"@type\":\"ListItem\",\"position\":1,\"name\":\"Home\",\"item\":\"https:\/\/toys.lt\/lv\/\"},{\"@type\":\"ListItem\",\"position\":2,\"name\":\"Veikals\",\"item\":\"https:\/\/toys.lt\/lv\/shop\/\"},{\"@type\":\"ListItem\",\"position\":3,\"name\":\"Clementoni Make-up komplekts &#8211; Crazy Chic &#8222;FAIRY STYLE MAKE-UP&#8221;\"}]},{\"@type\":\"WebSite\",\"@id\":\"https:\/\/toys.lt\/lv\/#website\",\"url\":\"https:\/\/toys.lt\/lv\/\",\"name\":\"Toys.lt\",\"description\":\"\",\"potentialAction\":[{\"@type\":\"SearchAction\",\"target\":{\"@type\":\"EntryPoint\",\"urlTemplate\":\"https:\/\/toys.lt\/lv\/?s={search_term_string}\"},\"query-input\":{\"@type\":\"PropertyValueSpecification\",\"valueRequired\":true,\"valueName\":\"search_term_string\"}}],\"inLanguage\":\"lv-LV\"}]}<\/script>\n<!-- \/ Yoast SEO plugin. -->","yoast_head_json":{"title":"Clementoni Make-up komplekts - Crazy Chic \"FAIRY STYLE MAKE-UP\" - Toys.lt","robots":{"index":"index","follow":"follow","max-snippet":"max-snippet:-1","max-image-preview":"max-image-preview:large","max-video-preview":"max-video-preview:-1"},"canonical":"https:\/\/toys.lt\/lv\/produktas\/clementoni-make-up-komplekts-crazy-chic-fairy-style-make-up\/","og_locale":"lv_LV","og_type":"article","og_title":"Clementoni Make-up komplekts - Crazy Chic \"FAIRY STYLE MAKE-UP\" - Toys.lt","og_description":"Produkta veids: skaistumkop\u0161anas komplekts Z\u012bmola nosaukums: Clementoni Izcelsmes valsts: It\u0101lija Iepakojuma izm\u0113ri: 3 x 15 x 21 cm Ieteicamais vecums: no 6 gadiem.","og_url":"https:\/\/toys.lt\/lv\/produktas\/clementoni-make-up-komplekts-crazy-chic-fairy-style-make-up\/","og_site_name":"Toys.lt","article_modified_time":"2026-04-08T00:03:29+00:00","og_image":[{"width":476,"height":630,"url":"https:\/\/toys.lt\/wp-content\/uploads\/2022\/11\/products-3161.jpg","type":"image\/jpeg"}],"twitter_card":"summary_large_image","twitter_misc":{"Est. reading time":"1 minute"},"schema":{"@context":"https:\/\/schema.org","@graph":[{"@type":"WebPage","@id":"https:\/\/toys.lt\/lv\/produktas\/clementoni-make-up-komplekts-crazy-chic-fairy-style-make-up\/","url":"https:\/\/toys.lt\/lv\/produktas\/clementoni-make-up-komplekts-crazy-chic-fairy-style-make-up\/","name":"Clementoni Make-up komplekts - Crazy Chic \"FAIRY STYLE MAKE-UP\" - Toys.lt","isPartOf":{"@id":"https:\/\/toys.lt\/lv\/#website"},"primaryImageOfPage":{"@id":"https:\/\/toys.lt\/lv\/produktas\/clementoni-make-up-komplekts-crazy-chic-fairy-style-make-up\/#primaryimage"},"image":{"@id":"https:\/\/toys.lt\/lv\/produktas\/clementoni-make-up-komplekts-crazy-chic-fairy-style-make-up\/#primaryimage"},"thumbnailUrl":"https:\/\/toys.lt\/wp-content\/uploads\/2022\/11\/products-3161.jpg","datePublished":"2022-11-10T04:21:10+00:00","dateModified":"2026-04-08T00:03:29+00:00","breadcrumb":{"@id":"https:\/\/toys.lt\/lv\/produktas\/clementoni-make-up-komplekts-crazy-chic-fairy-style-make-up\/#breadcrumb"},"inLanguage":"lv-LV","potentialAction":[{"@type":"ReadAction","target":["https:\/\/toys.lt\/lv\/produktas\/clementoni-make-up-komplekts-crazy-chic-fairy-style-make-up\/"]}]},{"@type":"ImageObject","inLanguage":"lv-LV","@id":"https:\/\/toys.lt\/lv\/produktas\/clementoni-make-up-komplekts-crazy-chic-fairy-style-make-up\/#primaryimage","url":"https:\/\/toys.lt\/wp-content\/uploads\/2022\/11\/products-3161.jpg","contentUrl":"https:\/\/toys.lt\/wp-content\/uploads\/2022\/11\/products-3161.jpg","width":476,"height":630,"caption":"Clementoni makia\u017eo rinkinys &#8211; Crazy Chic &#8220;FAIRY STYLE MAKE-UP&#8221;"},{"@type":"BreadcrumbList","@id":"https:\/\/toys.lt\/lv\/produktas\/clementoni-make-up-komplekts-crazy-chic-fairy-style-make-up\/#breadcrumb","itemListElement":[{"@type":"ListItem","position":1,"name":"Home","item":"https:\/\/toys.lt\/lv\/"},{"@type":"ListItem","position":2,"name":"Veikals","item":"https:\/\/toys.lt\/lv\/shop\/"},{"@type":"ListItem","position":3,"name":"Clementoni Make-up komplekts &#8211; Crazy Chic &#8222;FAIRY STYLE MAKE-UP&#8221;"}]},{"@type":"WebSite","@id":"https:\/\/toys.lt\/lv\/#website","url":"https:\/\/toys.lt\/lv\/","name":"Toys.lt","description":"","potentialAction":[{"@type":"SearchAction","target":{"@type":"EntryPoint","urlTemplate":"https:\/\/toys.lt\/lv\/?s={search_term_string}"},"query-input":{"@type":"PropertyValueSpecification","valueRequired":true,"valueName":"search_term_string"}}],"inLanguage":"lv-LV"}]}},"_links":{"self":[{"href":"https:\/\/toys.lt\/lv\/wp-json\/wp\/v2\/product\/41517","targetHints":{"allow":["GET"]}}],"collection":[{"href":"https:\/\/toys.lt\/lv\/wp-json\/wp\/v2\/product"}],"about":[{"href":"https:\/\/toys.lt\/lv\/wp-json\/wp\/v2\/types\/product"}],"replies":[{"embeddable":true,"href":"https:\/\/toys.lt\/lv\/wp-json\/wp\/v2\/comments?post=41517"}],"version-history":[{"count":2,"href":"https:\/\/toys.lt\/lv\/wp-json\/wp\/v2\/product\/41517\/revisions"}],"predecessor-version":[{"id":46047,"href":"https:\/\/toys.lt\/lv\/wp-json\/wp\/v2\/product\/41517\/revisions\/46047"}],"wp:featuredmedia":[{"embeddable":true,"href":"https:\/\/toys.lt\/lv\/wp-json\/wp\/v2\/media\/38430"}],"wp:attachment":[{"href":"https:\/\/toys.lt\/lv\/wp-json\/wp\/v2\/media?parent=41517"}],"wp:term":[{"taxonomy":"product_brand","embeddable":true,"href":"https:\/\/toys.lt\/lv\/wp-json\/wp\/v2\/product_brand?post=41517"},{"taxonomy":"product_cat","embeddable":true,"href":"https:\/\/toys.lt\/lv\/wp-json\/wp\/v2\/product_cat?post=41517"},{"taxonomy":"product_tag","embeddable":true,"href":"https:\/\/toys.lt\/lv\/wp-json\/wp\/v2\/product_tag?post=41517"}],"curies":[{"name":"wp","href":"https:\/\/api.w.org\/{rel}","templated":true}]}}