{"id":41500,"date":"2022-11-10T03:57:26","date_gmt":"2022-11-10T03:57:26","guid":{"rendered":"https:\/\/toys.lt\/produktas\/clementoni-easy-peasy-soft-racoon-piekarama-rotallieta\/"},"modified":"2026-04-08T00:03:29","modified_gmt":"2026-04-08T00:03:29","slug":"clementoni-easy-peasy-soft-racoon-piekarama-rotallieta","status":"publish","type":"product","link":"https:\/\/toys.lt\/lv\/produktas\/clementoni-easy-peasy-soft-racoon-piekarama-rotallieta\/","title":{"rendered":"Clementoni EASY-PEASY SOFT RACOON piekaram\u0101 rota\u013clieta"},"content":{"rendered":"<p class=\"MsoNormal\" style=\"margin: 0px;font-size: medium;color: #7a7a7a;padding: 0px;line-height: inherit;border: 0px;font-family: Roboto, sans-serif;background-color: #fefefe;text-align: center\" align=\"center\"><i style=\"line-height: inherit;margin: 0px;padding: 0px;border: 0px;font-variant: inherit;font-weight: inherit;font-size: inherit;font-family: inherit\"><span style=\"margin: 0px;padding: 0px;border: 0px;font-style: inherit;font-variant: inherit;font-weight: inherit;font-size: 8.5pt;line-height: inherit;font-family: Verdana, sans-serif;color: #000000\">Clementoni &#8211; dibin\u0101ts It\u0101lij\u0101 un veiksm\u012bgi darbojas jau vair\u0101k nek\u0101 50 gadus! Uz\u0146\u0113muma misija ir rad\u012bt sp\u0113les, kas pal\u012bdz b\u0113rniem augt.   <\/span><\/i><\/p>\n<p class=\"MsoNormal\" style=\"margin: 0px;font-size: medium;color: #7a7a7a;padding: 0px;line-height: inherit;border: 0px;font-family: Roboto, sans-serif;background-color: #fefefe;text-align: center\" align=\"center\"><i style=\"line-height: inherit;margin: 0px;padding: 0px;border: 0px;font-variant: inherit;font-weight: inherit;font-size: inherit;font-family: inherit\"><span style=\"margin: 0px;padding: 0px;border: 0px;font-style: inherit;font-variant: inherit;font-weight: inherit;font-size: 8.5pt;line-height: inherit;font-family: Verdana, sans-serif;color: #000000\">Tas viss ir izstr\u0101d\u0101ts, lai apmierin\u0101tu jaunie\u0161u vajadz\u012bbas, \u0146emot v\u0113r\u0101 m\u016bsdienu tehnolo\u0123ijas un glob\u0101l\u0101s izgl\u012bt\u012bbas tendences.<\/span><\/i><\/p>\n<p class=\"MsoNormal\" style=\"margin: 0px;font-size: medium;color: #7a7a7a;padding: 0px;line-height: inherit;border: 0px;font-family: Roboto, sans-serif;background-color: #fefefe;text-align: left\" align=\"center\"><strong><span style=\"margin: 0px;padding: 0px;border: 0px;font-variant: inherit;font-size: 8.5pt;line-height: inherit;font-family: Verdana, sans-serif;color: #000000\">Funkcijas:<\/span><\/strong><\/p>\n<ul style=\"list-style-type: square\">\n<li>Jautra un kr\u0101saina kar\u0101jas rota\u013clieta<\/li>\n<li>\u0112rti piestiprin\u0101ms pie b\u0113rna gulti\u0146as un cit\u0101m \u0113rt\u0101m viet\u0101m.<\/li>\n<\/ul>\n","protected":false},"excerpt":{"rendered":"<p>Produkta veids: izgl\u012btojo\u0161s<\/p>\n<p>Z\u012bmola nosaukums: Clementoni<\/p>\n<p>Izcelsmes valsts: It\u0101lija<\/p>\n<p>Iepakojuma izm\u0113ri: 18 x 11 x 34 cm<\/p>\n<p>Ieteicamais vecums: no 0 gadiem.<\/p>\n","protected":false},"featured_media":38423,"comment_status":"open","ping_status":"closed","template":"","meta":[],"product_brand":[384],"product_cat":[1183,1155],"product_tag":[],"class_list":{"0":"post-41500","1":"product","2":"type-product","3":"status-publish","4":"has-post-thumbnail","6":"product_brand-clementoni-2","7":"product_cat-rotallietas-maziem-berniem","8":"product_cat-leti","9":"pa_amziaus-grupe-0-lv","10":"pa_prek-s-tipas-piekaramas-rotallietas","11":"pa_prekes-zenklas-clementoni-lv","13":"first","14":"outofstock","15":"taxable","16":"shipping-taxable","17":"purchasable","18":"product-type-simple"},"yoast_head":"<!-- This site is optimized with the Yoast SEO plugin v26.3 - https:\/\/yoast.com\/wordpress\/plugins\/seo\/ -->\n<title>Clementoni EASY-PEASY SOFT RACOON piekaram\u0101 rota\u013clieta - Toys.lt<\/title>\n<meta name=\"robots\" content=\"index, follow, max-snippet:-1, max-image-preview:large, max-video-preview:-1\" \/>\n<link rel=\"canonical\" href=\"https:\/\/toys.lt\/lv\/produktas\/clementoni-easy-peasy-soft-racoon-piekarama-rotallieta\/\" \/>\n<meta property=\"og:locale\" content=\"lv_LV\" \/>\n<meta property=\"og:type\" content=\"article\" \/>\n<meta property=\"og:title\" content=\"Clementoni EASY-PEASY SOFT RACOON piekaram\u0101 rota\u013clieta - Toys.lt\" \/>\n<meta property=\"og:description\" content=\"Produkta veids: izgl\u012btojo\u0161s Z\u012bmola nosaukums: Clementoni Izcelsmes valsts: It\u0101lija Iepakojuma izm\u0113ri: 18 x 11 x 34 cm Ieteicamais vecums: no 0 gadiem.\" \/>\n<meta property=\"og:url\" content=\"https:\/\/toys.lt\/lv\/produktas\/clementoni-easy-peasy-soft-racoon-piekarama-rotallieta\/\" \/>\n<meta property=\"og:site_name\" content=\"Toys.lt\" \/>\n<meta property=\"article:modified_time\" content=\"2026-04-08T00:03:29+00:00\" \/>\n<meta property=\"og:image\" content=\"https:\/\/toys.lt\/wp-content\/uploads\/2022\/11\/products-3148.jpg\" \/>\n\t<meta property=\"og:image:width\" content=\"348\" \/>\n\t<meta property=\"og:image:height\" content=\"1500\" \/>\n\t<meta property=\"og:image:type\" content=\"image\/jpeg\" \/>\n<meta name=\"twitter:card\" content=\"summary_large_image\" \/>\n<script type=\"application\/ld+json\" class=\"yoast-schema-graph\">{\"@context\":\"https:\/\/schema.org\",\"@graph\":[{\"@type\":\"WebPage\",\"@id\":\"https:\/\/toys.lt\/lv\/produktas\/clementoni-easy-peasy-soft-racoon-piekarama-rotallieta\/\",\"url\":\"https:\/\/toys.lt\/lv\/produktas\/clementoni-easy-peasy-soft-racoon-piekarama-rotallieta\/\",\"name\":\"Clementoni EASY-PEASY SOFT RACOON piekaram\u0101 rota\u013clieta - Toys.lt\",\"isPartOf\":{\"@id\":\"https:\/\/toys.lt\/lv\/#website\"},\"primaryImageOfPage\":{\"@id\":\"https:\/\/toys.lt\/lv\/produktas\/clementoni-easy-peasy-soft-racoon-piekarama-rotallieta\/#primaryimage\"},\"image\":{\"@id\":\"https:\/\/toys.lt\/lv\/produktas\/clementoni-easy-peasy-soft-racoon-piekarama-rotallieta\/#primaryimage\"},\"thumbnailUrl\":\"https:\/\/toys.lt\/wp-content\/uploads\/2022\/11\/products-3148.jpg\",\"datePublished\":\"2022-11-10T03:57:26+00:00\",\"dateModified\":\"2026-04-08T00:03:29+00:00\",\"breadcrumb\":{\"@id\":\"https:\/\/toys.lt\/lv\/produktas\/clementoni-easy-peasy-soft-racoon-piekarama-rotallieta\/#breadcrumb\"},\"inLanguage\":\"lv-LV\",\"potentialAction\":[{\"@type\":\"ReadAction\",\"target\":[\"https:\/\/toys.lt\/lv\/produktas\/clementoni-easy-peasy-soft-racoon-piekarama-rotallieta\/\"]}]},{\"@type\":\"ImageObject\",\"inLanguage\":\"lv-LV\",\"@id\":\"https:\/\/toys.lt\/lv\/produktas\/clementoni-easy-peasy-soft-racoon-piekarama-rotallieta\/#primaryimage\",\"url\":\"https:\/\/toys.lt\/wp-content\/uploads\/2022\/11\/products-3148.jpg\",\"contentUrl\":\"https:\/\/toys.lt\/wp-content\/uploads\/2022\/11\/products-3148.jpg\",\"width\":348,\"height\":1500,\"caption\":\"Clementoni pakabinamas \u017eaislas &#8220;EASY-PEASY SOFT RACOON&#8221;\"},{\"@type\":\"BreadcrumbList\",\"@id\":\"https:\/\/toys.lt\/lv\/produktas\/clementoni-easy-peasy-soft-racoon-piekarama-rotallieta\/#breadcrumb\",\"itemListElement\":[{\"@type\":\"ListItem\",\"position\":1,\"name\":\"Home\",\"item\":\"https:\/\/toys.lt\/lv\/\"},{\"@type\":\"ListItem\",\"position\":2,\"name\":\"Veikals\",\"item\":\"https:\/\/toys.lt\/lv\/shop\/\"},{\"@type\":\"ListItem\",\"position\":3,\"name\":\"Clementoni EASY-PEASY SOFT RACOON piekaram\u0101 rota\u013clieta\"}]},{\"@type\":\"WebSite\",\"@id\":\"https:\/\/toys.lt\/lv\/#website\",\"url\":\"https:\/\/toys.lt\/lv\/\",\"name\":\"Toys.lt\",\"description\":\"\",\"potentialAction\":[{\"@type\":\"SearchAction\",\"target\":{\"@type\":\"EntryPoint\",\"urlTemplate\":\"https:\/\/toys.lt\/lv\/?s={search_term_string}\"},\"query-input\":{\"@type\":\"PropertyValueSpecification\",\"valueRequired\":true,\"valueName\":\"search_term_string\"}}],\"inLanguage\":\"lv-LV\"}]}<\/script>\n<!-- \/ Yoast SEO plugin. -->","yoast_head_json":{"title":"Clementoni EASY-PEASY SOFT RACOON piekaram\u0101 rota\u013clieta - Toys.lt","robots":{"index":"index","follow":"follow","max-snippet":"max-snippet:-1","max-image-preview":"max-image-preview:large","max-video-preview":"max-video-preview:-1"},"canonical":"https:\/\/toys.lt\/lv\/produktas\/clementoni-easy-peasy-soft-racoon-piekarama-rotallieta\/","og_locale":"lv_LV","og_type":"article","og_title":"Clementoni EASY-PEASY SOFT RACOON piekaram\u0101 rota\u013clieta - Toys.lt","og_description":"Produkta veids: izgl\u012btojo\u0161s Z\u012bmola nosaukums: Clementoni Izcelsmes valsts: It\u0101lija Iepakojuma izm\u0113ri: 18 x 11 x 34 cm Ieteicamais vecums: no 0 gadiem.","og_url":"https:\/\/toys.lt\/lv\/produktas\/clementoni-easy-peasy-soft-racoon-piekarama-rotallieta\/","og_site_name":"Toys.lt","article_modified_time":"2026-04-08T00:03:29+00:00","og_image":[{"width":348,"height":1500,"url":"https:\/\/toys.lt\/wp-content\/uploads\/2022\/11\/products-3148.jpg","type":"image\/jpeg"}],"twitter_card":"summary_large_image","schema":{"@context":"https:\/\/schema.org","@graph":[{"@type":"WebPage","@id":"https:\/\/toys.lt\/lv\/produktas\/clementoni-easy-peasy-soft-racoon-piekarama-rotallieta\/","url":"https:\/\/toys.lt\/lv\/produktas\/clementoni-easy-peasy-soft-racoon-piekarama-rotallieta\/","name":"Clementoni EASY-PEASY SOFT RACOON piekaram\u0101 rota\u013clieta - Toys.lt","isPartOf":{"@id":"https:\/\/toys.lt\/lv\/#website"},"primaryImageOfPage":{"@id":"https:\/\/toys.lt\/lv\/produktas\/clementoni-easy-peasy-soft-racoon-piekarama-rotallieta\/#primaryimage"},"image":{"@id":"https:\/\/toys.lt\/lv\/produktas\/clementoni-easy-peasy-soft-racoon-piekarama-rotallieta\/#primaryimage"},"thumbnailUrl":"https:\/\/toys.lt\/wp-content\/uploads\/2022\/11\/products-3148.jpg","datePublished":"2022-11-10T03:57:26+00:00","dateModified":"2026-04-08T00:03:29+00:00","breadcrumb":{"@id":"https:\/\/toys.lt\/lv\/produktas\/clementoni-easy-peasy-soft-racoon-piekarama-rotallieta\/#breadcrumb"},"inLanguage":"lv-LV","potentialAction":[{"@type":"ReadAction","target":["https:\/\/toys.lt\/lv\/produktas\/clementoni-easy-peasy-soft-racoon-piekarama-rotallieta\/"]}]},{"@type":"ImageObject","inLanguage":"lv-LV","@id":"https:\/\/toys.lt\/lv\/produktas\/clementoni-easy-peasy-soft-racoon-piekarama-rotallieta\/#primaryimage","url":"https:\/\/toys.lt\/wp-content\/uploads\/2022\/11\/products-3148.jpg","contentUrl":"https:\/\/toys.lt\/wp-content\/uploads\/2022\/11\/products-3148.jpg","width":348,"height":1500,"caption":"Clementoni pakabinamas \u017eaislas &#8220;EASY-PEASY SOFT RACOON&#8221;"},{"@type":"BreadcrumbList","@id":"https:\/\/toys.lt\/lv\/produktas\/clementoni-easy-peasy-soft-racoon-piekarama-rotallieta\/#breadcrumb","itemListElement":[{"@type":"ListItem","position":1,"name":"Home","item":"https:\/\/toys.lt\/lv\/"},{"@type":"ListItem","position":2,"name":"Veikals","item":"https:\/\/toys.lt\/lv\/shop\/"},{"@type":"ListItem","position":3,"name":"Clementoni EASY-PEASY SOFT RACOON piekaram\u0101 rota\u013clieta"}]},{"@type":"WebSite","@id":"https:\/\/toys.lt\/lv\/#website","url":"https:\/\/toys.lt\/lv\/","name":"Toys.lt","description":"","potentialAction":[{"@type":"SearchAction","target":{"@type":"EntryPoint","urlTemplate":"https:\/\/toys.lt\/lv\/?s={search_term_string}"},"query-input":{"@type":"PropertyValueSpecification","valueRequired":true,"valueName":"search_term_string"}}],"inLanguage":"lv-LV"}]}},"_links":{"self":[{"href":"https:\/\/toys.lt\/lv\/wp-json\/wp\/v2\/product\/41500","targetHints":{"allow":["GET"]}}],"collection":[{"href":"https:\/\/toys.lt\/lv\/wp-json\/wp\/v2\/product"}],"about":[{"href":"https:\/\/toys.lt\/lv\/wp-json\/wp\/v2\/types\/product"}],"replies":[{"embeddable":true,"href":"https:\/\/toys.lt\/lv\/wp-json\/wp\/v2\/comments?post=41500"}],"version-history":[{"count":2,"href":"https:\/\/toys.lt\/lv\/wp-json\/wp\/v2\/product\/41500\/revisions"}],"predecessor-version":[{"id":46043,"href":"https:\/\/toys.lt\/lv\/wp-json\/wp\/v2\/product\/41500\/revisions\/46043"}],"wp:featuredmedia":[{"embeddable":true,"href":"https:\/\/toys.lt\/lv\/wp-json\/wp\/v2\/media\/38423"}],"wp:attachment":[{"href":"https:\/\/toys.lt\/lv\/wp-json\/wp\/v2\/media?parent=41500"}],"wp:term":[{"taxonomy":"product_brand","embeddable":true,"href":"https:\/\/toys.lt\/lv\/wp-json\/wp\/v2\/product_brand?post=41500"},{"taxonomy":"product_cat","embeddable":true,"href":"https:\/\/toys.lt\/lv\/wp-json\/wp\/v2\/product_cat?post=41500"},{"taxonomy":"product_tag","embeddable":true,"href":"https:\/\/toys.lt\/lv\/wp-json\/wp\/v2\/product_tag?post=41500"}],"curies":[{"name":"wp","href":"https:\/\/api.w.org\/{rel}","templated":true}]}}