{"id":41498,"date":"2022-11-10T03:51:36","date_gmt":"2022-11-10T03:51:36","guid":{"rendered":"https:\/\/toys.lt\/produktas\/clementoni-muzikas-rotallieta-bungas\/"},"modified":"2026-04-08T00:03:30","modified_gmt":"2026-04-08T00:03:30","slug":"clementoni-muzikas-rotallieta-bungas","status":"publish","type":"product","link":"https:\/\/toys.lt\/lv\/produktas\/clementoni-muzikas-rotallieta-bungas\/","title":{"rendered":"Clementoni m\u016bzikas rota\u013clieta &#8211; Bungas"},"content":{"rendered":"<p><strong>Funkcijas:<\/strong><\/p>\n<ul style=\"list-style-type: square\">\n<li>Gaismas un ska\u0146as, kas tiek raid\u012btas, kad tiek nospiests bungas tausti\u0146\u0161.<\/li>\n<li>Melodiju \u0101trums main\u0101s, grie\u017eot bungas.<\/li>\n<li>Att\u012bsta klaus\u012b\u0161an\u0101s un ska\u0146u iz\u0161\u0137ir\u0161anas prasmes<\/li>\n<li>Uzlabo kognit\u012bv\u0101s sp\u0113jas<\/li>\n<li>Dro\u0161s b\u0113rnu vesel\u012bbai<\/li>\n<\/ul>\n","protected":false},"excerpt":{"rendered":"<p>Produkta veids: muzik\u0101la rota\u013clieta<\/p>\n<p>Z\u012bmola nosaukums: Clementoni<\/p>\n<p>Izcelsmes valsts: It\u0101lija<\/p>\n<p>Iepakojuma izm\u0113ri: 20 x 20 x 18 cm<\/p>\n<p>Ieteicamais vecums: no 10 m\u0113ne\u0161iem<\/p>\n<p>Nepiecie\u0161amie elementi: 2xAA<\/p>\n","protected":false},"featured_media":38421,"comment_status":"open","ping_status":"closed","template":"","meta":[],"product_brand":[384],"product_cat":[1182,1183,1157,1155],"product_tag":[],"class_list":{"0":"post-41498","1":"product","2":"type-product","3":"status-publish","4":"has-post-thumbnail","6":"product_brand-clementoni-2","7":"product_cat-muzikalas-rotallietas","8":"product_cat-rotallietas-maziem-berniem","9":"product_cat-izglitojosas-un-interaktivas-rotallietas","10":"product_cat-leti","11":"pa_amziaus-grupe-10-lv","12":"pa_prek-s-tipas-spelu-rotallietas","13":"pa_prekes-zenklas-clementoni-lv","15":"first","16":"instock","17":"sale","18":"taxable","19":"shipping-taxable","20":"purchasable","21":"product-type-simple"},"yoast_head":"<!-- This site is optimized with the Yoast SEO plugin v26.3 - https:\/\/yoast.com\/wordpress\/plugins\/seo\/ -->\n<title>Clementoni m\u016bzikas rota\u013clieta - Bungas - Toys.lt<\/title>\n<meta name=\"robots\" content=\"index, follow, max-snippet:-1, max-image-preview:large, max-video-preview:-1\" \/>\n<link rel=\"canonical\" href=\"https:\/\/toys.lt\/lv\/produktas\/clementoni-muzikas-rotallieta-bungas\/\" \/>\n<meta property=\"og:locale\" content=\"lv_LV\" \/>\n<meta property=\"og:type\" content=\"article\" \/>\n<meta property=\"og:title\" content=\"Clementoni m\u016bzikas rota\u013clieta - Bungas - Toys.lt\" \/>\n<meta property=\"og:description\" content=\"Produkta veids: muzik\u0101la rota\u013clieta Z\u012bmola nosaukums: Clementoni Izcelsmes valsts: It\u0101lija Iepakojuma izm\u0113ri: 20 x 20 x 18 cm Ieteicamais vecums: no 10 m\u0113ne\u0161iem Nepiecie\u0161amie elementi: 2xAA\" \/>\n<meta property=\"og:url\" content=\"https:\/\/toys.lt\/lv\/produktas\/clementoni-muzikas-rotallieta-bungas\/\" \/>\n<meta property=\"og:site_name\" content=\"Toys.lt\" \/>\n<meta property=\"article:modified_time\" content=\"2026-04-08T00:03:30+00:00\" \/>\n<meta property=\"og:image\" content=\"https:\/\/toys.lt\/wp-content\/uploads\/2022\/11\/products-3142.jpg\" \/>\n\t<meta property=\"og:image:width\" content=\"1400\" \/>\n\t<meta property=\"og:image:height\" content=\"1302\" \/>\n\t<meta property=\"og:image:type\" content=\"image\/jpeg\" \/>\n<meta name=\"twitter:card\" content=\"summary_large_image\" \/>\n<script type=\"application\/ld+json\" class=\"yoast-schema-graph\">{\"@context\":\"https:\/\/schema.org\",\"@graph\":[{\"@type\":\"WebPage\",\"@id\":\"https:\/\/toys.lt\/lv\/produktas\/clementoni-muzikas-rotallieta-bungas\/\",\"url\":\"https:\/\/toys.lt\/lv\/produktas\/clementoni-muzikas-rotallieta-bungas\/\",\"name\":\"Clementoni m\u016bzikas rota\u013clieta - Bungas - Toys.lt\",\"isPartOf\":{\"@id\":\"https:\/\/toys.lt\/lv\/#website\"},\"primaryImageOfPage\":{\"@id\":\"https:\/\/toys.lt\/lv\/produktas\/clementoni-muzikas-rotallieta-bungas\/#primaryimage\"},\"image\":{\"@id\":\"https:\/\/toys.lt\/lv\/produktas\/clementoni-muzikas-rotallieta-bungas\/#primaryimage\"},\"thumbnailUrl\":\"https:\/\/toys.lt\/wp-content\/uploads\/2022\/11\/products-3142.jpg\",\"datePublished\":\"2022-11-10T03:51:36+00:00\",\"dateModified\":\"2026-04-08T00:03:30+00:00\",\"breadcrumb\":{\"@id\":\"https:\/\/toys.lt\/lv\/produktas\/clementoni-muzikas-rotallieta-bungas\/#breadcrumb\"},\"inLanguage\":\"lv-LV\",\"potentialAction\":[{\"@type\":\"ReadAction\",\"target\":[\"https:\/\/toys.lt\/lv\/produktas\/clementoni-muzikas-rotallieta-bungas\/\"]}]},{\"@type\":\"ImageObject\",\"inLanguage\":\"lv-LV\",\"@id\":\"https:\/\/toys.lt\/lv\/produktas\/clementoni-muzikas-rotallieta-bungas\/#primaryimage\",\"url\":\"https:\/\/toys.lt\/wp-content\/uploads\/2022\/11\/products-3142.jpg\",\"contentUrl\":\"https:\/\/toys.lt\/wp-content\/uploads\/2022\/11\/products-3142.jpg\",\"width\":1400,\"height\":1302,\"caption\":\"Clementoni muzikinis \u017eaislas &#8211; B\u016bgnas\"},{\"@type\":\"BreadcrumbList\",\"@id\":\"https:\/\/toys.lt\/lv\/produktas\/clementoni-muzikas-rotallieta-bungas\/#breadcrumb\",\"itemListElement\":[{\"@type\":\"ListItem\",\"position\":1,\"name\":\"Home\",\"item\":\"https:\/\/toys.lt\/lv\/\"},{\"@type\":\"ListItem\",\"position\":2,\"name\":\"Veikals\",\"item\":\"https:\/\/toys.lt\/lv\/shop\/\"},{\"@type\":\"ListItem\",\"position\":3,\"name\":\"Clementoni m\u016bzikas rota\u013clieta &#8211; Bungas\"}]},{\"@type\":\"WebSite\",\"@id\":\"https:\/\/toys.lt\/lv\/#website\",\"url\":\"https:\/\/toys.lt\/lv\/\",\"name\":\"Toys.lt\",\"description\":\"\",\"potentialAction\":[{\"@type\":\"SearchAction\",\"target\":{\"@type\":\"EntryPoint\",\"urlTemplate\":\"https:\/\/toys.lt\/lv\/?s={search_term_string}\"},\"query-input\":{\"@type\":\"PropertyValueSpecification\",\"valueRequired\":true,\"valueName\":\"search_term_string\"}}],\"inLanguage\":\"lv-LV\"}]}<\/script>\n<!-- \/ Yoast SEO plugin. -->","yoast_head_json":{"title":"Clementoni m\u016bzikas rota\u013clieta - Bungas - Toys.lt","robots":{"index":"index","follow":"follow","max-snippet":"max-snippet:-1","max-image-preview":"max-image-preview:large","max-video-preview":"max-video-preview:-1"},"canonical":"https:\/\/toys.lt\/lv\/produktas\/clementoni-muzikas-rotallieta-bungas\/","og_locale":"lv_LV","og_type":"article","og_title":"Clementoni m\u016bzikas rota\u013clieta - Bungas - Toys.lt","og_description":"Produkta veids: muzik\u0101la rota\u013clieta Z\u012bmola nosaukums: Clementoni Izcelsmes valsts: It\u0101lija Iepakojuma izm\u0113ri: 20 x 20 x 18 cm Ieteicamais vecums: no 10 m\u0113ne\u0161iem Nepiecie\u0161amie elementi: 2xAA","og_url":"https:\/\/toys.lt\/lv\/produktas\/clementoni-muzikas-rotallieta-bungas\/","og_site_name":"Toys.lt","article_modified_time":"2026-04-08T00:03:30+00:00","og_image":[{"width":1400,"height":1302,"url":"https:\/\/toys.lt\/wp-content\/uploads\/2022\/11\/products-3142.jpg","type":"image\/jpeg"}],"twitter_card":"summary_large_image","schema":{"@context":"https:\/\/schema.org","@graph":[{"@type":"WebPage","@id":"https:\/\/toys.lt\/lv\/produktas\/clementoni-muzikas-rotallieta-bungas\/","url":"https:\/\/toys.lt\/lv\/produktas\/clementoni-muzikas-rotallieta-bungas\/","name":"Clementoni m\u016bzikas rota\u013clieta - Bungas - Toys.lt","isPartOf":{"@id":"https:\/\/toys.lt\/lv\/#website"},"primaryImageOfPage":{"@id":"https:\/\/toys.lt\/lv\/produktas\/clementoni-muzikas-rotallieta-bungas\/#primaryimage"},"image":{"@id":"https:\/\/toys.lt\/lv\/produktas\/clementoni-muzikas-rotallieta-bungas\/#primaryimage"},"thumbnailUrl":"https:\/\/toys.lt\/wp-content\/uploads\/2022\/11\/products-3142.jpg","datePublished":"2022-11-10T03:51:36+00:00","dateModified":"2026-04-08T00:03:30+00:00","breadcrumb":{"@id":"https:\/\/toys.lt\/lv\/produktas\/clementoni-muzikas-rotallieta-bungas\/#breadcrumb"},"inLanguage":"lv-LV","potentialAction":[{"@type":"ReadAction","target":["https:\/\/toys.lt\/lv\/produktas\/clementoni-muzikas-rotallieta-bungas\/"]}]},{"@type":"ImageObject","inLanguage":"lv-LV","@id":"https:\/\/toys.lt\/lv\/produktas\/clementoni-muzikas-rotallieta-bungas\/#primaryimage","url":"https:\/\/toys.lt\/wp-content\/uploads\/2022\/11\/products-3142.jpg","contentUrl":"https:\/\/toys.lt\/wp-content\/uploads\/2022\/11\/products-3142.jpg","width":1400,"height":1302,"caption":"Clementoni muzikinis \u017eaislas &#8211; B\u016bgnas"},{"@type":"BreadcrumbList","@id":"https:\/\/toys.lt\/lv\/produktas\/clementoni-muzikas-rotallieta-bungas\/#breadcrumb","itemListElement":[{"@type":"ListItem","position":1,"name":"Home","item":"https:\/\/toys.lt\/lv\/"},{"@type":"ListItem","position":2,"name":"Veikals","item":"https:\/\/toys.lt\/lv\/shop\/"},{"@type":"ListItem","position":3,"name":"Clementoni m\u016bzikas rota\u013clieta &#8211; Bungas"}]},{"@type":"WebSite","@id":"https:\/\/toys.lt\/lv\/#website","url":"https:\/\/toys.lt\/lv\/","name":"Toys.lt","description":"","potentialAction":[{"@type":"SearchAction","target":{"@type":"EntryPoint","urlTemplate":"https:\/\/toys.lt\/lv\/?s={search_term_string}"},"query-input":{"@type":"PropertyValueSpecification","valueRequired":true,"valueName":"search_term_string"}}],"inLanguage":"lv-LV"}]}},"_links":{"self":[{"href":"https:\/\/toys.lt\/lv\/wp-json\/wp\/v2\/product\/41498","targetHints":{"allow":["GET"]}}],"collection":[{"href":"https:\/\/toys.lt\/lv\/wp-json\/wp\/v2\/product"}],"about":[{"href":"https:\/\/toys.lt\/lv\/wp-json\/wp\/v2\/types\/product"}],"replies":[{"embeddable":true,"href":"https:\/\/toys.lt\/lv\/wp-json\/wp\/v2\/comments?post=41498"}],"version-history":[{"count":2,"href":"https:\/\/toys.lt\/lv\/wp-json\/wp\/v2\/product\/41498\/revisions"}],"predecessor-version":[{"id":46041,"href":"https:\/\/toys.lt\/lv\/wp-json\/wp\/v2\/product\/41498\/revisions\/46041"}],"wp:featuredmedia":[{"embeddable":true,"href":"https:\/\/toys.lt\/lv\/wp-json\/wp\/v2\/media\/38421"}],"wp:attachment":[{"href":"https:\/\/toys.lt\/lv\/wp-json\/wp\/v2\/media?parent=41498"}],"wp:term":[{"taxonomy":"product_brand","embeddable":true,"href":"https:\/\/toys.lt\/lv\/wp-json\/wp\/v2\/product_brand?post=41498"},{"taxonomy":"product_cat","embeddable":true,"href":"https:\/\/toys.lt\/lv\/wp-json\/wp\/v2\/product_cat?post=41498"},{"taxonomy":"product_tag","embeddable":true,"href":"https:\/\/toys.lt\/lv\/wp-json\/wp\/v2\/product_tag?post=41498"}],"curies":[{"name":"wp","href":"https:\/\/api.w.org\/{rel}","templated":true}]}}