{"id":41481,"date":"2022-09-16T01:25:54","date_gmt":"2022-09-16T01:25:54","guid":{"rendered":"https:\/\/toys.lt\/produktas\/pilsan-basketbola-rinkis-berniem-ar-regulejamu-stativu-lidz-180-cm\/"},"modified":"2026-04-08T00:03:33","modified_gmt":"2026-04-08T00:03:33","slug":"pilsan-basketbola-rinkis-berniem-ar-regulejamu-stativu-lidz-180-cm","status":"publish","type":"product","link":"https:\/\/toys.lt\/lv\/produktas\/pilsan-basketbola-rinkis-berniem-ar-regulejamu-stativu-lidz-180-cm\/","title":{"rendered":"Pilsan Basketbola ri\u0146\u0137is b\u0113rniem ar regul\u0113jamu stat\u012bvu (l\u012bdz 180 cm)"},"content":{"rendered":"<p style=\"margin:0px;font-size:medium;color:#7a7a7a;padding:0px;line-height:inherit;border:0px;font-family:Roboto, sans-serif;background-color:#fefefe\"><strong style=\"background-color:#fafbfc;color:#000000;font-family:Verdana, Arial, Helvetica, sans-serif;font-size:11px\"><span style=\"font-weight:400\">Lielisks <strong>basketbola ri\u0146\u0137is ar stat\u012bvu<\/strong>, lai b\u0113rni var\u0113tu sp\u0113l\u0113t ar draugiem! Kop\u0101 ar \u0161o sporta komplektu j\u016bsu b\u0113rns aktiviz\u0113s topo\u0161\u0101 sportista dz\u012bvi. Basketbola sp\u0113les att\u012bsta fizisko aktivit\u0101ti, veikl\u012bbu un precizit\u0101ti, savuk\u0101rt komandas sp\u0113les att\u012bsta atl\u0113tiskumu, ritmu un komunik\u0101cijas prasmes. Maksim\u0101lais ri\u0146\u0137a augstums ir 180 cm (215 cm d\u0113\u013ciem). Stat\u012bvs ir regul\u0113jams p\u0113c augstuma, t\u0101p\u0113c \u0161is komplekts ir piem\u0113rots da\u017e\u0101da auguma un vecuma b\u0113rniem. Lai konstrukcija b\u016btu stabila, pamatni lab\u0101k nostiprin\u0101t ar smilt\u012bm vai \u016bdeni.     <\/span><\/strong><\/p>\n<p style=\"margin:0px;font-size:medium;color:#7a7a7a;padding:0px;line-height:inherit;border:0px;font-family:Roboto, sans-serif;background-color:#fefefe\">\n<p style=\"margin:0px;font-size:medium;color:#7a7a7a;padding:0px;line-height:inherit;border:0px;font-family:Roboto, sans-serif;background-color:#fefefe\"><strong style=\"background-color:#fafbfc;color:#000000;font-family:Verdana, Arial, Helvetica, sans-serif;font-size:11px\">Funkcijas:<\/strong><\/p>\n<ul style=\"list-style-type:square\">\n<li style=\"margin:0px;padding:0px;font:inherit;border:0px\">Regul\u0113jams augstums<\/li>\n<li style=\"margin:0px;padding:0px;font:inherit;border:0px\">Piem\u0113rots lieto\u0161anai \u0101rpus telp\u0101m un m\u0101j\u0101s<\/li>\n<li style=\"margin:0px;padding:0px;font:inherit;border:0px\">Viegli samont\u0113t un izv\u0113l\u0113ties<\/li>\n<li style=\"margin:0px;padding:0px;font:inherit;border:0px\">Mobila un kompakta<\/li>\n<li style=\"margin:0px;padding:0px;font:inherit;border:0px\">Pamatnes nostiprin\u0101\u0161ana ar smilt\u012bm vai \u016bdeni<\/li>\n<li style=\"margin:0px;padding:0px;font:inherit;border:0px\">Att\u012bsta veikl\u012bbu, \u0101trumu, sp\u0113ku un iztur\u012bbu.<\/li>\n<\/ul>\n<p><strong>Ietver:<\/strong><\/p>\n<ul style=\"list-style-type:disc\">\n<li>Stends<\/li>\n<li>Loksne<\/li>\n<li>Loks<\/li>\n<li>Bumba<\/li>\n<\/ul>\n","protected":false},"excerpt":{"rendered":"<p>Produkta veids: sporta<\/p>\n<p>Z\u012bmola nosaukums: Pilsan<\/p>\n<p>Izcelsmes valsts: Turcija<\/p>\n<p>Ieteicamais vecums: no 3 gadiem<\/p>\n","protected":false},"featured_media":38382,"comment_status":"open","ping_status":"closed","template":"","meta":[],"product_brand":[],"product_cat":[1176,1277,1162,1155],"product_tag":[],"class_list":{"0":"post-41481","1":"product","2":"type-product","3":"status-publish","4":"has-post-thumbnail","6":"product_cat-rotallietas-zeniem","7":"product_cat-sporta-un-izklaides-rotallietas","8":"product_cat-ara-un-vasaras-rotallietas","9":"product_cat-leti","10":"pa_prekes-zenklas-citizen","11":"pa_spalva-dazadi","13":"first","14":"outofstock","15":"sale","16":"taxable","17":"shipping-taxable","18":"purchasable","19":"product-type-simple"},"yoast_head":"<!-- This site is optimized with the Yoast SEO plugin v26.3 - https:\/\/yoast.com\/wordpress\/plugins\/seo\/ -->\n<title>Pilsan Basketbola ri\u0146\u0137is b\u0113rniem ar regul\u0113jamu stat\u012bvu (l\u012bdz 180 cm) - Toys.lt<\/title>\n<meta name=\"robots\" content=\"index, follow, max-snippet:-1, max-image-preview:large, max-video-preview:-1\" \/>\n<link rel=\"canonical\" href=\"https:\/\/toys.lt\/lv\/produktas\/pilsan-basketbola-rinkis-berniem-ar-regulejamu-stativu-lidz-180-cm\/\" \/>\n<meta property=\"og:locale\" content=\"lv_LV\" \/>\n<meta property=\"og:type\" content=\"article\" \/>\n<meta property=\"og:title\" content=\"Pilsan Basketbola ri\u0146\u0137is b\u0113rniem ar regul\u0113jamu stat\u012bvu (l\u012bdz 180 cm) - Toys.lt\" \/>\n<meta property=\"og:description\" content=\"Produkta veids: sporta Z\u012bmola nosaukums: Pilsan Izcelsmes valsts: Turcija Ieteicamais vecums: no 3 gadiem\" \/>\n<meta property=\"og:url\" content=\"https:\/\/toys.lt\/lv\/produktas\/pilsan-basketbola-rinkis-berniem-ar-regulejamu-stativu-lidz-180-cm\/\" \/>\n<meta property=\"og:site_name\" content=\"Toys.lt\" \/>\n<meta property=\"article:modified_time\" content=\"2026-04-08T00:03:33+00:00\" \/>\n<meta property=\"og:image\" content=\"https:\/\/toys.lt\/wp-content\/uploads\/2022\/09\/products-3066.jpg\" \/>\n\t<meta property=\"og:image:width\" content=\"1280\" \/>\n\t<meta property=\"og:image:height\" content=\"1280\" \/>\n\t<meta property=\"og:image:type\" content=\"image\/jpeg\" \/>\n<meta name=\"twitter:card\" content=\"summary_large_image\" \/>\n<meta name=\"twitter:label1\" content=\"Est. reading time\" \/>\n\t<meta name=\"twitter:data1\" content=\"1 minute\" \/>\n<script type=\"application\/ld+json\" class=\"yoast-schema-graph\">{\"@context\":\"https:\/\/schema.org\",\"@graph\":[{\"@type\":\"WebPage\",\"@id\":\"https:\/\/toys.lt\/lv\/produktas\/pilsan-basketbola-rinkis-berniem-ar-regulejamu-stativu-lidz-180-cm\/\",\"url\":\"https:\/\/toys.lt\/lv\/produktas\/pilsan-basketbola-rinkis-berniem-ar-regulejamu-stativu-lidz-180-cm\/\",\"name\":\"Pilsan Basketbola ri\u0146\u0137is b\u0113rniem ar regul\u0113jamu stat\u012bvu (l\u012bdz 180 cm) - Toys.lt\",\"isPartOf\":{\"@id\":\"https:\/\/toys.lt\/lv\/#website\"},\"primaryImageOfPage\":{\"@id\":\"https:\/\/toys.lt\/lv\/produktas\/pilsan-basketbola-rinkis-berniem-ar-regulejamu-stativu-lidz-180-cm\/#primaryimage\"},\"image\":{\"@id\":\"https:\/\/toys.lt\/lv\/produktas\/pilsan-basketbola-rinkis-berniem-ar-regulejamu-stativu-lidz-180-cm\/#primaryimage\"},\"thumbnailUrl\":\"https:\/\/toys.lt\/wp-content\/uploads\/2022\/09\/products-3066.jpg\",\"datePublished\":\"2022-09-16T01:25:54+00:00\",\"dateModified\":\"2026-04-08T00:03:33+00:00\",\"breadcrumb\":{\"@id\":\"https:\/\/toys.lt\/lv\/produktas\/pilsan-basketbola-rinkis-berniem-ar-regulejamu-stativu-lidz-180-cm\/#breadcrumb\"},\"inLanguage\":\"lv-LV\",\"potentialAction\":[{\"@type\":\"ReadAction\",\"target\":[\"https:\/\/toys.lt\/lv\/produktas\/pilsan-basketbola-rinkis-berniem-ar-regulejamu-stativu-lidz-180-cm\/\"]}]},{\"@type\":\"ImageObject\",\"inLanguage\":\"lv-LV\",\"@id\":\"https:\/\/toys.lt\/lv\/produktas\/pilsan-basketbola-rinkis-berniem-ar-regulejamu-stativu-lidz-180-cm\/#primaryimage\",\"url\":\"https:\/\/toys.lt\/wp-content\/uploads\/2022\/09\/products-3066.jpg\",\"contentUrl\":\"https:\/\/toys.lt\/wp-content\/uploads\/2022\/09\/products-3066.jpg\",\"width\":1280,\"height\":1280,\"caption\":\"Pilsan vaiki\u0161kas krep\u0161inio \u017eiedas su reguliuojamu stovu (iki 180 cm)\"},{\"@type\":\"BreadcrumbList\",\"@id\":\"https:\/\/toys.lt\/lv\/produktas\/pilsan-basketbola-rinkis-berniem-ar-regulejamu-stativu-lidz-180-cm\/#breadcrumb\",\"itemListElement\":[{\"@type\":\"ListItem\",\"position\":1,\"name\":\"Home\",\"item\":\"https:\/\/toys.lt\/lv\/\"},{\"@type\":\"ListItem\",\"position\":2,\"name\":\"Veikals\",\"item\":\"https:\/\/toys.lt\/lv\/shop\/\"},{\"@type\":\"ListItem\",\"position\":3,\"name\":\"Pilsan Basketbola ri\u0146\u0137is b\u0113rniem ar regul\u0113jamu stat\u012bvu (l\u012bdz 180 cm)\"}]},{\"@type\":\"WebSite\",\"@id\":\"https:\/\/toys.lt\/lv\/#website\",\"url\":\"https:\/\/toys.lt\/lv\/\",\"name\":\"Toys.lt\",\"description\":\"\",\"potentialAction\":[{\"@type\":\"SearchAction\",\"target\":{\"@type\":\"EntryPoint\",\"urlTemplate\":\"https:\/\/toys.lt\/lv\/?s={search_term_string}\"},\"query-input\":{\"@type\":\"PropertyValueSpecification\",\"valueRequired\":true,\"valueName\":\"search_term_string\"}}],\"inLanguage\":\"lv-LV\"}]}<\/script>\n<!-- \/ Yoast SEO plugin. -->","yoast_head_json":{"title":"Pilsan Basketbola ri\u0146\u0137is b\u0113rniem ar regul\u0113jamu stat\u012bvu (l\u012bdz 180 cm) - Toys.lt","robots":{"index":"index","follow":"follow","max-snippet":"max-snippet:-1","max-image-preview":"max-image-preview:large","max-video-preview":"max-video-preview:-1"},"canonical":"https:\/\/toys.lt\/lv\/produktas\/pilsan-basketbola-rinkis-berniem-ar-regulejamu-stativu-lidz-180-cm\/","og_locale":"lv_LV","og_type":"article","og_title":"Pilsan Basketbola ri\u0146\u0137is b\u0113rniem ar regul\u0113jamu stat\u012bvu (l\u012bdz 180 cm) - Toys.lt","og_description":"Produkta veids: sporta Z\u012bmola nosaukums: Pilsan Izcelsmes valsts: Turcija Ieteicamais vecums: no 3 gadiem","og_url":"https:\/\/toys.lt\/lv\/produktas\/pilsan-basketbola-rinkis-berniem-ar-regulejamu-stativu-lidz-180-cm\/","og_site_name":"Toys.lt","article_modified_time":"2026-04-08T00:03:33+00:00","og_image":[{"width":1280,"height":1280,"url":"https:\/\/toys.lt\/wp-content\/uploads\/2022\/09\/products-3066.jpg","type":"image\/jpeg"}],"twitter_card":"summary_large_image","twitter_misc":{"Est. reading time":"1 minute"},"schema":{"@context":"https:\/\/schema.org","@graph":[{"@type":"WebPage","@id":"https:\/\/toys.lt\/lv\/produktas\/pilsan-basketbola-rinkis-berniem-ar-regulejamu-stativu-lidz-180-cm\/","url":"https:\/\/toys.lt\/lv\/produktas\/pilsan-basketbola-rinkis-berniem-ar-regulejamu-stativu-lidz-180-cm\/","name":"Pilsan Basketbola ri\u0146\u0137is b\u0113rniem ar regul\u0113jamu stat\u012bvu (l\u012bdz 180 cm) - Toys.lt","isPartOf":{"@id":"https:\/\/toys.lt\/lv\/#website"},"primaryImageOfPage":{"@id":"https:\/\/toys.lt\/lv\/produktas\/pilsan-basketbola-rinkis-berniem-ar-regulejamu-stativu-lidz-180-cm\/#primaryimage"},"image":{"@id":"https:\/\/toys.lt\/lv\/produktas\/pilsan-basketbola-rinkis-berniem-ar-regulejamu-stativu-lidz-180-cm\/#primaryimage"},"thumbnailUrl":"https:\/\/toys.lt\/wp-content\/uploads\/2022\/09\/products-3066.jpg","datePublished":"2022-09-16T01:25:54+00:00","dateModified":"2026-04-08T00:03:33+00:00","breadcrumb":{"@id":"https:\/\/toys.lt\/lv\/produktas\/pilsan-basketbola-rinkis-berniem-ar-regulejamu-stativu-lidz-180-cm\/#breadcrumb"},"inLanguage":"lv-LV","potentialAction":[{"@type":"ReadAction","target":["https:\/\/toys.lt\/lv\/produktas\/pilsan-basketbola-rinkis-berniem-ar-regulejamu-stativu-lidz-180-cm\/"]}]},{"@type":"ImageObject","inLanguage":"lv-LV","@id":"https:\/\/toys.lt\/lv\/produktas\/pilsan-basketbola-rinkis-berniem-ar-regulejamu-stativu-lidz-180-cm\/#primaryimage","url":"https:\/\/toys.lt\/wp-content\/uploads\/2022\/09\/products-3066.jpg","contentUrl":"https:\/\/toys.lt\/wp-content\/uploads\/2022\/09\/products-3066.jpg","width":1280,"height":1280,"caption":"Pilsan vaiki\u0161kas krep\u0161inio \u017eiedas su reguliuojamu stovu (iki 180 cm)"},{"@type":"BreadcrumbList","@id":"https:\/\/toys.lt\/lv\/produktas\/pilsan-basketbola-rinkis-berniem-ar-regulejamu-stativu-lidz-180-cm\/#breadcrumb","itemListElement":[{"@type":"ListItem","position":1,"name":"Home","item":"https:\/\/toys.lt\/lv\/"},{"@type":"ListItem","position":2,"name":"Veikals","item":"https:\/\/toys.lt\/lv\/shop\/"},{"@type":"ListItem","position":3,"name":"Pilsan Basketbola ri\u0146\u0137is b\u0113rniem ar regul\u0113jamu stat\u012bvu (l\u012bdz 180 cm)"}]},{"@type":"WebSite","@id":"https:\/\/toys.lt\/lv\/#website","url":"https:\/\/toys.lt\/lv\/","name":"Toys.lt","description":"","potentialAction":[{"@type":"SearchAction","target":{"@type":"EntryPoint","urlTemplate":"https:\/\/toys.lt\/lv\/?s={search_term_string}"},"query-input":{"@type":"PropertyValueSpecification","valueRequired":true,"valueName":"search_term_string"}}],"inLanguage":"lv-LV"}]}},"_links":{"self":[{"href":"https:\/\/toys.lt\/lv\/wp-json\/wp\/v2\/product\/41481","targetHints":{"allow":["GET"]}}],"collection":[{"href":"https:\/\/toys.lt\/lv\/wp-json\/wp\/v2\/product"}],"about":[{"href":"https:\/\/toys.lt\/lv\/wp-json\/wp\/v2\/types\/product"}],"replies":[{"embeddable":true,"href":"https:\/\/toys.lt\/lv\/wp-json\/wp\/v2\/comments?post=41481"}],"version-history":[{"count":2,"href":"https:\/\/toys.lt\/lv\/wp-json\/wp\/v2\/product\/41481\/revisions"}],"predecessor-version":[{"id":46033,"href":"https:\/\/toys.lt\/lv\/wp-json\/wp\/v2\/product\/41481\/revisions\/46033"}],"wp:featuredmedia":[{"embeddable":true,"href":"https:\/\/toys.lt\/lv\/wp-json\/wp\/v2\/media\/38382"}],"wp:attachment":[{"href":"https:\/\/toys.lt\/lv\/wp-json\/wp\/v2\/media?parent=41481"}],"wp:term":[{"taxonomy":"product_brand","embeddable":true,"href":"https:\/\/toys.lt\/lv\/wp-json\/wp\/v2\/product_brand?post=41481"},{"taxonomy":"product_cat","embeddable":true,"href":"https:\/\/toys.lt\/lv\/wp-json\/wp\/v2\/product_cat?post=41481"},{"taxonomy":"product_tag","embeddable":true,"href":"https:\/\/toys.lt\/lv\/wp-json\/wp\/v2\/product_tag?post=41481"}],"curies":[{"name":"wp","href":"https:\/\/api.w.org\/{rel}","templated":true}]}}