{"id":41480,"date":"2022-11-22T01:06:41","date_gmt":"2022-11-22T01:06:41","guid":{"rendered":"https:\/\/toys.lt\/produktas\/clementoni-supercolor-gridas-puzle-topo-gigio-40-gab\/"},"modified":"2026-04-08T00:03:24","modified_gmt":"2026-04-08T00:03:24","slug":"clementoni-supercolor-gridas-puzle-topo-gigio-40-gab","status":"publish","type":"product","link":"https:\/\/toys.lt\/lv\/produktas\/clementoni-supercolor-gridas-puzle-topo-gigio-40-gab\/","title":{"rendered":"Clementoni Supercolor gr\u012bdas puzle &#8220;Topo Gigio&#8221; 40 gab."},"content":{"rendered":"<p class=\"MsoNormal\" style=\"text-align: center\" align=\"center\"><i><span style=\"font-size: 8.5pt;font-family: Verdana, 'sans-serif';color: #000000\">Clementoni &#8211; dibin\u0101ts It\u0101lij\u0101 un veiksm\u012bgi darbojas jau vair\u0101k nek\u0101 50 gadus! Uz\u0146\u0113muma misija ir rad\u012bt sp\u0113les, kas pal\u012bdz b\u0113rniem augt.   <\/span><\/i><\/p>\n<p class=\"MsoNormal\" style=\"text-align: center\" align=\"center\"><i><span style=\"font-size: 8.5pt;font-family: Verdana, 'sans-serif';color: #000000\">Tas viss ir izstr\u0101d\u0101ts, lai apmierin\u0101tu jaunie\u0161u vajadz\u012bbas, \u0146emot v\u0113r\u0101 m\u016bsdienu tehnolo\u0123ijas un glob\u0101l\u0101s izgl\u012bt\u012bbas tendences.<\/span><\/i><\/p>\n<p class=\"MsoNormal\" style=\"text-align: center\" align=\"center\"><i><span style=\"font-size: 8.5pt;font-family: Verdana, 'sans-serif';color: #000000\">Puzle ir lieliska izklaide visai \u0123imenei. Klusie un omul\u012bgie vakari, kas pavad\u012bti ar \u0161o br\u012bni\u0161\u0137\u012bgo nodarbi, paliks atmi\u0146\u0101 uz ilgu laiku! <\/span><\/i><\/p>\n<p><strong>Funkcijas:<\/strong><\/p>\n<ul style=\"list-style-type: square\">\n<li style=\"margin: 0px;padding: 0px;font: inherit;border: 0px;color: #0a0a0a;background-color: #fefefe\">40 gabali\u0146u gr\u012bdas puzle<\/li>\n<li style=\"margin: 0px;padding: 0px;font: inherit;border: 0px;color: #0a0a0a;background-color: #fefefe\">Materi\u0101lu kvalit\u0101te un ekskluz\u012bvu druk\u0101\u0161anas pa\u0146\u0113mienu izmanto\u0161ana nodro\u0161ina skaistus, spilgtus un spilgtus sp\u0113les att\u0113lus.<\/li>\n<li style=\"margin: 0px;padding: 0px;font: inherit;border: 0px;color: #0a0a0a;background-color: #fefefe\">Deta\u013cas ir izgatavotas no bieza, augstas kvalit\u0101tes kartona.<\/li>\n<li style=\"margin: 0px;padding: 0px;font: inherit;border: 0px;color: #0a0a0a;background-color: #fefefe\">Gludas un graciozas deta\u013cu l\u012bnijas<\/li>\n<li style=\"margin: 0px;padding: 0px;font: inherit;border: 0px;color: #0a0a0a;background-color: #fefefe\">Perfekts deta\u013cu savienojums<\/li>\n<li style=\"margin: 0px;padding: 0px;font: inherit;border: 0px;color: #0a0a0a;background-color: #fefefe\">Stimul\u0113 roku un acu koordin\u0101ciju, atmi\u0146u, motoriku, izt\u0113li un rado\u0161umu.<\/li>\n<\/ul>\n<p><span style=\"color: #0a0a0a;background-color: #fefefe\">Dr\u012bzum\u0101 b\u016bs pieejams pla\u0161\u0101ks produkta apraksts.<\/span><\/p>\n<p><span style=\"color: #0a0a0a;background-color: #fefefe\">Lai ieg\u016btu vair\u0101k inform\u0101cijas par produktu, zvaniet pa lap\u0101 nor\u0101d\u012bto t\u0101lru\u0146a numuru.<\/span><\/p>\n","protected":false},"excerpt":{"rendered":"<p>Produkta veids: puzle<\/p>\n<p>Z\u012bmola nosaukums: Clementoni<\/p>\n<p>Izcelsmes valsts: It\u0101lija<\/p>\n<p>Puzzle izm\u0113ri: 70 x 100 cm<\/p>\n<p>Gabali\u0146u skaits: 40<\/p>\n<p>Ieteicamais vecums: no 3 gadiem.<\/p>\n","protected":false},"featured_media":38485,"comment_status":"open","ping_status":"closed","template":"","meta":[],"product_brand":[384],"product_cat":[1155,1161],"product_tag":[],"class_list":{"0":"post-41480","1":"product","2":"type-product","3":"status-publish","4":"has-post-thumbnail","6":"product_brand-clementoni-2","7":"product_cat-leti","8":"product_cat-puzles-mazajiem","9":"pa_dali-skaicius-40-lv","10":"pa_prekes-zenklas-clementoni-lv","11":"pa_tema-citi","13":"first","14":"instock","15":"taxable","16":"shipping-taxable","17":"purchasable","18":"product-type-simple"},"yoast_head":"<!-- This site is optimized with the Yoast SEO plugin v26.3 - https:\/\/yoast.com\/wordpress\/plugins\/seo\/ -->\n<title>Clementoni Supercolor gr\u012bdas puzle &quot;Topo Gigio&quot; 40 gab. - Toys.lt<\/title>\n<meta name=\"robots\" content=\"index, follow, max-snippet:-1, max-image-preview:large, max-video-preview:-1\" \/>\n<link rel=\"canonical\" href=\"https:\/\/toys.lt\/lv\/produktas\/clementoni-supercolor-gridas-puzle-topo-gigio-40-gab\/\" \/>\n<meta property=\"og:locale\" content=\"lv_LV\" \/>\n<meta property=\"og:type\" content=\"article\" \/>\n<meta property=\"og:title\" content=\"Clementoni Supercolor gr\u012bdas puzle &quot;Topo Gigio&quot; 40 gab. - Toys.lt\" \/>\n<meta property=\"og:description\" content=\"Produkta veids: puzle Z\u012bmola nosaukums: Clementoni Izcelsmes valsts: It\u0101lija Puzzle izm\u0113ri: 70 x 100 cm Gabali\u0146u skaits: 40 Ieteicamais vecums: no 3 gadiem.\" \/>\n<meta property=\"og:url\" content=\"https:\/\/toys.lt\/lv\/produktas\/clementoni-supercolor-gridas-puzle-topo-gigio-40-gab\/\" \/>\n<meta property=\"og:site_name\" content=\"Toys.lt\" \/>\n<meta property=\"article:modified_time\" content=\"2026-04-08T00:03:24+00:00\" \/>\n<meta property=\"og:image\" content=\"https:\/\/toys.lt\/wp-content\/uploads\/2022\/11\/products-3257.jpg\" \/>\n\t<meta property=\"og:image:width\" content=\"500\" \/>\n\t<meta property=\"og:image:height\" content=\"382\" \/>\n\t<meta property=\"og:image:type\" content=\"image\/jpeg\" \/>\n<meta name=\"twitter:card\" content=\"summary_large_image\" \/>\n<meta name=\"twitter:label1\" content=\"Est. reading time\" \/>\n\t<meta name=\"twitter:data1\" content=\"1 minute\" \/>\n<script type=\"application\/ld+json\" class=\"yoast-schema-graph\">{\"@context\":\"https:\/\/schema.org\",\"@graph\":[{\"@type\":\"WebPage\",\"@id\":\"https:\/\/toys.lt\/lv\/produktas\/clementoni-supercolor-gridas-puzle-topo-gigio-40-gab\/\",\"url\":\"https:\/\/toys.lt\/lv\/produktas\/clementoni-supercolor-gridas-puzle-topo-gigio-40-gab\/\",\"name\":\"Clementoni Supercolor gr\u012bdas puzle \\\"Topo Gigio\\\" 40 gab. - Toys.lt\",\"isPartOf\":{\"@id\":\"https:\/\/toys.lt\/lv\/#website\"},\"primaryImageOfPage\":{\"@id\":\"https:\/\/toys.lt\/lv\/produktas\/clementoni-supercolor-gridas-puzle-topo-gigio-40-gab\/#primaryimage\"},\"image\":{\"@id\":\"https:\/\/toys.lt\/lv\/produktas\/clementoni-supercolor-gridas-puzle-topo-gigio-40-gab\/#primaryimage\"},\"thumbnailUrl\":\"https:\/\/toys.lt\/wp-content\/uploads\/2022\/11\/products-3257.jpg\",\"datePublished\":\"2022-11-22T01:06:41+00:00\",\"dateModified\":\"2026-04-08T00:03:24+00:00\",\"breadcrumb\":{\"@id\":\"https:\/\/toys.lt\/lv\/produktas\/clementoni-supercolor-gridas-puzle-topo-gigio-40-gab\/#breadcrumb\"},\"inLanguage\":\"lv-LV\",\"potentialAction\":[{\"@type\":\"ReadAction\",\"target\":[\"https:\/\/toys.lt\/lv\/produktas\/clementoni-supercolor-gridas-puzle-topo-gigio-40-gab\/\"]}]},{\"@type\":\"ImageObject\",\"inLanguage\":\"lv-LV\",\"@id\":\"https:\/\/toys.lt\/lv\/produktas\/clementoni-supercolor-gridas-puzle-topo-gigio-40-gab\/#primaryimage\",\"url\":\"https:\/\/toys.lt\/wp-content\/uploads\/2022\/11\/products-3257.jpg\",\"contentUrl\":\"https:\/\/toys.lt\/wp-content\/uploads\/2022\/11\/products-3257.jpg\",\"width\":500,\"height\":382,\"caption\":\"Clementoni Supercolor Floor d\u0117lion\u0117 &#8220;Topo Gigio&#8221; 40 pcs\"},{\"@type\":\"BreadcrumbList\",\"@id\":\"https:\/\/toys.lt\/lv\/produktas\/clementoni-supercolor-gridas-puzle-topo-gigio-40-gab\/#breadcrumb\",\"itemListElement\":[{\"@type\":\"ListItem\",\"position\":1,\"name\":\"Home\",\"item\":\"https:\/\/toys.lt\/lv\/\"},{\"@type\":\"ListItem\",\"position\":2,\"name\":\"Veikals\",\"item\":\"https:\/\/toys.lt\/lv\/shop\/\"},{\"@type\":\"ListItem\",\"position\":3,\"name\":\"Clementoni Supercolor gr\u012bdas puzle &#8222;Topo Gigio&#8221; 40 gab.\"}]},{\"@type\":\"WebSite\",\"@id\":\"https:\/\/toys.lt\/lv\/#website\",\"url\":\"https:\/\/toys.lt\/lv\/\",\"name\":\"Toys.lt\",\"description\":\"\",\"potentialAction\":[{\"@type\":\"SearchAction\",\"target\":{\"@type\":\"EntryPoint\",\"urlTemplate\":\"https:\/\/toys.lt\/lv\/?s={search_term_string}\"},\"query-input\":{\"@type\":\"PropertyValueSpecification\",\"valueRequired\":true,\"valueName\":\"search_term_string\"}}],\"inLanguage\":\"lv-LV\"}]}<\/script>\n<!-- \/ Yoast SEO plugin. -->","yoast_head_json":{"title":"Clementoni Supercolor gr\u012bdas puzle \"Topo Gigio\" 40 gab. - Toys.lt","robots":{"index":"index","follow":"follow","max-snippet":"max-snippet:-1","max-image-preview":"max-image-preview:large","max-video-preview":"max-video-preview:-1"},"canonical":"https:\/\/toys.lt\/lv\/produktas\/clementoni-supercolor-gridas-puzle-topo-gigio-40-gab\/","og_locale":"lv_LV","og_type":"article","og_title":"Clementoni Supercolor gr\u012bdas puzle \"Topo Gigio\" 40 gab. - Toys.lt","og_description":"Produkta veids: puzle Z\u012bmola nosaukums: Clementoni Izcelsmes valsts: It\u0101lija Puzzle izm\u0113ri: 70 x 100 cm Gabali\u0146u skaits: 40 Ieteicamais vecums: no 3 gadiem.","og_url":"https:\/\/toys.lt\/lv\/produktas\/clementoni-supercolor-gridas-puzle-topo-gigio-40-gab\/","og_site_name":"Toys.lt","article_modified_time":"2026-04-08T00:03:24+00:00","og_image":[{"width":500,"height":382,"url":"https:\/\/toys.lt\/wp-content\/uploads\/2022\/11\/products-3257.jpg","type":"image\/jpeg"}],"twitter_card":"summary_large_image","twitter_misc":{"Est. reading time":"1 minute"},"schema":{"@context":"https:\/\/schema.org","@graph":[{"@type":"WebPage","@id":"https:\/\/toys.lt\/lv\/produktas\/clementoni-supercolor-gridas-puzle-topo-gigio-40-gab\/","url":"https:\/\/toys.lt\/lv\/produktas\/clementoni-supercolor-gridas-puzle-topo-gigio-40-gab\/","name":"Clementoni Supercolor gr\u012bdas puzle \"Topo Gigio\" 40 gab. - Toys.lt","isPartOf":{"@id":"https:\/\/toys.lt\/lv\/#website"},"primaryImageOfPage":{"@id":"https:\/\/toys.lt\/lv\/produktas\/clementoni-supercolor-gridas-puzle-topo-gigio-40-gab\/#primaryimage"},"image":{"@id":"https:\/\/toys.lt\/lv\/produktas\/clementoni-supercolor-gridas-puzle-topo-gigio-40-gab\/#primaryimage"},"thumbnailUrl":"https:\/\/toys.lt\/wp-content\/uploads\/2022\/11\/products-3257.jpg","datePublished":"2022-11-22T01:06:41+00:00","dateModified":"2026-04-08T00:03:24+00:00","breadcrumb":{"@id":"https:\/\/toys.lt\/lv\/produktas\/clementoni-supercolor-gridas-puzle-topo-gigio-40-gab\/#breadcrumb"},"inLanguage":"lv-LV","potentialAction":[{"@type":"ReadAction","target":["https:\/\/toys.lt\/lv\/produktas\/clementoni-supercolor-gridas-puzle-topo-gigio-40-gab\/"]}]},{"@type":"ImageObject","inLanguage":"lv-LV","@id":"https:\/\/toys.lt\/lv\/produktas\/clementoni-supercolor-gridas-puzle-topo-gigio-40-gab\/#primaryimage","url":"https:\/\/toys.lt\/wp-content\/uploads\/2022\/11\/products-3257.jpg","contentUrl":"https:\/\/toys.lt\/wp-content\/uploads\/2022\/11\/products-3257.jpg","width":500,"height":382,"caption":"Clementoni Supercolor Floor d\u0117lion\u0117 &#8220;Topo Gigio&#8221; 40 pcs"},{"@type":"BreadcrumbList","@id":"https:\/\/toys.lt\/lv\/produktas\/clementoni-supercolor-gridas-puzle-topo-gigio-40-gab\/#breadcrumb","itemListElement":[{"@type":"ListItem","position":1,"name":"Home","item":"https:\/\/toys.lt\/lv\/"},{"@type":"ListItem","position":2,"name":"Veikals","item":"https:\/\/toys.lt\/lv\/shop\/"},{"@type":"ListItem","position":3,"name":"Clementoni Supercolor gr\u012bdas puzle &#8222;Topo Gigio&#8221; 40 gab."}]},{"@type":"WebSite","@id":"https:\/\/toys.lt\/lv\/#website","url":"https:\/\/toys.lt\/lv\/","name":"Toys.lt","description":"","potentialAction":[{"@type":"SearchAction","target":{"@type":"EntryPoint","urlTemplate":"https:\/\/toys.lt\/lv\/?s={search_term_string}"},"query-input":{"@type":"PropertyValueSpecification","valueRequired":true,"valueName":"search_term_string"}}],"inLanguage":"lv-LV"}]}},"_links":{"self":[{"href":"https:\/\/toys.lt\/lv\/wp-json\/wp\/v2\/product\/41480","targetHints":{"allow":["GET"]}}],"collection":[{"href":"https:\/\/toys.lt\/lv\/wp-json\/wp\/v2\/product"}],"about":[{"href":"https:\/\/toys.lt\/lv\/wp-json\/wp\/v2\/types\/product"}],"replies":[{"embeddable":true,"href":"https:\/\/toys.lt\/lv\/wp-json\/wp\/v2\/comments?post=41480"}],"version-history":[{"count":2,"href":"https:\/\/toys.lt\/lv\/wp-json\/wp\/v2\/product\/41480\/revisions"}],"predecessor-version":[{"id":46056,"href":"https:\/\/toys.lt\/lv\/wp-json\/wp\/v2\/product\/41480\/revisions\/46056"}],"wp:featuredmedia":[{"embeddable":true,"href":"https:\/\/toys.lt\/lv\/wp-json\/wp\/v2\/media\/38485"}],"wp:attachment":[{"href":"https:\/\/toys.lt\/lv\/wp-json\/wp\/v2\/media?parent=41480"}],"wp:term":[{"taxonomy":"product_brand","embeddable":true,"href":"https:\/\/toys.lt\/lv\/wp-json\/wp\/v2\/product_brand?post=41480"},{"taxonomy":"product_cat","embeddable":true,"href":"https:\/\/toys.lt\/lv\/wp-json\/wp\/v2\/product_cat?post=41480"},{"taxonomy":"product_tag","embeddable":true,"href":"https:\/\/toys.lt\/lv\/wp-json\/wp\/v2\/product_tag?post=41480"}],"curies":[{"name":"wp","href":"https:\/\/api.w.org\/{rel}","templated":true}]}}