{"id":41446,"date":"2023-02-20T16:34:44","date_gmt":"2023-02-20T16:34:44","guid":{"rendered":"https:\/\/toys.lt\/produktas\/technok-sedoss-motocikls-8\/"},"modified":"2026-04-08T00:03:14","modified_gmt":"2026-04-08T00:03:14","slug":"technok-sedoss-motocikls-8","status":"publish","type":"product","link":"https:\/\/toys.lt\/lv\/produktas\/technok-sedoss-motocikls-8\/","title":{"rendered":"TechnoK s\u0113do\u0161s motocikls"},"content":{"rendered":"<p><strong>Funkcijas:<\/strong><\/p>\n<ul style=\"list-style-type: square;\">\n<li>Motociklam ir ori\u0123in\u0101ls sportisks dizains<\/li>\n<li>Pla\u0161i motocikla rite\u0146i ar ieliktni \u0113rtai brauk\u0161anai gan \u0101r\u0101, gan m\u0101j\u0101s<\/li>\n<li>B\u0113rniem b\u016bs jautri ar to braukt patst\u0101v\u012bgi, k\u0101j\u0101m no zemes.<\/li>\n<li>Apr\u0113\u0137ina optim\u0101lo st\u016bres platumu, lai b\u0113rni var\u0113tu prasm\u012bgi vad\u012bt motociklu.<\/li>\n<li>Rokturi izgatavoti no m\u012bksta un elast\u012bga materi\u0101la<\/li>\n<li>Ja b\u0113rns nogurst, vec\u0101kiem ir viegli p\u0101rn\u0113s\u0101t motociklu, izmantojot \u012bpa\u0161o rokturi uz motocikla.<\/li>\n<\/ul>\n","protected":false},"excerpt":{"rendered":"<p>Produkta veids: p\u0101rvieto\u0161an\u0101s pal\u012bgl\u012bdzeklis<\/p>\n<p>Izcelsmes valsts: Ukraina<\/p>\n<p>Iepakojuma izm\u0113ri: 74 x 45 x 53 cm<\/p>\n<p>Produkta izm\u0113ri: 71,5 x 51 x 30,5 cm<\/p>\n<p>Svars: 2,690 kg<\/p>\n<p>Produkta materi\u0101ls: plastmasa<\/p>\n<p>Ieteicamais vecums: no 2 gadiem.<\/p>\n","protected":false},"featured_media":38622,"comment_status":"open","ping_status":"closed","template":"","meta":[],"product_brand":[],"product_cat":[1155,1166],"product_tag":[],"class_list":{"0":"post-41446","1":"product","2":"type-product","3":"status-publish","4":"has-post-thumbnail","6":"product_cat-leti","7":"product_cat-skuteri-tricikli-motocikli-kvadracikli","8":"pa_amziaus-grupe-2-lv","9":"pa_prek-s-tipas-motocikli","11":"first","12":"outofstock","13":"taxable","14":"shipping-taxable","15":"purchasable","16":"product-type-simple"},"yoast_head":"<!-- This site is optimized with the Yoast SEO plugin v26.3 - https:\/\/yoast.com\/wordpress\/plugins\/seo\/ -->\n<title>TechnoK s\u0113do\u0161s motocikls - Toys.lt<\/title>\n<meta name=\"robots\" content=\"index, follow, max-snippet:-1, max-image-preview:large, max-video-preview:-1\" \/>\n<link rel=\"canonical\" href=\"https:\/\/toys.lt\/lv\/produktas\/technok-sedoss-motocikls-8\/\" \/>\n<meta property=\"og:locale\" content=\"lv_LV\" \/>\n<meta property=\"og:type\" content=\"article\" \/>\n<meta property=\"og:title\" content=\"TechnoK s\u0113do\u0161s motocikls - Toys.lt\" \/>\n<meta property=\"og:description\" content=\"Produkta veids: p\u0101rvieto\u0161an\u0101s pal\u012bgl\u012bdzeklis Izcelsmes valsts: Ukraina Iepakojuma izm\u0113ri: 74 x 45 x 53 cm Produkta izm\u0113ri: 71,5 x 51 x 30,5 cm Svars: 2,690 kg Produkta materi\u0101ls: plastmasa Ieteicamais vecums: no 2 gadiem.\" \/>\n<meta property=\"og:url\" content=\"https:\/\/toys.lt\/lv\/produktas\/technok-sedoss-motocikls-8\/\" \/>\n<meta property=\"og:site_name\" content=\"Toys.lt\" \/>\n<meta property=\"article:modified_time\" content=\"2026-04-08T00:03:14+00:00\" \/>\n<meta property=\"og:image\" content=\"https:\/\/toys.lt\/wp-content\/uploads\/2023\/02\/products-3529.jpg\" \/>\n\t<meta property=\"og:image:width\" content=\"1200\" \/>\n\t<meta property=\"og:image:height\" content=\"800\" \/>\n\t<meta property=\"og:image:type\" content=\"image\/jpeg\" \/>\n<meta name=\"twitter:card\" content=\"summary_large_image\" \/>\n<script type=\"application\/ld+json\" class=\"yoast-schema-graph\">{\"@context\":\"https:\/\/schema.org\",\"@graph\":[{\"@type\":\"WebPage\",\"@id\":\"https:\/\/toys.lt\/lv\/produktas\/technok-sedoss-motocikls-8\/\",\"url\":\"https:\/\/toys.lt\/lv\/produktas\/technok-sedoss-motocikls-8\/\",\"name\":\"TechnoK s\u0113do\u0161s motocikls - Toys.lt\",\"isPartOf\":{\"@id\":\"https:\/\/toys.lt\/lv\/#website\"},\"primaryImageOfPage\":{\"@id\":\"https:\/\/toys.lt\/lv\/produktas\/technok-sedoss-motocikls-8\/#primaryimage\"},\"image\":{\"@id\":\"https:\/\/toys.lt\/lv\/produktas\/technok-sedoss-motocikls-8\/#primaryimage\"},\"thumbnailUrl\":\"https:\/\/toys.lt\/wp-content\/uploads\/2023\/02\/products-3529.jpg\",\"datePublished\":\"2023-02-20T16:34:44+00:00\",\"dateModified\":\"2026-04-08T00:03:14+00:00\",\"breadcrumb\":{\"@id\":\"https:\/\/toys.lt\/lv\/produktas\/technok-sedoss-motocikls-8\/#breadcrumb\"},\"inLanguage\":\"lv-LV\",\"potentialAction\":[{\"@type\":\"ReadAction\",\"target\":[\"https:\/\/toys.lt\/lv\/produktas\/technok-sedoss-motocikls-8\/\"]}]},{\"@type\":\"ImageObject\",\"inLanguage\":\"lv-LV\",\"@id\":\"https:\/\/toys.lt\/lv\/produktas\/technok-sedoss-motocikls-8\/#primaryimage\",\"url\":\"https:\/\/toys.lt\/wp-content\/uploads\/2023\/02\/products-3529.jpg\",\"contentUrl\":\"https:\/\/toys.lt\/wp-content\/uploads\/2023\/02\/products-3529.jpg\",\"width\":1200,\"height\":800,\"caption\":\"Motociklas &#8220;TechnoK&#8221;\"},{\"@type\":\"BreadcrumbList\",\"@id\":\"https:\/\/toys.lt\/lv\/produktas\/technok-sedoss-motocikls-8\/#breadcrumb\",\"itemListElement\":[{\"@type\":\"ListItem\",\"position\":1,\"name\":\"Home\",\"item\":\"https:\/\/toys.lt\/lv\/\"},{\"@type\":\"ListItem\",\"position\":2,\"name\":\"Veikals\",\"item\":\"https:\/\/toys.lt\/lv\/shop\/\"},{\"@type\":\"ListItem\",\"position\":3,\"name\":\"TechnoK s\u0113do\u0161s motocikls\"}]},{\"@type\":\"WebSite\",\"@id\":\"https:\/\/toys.lt\/lv\/#website\",\"url\":\"https:\/\/toys.lt\/lv\/\",\"name\":\"Toys.lt\",\"description\":\"\",\"potentialAction\":[{\"@type\":\"SearchAction\",\"target\":{\"@type\":\"EntryPoint\",\"urlTemplate\":\"https:\/\/toys.lt\/lv\/?s={search_term_string}\"},\"query-input\":{\"@type\":\"PropertyValueSpecification\",\"valueRequired\":true,\"valueName\":\"search_term_string\"}}],\"inLanguage\":\"lv-LV\"}]}<\/script>\n<!-- \/ Yoast SEO plugin. -->","yoast_head_json":{"title":"TechnoK s\u0113do\u0161s motocikls - Toys.lt","robots":{"index":"index","follow":"follow","max-snippet":"max-snippet:-1","max-image-preview":"max-image-preview:large","max-video-preview":"max-video-preview:-1"},"canonical":"https:\/\/toys.lt\/lv\/produktas\/technok-sedoss-motocikls-8\/","og_locale":"lv_LV","og_type":"article","og_title":"TechnoK s\u0113do\u0161s motocikls - Toys.lt","og_description":"Produkta veids: p\u0101rvieto\u0161an\u0101s pal\u012bgl\u012bdzeklis Izcelsmes valsts: Ukraina Iepakojuma izm\u0113ri: 74 x 45 x 53 cm Produkta izm\u0113ri: 71,5 x 51 x 30,5 cm Svars: 2,690 kg Produkta materi\u0101ls: plastmasa Ieteicamais vecums: no 2 gadiem.","og_url":"https:\/\/toys.lt\/lv\/produktas\/technok-sedoss-motocikls-8\/","og_site_name":"Toys.lt","article_modified_time":"2026-04-08T00:03:14+00:00","og_image":[{"width":1200,"height":800,"url":"https:\/\/toys.lt\/wp-content\/uploads\/2023\/02\/products-3529.jpg","type":"image\/jpeg"}],"twitter_card":"summary_large_image","schema":{"@context":"https:\/\/schema.org","@graph":[{"@type":"WebPage","@id":"https:\/\/toys.lt\/lv\/produktas\/technok-sedoss-motocikls-8\/","url":"https:\/\/toys.lt\/lv\/produktas\/technok-sedoss-motocikls-8\/","name":"TechnoK s\u0113do\u0161s motocikls - Toys.lt","isPartOf":{"@id":"https:\/\/toys.lt\/lv\/#website"},"primaryImageOfPage":{"@id":"https:\/\/toys.lt\/lv\/produktas\/technok-sedoss-motocikls-8\/#primaryimage"},"image":{"@id":"https:\/\/toys.lt\/lv\/produktas\/technok-sedoss-motocikls-8\/#primaryimage"},"thumbnailUrl":"https:\/\/toys.lt\/wp-content\/uploads\/2023\/02\/products-3529.jpg","datePublished":"2023-02-20T16:34:44+00:00","dateModified":"2026-04-08T00:03:14+00:00","breadcrumb":{"@id":"https:\/\/toys.lt\/lv\/produktas\/technok-sedoss-motocikls-8\/#breadcrumb"},"inLanguage":"lv-LV","potentialAction":[{"@type":"ReadAction","target":["https:\/\/toys.lt\/lv\/produktas\/technok-sedoss-motocikls-8\/"]}]},{"@type":"ImageObject","inLanguage":"lv-LV","@id":"https:\/\/toys.lt\/lv\/produktas\/technok-sedoss-motocikls-8\/#primaryimage","url":"https:\/\/toys.lt\/wp-content\/uploads\/2023\/02\/products-3529.jpg","contentUrl":"https:\/\/toys.lt\/wp-content\/uploads\/2023\/02\/products-3529.jpg","width":1200,"height":800,"caption":"Motociklas &#8220;TechnoK&#8221;"},{"@type":"BreadcrumbList","@id":"https:\/\/toys.lt\/lv\/produktas\/technok-sedoss-motocikls-8\/#breadcrumb","itemListElement":[{"@type":"ListItem","position":1,"name":"Home","item":"https:\/\/toys.lt\/lv\/"},{"@type":"ListItem","position":2,"name":"Veikals","item":"https:\/\/toys.lt\/lv\/shop\/"},{"@type":"ListItem","position":3,"name":"TechnoK s\u0113do\u0161s motocikls"}]},{"@type":"WebSite","@id":"https:\/\/toys.lt\/lv\/#website","url":"https:\/\/toys.lt\/lv\/","name":"Toys.lt","description":"","potentialAction":[{"@type":"SearchAction","target":{"@type":"EntryPoint","urlTemplate":"https:\/\/toys.lt\/lv\/?s={search_term_string}"},"query-input":{"@type":"PropertyValueSpecification","valueRequired":true,"valueName":"search_term_string"}}],"inLanguage":"lv-LV"}]}},"_links":{"self":[{"href":"https:\/\/toys.lt\/lv\/wp-json\/wp\/v2\/product\/41446","targetHints":{"allow":["GET"]}}],"collection":[{"href":"https:\/\/toys.lt\/lv\/wp-json\/wp\/v2\/product"}],"about":[{"href":"https:\/\/toys.lt\/lv\/wp-json\/wp\/v2\/types\/product"}],"replies":[{"embeddable":true,"href":"https:\/\/toys.lt\/lv\/wp-json\/wp\/v2\/comments?post=41446"}],"version-history":[{"count":1,"href":"https:\/\/toys.lt\/lv\/wp-json\/wp\/v2\/product\/41446\/revisions"}],"predecessor-version":[{"id":41447,"href":"https:\/\/toys.lt\/lv\/wp-json\/wp\/v2\/product\/41446\/revisions\/41447"}],"wp:featuredmedia":[{"embeddable":true,"href":"https:\/\/toys.lt\/lv\/wp-json\/wp\/v2\/media\/38622"}],"wp:attachment":[{"href":"https:\/\/toys.lt\/lv\/wp-json\/wp\/v2\/media?parent=41446"}],"wp:term":[{"taxonomy":"product_brand","embeddable":true,"href":"https:\/\/toys.lt\/lv\/wp-json\/wp\/v2\/product_brand?post=41446"},{"taxonomy":"product_cat","embeddable":true,"href":"https:\/\/toys.lt\/lv\/wp-json\/wp\/v2\/product_cat?post=41446"},{"taxonomy":"product_tag","embeddable":true,"href":"https:\/\/toys.lt\/lv\/wp-json\/wp\/v2\/product_tag?post=41446"}],"curies":[{"name":"wp","href":"https:\/\/api.w.org\/{rel}","templated":true}]}}