{"id":41441,"date":"2022-11-23T04:18:58","date_gmt":"2022-11-23T04:18:58","guid":{"rendered":"https:\/\/toys.lt\/produktas\/skrejritenu-masina-2\/"},"modified":"2026-03-30T00:25:08","modified_gmt":"2026-03-30T00:25:08","slug":"skrejritenu-masina-2","status":"publish","type":"product","link":"https:\/\/toys.lt\/lv\/produktas\/skrejritenu-masina-2\/","title":{"rendered":"Skrejrite\u0146u ma\u0161\u012bna"},"content":{"rendered":"<ul>\n<li>Iztur\u012bgs un augstas kvalit\u0101tes b\u0113rnu auto.<\/li>\n<li>Iztur\u012bga \u0161asija Ieb\u016bv\u0113ts ska\u0146as sign\u0101ls, m\u016bzika, gaismas.<\/li>\n<li>Ar \u0161o automa\u0161\u012bnu var braukt gan telp\u0101s, gan \u0101rpus t\u0101m.<\/li>\n<li>Automa\u0161\u012bnai ir visas nepiecie\u0161am\u0101s sast\u0101vda\u013cas, lai j\u016bsu mazulim b\u016btu dro\u0161a un pat\u012bkama brauk\u0161ana.<\/li>\n<li>Atzveltne<\/li>\n<li>S\u0113dek\u013ca apak\u0161\u0101 eso\u0161\u0101 uzglab\u0101\u0161anas vieta<\/li>\n<\/ul>\n","protected":false},"excerpt":{"rendered":"<p>Maksim\u0101li pie\u013caujam\u0101 slodze &#8211; 25 kg<\/p>\n<p>Ma\u0161\u012bnas izm\u0113ri &#8211; 65 x 38 x 24 cm<\/p>\n<p>Iepakojuma izm\u0113ri &#8211; 65 x 30 x 24 cm<\/p>\n<p>Ieteicamais vecums: no 3 gadiem<\/p>\n<p>Materi\u0101ls &#8211; plastmasa<\/p>\n<p>Izcelsmes valsts &#8211; \u0136\u012bna<\/p>\n<p>Ra\u017eot\u0101js &#8211; A+B<\/p>\n<p>Nepiecie\u0161amie elementi: 2xAA<\/p>\n<p>Maksim\u0101l\u0101 slodze: 25 kg<\/p>\n","protected":false},"featured_media":40365,"comment_status":"open","ping_status":"closed","template":"","meta":[],"product_brand":[],"product_cat":[1155,1169],"product_tag":[],"class_list":{"0":"post-41441","1":"product","2":"type-product","3":"status-publish","4":"has-post-thumbnail","6":"product_cat-leti","7":"product_cat-uzsezamas-un-pedalu-rotallietu-masinas-un-traktori","8":"pa_amziaus-grupe-3-lv","9":"pa_prek-s-spalva-azure","10":"pa_prek-s-spalva-roza","11":"pa_prek-s-spalva-sarkanais","12":"pa_prek-s-spalva-zilais","13":"pa_prek-s-tipas-parvietosanas-lidzekli","15":"first","16":"instock","17":"taxable","18":"shipping-taxable","19":"purchasable","20":"product-type-variable"},"yoast_head":"<!-- This site is optimized with the Yoast SEO plugin v26.3 - https:\/\/yoast.com\/wordpress\/plugins\/seo\/ -->\n<title>Skrejrite\u0146u ma\u0161\u012bna - Toys.lt<\/title>\n<meta name=\"robots\" content=\"index, follow, max-snippet:-1, max-image-preview:large, max-video-preview:-1\" \/>\n<link rel=\"canonical\" href=\"https:\/\/toys.lt\/lv\/produktas\/skrejritenu-masina-2\/\" \/>\n<meta property=\"og:locale\" content=\"lv_LV\" \/>\n<meta property=\"og:type\" content=\"article\" \/>\n<meta property=\"og:title\" content=\"Skrejrite\u0146u ma\u0161\u012bna - Toys.lt\" \/>\n<meta property=\"og:description\" content=\"Maksim\u0101li pie\u013caujam\u0101 slodze - 25 kg Ma\u0161\u012bnas izm\u0113ri - 65 x 38 x 24 cm Iepakojuma izm\u0113ri - 65 x 30 x 24 cm Ieteicamais vecums: no 3 gadiem Materi\u0101ls - plastmasa Izcelsmes valsts - \u0136\u012bna Ra\u017eot\u0101js - A+B Nepiecie\u0161amie elementi: 2xAA Maksim\u0101l\u0101 slodze: 25 kg\" \/>\n<meta property=\"og:url\" content=\"https:\/\/toys.lt\/lv\/produktas\/skrejritenu-masina-2\/\" \/>\n<meta property=\"og:site_name\" content=\"Toys.lt\" \/>\n<meta property=\"article:modified_time\" content=\"2026-03-30T00:25:08+00:00\" \/>\n<meta property=\"og:image\" content=\"https:\/\/toys.lt\/wp-content\/uploads\/2022\/11\/7628-paspiriama-masina-1.jpg\" \/>\n\t<meta property=\"og:image:width\" content=\"700\" \/>\n\t<meta property=\"og:image:height\" content=\"516\" \/>\n\t<meta property=\"og:image:type\" content=\"image\/jpeg\" \/>\n<meta name=\"twitter:card\" content=\"summary_large_image\" \/>\n<script type=\"application\/ld+json\" class=\"yoast-schema-graph\">{\"@context\":\"https:\/\/schema.org\",\"@graph\":[{\"@type\":\"WebPage\",\"@id\":\"https:\/\/toys.lt\/lv\/produktas\/skrejritenu-masina-2\/\",\"url\":\"https:\/\/toys.lt\/lv\/produktas\/skrejritenu-masina-2\/\",\"name\":\"Skrejrite\u0146u ma\u0161\u012bna - Toys.lt\",\"isPartOf\":{\"@id\":\"https:\/\/toys.lt\/lv\/#website\"},\"primaryImageOfPage\":{\"@id\":\"https:\/\/toys.lt\/lv\/produktas\/skrejritenu-masina-2\/#primaryimage\"},\"image\":{\"@id\":\"https:\/\/toys.lt\/lv\/produktas\/skrejritenu-masina-2\/#primaryimage\"},\"thumbnailUrl\":\"https:\/\/toys.lt\/wp-content\/uploads\/2022\/11\/7628-paspiriama-masina-1.jpg\",\"datePublished\":\"2022-11-23T04:18:58+00:00\",\"dateModified\":\"2026-03-30T00:25:08+00:00\",\"breadcrumb\":{\"@id\":\"https:\/\/toys.lt\/lv\/produktas\/skrejritenu-masina-2\/#breadcrumb\"},\"inLanguage\":\"lv-LV\",\"potentialAction\":[{\"@type\":\"ReadAction\",\"target\":[\"https:\/\/toys.lt\/lv\/produktas\/skrejritenu-masina-2\/\"]}]},{\"@type\":\"ImageObject\",\"inLanguage\":\"lv-LV\",\"@id\":\"https:\/\/toys.lt\/lv\/produktas\/skrejritenu-masina-2\/#primaryimage\",\"url\":\"https:\/\/toys.lt\/wp-content\/uploads\/2022\/11\/7628-paspiriama-masina-1.jpg\",\"contentUrl\":\"https:\/\/toys.lt\/wp-content\/uploads\/2022\/11\/7628-paspiriama-masina-1.jpg\",\"width\":700,\"height\":516,\"caption\":\"Paspiriama ma\u0161ina\"},{\"@type\":\"BreadcrumbList\",\"@id\":\"https:\/\/toys.lt\/lv\/produktas\/skrejritenu-masina-2\/#breadcrumb\",\"itemListElement\":[{\"@type\":\"ListItem\",\"position\":1,\"name\":\"Home\",\"item\":\"https:\/\/toys.lt\/lv\/\"},{\"@type\":\"ListItem\",\"position\":2,\"name\":\"Veikals\",\"item\":\"https:\/\/toys.lt\/lv\/shop\/\"},{\"@type\":\"ListItem\",\"position\":3,\"name\":\"Skrejrite\u0146u ma\u0161\u012bna\"}]},{\"@type\":\"WebSite\",\"@id\":\"https:\/\/toys.lt\/lv\/#website\",\"url\":\"https:\/\/toys.lt\/lv\/\",\"name\":\"Toys.lt\",\"description\":\"\",\"potentialAction\":[{\"@type\":\"SearchAction\",\"target\":{\"@type\":\"EntryPoint\",\"urlTemplate\":\"https:\/\/toys.lt\/lv\/?s={search_term_string}\"},\"query-input\":{\"@type\":\"PropertyValueSpecification\",\"valueRequired\":true,\"valueName\":\"search_term_string\"}}],\"inLanguage\":\"lv-LV\"}]}<\/script>\n<!-- \/ Yoast SEO plugin. -->","yoast_head_json":{"title":"Skrejrite\u0146u ma\u0161\u012bna - Toys.lt","robots":{"index":"index","follow":"follow","max-snippet":"max-snippet:-1","max-image-preview":"max-image-preview:large","max-video-preview":"max-video-preview:-1"},"canonical":"https:\/\/toys.lt\/lv\/produktas\/skrejritenu-masina-2\/","og_locale":"lv_LV","og_type":"article","og_title":"Skrejrite\u0146u ma\u0161\u012bna - Toys.lt","og_description":"Maksim\u0101li pie\u013caujam\u0101 slodze - 25 kg Ma\u0161\u012bnas izm\u0113ri - 65 x 38 x 24 cm Iepakojuma izm\u0113ri - 65 x 30 x 24 cm Ieteicamais vecums: no 3 gadiem Materi\u0101ls - plastmasa Izcelsmes valsts - \u0136\u012bna Ra\u017eot\u0101js - A+B Nepiecie\u0161amie elementi: 2xAA Maksim\u0101l\u0101 slodze: 25 kg","og_url":"https:\/\/toys.lt\/lv\/produktas\/skrejritenu-masina-2\/","og_site_name":"Toys.lt","article_modified_time":"2026-03-30T00:25:08+00:00","og_image":[{"width":700,"height":516,"url":"https:\/\/toys.lt\/wp-content\/uploads\/2022\/11\/7628-paspiriama-masina-1.jpg","type":"image\/jpeg"}],"twitter_card":"summary_large_image","schema":{"@context":"https:\/\/schema.org","@graph":[{"@type":"WebPage","@id":"https:\/\/toys.lt\/lv\/produktas\/skrejritenu-masina-2\/","url":"https:\/\/toys.lt\/lv\/produktas\/skrejritenu-masina-2\/","name":"Skrejrite\u0146u ma\u0161\u012bna - Toys.lt","isPartOf":{"@id":"https:\/\/toys.lt\/lv\/#website"},"primaryImageOfPage":{"@id":"https:\/\/toys.lt\/lv\/produktas\/skrejritenu-masina-2\/#primaryimage"},"image":{"@id":"https:\/\/toys.lt\/lv\/produktas\/skrejritenu-masina-2\/#primaryimage"},"thumbnailUrl":"https:\/\/toys.lt\/wp-content\/uploads\/2022\/11\/7628-paspiriama-masina-1.jpg","datePublished":"2022-11-23T04:18:58+00:00","dateModified":"2026-03-30T00:25:08+00:00","breadcrumb":{"@id":"https:\/\/toys.lt\/lv\/produktas\/skrejritenu-masina-2\/#breadcrumb"},"inLanguage":"lv-LV","potentialAction":[{"@type":"ReadAction","target":["https:\/\/toys.lt\/lv\/produktas\/skrejritenu-masina-2\/"]}]},{"@type":"ImageObject","inLanguage":"lv-LV","@id":"https:\/\/toys.lt\/lv\/produktas\/skrejritenu-masina-2\/#primaryimage","url":"https:\/\/toys.lt\/wp-content\/uploads\/2022\/11\/7628-paspiriama-masina-1.jpg","contentUrl":"https:\/\/toys.lt\/wp-content\/uploads\/2022\/11\/7628-paspiriama-masina-1.jpg","width":700,"height":516,"caption":"Paspiriama ma\u0161ina"},{"@type":"BreadcrumbList","@id":"https:\/\/toys.lt\/lv\/produktas\/skrejritenu-masina-2\/#breadcrumb","itemListElement":[{"@type":"ListItem","position":1,"name":"Home","item":"https:\/\/toys.lt\/lv\/"},{"@type":"ListItem","position":2,"name":"Veikals","item":"https:\/\/toys.lt\/lv\/shop\/"},{"@type":"ListItem","position":3,"name":"Skrejrite\u0146u ma\u0161\u012bna"}]},{"@type":"WebSite","@id":"https:\/\/toys.lt\/lv\/#website","url":"https:\/\/toys.lt\/lv\/","name":"Toys.lt","description":"","potentialAction":[{"@type":"SearchAction","target":{"@type":"EntryPoint","urlTemplate":"https:\/\/toys.lt\/lv\/?s={search_term_string}"},"query-input":{"@type":"PropertyValueSpecification","valueRequired":true,"valueName":"search_term_string"}}],"inLanguage":"lv-LV"}]}},"_links":{"self":[{"href":"https:\/\/toys.lt\/lv\/wp-json\/wp\/v2\/product\/41441","targetHints":{"allow":["GET"]}}],"collection":[{"href":"https:\/\/toys.lt\/lv\/wp-json\/wp\/v2\/product"}],"about":[{"href":"https:\/\/toys.lt\/lv\/wp-json\/wp\/v2\/types\/product"}],"replies":[{"embeddable":true,"href":"https:\/\/toys.lt\/lv\/wp-json\/wp\/v2\/comments?post=41441"}],"version-history":[{"count":1,"href":"https:\/\/toys.lt\/lv\/wp-json\/wp\/v2\/product\/41441\/revisions"}],"predecessor-version":[{"id":41443,"href":"https:\/\/toys.lt\/lv\/wp-json\/wp\/v2\/product\/41441\/revisions\/41443"}],"wp:featuredmedia":[{"embeddable":true,"href":"https:\/\/toys.lt\/lv\/wp-json\/wp\/v2\/media\/40365"}],"wp:attachment":[{"href":"https:\/\/toys.lt\/lv\/wp-json\/wp\/v2\/media?parent=41441"}],"wp:term":[{"taxonomy":"product_brand","embeddable":true,"href":"https:\/\/toys.lt\/lv\/wp-json\/wp\/v2\/product_brand?post=41441"},{"taxonomy":"product_cat","embeddable":true,"href":"https:\/\/toys.lt\/lv\/wp-json\/wp\/v2\/product_cat?post=41441"},{"taxonomy":"product_tag","embeddable":true,"href":"https:\/\/toys.lt\/lv\/wp-json\/wp\/v2\/product_tag?post=41441"}],"curies":[{"name":"wp","href":"https:\/\/api.w.org\/{rel}","templated":true}]}}