{"id":41422,"date":"2022-12-12T03:44:32","date_gmt":"2022-12-12T03:44:32","guid":{"rendered":"https:\/\/toys.lt\/produktas\/technok-konstruktoru-komplekts-1730-gab\/"},"modified":"2026-04-08T00:03:21","modified_gmt":"2026-04-08T00:03:21","slug":"technok-konstruktoru-komplekts-1730-gab","status":"publish","type":"product","link":"https:\/\/toys.lt\/lv\/produktas\/technok-konstruktoru-komplekts-1730-gab\/","title":{"rendered":"Technok konstruktoru komplekts (1730 gab.)"},"content":{"rendered":"<p>Klasisks 170 deta\u013cu <strong>konstruktors<\/strong>, kas pal\u012bdz b\u0113rnam att\u012bst\u012bt izt\u0113li un b\u016bv\u0113t da\u017e\u0101das konstrukcijas.<\/p>\n","protected":false},"excerpt":{"rendered":"<p>Produkta veids: konstruktors<\/p>\n<p>Izcelsmes valsts: Ukraina<\/p>\n<p>Gabalu skaits: 170<\/p>\n<p>Iepakojuma izm\u0113ri: 18 x 37 x 18 cm<\/p>\n<p>Ieteicamais vecums: no 3 gadiem.<\/p>\n","protected":false},"featured_media":38516,"comment_status":"open","ping_status":"closed","template":"","meta":[],"product_brand":[],"product_cat":[1158,1155],"product_tag":[],"class_list":{"0":"post-41422","1":"product","2":"type-product","3":"status-publish","4":"has-post-thumbnail","6":"product_cat-konstruktori","7":"product_cat-leti","8":"pa_amziaus-grupe-3-lv","9":"pa_prek-s-tipas-konstruktori-un-modulu-bloki","11":"first","12":"instock","13":"taxable","14":"shipping-taxable","15":"purchasable","16":"product-type-simple"},"yoast_head":"<!-- This site is optimized with the Yoast SEO plugin v26.3 - https:\/\/yoast.com\/wordpress\/plugins\/seo\/ -->\n<title>Technok konstruktoru komplekts (1730 gab.) - Toys.lt<\/title>\n<meta name=\"robots\" content=\"index, follow, max-snippet:-1, max-image-preview:large, max-video-preview:-1\" \/>\n<link rel=\"canonical\" href=\"https:\/\/toys.lt\/lv\/produktas\/technok-konstruktoru-komplekts-1730-gab\/\" \/>\n<meta property=\"og:locale\" content=\"lv_LV\" \/>\n<meta property=\"og:type\" content=\"article\" \/>\n<meta property=\"og:title\" content=\"Technok konstruktoru komplekts (1730 gab.) - Toys.lt\" \/>\n<meta property=\"og:description\" content=\"Produkta veids: konstruktors Izcelsmes valsts: Ukraina Gabalu skaits: 170 Iepakojuma izm\u0113ri: 18 x 37 x 18 cm Ieteicamais vecums: no 3 gadiem.\" \/>\n<meta property=\"og:url\" content=\"https:\/\/toys.lt\/lv\/produktas\/technok-konstruktoru-komplekts-1730-gab\/\" \/>\n<meta property=\"og:site_name\" content=\"Toys.lt\" \/>\n<meta property=\"article:modified_time\" content=\"2026-04-08T00:03:21+00:00\" \/>\n<meta property=\"og:image\" content=\"https:\/\/toys.lt\/wp-content\/uploads\/2022\/12\/products-3322.jpg\" \/>\n\t<meta property=\"og:image:width\" content=\"600\" \/>\n\t<meta property=\"og:image:height\" content=\"900\" \/>\n\t<meta property=\"og:image:type\" content=\"image\/jpeg\" \/>\n<meta name=\"twitter:card\" content=\"summary_large_image\" \/>\n<script type=\"application\/ld+json\" class=\"yoast-schema-graph\">{\"@context\":\"https:\/\/schema.org\",\"@graph\":[{\"@type\":\"WebPage\",\"@id\":\"https:\/\/toys.lt\/lv\/produktas\/technok-konstruktoru-komplekts-1730-gab\/\",\"url\":\"https:\/\/toys.lt\/lv\/produktas\/technok-konstruktoru-komplekts-1730-gab\/\",\"name\":\"Technok konstruktoru komplekts (1730 gab.) - Toys.lt\",\"isPartOf\":{\"@id\":\"https:\/\/toys.lt\/lv\/#website\"},\"primaryImageOfPage\":{\"@id\":\"https:\/\/toys.lt\/lv\/produktas\/technok-konstruktoru-komplekts-1730-gab\/#primaryimage\"},\"image\":{\"@id\":\"https:\/\/toys.lt\/lv\/produktas\/technok-konstruktoru-komplekts-1730-gab\/#primaryimage\"},\"thumbnailUrl\":\"https:\/\/toys.lt\/wp-content\/uploads\/2022\/12\/products-3322.jpg\",\"datePublished\":\"2022-12-12T03:44:32+00:00\",\"dateModified\":\"2026-04-08T00:03:21+00:00\",\"breadcrumb\":{\"@id\":\"https:\/\/toys.lt\/lv\/produktas\/technok-konstruktoru-komplekts-1730-gab\/#breadcrumb\"},\"inLanguage\":\"lv-LV\",\"potentialAction\":[{\"@type\":\"ReadAction\",\"target\":[\"https:\/\/toys.lt\/lv\/produktas\/technok-konstruktoru-komplekts-1730-gab\/\"]}]},{\"@type\":\"ImageObject\",\"inLanguage\":\"lv-LV\",\"@id\":\"https:\/\/toys.lt\/lv\/produktas\/technok-konstruktoru-komplekts-1730-gab\/#primaryimage\",\"url\":\"https:\/\/toys.lt\/wp-content\/uploads\/2022\/12\/products-3322.jpg\",\"contentUrl\":\"https:\/\/toys.lt\/wp-content\/uploads\/2022\/12\/products-3322.jpg\",\"width\":600,\"height\":900,\"caption\":\"Technok konstruktoriaus rinkinys (1730 dali\u0173)\"},{\"@type\":\"BreadcrumbList\",\"@id\":\"https:\/\/toys.lt\/lv\/produktas\/technok-konstruktoru-komplekts-1730-gab\/#breadcrumb\",\"itemListElement\":[{\"@type\":\"ListItem\",\"position\":1,\"name\":\"Home\",\"item\":\"https:\/\/toys.lt\/lv\/\"},{\"@type\":\"ListItem\",\"position\":2,\"name\":\"Veikals\",\"item\":\"https:\/\/toys.lt\/lv\/shop\/\"},{\"@type\":\"ListItem\",\"position\":3,\"name\":\"Technok konstruktoru komplekts (1730 gab.)\"}]},{\"@type\":\"WebSite\",\"@id\":\"https:\/\/toys.lt\/lv\/#website\",\"url\":\"https:\/\/toys.lt\/lv\/\",\"name\":\"Toys.lt\",\"description\":\"\",\"potentialAction\":[{\"@type\":\"SearchAction\",\"target\":{\"@type\":\"EntryPoint\",\"urlTemplate\":\"https:\/\/toys.lt\/lv\/?s={search_term_string}\"},\"query-input\":{\"@type\":\"PropertyValueSpecification\",\"valueRequired\":true,\"valueName\":\"search_term_string\"}}],\"inLanguage\":\"lv-LV\"}]}<\/script>\n<!-- \/ Yoast SEO plugin. -->","yoast_head_json":{"title":"Technok konstruktoru komplekts (1730 gab.) - Toys.lt","robots":{"index":"index","follow":"follow","max-snippet":"max-snippet:-1","max-image-preview":"max-image-preview:large","max-video-preview":"max-video-preview:-1"},"canonical":"https:\/\/toys.lt\/lv\/produktas\/technok-konstruktoru-komplekts-1730-gab\/","og_locale":"lv_LV","og_type":"article","og_title":"Technok konstruktoru komplekts (1730 gab.) - Toys.lt","og_description":"Produkta veids: konstruktors Izcelsmes valsts: Ukraina Gabalu skaits: 170 Iepakojuma izm\u0113ri: 18 x 37 x 18 cm Ieteicamais vecums: no 3 gadiem.","og_url":"https:\/\/toys.lt\/lv\/produktas\/technok-konstruktoru-komplekts-1730-gab\/","og_site_name":"Toys.lt","article_modified_time":"2026-04-08T00:03:21+00:00","og_image":[{"width":600,"height":900,"url":"https:\/\/toys.lt\/wp-content\/uploads\/2022\/12\/products-3322.jpg","type":"image\/jpeg"}],"twitter_card":"summary_large_image","schema":{"@context":"https:\/\/schema.org","@graph":[{"@type":"WebPage","@id":"https:\/\/toys.lt\/lv\/produktas\/technok-konstruktoru-komplekts-1730-gab\/","url":"https:\/\/toys.lt\/lv\/produktas\/technok-konstruktoru-komplekts-1730-gab\/","name":"Technok konstruktoru komplekts (1730 gab.) - Toys.lt","isPartOf":{"@id":"https:\/\/toys.lt\/lv\/#website"},"primaryImageOfPage":{"@id":"https:\/\/toys.lt\/lv\/produktas\/technok-konstruktoru-komplekts-1730-gab\/#primaryimage"},"image":{"@id":"https:\/\/toys.lt\/lv\/produktas\/technok-konstruktoru-komplekts-1730-gab\/#primaryimage"},"thumbnailUrl":"https:\/\/toys.lt\/wp-content\/uploads\/2022\/12\/products-3322.jpg","datePublished":"2022-12-12T03:44:32+00:00","dateModified":"2026-04-08T00:03:21+00:00","breadcrumb":{"@id":"https:\/\/toys.lt\/lv\/produktas\/technok-konstruktoru-komplekts-1730-gab\/#breadcrumb"},"inLanguage":"lv-LV","potentialAction":[{"@type":"ReadAction","target":["https:\/\/toys.lt\/lv\/produktas\/technok-konstruktoru-komplekts-1730-gab\/"]}]},{"@type":"ImageObject","inLanguage":"lv-LV","@id":"https:\/\/toys.lt\/lv\/produktas\/technok-konstruktoru-komplekts-1730-gab\/#primaryimage","url":"https:\/\/toys.lt\/wp-content\/uploads\/2022\/12\/products-3322.jpg","contentUrl":"https:\/\/toys.lt\/wp-content\/uploads\/2022\/12\/products-3322.jpg","width":600,"height":900,"caption":"Technok konstruktoriaus rinkinys (1730 dali\u0173)"},{"@type":"BreadcrumbList","@id":"https:\/\/toys.lt\/lv\/produktas\/technok-konstruktoru-komplekts-1730-gab\/#breadcrumb","itemListElement":[{"@type":"ListItem","position":1,"name":"Home","item":"https:\/\/toys.lt\/lv\/"},{"@type":"ListItem","position":2,"name":"Veikals","item":"https:\/\/toys.lt\/lv\/shop\/"},{"@type":"ListItem","position":3,"name":"Technok konstruktoru komplekts (1730 gab.)"}]},{"@type":"WebSite","@id":"https:\/\/toys.lt\/lv\/#website","url":"https:\/\/toys.lt\/lv\/","name":"Toys.lt","description":"","potentialAction":[{"@type":"SearchAction","target":{"@type":"EntryPoint","urlTemplate":"https:\/\/toys.lt\/lv\/?s={search_term_string}"},"query-input":{"@type":"PropertyValueSpecification","valueRequired":true,"valueName":"search_term_string"}}],"inLanguage":"lv-LV"}]}},"_links":{"self":[{"href":"https:\/\/toys.lt\/lv\/wp-json\/wp\/v2\/product\/41422","targetHints":{"allow":["GET"]}}],"collection":[{"href":"https:\/\/toys.lt\/lv\/wp-json\/wp\/v2\/product"}],"about":[{"href":"https:\/\/toys.lt\/lv\/wp-json\/wp\/v2\/types\/product"}],"replies":[{"embeddable":true,"href":"https:\/\/toys.lt\/lv\/wp-json\/wp\/v2\/comments?post=41422"}],"version-history":[{"count":1,"href":"https:\/\/toys.lt\/lv\/wp-json\/wp\/v2\/product\/41422\/revisions"}],"predecessor-version":[{"id":41423,"href":"https:\/\/toys.lt\/lv\/wp-json\/wp\/v2\/product\/41422\/revisions\/41423"}],"wp:featuredmedia":[{"embeddable":true,"href":"https:\/\/toys.lt\/lv\/wp-json\/wp\/v2\/media\/38516"}],"wp:attachment":[{"href":"https:\/\/toys.lt\/lv\/wp-json\/wp\/v2\/media?parent=41422"}],"wp:term":[{"taxonomy":"product_brand","embeddable":true,"href":"https:\/\/toys.lt\/lv\/wp-json\/wp\/v2\/product_brand?post=41422"},{"taxonomy":"product_cat","embeddable":true,"href":"https:\/\/toys.lt\/lv\/wp-json\/wp\/v2\/product_cat?post=41422"},{"taxonomy":"product_tag","embeddable":true,"href":"https:\/\/toys.lt\/lv\/wp-json\/wp\/v2\/product_tag?post=41422"}],"curies":[{"name":"wp","href":"https:\/\/api.w.org\/{rel}","templated":true}]}}