{"id":41420,"date":"2023-02-21T18:09:43","date_gmt":"2023-02-21T18:09:43","guid":{"rendered":"https:\/\/toys.lt\/produktas\/technok-konstruktoru-komplekts-90-gab\/"},"modified":"2026-04-08T00:03:12","modified_gmt":"2026-04-08T00:03:12","slug":"technok-konstruktoru-komplekts-90-gab","status":"publish","type":"product","link":"https:\/\/toys.lt\/lv\/produktas\/technok-konstruktoru-komplekts-90-gab\/","title":{"rendered":"Technok konstruktoru komplekts (90 gab.)"},"content":{"rendered":"<p>Klasisks 90 deta\u013cu <strong>konstruktors<\/strong>. Var b\u016bv\u0113t da\u017e\u0101da veida sac\u012bk\u0161u trases, gar\u0101\u017eas, autost\u0101vvietas utt. Komplekt\u0101 ietilpst 2 automa\u0161\u012bnas un lieto\u0161anas pam\u0101c\u012bba. <\/p>\n","protected":false},"excerpt":{"rendered":"<p>Produkta veids: konstruktors<\/p>\n<p>Izcelsmes valsts: Ukraina<\/p>\n<p>Gabalu skaits: 90<\/p>\n<p>Iepakojuma izm\u0113ri: 49 x 38 x 12 cm<\/p>\n<p>Ieteicamais vecums: no 2 gadiem.<\/p>\n","protected":false},"featured_media":38665,"comment_status":"open","ping_status":"closed","template":"","meta":[],"product_brand":[],"product_cat":[1158,1155],"product_tag":[],"class_list":{"0":"post-41420","1":"product","2":"type-product","3":"status-publish","4":"has-post-thumbnail","6":"product_cat-konstruktori","7":"product_cat-leti","8":"pa_amziaus-grupe-2-lv","9":"pa_prek-s-tipas-konstruktori-un-modulu-bloki","11":"first","12":"instock","13":"taxable","14":"shipping-taxable","15":"purchasable","16":"product-type-simple"},"yoast_head":"<!-- This site is optimized with the Yoast SEO plugin v26.3 - https:\/\/yoast.com\/wordpress\/plugins\/seo\/ -->\n<title>Technok konstruktoru komplekts (90 gab.) - Toys.lt<\/title>\n<meta name=\"robots\" content=\"index, follow, max-snippet:-1, max-image-preview:large, max-video-preview:-1\" \/>\n<link rel=\"canonical\" href=\"https:\/\/toys.lt\/lv\/produktas\/technok-konstruktoru-komplekts-90-gab\/\" \/>\n<meta property=\"og:locale\" content=\"lv_LV\" \/>\n<meta property=\"og:type\" content=\"article\" \/>\n<meta property=\"og:title\" content=\"Technok konstruktoru komplekts (90 gab.) - Toys.lt\" \/>\n<meta property=\"og:description\" content=\"Produkta veids: konstruktors Izcelsmes valsts: Ukraina Gabalu skaits: 90 Iepakojuma izm\u0113ri: 49 x 38 x 12 cm Ieteicamais vecums: no 2 gadiem.\" \/>\n<meta property=\"og:url\" content=\"https:\/\/toys.lt\/lv\/produktas\/technok-konstruktoru-komplekts-90-gab\/\" \/>\n<meta property=\"og:site_name\" content=\"Toys.lt\" \/>\n<meta property=\"article:modified_time\" content=\"2026-04-08T00:03:12+00:00\" \/>\n<meta property=\"og:image\" content=\"https:\/\/toys.lt\/wp-content\/uploads\/2023\/02\/products-3609.jpg\" \/>\n\t<meta property=\"og:image:width\" content=\"1200\" \/>\n\t<meta property=\"og:image:height\" content=\"800\" \/>\n\t<meta property=\"og:image:type\" content=\"image\/jpeg\" \/>\n<meta name=\"twitter:card\" content=\"summary_large_image\" \/>\n<script type=\"application\/ld+json\" class=\"yoast-schema-graph\">{\"@context\":\"https:\/\/schema.org\",\"@graph\":[{\"@type\":\"WebPage\",\"@id\":\"https:\/\/toys.lt\/lv\/produktas\/technok-konstruktoru-komplekts-90-gab\/\",\"url\":\"https:\/\/toys.lt\/lv\/produktas\/technok-konstruktoru-komplekts-90-gab\/\",\"name\":\"Technok konstruktoru komplekts (90 gab.) - Toys.lt\",\"isPartOf\":{\"@id\":\"https:\/\/toys.lt\/lv\/#website\"},\"primaryImageOfPage\":{\"@id\":\"https:\/\/toys.lt\/lv\/produktas\/technok-konstruktoru-komplekts-90-gab\/#primaryimage\"},\"image\":{\"@id\":\"https:\/\/toys.lt\/lv\/produktas\/technok-konstruktoru-komplekts-90-gab\/#primaryimage\"},\"thumbnailUrl\":\"https:\/\/toys.lt\/wp-content\/uploads\/2023\/02\/products-3609.jpg\",\"datePublished\":\"2023-02-21T18:09:43+00:00\",\"dateModified\":\"2026-04-08T00:03:12+00:00\",\"breadcrumb\":{\"@id\":\"https:\/\/toys.lt\/lv\/produktas\/technok-konstruktoru-komplekts-90-gab\/#breadcrumb\"},\"inLanguage\":\"lv-LV\",\"potentialAction\":[{\"@type\":\"ReadAction\",\"target\":[\"https:\/\/toys.lt\/lv\/produktas\/technok-konstruktoru-komplekts-90-gab\/\"]}]},{\"@type\":\"ImageObject\",\"inLanguage\":\"lv-LV\",\"@id\":\"https:\/\/toys.lt\/lv\/produktas\/technok-konstruktoru-komplekts-90-gab\/#primaryimage\",\"url\":\"https:\/\/toys.lt\/wp-content\/uploads\/2023\/02\/products-3609.jpg\",\"contentUrl\":\"https:\/\/toys.lt\/wp-content\/uploads\/2023\/02\/products-3609.jpg\",\"width\":1200,\"height\":800,\"caption\":\"Technok konstruktoriaus rinkinys (90 dali\u0173)\"},{\"@type\":\"BreadcrumbList\",\"@id\":\"https:\/\/toys.lt\/lv\/produktas\/technok-konstruktoru-komplekts-90-gab\/#breadcrumb\",\"itemListElement\":[{\"@type\":\"ListItem\",\"position\":1,\"name\":\"Home\",\"item\":\"https:\/\/toys.lt\/lv\/\"},{\"@type\":\"ListItem\",\"position\":2,\"name\":\"Veikals\",\"item\":\"https:\/\/toys.lt\/lv\/shop\/\"},{\"@type\":\"ListItem\",\"position\":3,\"name\":\"Technok konstruktoru komplekts (90 gab.)\"}]},{\"@type\":\"WebSite\",\"@id\":\"https:\/\/toys.lt\/lv\/#website\",\"url\":\"https:\/\/toys.lt\/lv\/\",\"name\":\"Toys.lt\",\"description\":\"\",\"potentialAction\":[{\"@type\":\"SearchAction\",\"target\":{\"@type\":\"EntryPoint\",\"urlTemplate\":\"https:\/\/toys.lt\/lv\/?s={search_term_string}\"},\"query-input\":{\"@type\":\"PropertyValueSpecification\",\"valueRequired\":true,\"valueName\":\"search_term_string\"}}],\"inLanguage\":\"lv-LV\"}]}<\/script>\n<!-- \/ Yoast SEO plugin. -->","yoast_head_json":{"title":"Technok konstruktoru komplekts (90 gab.) - Toys.lt","robots":{"index":"index","follow":"follow","max-snippet":"max-snippet:-1","max-image-preview":"max-image-preview:large","max-video-preview":"max-video-preview:-1"},"canonical":"https:\/\/toys.lt\/lv\/produktas\/technok-konstruktoru-komplekts-90-gab\/","og_locale":"lv_LV","og_type":"article","og_title":"Technok konstruktoru komplekts (90 gab.) - Toys.lt","og_description":"Produkta veids: konstruktors Izcelsmes valsts: Ukraina Gabalu skaits: 90 Iepakojuma izm\u0113ri: 49 x 38 x 12 cm Ieteicamais vecums: no 2 gadiem.","og_url":"https:\/\/toys.lt\/lv\/produktas\/technok-konstruktoru-komplekts-90-gab\/","og_site_name":"Toys.lt","article_modified_time":"2026-04-08T00:03:12+00:00","og_image":[{"width":1200,"height":800,"url":"https:\/\/toys.lt\/wp-content\/uploads\/2023\/02\/products-3609.jpg","type":"image\/jpeg"}],"twitter_card":"summary_large_image","schema":{"@context":"https:\/\/schema.org","@graph":[{"@type":"WebPage","@id":"https:\/\/toys.lt\/lv\/produktas\/technok-konstruktoru-komplekts-90-gab\/","url":"https:\/\/toys.lt\/lv\/produktas\/technok-konstruktoru-komplekts-90-gab\/","name":"Technok konstruktoru komplekts (90 gab.) - Toys.lt","isPartOf":{"@id":"https:\/\/toys.lt\/lv\/#website"},"primaryImageOfPage":{"@id":"https:\/\/toys.lt\/lv\/produktas\/technok-konstruktoru-komplekts-90-gab\/#primaryimage"},"image":{"@id":"https:\/\/toys.lt\/lv\/produktas\/technok-konstruktoru-komplekts-90-gab\/#primaryimage"},"thumbnailUrl":"https:\/\/toys.lt\/wp-content\/uploads\/2023\/02\/products-3609.jpg","datePublished":"2023-02-21T18:09:43+00:00","dateModified":"2026-04-08T00:03:12+00:00","breadcrumb":{"@id":"https:\/\/toys.lt\/lv\/produktas\/technok-konstruktoru-komplekts-90-gab\/#breadcrumb"},"inLanguage":"lv-LV","potentialAction":[{"@type":"ReadAction","target":["https:\/\/toys.lt\/lv\/produktas\/technok-konstruktoru-komplekts-90-gab\/"]}]},{"@type":"ImageObject","inLanguage":"lv-LV","@id":"https:\/\/toys.lt\/lv\/produktas\/technok-konstruktoru-komplekts-90-gab\/#primaryimage","url":"https:\/\/toys.lt\/wp-content\/uploads\/2023\/02\/products-3609.jpg","contentUrl":"https:\/\/toys.lt\/wp-content\/uploads\/2023\/02\/products-3609.jpg","width":1200,"height":800,"caption":"Technok konstruktoriaus rinkinys (90 dali\u0173)"},{"@type":"BreadcrumbList","@id":"https:\/\/toys.lt\/lv\/produktas\/technok-konstruktoru-komplekts-90-gab\/#breadcrumb","itemListElement":[{"@type":"ListItem","position":1,"name":"Home","item":"https:\/\/toys.lt\/lv\/"},{"@type":"ListItem","position":2,"name":"Veikals","item":"https:\/\/toys.lt\/lv\/shop\/"},{"@type":"ListItem","position":3,"name":"Technok konstruktoru komplekts (90 gab.)"}]},{"@type":"WebSite","@id":"https:\/\/toys.lt\/lv\/#website","url":"https:\/\/toys.lt\/lv\/","name":"Toys.lt","description":"","potentialAction":[{"@type":"SearchAction","target":{"@type":"EntryPoint","urlTemplate":"https:\/\/toys.lt\/lv\/?s={search_term_string}"},"query-input":{"@type":"PropertyValueSpecification","valueRequired":true,"valueName":"search_term_string"}}],"inLanguage":"lv-LV"}]}},"_links":{"self":[{"href":"https:\/\/toys.lt\/lv\/wp-json\/wp\/v2\/product\/41420","targetHints":{"allow":["GET"]}}],"collection":[{"href":"https:\/\/toys.lt\/lv\/wp-json\/wp\/v2\/product"}],"about":[{"href":"https:\/\/toys.lt\/lv\/wp-json\/wp\/v2\/types\/product"}],"replies":[{"embeddable":true,"href":"https:\/\/toys.lt\/lv\/wp-json\/wp\/v2\/comments?post=41420"}],"version-history":[{"count":1,"href":"https:\/\/toys.lt\/lv\/wp-json\/wp\/v2\/product\/41420\/revisions"}],"predecessor-version":[{"id":41421,"href":"https:\/\/toys.lt\/lv\/wp-json\/wp\/v2\/product\/41420\/revisions\/41421"}],"wp:featuredmedia":[{"embeddable":true,"href":"https:\/\/toys.lt\/lv\/wp-json\/wp\/v2\/media\/38665"}],"wp:attachment":[{"href":"https:\/\/toys.lt\/lv\/wp-json\/wp\/v2\/media?parent=41420"}],"wp:term":[{"taxonomy":"product_brand","embeddable":true,"href":"https:\/\/toys.lt\/lv\/wp-json\/wp\/v2\/product_brand?post=41420"},{"taxonomy":"product_cat","embeddable":true,"href":"https:\/\/toys.lt\/lv\/wp-json\/wp\/v2\/product_cat?post=41420"},{"taxonomy":"product_tag","embeddable":true,"href":"https:\/\/toys.lt\/lv\/wp-json\/wp\/v2\/product_tag?post=41420"}],"curies":[{"name":"wp","href":"https:\/\/api.w.org\/{rel}","templated":true}]}}