{"id":41382,"date":"2023-02-20T14:56:10","date_gmt":"2023-02-20T14:56:10","guid":{"rendered":"https:\/\/toys.lt\/produktas\/technok-bernu-gulamspilvens\/"},"modified":"2026-03-30T00:25:08","modified_gmt":"2026-03-30T00:25:08","slug":"technok-bernu-gulamspilvens","status":"publish","type":"product","link":"https:\/\/toys.lt\/lv\/produktas\/technok-bernu-gulamspilvens\/","title":{"rendered":"Technok b\u0113rnu gu\u013camspilvens"},"content":{"rendered":"<p><strong>Funkcijas:<\/strong><\/p>\n<ul style=\"list-style-type: square;\">\n<li>Robusta konstrukcija uz stabiliem balstiem<\/li>\n<li>Maksim\u0101lais svars 25 kg<\/li>\n<li>Nav asu st\u016bru<\/li>\n<li>Anatomisks s\u0113deklis<\/li>\n<li>Augsta atzveltne \u0113rtai s\u0113d\u0113\u0161anai<\/li>\n<li>Viegli mazg\u0101jams iek\u0161pus\u0113<\/li>\n<li style=\"margin: 0px; padding: 0px; font: inherit; border: 0px;\">\u0112rti un dro\u0161i<\/li>\n<\/ul>\n","protected":false},"excerpt":{"rendered":"<p>Produkta veids: b\u0113rnu podi\u0146\u0161<\/p>\n<p>Izcelsmes valsts: Ukraina<\/p>\n<p>Produkta materi\u0101ls: plastmasa<\/p>\n<p>Produkta izm\u0113ri: 35 x 36 x 32 cm<\/p>\n<p>Ieteicamais vecums: no 1,5 gadiem.<\/p>\n","protected":false},"featured_media":38598,"comment_status":"open","ping_status":"closed","template":"","meta":[],"product_brand":[],"product_cat":[1183],"product_tag":[],"class_list":{"0":"post-41382","1":"product","2":"type-product","3":"status-publish","4":"has-post-thumbnail","6":"product_cat-rotallietas-maziem-berniem","7":"pa_amziaus-grupe-1-lv","8":"pa_prek-s-spalva-dzeltenais","9":"pa_prek-s-spalva-zala","10":"pa_prek-s-spalva-zilais","12":"first","13":"outofstock","14":"taxable","15":"shipping-taxable","16":"product-type-variable"},"yoast_head":"<!-- This site is optimized with the Yoast SEO plugin v26.3 - https:\/\/yoast.com\/wordpress\/plugins\/seo\/ -->\n<title>Technok b\u0113rnu gu\u013camspilvens - Toys.lt<\/title>\n<meta name=\"robots\" content=\"index, follow, max-snippet:-1, max-image-preview:large, max-video-preview:-1\" \/>\n<link rel=\"canonical\" href=\"https:\/\/toys.lt\/lv\/produktas\/technok-bernu-gulamspilvens\/\" \/>\n<meta property=\"og:locale\" content=\"lv_LV\" \/>\n<meta property=\"og:type\" content=\"article\" \/>\n<meta property=\"og:title\" content=\"Technok b\u0113rnu gu\u013camspilvens - Toys.lt\" \/>\n<meta property=\"og:description\" content=\"Produkta veids: b\u0113rnu podi\u0146\u0161 Izcelsmes valsts: Ukraina Produkta materi\u0101ls: plastmasa Produkta izm\u0113ri: 35 x 36 x 32 cm Ieteicamais vecums: no 1,5 gadiem.\" \/>\n<meta property=\"og:url\" content=\"https:\/\/toys.lt\/lv\/produktas\/technok-bernu-gulamspilvens\/\" \/>\n<meta property=\"og:site_name\" content=\"Toys.lt\" \/>\n<meta property=\"article:modified_time\" content=\"2026-03-30T00:25:08+00:00\" \/>\n<meta property=\"og:image\" content=\"https:\/\/toys.lt\/wp-content\/uploads\/2023\/02\/products-3479.jpg\" \/>\n\t<meta property=\"og:image:width\" content=\"1200\" \/>\n\t<meta property=\"og:image:height\" content=\"800\" \/>\n\t<meta property=\"og:image:type\" content=\"image\/jpeg\" \/>\n<meta name=\"twitter:card\" content=\"summary_large_image\" \/>\n<script type=\"application\/ld+json\" class=\"yoast-schema-graph\">{\"@context\":\"https:\/\/schema.org\",\"@graph\":[{\"@type\":\"WebPage\",\"@id\":\"https:\/\/toys.lt\/lv\/produktas\/technok-bernu-gulamspilvens\/\",\"url\":\"https:\/\/toys.lt\/lv\/produktas\/technok-bernu-gulamspilvens\/\",\"name\":\"Technok b\u0113rnu gu\u013camspilvens - Toys.lt\",\"isPartOf\":{\"@id\":\"https:\/\/toys.lt\/lv\/#website\"},\"primaryImageOfPage\":{\"@id\":\"https:\/\/toys.lt\/lv\/produktas\/technok-bernu-gulamspilvens\/#primaryimage\"},\"image\":{\"@id\":\"https:\/\/toys.lt\/lv\/produktas\/technok-bernu-gulamspilvens\/#primaryimage\"},\"thumbnailUrl\":\"https:\/\/toys.lt\/wp-content\/uploads\/2023\/02\/products-3479.jpg\",\"datePublished\":\"2023-02-20T14:56:10+00:00\",\"dateModified\":\"2026-03-30T00:25:08+00:00\",\"breadcrumb\":{\"@id\":\"https:\/\/toys.lt\/lv\/produktas\/technok-bernu-gulamspilvens\/#breadcrumb\"},\"inLanguage\":\"lv-LV\",\"potentialAction\":[{\"@type\":\"ReadAction\",\"target\":[\"https:\/\/toys.lt\/lv\/produktas\/technok-bernu-gulamspilvens\/\"]}]},{\"@type\":\"ImageObject\",\"inLanguage\":\"lv-LV\",\"@id\":\"https:\/\/toys.lt\/lv\/produktas\/technok-bernu-gulamspilvens\/#primaryimage\",\"url\":\"https:\/\/toys.lt\/wp-content\/uploads\/2023\/02\/products-3479.jpg\",\"contentUrl\":\"https:\/\/toys.lt\/wp-content\/uploads\/2023\/02\/products-3479.jpg\",\"width\":1200,\"height\":800,\"caption\":\"Technok vaiki\u0161kas naktipuodis\"},{\"@type\":\"BreadcrumbList\",\"@id\":\"https:\/\/toys.lt\/lv\/produktas\/technok-bernu-gulamspilvens\/#breadcrumb\",\"itemListElement\":[{\"@type\":\"ListItem\",\"position\":1,\"name\":\"Home\",\"item\":\"https:\/\/toys.lt\/lv\/\"},{\"@type\":\"ListItem\",\"position\":2,\"name\":\"Veikals\",\"item\":\"https:\/\/toys.lt\/lv\/shop\/\"},{\"@type\":\"ListItem\",\"position\":3,\"name\":\"Technok b\u0113rnu gu\u013camspilvens\"}]},{\"@type\":\"WebSite\",\"@id\":\"https:\/\/toys.lt\/lv\/#website\",\"url\":\"https:\/\/toys.lt\/lv\/\",\"name\":\"Toys.lt\",\"description\":\"\",\"potentialAction\":[{\"@type\":\"SearchAction\",\"target\":{\"@type\":\"EntryPoint\",\"urlTemplate\":\"https:\/\/toys.lt\/lv\/?s={search_term_string}\"},\"query-input\":{\"@type\":\"PropertyValueSpecification\",\"valueRequired\":true,\"valueName\":\"search_term_string\"}}],\"inLanguage\":\"lv-LV\"}]}<\/script>\n<!-- \/ Yoast SEO plugin. -->","yoast_head_json":{"title":"Technok b\u0113rnu gu\u013camspilvens - Toys.lt","robots":{"index":"index","follow":"follow","max-snippet":"max-snippet:-1","max-image-preview":"max-image-preview:large","max-video-preview":"max-video-preview:-1"},"canonical":"https:\/\/toys.lt\/lv\/produktas\/technok-bernu-gulamspilvens\/","og_locale":"lv_LV","og_type":"article","og_title":"Technok b\u0113rnu gu\u013camspilvens - Toys.lt","og_description":"Produkta veids: b\u0113rnu podi\u0146\u0161 Izcelsmes valsts: Ukraina Produkta materi\u0101ls: plastmasa Produkta izm\u0113ri: 35 x 36 x 32 cm Ieteicamais vecums: no 1,5 gadiem.","og_url":"https:\/\/toys.lt\/lv\/produktas\/technok-bernu-gulamspilvens\/","og_site_name":"Toys.lt","article_modified_time":"2026-03-30T00:25:08+00:00","og_image":[{"width":1200,"height":800,"url":"https:\/\/toys.lt\/wp-content\/uploads\/2023\/02\/products-3479.jpg","type":"image\/jpeg"}],"twitter_card":"summary_large_image","schema":{"@context":"https:\/\/schema.org","@graph":[{"@type":"WebPage","@id":"https:\/\/toys.lt\/lv\/produktas\/technok-bernu-gulamspilvens\/","url":"https:\/\/toys.lt\/lv\/produktas\/technok-bernu-gulamspilvens\/","name":"Technok b\u0113rnu gu\u013camspilvens - Toys.lt","isPartOf":{"@id":"https:\/\/toys.lt\/lv\/#website"},"primaryImageOfPage":{"@id":"https:\/\/toys.lt\/lv\/produktas\/technok-bernu-gulamspilvens\/#primaryimage"},"image":{"@id":"https:\/\/toys.lt\/lv\/produktas\/technok-bernu-gulamspilvens\/#primaryimage"},"thumbnailUrl":"https:\/\/toys.lt\/wp-content\/uploads\/2023\/02\/products-3479.jpg","datePublished":"2023-02-20T14:56:10+00:00","dateModified":"2026-03-30T00:25:08+00:00","breadcrumb":{"@id":"https:\/\/toys.lt\/lv\/produktas\/technok-bernu-gulamspilvens\/#breadcrumb"},"inLanguage":"lv-LV","potentialAction":[{"@type":"ReadAction","target":["https:\/\/toys.lt\/lv\/produktas\/technok-bernu-gulamspilvens\/"]}]},{"@type":"ImageObject","inLanguage":"lv-LV","@id":"https:\/\/toys.lt\/lv\/produktas\/technok-bernu-gulamspilvens\/#primaryimage","url":"https:\/\/toys.lt\/wp-content\/uploads\/2023\/02\/products-3479.jpg","contentUrl":"https:\/\/toys.lt\/wp-content\/uploads\/2023\/02\/products-3479.jpg","width":1200,"height":800,"caption":"Technok vaiki\u0161kas naktipuodis"},{"@type":"BreadcrumbList","@id":"https:\/\/toys.lt\/lv\/produktas\/technok-bernu-gulamspilvens\/#breadcrumb","itemListElement":[{"@type":"ListItem","position":1,"name":"Home","item":"https:\/\/toys.lt\/lv\/"},{"@type":"ListItem","position":2,"name":"Veikals","item":"https:\/\/toys.lt\/lv\/shop\/"},{"@type":"ListItem","position":3,"name":"Technok b\u0113rnu gu\u013camspilvens"}]},{"@type":"WebSite","@id":"https:\/\/toys.lt\/lv\/#website","url":"https:\/\/toys.lt\/lv\/","name":"Toys.lt","description":"","potentialAction":[{"@type":"SearchAction","target":{"@type":"EntryPoint","urlTemplate":"https:\/\/toys.lt\/lv\/?s={search_term_string}"},"query-input":{"@type":"PropertyValueSpecification","valueRequired":true,"valueName":"search_term_string"}}],"inLanguage":"lv-LV"}]}},"_links":{"self":[{"href":"https:\/\/toys.lt\/lv\/wp-json\/wp\/v2\/product\/41382","targetHints":{"allow":["GET"]}}],"collection":[{"href":"https:\/\/toys.lt\/lv\/wp-json\/wp\/v2\/product"}],"about":[{"href":"https:\/\/toys.lt\/lv\/wp-json\/wp\/v2\/types\/product"}],"replies":[{"embeddable":true,"href":"https:\/\/toys.lt\/lv\/wp-json\/wp\/v2\/comments?post=41382"}],"version-history":[{"count":1,"href":"https:\/\/toys.lt\/lv\/wp-json\/wp\/v2\/product\/41382\/revisions"}],"predecessor-version":[{"id":41383,"href":"https:\/\/toys.lt\/lv\/wp-json\/wp\/v2\/product\/41382\/revisions\/41383"}],"wp:featuredmedia":[{"embeddable":true,"href":"https:\/\/toys.lt\/lv\/wp-json\/wp\/v2\/media\/38598"}],"wp:attachment":[{"href":"https:\/\/toys.lt\/lv\/wp-json\/wp\/v2\/media?parent=41382"}],"wp:term":[{"taxonomy":"product_brand","embeddable":true,"href":"https:\/\/toys.lt\/lv\/wp-json\/wp\/v2\/product_brand?post=41382"},{"taxonomy":"product_cat","embeddable":true,"href":"https:\/\/toys.lt\/lv\/wp-json\/wp\/v2\/product_cat?post=41382"},{"taxonomy":"product_tag","embeddable":true,"href":"https:\/\/toys.lt\/lv\/wp-json\/wp\/v2\/product_tag?post=41382"}],"curies":[{"name":"wp","href":"https:\/\/api.w.org\/{rel}","templated":true}]}}