{"id":41375,"date":"2023-02-21T17:39:25","date_gmt":"2023-02-21T17:39:25","guid":{"rendered":"https:\/\/toys.lt\/produktas\/technok-rotallietu-arsta-komplekts-ratini\/"},"modified":"2026-04-08T00:03:12","modified_gmt":"2026-04-08T00:03:12","slug":"technok-rotallietu-arsta-komplekts-ratini","status":"publish","type":"product","link":"https:\/\/toys.lt\/lv\/produktas\/technok-rotallietu-arsta-komplekts-ratini\/","title":{"rendered":"Technok rota\u013clietu \u0101rsta komplekts &#8211; rati\u0146i"},"content":{"rendered":"<p><strong>\u0100rsta rati\u0146i<\/strong>, lai \u0113rti uzglab\u0101tu un p\u0101rn\u0113s\u0101tu visus \u0101rstam nepiecie\u0161amos instrumentus.<\/p>\n","protected":false},"excerpt":{"rendered":"<p>Produkta veids: \u0101rsta komplekts<\/p>\n<p>Izcelsmes valsts: Ukraina<\/p>\n<p>Produkta izm\u0113ri: 54 x 37 x 37 cm<\/p>\n<p>Svars: 2,1 kg<\/p>\n<p>Produkta materi\u0101ls: plastmasa<\/p>\n<p>Ieteicamais vecums: no 3 gadiem.<\/p>\n","protected":false},"featured_media":38648,"comment_status":"open","ping_status":"closed","template":"","meta":[],"product_brand":[],"product_cat":[1180,1176,1151,1155],"product_tag":[],"class_list":{"0":"post-41375","1":"product","2":"type-product","3":"status-publish","4":"has-post-thumbnail","6":"product_cat-rotallietas-meitenem","7":"product_cat-rotallietas-zeniem","8":"product_cat-specializeti-rotallietu-darbariki","9":"product_cat-leti","10":"pa_amziaus-grupe-3-lv","12":"first","13":"instock","14":"sale","15":"taxable","16":"shipping-taxable","17":"purchasable","18":"product-type-simple"},"yoast_head":"<!-- This site is optimized with the Yoast SEO plugin v26.3 - https:\/\/yoast.com\/wordpress\/plugins\/seo\/ -->\n<title>Technok rota\u013clietu \u0101rsta komplekts - rati\u0146i - Toys.lt<\/title>\n<meta name=\"robots\" content=\"index, follow, max-snippet:-1, max-image-preview:large, max-video-preview:-1\" \/>\n<link rel=\"canonical\" href=\"https:\/\/toys.lt\/lv\/produktas\/technok-rotallietu-arsta-komplekts-ratini\/\" \/>\n<meta property=\"og:locale\" content=\"lv_LV\" \/>\n<meta property=\"og:type\" content=\"article\" \/>\n<meta property=\"og:title\" content=\"Technok rota\u013clietu \u0101rsta komplekts - rati\u0146i - Toys.lt\" \/>\n<meta property=\"og:description\" content=\"Produkta veids: \u0101rsta komplekts Izcelsmes valsts: Ukraina Produkta izm\u0113ri: 54 x 37 x 37 cm Svars: 2,1 kg Produkta materi\u0101ls: plastmasa Ieteicamais vecums: no 3 gadiem.\" \/>\n<meta property=\"og:url\" content=\"https:\/\/toys.lt\/lv\/produktas\/technok-rotallietu-arsta-komplekts-ratini\/\" \/>\n<meta property=\"og:site_name\" content=\"Toys.lt\" \/>\n<meta property=\"article:modified_time\" content=\"2026-04-08T00:03:12+00:00\" \/>\n<meta property=\"og:image\" content=\"https:\/\/toys.lt\/wp-content\/uploads\/2023\/02\/products-3580.jpg\" \/>\n\t<meta property=\"og:image:width\" content=\"1200\" \/>\n\t<meta property=\"og:image:height\" content=\"800\" \/>\n\t<meta property=\"og:image:type\" content=\"image\/jpeg\" \/>\n<meta name=\"twitter:card\" content=\"summary_large_image\" \/>\n<script type=\"application\/ld+json\" class=\"yoast-schema-graph\">{\"@context\":\"https:\/\/schema.org\",\"@graph\":[{\"@type\":\"WebPage\",\"@id\":\"https:\/\/toys.lt\/lv\/produktas\/technok-rotallietu-arsta-komplekts-ratini\/\",\"url\":\"https:\/\/toys.lt\/lv\/produktas\/technok-rotallietu-arsta-komplekts-ratini\/\",\"name\":\"Technok rota\u013clietu \u0101rsta komplekts - rati\u0146i - Toys.lt\",\"isPartOf\":{\"@id\":\"https:\/\/toys.lt\/lv\/#website\"},\"primaryImageOfPage\":{\"@id\":\"https:\/\/toys.lt\/lv\/produktas\/technok-rotallietu-arsta-komplekts-ratini\/#primaryimage\"},\"image\":{\"@id\":\"https:\/\/toys.lt\/lv\/produktas\/technok-rotallietu-arsta-komplekts-ratini\/#primaryimage\"},\"thumbnailUrl\":\"https:\/\/toys.lt\/wp-content\/uploads\/2023\/02\/products-3580.jpg\",\"datePublished\":\"2023-02-21T17:39:25+00:00\",\"dateModified\":\"2026-04-08T00:03:12+00:00\",\"breadcrumb\":{\"@id\":\"https:\/\/toys.lt\/lv\/produktas\/technok-rotallietu-arsta-komplekts-ratini\/#breadcrumb\"},\"inLanguage\":\"lv-LV\",\"potentialAction\":[{\"@type\":\"ReadAction\",\"target\":[\"https:\/\/toys.lt\/lv\/produktas\/technok-rotallietu-arsta-komplekts-ratini\/\"]}]},{\"@type\":\"ImageObject\",\"inLanguage\":\"lv-LV\",\"@id\":\"https:\/\/toys.lt\/lv\/produktas\/technok-rotallietu-arsta-komplekts-ratini\/#primaryimage\",\"url\":\"https:\/\/toys.lt\/wp-content\/uploads\/2023\/02\/products-3580.jpg\",\"contentUrl\":\"https:\/\/toys.lt\/wp-content\/uploads\/2023\/02\/products-3580.jpg\",\"width\":1200,\"height\":800,\"caption\":\"Technok \u017eaislinis daktaro rinkinys &#8211; ve\u017eim\u0117lis\"},{\"@type\":\"BreadcrumbList\",\"@id\":\"https:\/\/toys.lt\/lv\/produktas\/technok-rotallietu-arsta-komplekts-ratini\/#breadcrumb\",\"itemListElement\":[{\"@type\":\"ListItem\",\"position\":1,\"name\":\"Home\",\"item\":\"https:\/\/toys.lt\/lv\/\"},{\"@type\":\"ListItem\",\"position\":2,\"name\":\"Veikals\",\"item\":\"https:\/\/toys.lt\/lv\/shop\/\"},{\"@type\":\"ListItem\",\"position\":3,\"name\":\"Technok rota\u013clietu \u0101rsta komplekts &#8211; rati\u0146i\"}]},{\"@type\":\"WebSite\",\"@id\":\"https:\/\/toys.lt\/lv\/#website\",\"url\":\"https:\/\/toys.lt\/lv\/\",\"name\":\"Toys.lt\",\"description\":\"\",\"potentialAction\":[{\"@type\":\"SearchAction\",\"target\":{\"@type\":\"EntryPoint\",\"urlTemplate\":\"https:\/\/toys.lt\/lv\/?s={search_term_string}\"},\"query-input\":{\"@type\":\"PropertyValueSpecification\",\"valueRequired\":true,\"valueName\":\"search_term_string\"}}],\"inLanguage\":\"lv-LV\"}]}<\/script>\n<!-- \/ Yoast SEO plugin. -->","yoast_head_json":{"title":"Technok rota\u013clietu \u0101rsta komplekts - rati\u0146i - Toys.lt","robots":{"index":"index","follow":"follow","max-snippet":"max-snippet:-1","max-image-preview":"max-image-preview:large","max-video-preview":"max-video-preview:-1"},"canonical":"https:\/\/toys.lt\/lv\/produktas\/technok-rotallietu-arsta-komplekts-ratini\/","og_locale":"lv_LV","og_type":"article","og_title":"Technok rota\u013clietu \u0101rsta komplekts - rati\u0146i - Toys.lt","og_description":"Produkta veids: \u0101rsta komplekts Izcelsmes valsts: Ukraina Produkta izm\u0113ri: 54 x 37 x 37 cm Svars: 2,1 kg Produkta materi\u0101ls: plastmasa Ieteicamais vecums: no 3 gadiem.","og_url":"https:\/\/toys.lt\/lv\/produktas\/technok-rotallietu-arsta-komplekts-ratini\/","og_site_name":"Toys.lt","article_modified_time":"2026-04-08T00:03:12+00:00","og_image":[{"width":1200,"height":800,"url":"https:\/\/toys.lt\/wp-content\/uploads\/2023\/02\/products-3580.jpg","type":"image\/jpeg"}],"twitter_card":"summary_large_image","schema":{"@context":"https:\/\/schema.org","@graph":[{"@type":"WebPage","@id":"https:\/\/toys.lt\/lv\/produktas\/technok-rotallietu-arsta-komplekts-ratini\/","url":"https:\/\/toys.lt\/lv\/produktas\/technok-rotallietu-arsta-komplekts-ratini\/","name":"Technok rota\u013clietu \u0101rsta komplekts - rati\u0146i - Toys.lt","isPartOf":{"@id":"https:\/\/toys.lt\/lv\/#website"},"primaryImageOfPage":{"@id":"https:\/\/toys.lt\/lv\/produktas\/technok-rotallietu-arsta-komplekts-ratini\/#primaryimage"},"image":{"@id":"https:\/\/toys.lt\/lv\/produktas\/technok-rotallietu-arsta-komplekts-ratini\/#primaryimage"},"thumbnailUrl":"https:\/\/toys.lt\/wp-content\/uploads\/2023\/02\/products-3580.jpg","datePublished":"2023-02-21T17:39:25+00:00","dateModified":"2026-04-08T00:03:12+00:00","breadcrumb":{"@id":"https:\/\/toys.lt\/lv\/produktas\/technok-rotallietu-arsta-komplekts-ratini\/#breadcrumb"},"inLanguage":"lv-LV","potentialAction":[{"@type":"ReadAction","target":["https:\/\/toys.lt\/lv\/produktas\/technok-rotallietu-arsta-komplekts-ratini\/"]}]},{"@type":"ImageObject","inLanguage":"lv-LV","@id":"https:\/\/toys.lt\/lv\/produktas\/technok-rotallietu-arsta-komplekts-ratini\/#primaryimage","url":"https:\/\/toys.lt\/wp-content\/uploads\/2023\/02\/products-3580.jpg","contentUrl":"https:\/\/toys.lt\/wp-content\/uploads\/2023\/02\/products-3580.jpg","width":1200,"height":800,"caption":"Technok \u017eaislinis daktaro rinkinys &#8211; ve\u017eim\u0117lis"},{"@type":"BreadcrumbList","@id":"https:\/\/toys.lt\/lv\/produktas\/technok-rotallietu-arsta-komplekts-ratini\/#breadcrumb","itemListElement":[{"@type":"ListItem","position":1,"name":"Home","item":"https:\/\/toys.lt\/lv\/"},{"@type":"ListItem","position":2,"name":"Veikals","item":"https:\/\/toys.lt\/lv\/shop\/"},{"@type":"ListItem","position":3,"name":"Technok rota\u013clietu \u0101rsta komplekts &#8211; rati\u0146i"}]},{"@type":"WebSite","@id":"https:\/\/toys.lt\/lv\/#website","url":"https:\/\/toys.lt\/lv\/","name":"Toys.lt","description":"","potentialAction":[{"@type":"SearchAction","target":{"@type":"EntryPoint","urlTemplate":"https:\/\/toys.lt\/lv\/?s={search_term_string}"},"query-input":{"@type":"PropertyValueSpecification","valueRequired":true,"valueName":"search_term_string"}}],"inLanguage":"lv-LV"}]}},"_links":{"self":[{"href":"https:\/\/toys.lt\/lv\/wp-json\/wp\/v2\/product\/41375","targetHints":{"allow":["GET"]}}],"collection":[{"href":"https:\/\/toys.lt\/lv\/wp-json\/wp\/v2\/product"}],"about":[{"href":"https:\/\/toys.lt\/lv\/wp-json\/wp\/v2\/types\/product"}],"replies":[{"embeddable":true,"href":"https:\/\/toys.lt\/lv\/wp-json\/wp\/v2\/comments?post=41375"}],"version-history":[{"count":1,"href":"https:\/\/toys.lt\/lv\/wp-json\/wp\/v2\/product\/41375\/revisions"}],"predecessor-version":[{"id":41377,"href":"https:\/\/toys.lt\/lv\/wp-json\/wp\/v2\/product\/41375\/revisions\/41377"}],"wp:featuredmedia":[{"embeddable":true,"href":"https:\/\/toys.lt\/lv\/wp-json\/wp\/v2\/media\/38648"}],"wp:attachment":[{"href":"https:\/\/toys.lt\/lv\/wp-json\/wp\/v2\/media?parent=41375"}],"wp:term":[{"taxonomy":"product_brand","embeddable":true,"href":"https:\/\/toys.lt\/lv\/wp-json\/wp\/v2\/product_brand?post=41375"},{"taxonomy":"product_cat","embeddable":true,"href":"https:\/\/toys.lt\/lv\/wp-json\/wp\/v2\/product_cat?post=41375"},{"taxonomy":"product_tag","embeddable":true,"href":"https:\/\/toys.lt\/lv\/wp-json\/wp\/v2\/product_tag?post=41375"}],"curies":[{"name":"wp","href":"https:\/\/api.w.org\/{rel}","templated":true}]}}