{"id":41352,"date":"2023-02-21T18:15:48","date_gmt":"2023-02-21T18:15:48","guid":{"rendered":"https:\/\/toys.lt\/produktas\/technok-stumjamais-ratins\/"},"modified":"2026-04-08T00:03:11","modified_gmt":"2026-04-08T00:03:11","slug":"technok-stumjamais-ratins","status":"publish","type":"product","link":"https:\/\/toys.lt\/lv\/produktas\/technok-stumjamais-ratins\/","title":{"rendered":"&#8220;Technok&#8221; stumjamais rati\u0146\u0161"},"content":{"rendered":"<p>Viegls un \u0113rts <strong>b\u0113rnu rati\u0146i <\/strong>. Sf\u0113ra apak\u0161\u0101 ar bumbi\u0146u iek\u0161pus\u0113 izdos pat\u012bkamu ska\u0146u, kas piesaist\u012bs j\u016bsu mazu\u013ca uzman\u012bbu.<\/p>\n","protected":false},"excerpt":{"rendered":"<p>Izcelsmes valsts: Ukraina<\/p>\n<p>Izm\u0113ri: 63 x 18 x 13 cm<\/p>\n<p>Ieteicamais vecums: no 1,5 gadiem.<\/p>\n","protected":false},"featured_media":38671,"comment_status":"open","ping_status":"closed","template":"","meta":[],"product_brand":[],"product_cat":[1183,1406],"product_tag":[],"class_list":{"0":"post-41352","1":"product","2":"type-product","3":"status-publish","4":"has-post-thumbnail","6":"product_cat-rotallietas-maziem-berniem","7":"product_cat-letakais","8":"pa_amziaus-grupe-1-lv","10":"first","11":"instock","12":"taxable","13":"shipping-taxable","14":"purchasable","15":"product-type-simple"},"yoast_head":"<!-- This site is optimized with the Yoast SEO plugin v26.3 - https:\/\/yoast.com\/wordpress\/plugins\/seo\/ -->\n<title>&quot;Technok&quot; stumjamais rati\u0146\u0161 - Toys.lt<\/title>\n<meta name=\"robots\" content=\"index, follow, max-snippet:-1, max-image-preview:large, max-video-preview:-1\" \/>\n<link rel=\"canonical\" href=\"https:\/\/toys.lt\/lv\/produktas\/technok-stumjamais-ratins\/\" \/>\n<meta property=\"og:locale\" content=\"lv_LV\" \/>\n<meta property=\"og:type\" content=\"article\" \/>\n<meta property=\"og:title\" content=\"&quot;Technok&quot; stumjamais rati\u0146\u0161 - Toys.lt\" \/>\n<meta property=\"og:description\" content=\"Izcelsmes valsts: Ukraina Izm\u0113ri: 63 x 18 x 13 cm Ieteicamais vecums: no 1,5 gadiem.\" \/>\n<meta property=\"og:url\" content=\"https:\/\/toys.lt\/lv\/produktas\/technok-stumjamais-ratins\/\" \/>\n<meta property=\"og:site_name\" content=\"Toys.lt\" \/>\n<meta property=\"article:modified_time\" content=\"2026-04-08T00:03:11+00:00\" \/>\n<meta property=\"og:image\" content=\"https:\/\/toys.lt\/wp-content\/uploads\/2023\/02\/products-3615.jpg\" \/>\n\t<meta property=\"og:image:width\" content=\"1200\" \/>\n\t<meta property=\"og:image:height\" content=\"800\" \/>\n\t<meta property=\"og:image:type\" content=\"image\/jpeg\" \/>\n<meta name=\"twitter:card\" content=\"summary_large_image\" \/>\n<script type=\"application\/ld+json\" class=\"yoast-schema-graph\">{\"@context\":\"https:\/\/schema.org\",\"@graph\":[{\"@type\":\"WebPage\",\"@id\":\"https:\/\/toys.lt\/lv\/produktas\/technok-stumjamais-ratins\/\",\"url\":\"https:\/\/toys.lt\/lv\/produktas\/technok-stumjamais-ratins\/\",\"name\":\"\\\"Technok\\\" stumjamais rati\u0146\u0161 - Toys.lt\",\"isPartOf\":{\"@id\":\"https:\/\/toys.lt\/lv\/#website\"},\"primaryImageOfPage\":{\"@id\":\"https:\/\/toys.lt\/lv\/produktas\/technok-stumjamais-ratins\/#primaryimage\"},\"image\":{\"@id\":\"https:\/\/toys.lt\/lv\/produktas\/technok-stumjamais-ratins\/#primaryimage\"},\"thumbnailUrl\":\"https:\/\/toys.lt\/wp-content\/uploads\/2023\/02\/products-3615.jpg\",\"datePublished\":\"2023-02-21T18:15:48+00:00\",\"dateModified\":\"2026-04-08T00:03:11+00:00\",\"breadcrumb\":{\"@id\":\"https:\/\/toys.lt\/lv\/produktas\/technok-stumjamais-ratins\/#breadcrumb\"},\"inLanguage\":\"lv-LV\",\"potentialAction\":[{\"@type\":\"ReadAction\",\"target\":[\"https:\/\/toys.lt\/lv\/produktas\/technok-stumjamais-ratins\/\"]}]},{\"@type\":\"ImageObject\",\"inLanguage\":\"lv-LV\",\"@id\":\"https:\/\/toys.lt\/lv\/produktas\/technok-stumjamais-ratins\/#primaryimage\",\"url\":\"https:\/\/toys.lt\/wp-content\/uploads\/2023\/02\/products-3615.jpg\",\"contentUrl\":\"https:\/\/toys.lt\/wp-content\/uploads\/2023\/02\/products-3615.jpg\",\"width\":1200,\"height\":800,\"caption\":\"Stumdukas &#8220;Technok&#8221;\"},{\"@type\":\"BreadcrumbList\",\"@id\":\"https:\/\/toys.lt\/lv\/produktas\/technok-stumjamais-ratins\/#breadcrumb\",\"itemListElement\":[{\"@type\":\"ListItem\",\"position\":1,\"name\":\"Home\",\"item\":\"https:\/\/toys.lt\/lv\/\"},{\"@type\":\"ListItem\",\"position\":2,\"name\":\"Veikals\",\"item\":\"https:\/\/toys.lt\/lv\/shop\/\"},{\"@type\":\"ListItem\",\"position\":3,\"name\":\"&#8222;Technok&#8221; stumjamais rati\u0146\u0161\"}]},{\"@type\":\"WebSite\",\"@id\":\"https:\/\/toys.lt\/lv\/#website\",\"url\":\"https:\/\/toys.lt\/lv\/\",\"name\":\"Toys.lt\",\"description\":\"\",\"potentialAction\":[{\"@type\":\"SearchAction\",\"target\":{\"@type\":\"EntryPoint\",\"urlTemplate\":\"https:\/\/toys.lt\/lv\/?s={search_term_string}\"},\"query-input\":{\"@type\":\"PropertyValueSpecification\",\"valueRequired\":true,\"valueName\":\"search_term_string\"}}],\"inLanguage\":\"lv-LV\"}]}<\/script>\n<!-- \/ Yoast SEO plugin. -->","yoast_head_json":{"title":"\"Technok\" stumjamais rati\u0146\u0161 - Toys.lt","robots":{"index":"index","follow":"follow","max-snippet":"max-snippet:-1","max-image-preview":"max-image-preview:large","max-video-preview":"max-video-preview:-1"},"canonical":"https:\/\/toys.lt\/lv\/produktas\/technok-stumjamais-ratins\/","og_locale":"lv_LV","og_type":"article","og_title":"\"Technok\" stumjamais rati\u0146\u0161 - Toys.lt","og_description":"Izcelsmes valsts: Ukraina Izm\u0113ri: 63 x 18 x 13 cm Ieteicamais vecums: no 1,5 gadiem.","og_url":"https:\/\/toys.lt\/lv\/produktas\/technok-stumjamais-ratins\/","og_site_name":"Toys.lt","article_modified_time":"2026-04-08T00:03:11+00:00","og_image":[{"width":1200,"height":800,"url":"https:\/\/toys.lt\/wp-content\/uploads\/2023\/02\/products-3615.jpg","type":"image\/jpeg"}],"twitter_card":"summary_large_image","schema":{"@context":"https:\/\/schema.org","@graph":[{"@type":"WebPage","@id":"https:\/\/toys.lt\/lv\/produktas\/technok-stumjamais-ratins\/","url":"https:\/\/toys.lt\/lv\/produktas\/technok-stumjamais-ratins\/","name":"\"Technok\" stumjamais rati\u0146\u0161 - Toys.lt","isPartOf":{"@id":"https:\/\/toys.lt\/lv\/#website"},"primaryImageOfPage":{"@id":"https:\/\/toys.lt\/lv\/produktas\/technok-stumjamais-ratins\/#primaryimage"},"image":{"@id":"https:\/\/toys.lt\/lv\/produktas\/technok-stumjamais-ratins\/#primaryimage"},"thumbnailUrl":"https:\/\/toys.lt\/wp-content\/uploads\/2023\/02\/products-3615.jpg","datePublished":"2023-02-21T18:15:48+00:00","dateModified":"2026-04-08T00:03:11+00:00","breadcrumb":{"@id":"https:\/\/toys.lt\/lv\/produktas\/technok-stumjamais-ratins\/#breadcrumb"},"inLanguage":"lv-LV","potentialAction":[{"@type":"ReadAction","target":["https:\/\/toys.lt\/lv\/produktas\/technok-stumjamais-ratins\/"]}]},{"@type":"ImageObject","inLanguage":"lv-LV","@id":"https:\/\/toys.lt\/lv\/produktas\/technok-stumjamais-ratins\/#primaryimage","url":"https:\/\/toys.lt\/wp-content\/uploads\/2023\/02\/products-3615.jpg","contentUrl":"https:\/\/toys.lt\/wp-content\/uploads\/2023\/02\/products-3615.jpg","width":1200,"height":800,"caption":"Stumdukas &#8220;Technok&#8221;"},{"@type":"BreadcrumbList","@id":"https:\/\/toys.lt\/lv\/produktas\/technok-stumjamais-ratins\/#breadcrumb","itemListElement":[{"@type":"ListItem","position":1,"name":"Home","item":"https:\/\/toys.lt\/lv\/"},{"@type":"ListItem","position":2,"name":"Veikals","item":"https:\/\/toys.lt\/lv\/shop\/"},{"@type":"ListItem","position":3,"name":"&#8222;Technok&#8221; stumjamais rati\u0146\u0161"}]},{"@type":"WebSite","@id":"https:\/\/toys.lt\/lv\/#website","url":"https:\/\/toys.lt\/lv\/","name":"Toys.lt","description":"","potentialAction":[{"@type":"SearchAction","target":{"@type":"EntryPoint","urlTemplate":"https:\/\/toys.lt\/lv\/?s={search_term_string}"},"query-input":{"@type":"PropertyValueSpecification","valueRequired":true,"valueName":"search_term_string"}}],"inLanguage":"lv-LV"}]}},"_links":{"self":[{"href":"https:\/\/toys.lt\/lv\/wp-json\/wp\/v2\/product\/41352","targetHints":{"allow":["GET"]}}],"collection":[{"href":"https:\/\/toys.lt\/lv\/wp-json\/wp\/v2\/product"}],"about":[{"href":"https:\/\/toys.lt\/lv\/wp-json\/wp\/v2\/types\/product"}],"replies":[{"embeddable":true,"href":"https:\/\/toys.lt\/lv\/wp-json\/wp\/v2\/comments?post=41352"}],"version-history":[{"count":1,"href":"https:\/\/toys.lt\/lv\/wp-json\/wp\/v2\/product\/41352\/revisions"}],"predecessor-version":[{"id":41354,"href":"https:\/\/toys.lt\/lv\/wp-json\/wp\/v2\/product\/41352\/revisions\/41354"}],"wp:featuredmedia":[{"embeddable":true,"href":"https:\/\/toys.lt\/lv\/wp-json\/wp\/v2\/media\/38671"}],"wp:attachment":[{"href":"https:\/\/toys.lt\/lv\/wp-json\/wp\/v2\/media?parent=41352"}],"wp:term":[{"taxonomy":"product_brand","embeddable":true,"href":"https:\/\/toys.lt\/lv\/wp-json\/wp\/v2\/product_brand?post=41352"},{"taxonomy":"product_cat","embeddable":true,"href":"https:\/\/toys.lt\/lv\/wp-json\/wp\/v2\/product_cat?post=41352"},{"taxonomy":"product_tag","embeddable":true,"href":"https:\/\/toys.lt\/lv\/wp-json\/wp\/v2\/product_tag?post=41352"}],"curies":[{"name":"wp","href":"https:\/\/api.w.org\/{rel}","templated":true}]}}