{"id":41321,"date":"2023-04-19T05:09:03","date_gmt":"2023-04-19T05:09:03","guid":{"rendered":"https:\/\/toys.lt\/produktas\/clementoni-robotu-konstruktors-sumobot\/"},"modified":"2026-04-08T00:02:53","modified_gmt":"2026-04-08T00:02:53","slug":"clementoni-robotu-konstruktors-sumobot","status":"publish","type":"product","link":"https:\/\/toys.lt\/lv\/produktas\/clementoni-robotu-konstruktors-sumobot\/","title":{"rendered":"Clementoni robotu konstruktors &#8220;SumoBot&#8221;"},"content":{"rendered":"<p class=\"MsoNormal\" style=\"text-align: center\" align=\"center\"><i><span style=\"font-size: 8.5pt;font-family: Verdana, 'sans-serif';color: #000000\">Clementoni &#8211; dibin\u0101ts It\u0101lij\u0101 un veiksm\u012bgi darbojas jau vair\u0101k nek\u0101 50 gadus! Uz\u0146\u0113muma misija ir rad\u012bt sp\u0113les, kas pal\u012bdz b\u0113rniem augt.   <\/span><\/i><\/p>\n<p class=\"MsoNormal\" style=\"text-align: center\" align=\"center\"><i><span style=\"font-size: 8.5pt;font-family: Verdana, 'sans-serif';color: #000000\">Tas viss ir izstr\u0101d\u0101ts, lai apmierin\u0101tu jaunie\u0161u vajadz\u012bbas, \u0146emot v\u0113r\u0101 m\u016bsdienu tehnolo\u0123ijas un glob\u0101l\u0101s izgl\u012bt\u012bbas tendences.<\/span><\/i><\/p>\n<p><strong>Funkcijas:<\/strong><\/p>\n<ul style=\"list-style-type: square\">\n<li>Vabo\u013cu robots &#8211; viegli samont\u0113jams<\/li>\n<li>Rokturi kustas, robots var ripot un main\u012bt virzienu.<\/li>\n<li>Pateicoties zem t\u0101 eso\u0161ajam gumijas riten\u012btim, robots nosaka, kad zem t\u0101 nav virsmas, t\u0101p\u0113c tas nekad nenokr\u012bt no galda.<\/li>\n<\/ul>\n","protected":false},"excerpt":{"rendered":"<p>Produkta veids: interakt\u012bvs<\/p>\n<p>Z\u012bmola nosaukums: Clementoni<\/p>\n<p>Izcelsmes valsts: It\u0101lija<\/p>\n<p>Iepakojuma izm\u0113ri: 27,7 x 6,3 x 19 cm<\/p>\n<p>Ieteicamais vecums: no 8 gadiem<\/p>\n<p>Nepiecie\u0161amie elementi: 1xAA<\/p>\n","protected":false},"featured_media":39193,"comment_status":"open","ping_status":"closed","template":"","meta":[],"product_brand":[384],"product_cat":[1158,1155],"product_tag":[],"class_list":{"0":"post-41321","1":"product","2":"type-product","3":"status-publish","4":"has-post-thumbnail","6":"product_brand-clementoni-2","7":"product_cat-konstruktori","8":"product_cat-leti","9":"pa_amziaus-grupe-8-lv","10":"pa_prek-s-tipas-konstruktori-un-modulu-bloki","11":"pa_prekes-zenklas-clementoni-lv","13":"first","14":"instock","15":"taxable","16":"shipping-taxable","17":"purchasable","18":"product-type-simple"},"yoast_head":"<!-- This site is optimized with the Yoast SEO plugin v26.3 - https:\/\/yoast.com\/wordpress\/plugins\/seo\/ -->\n<title>Clementoni robotu konstruktors &quot;SumoBot&quot; - Toys.lt<\/title>\n<meta name=\"robots\" content=\"index, follow, max-snippet:-1, max-image-preview:large, max-video-preview:-1\" \/>\n<link rel=\"canonical\" href=\"https:\/\/toys.lt\/lv\/produktas\/clementoni-robotu-konstruktors-sumobot\/\" \/>\n<meta property=\"og:locale\" content=\"lv_LV\" \/>\n<meta property=\"og:type\" content=\"article\" \/>\n<meta property=\"og:title\" content=\"Clementoni robotu konstruktors &quot;SumoBot&quot; - Toys.lt\" \/>\n<meta property=\"og:description\" content=\"Produkta veids: interakt\u012bvs Z\u012bmola nosaukums: Clementoni Izcelsmes valsts: It\u0101lija Iepakojuma izm\u0113ri: 27,7 x 6,3 x 19 cm Ieteicamais vecums: no 8 gadiem Nepiecie\u0161amie elementi: 1xAA\" \/>\n<meta property=\"og:url\" content=\"https:\/\/toys.lt\/lv\/produktas\/clementoni-robotu-konstruktors-sumobot\/\" \/>\n<meta property=\"og:site_name\" content=\"Toys.lt\" \/>\n<meta property=\"article:modified_time\" content=\"2026-04-08T00:02:53+00:00\" \/>\n<meta property=\"og:image\" content=\"https:\/\/toys.lt\/wp-content\/uploads\/2023\/04\/products-4698-1300x800.jpg\" \/>\n\t<meta property=\"og:image:width\" content=\"1300\" \/>\n\t<meta property=\"og:image:height\" content=\"800\" \/>\n\t<meta property=\"og:image:type\" content=\"image\/jpeg\" \/>\n<meta name=\"twitter:card\" content=\"summary_large_image\" \/>\n<script type=\"application\/ld+json\" class=\"yoast-schema-graph\">{\"@context\":\"https:\/\/schema.org\",\"@graph\":[{\"@type\":\"WebPage\",\"@id\":\"https:\/\/toys.lt\/lv\/produktas\/clementoni-robotu-konstruktors-sumobot\/\",\"url\":\"https:\/\/toys.lt\/lv\/produktas\/clementoni-robotu-konstruktors-sumobot\/\",\"name\":\"Clementoni robotu konstruktors \\\"SumoBot\\\" - Toys.lt\",\"isPartOf\":{\"@id\":\"https:\/\/toys.lt\/lv\/#website\"},\"primaryImageOfPage\":{\"@id\":\"https:\/\/toys.lt\/lv\/produktas\/clementoni-robotu-konstruktors-sumobot\/#primaryimage\"},\"image\":{\"@id\":\"https:\/\/toys.lt\/lv\/produktas\/clementoni-robotu-konstruktors-sumobot\/#primaryimage\"},\"thumbnailUrl\":\"https:\/\/toys.lt\/wp-content\/uploads\/2023\/04\/products-4698.jpg\",\"datePublished\":\"2023-04-19T05:09:03+00:00\",\"dateModified\":\"2026-04-08T00:02:53+00:00\",\"breadcrumb\":{\"@id\":\"https:\/\/toys.lt\/lv\/produktas\/clementoni-robotu-konstruktors-sumobot\/#breadcrumb\"},\"inLanguage\":\"lv-LV\",\"potentialAction\":[{\"@type\":\"ReadAction\",\"target\":[\"https:\/\/toys.lt\/lv\/produktas\/clementoni-robotu-konstruktors-sumobot\/\"]}]},{\"@type\":\"ImageObject\",\"inLanguage\":\"lv-LV\",\"@id\":\"https:\/\/toys.lt\/lv\/produktas\/clementoni-robotu-konstruktors-sumobot\/#primaryimage\",\"url\":\"https:\/\/toys.lt\/wp-content\/uploads\/2023\/04\/products-4698.jpg\",\"contentUrl\":\"https:\/\/toys.lt\/wp-content\/uploads\/2023\/04\/products-4698.jpg\",\"width\":996,\"height\":715,\"caption\":\"Clementoni Robotas Konstruktorius &#8220;SumoBot&#8221;\"},{\"@type\":\"BreadcrumbList\",\"@id\":\"https:\/\/toys.lt\/lv\/produktas\/clementoni-robotu-konstruktors-sumobot\/#breadcrumb\",\"itemListElement\":[{\"@type\":\"ListItem\",\"position\":1,\"name\":\"Home\",\"item\":\"https:\/\/toys.lt\/lv\/\"},{\"@type\":\"ListItem\",\"position\":2,\"name\":\"Veikals\",\"item\":\"https:\/\/toys.lt\/lv\/shop\/\"},{\"@type\":\"ListItem\",\"position\":3,\"name\":\"Clementoni robotu konstruktors &#8220;SumoBot&#8221;\"}]},{\"@type\":\"WebSite\",\"@id\":\"https:\/\/toys.lt\/lv\/#website\",\"url\":\"https:\/\/toys.lt\/lv\/\",\"name\":\"Toys.lt\",\"description\":\"\",\"potentialAction\":[{\"@type\":\"SearchAction\",\"target\":{\"@type\":\"EntryPoint\",\"urlTemplate\":\"https:\/\/toys.lt\/lv\/?s={search_term_string}\"},\"query-input\":{\"@type\":\"PropertyValueSpecification\",\"valueRequired\":true,\"valueName\":\"search_term_string\"}}],\"inLanguage\":\"lv-LV\"}]}<\/script>\n<!-- \/ Yoast SEO plugin. -->","yoast_head_json":{"title":"Clementoni robotu konstruktors \"SumoBot\" - Toys.lt","robots":{"index":"index","follow":"follow","max-snippet":"max-snippet:-1","max-image-preview":"max-image-preview:large","max-video-preview":"max-video-preview:-1"},"canonical":"https:\/\/toys.lt\/lv\/produktas\/clementoni-robotu-konstruktors-sumobot\/","og_locale":"lv_LV","og_type":"article","og_title":"Clementoni robotu konstruktors \"SumoBot\" - Toys.lt","og_description":"Produkta veids: interakt\u012bvs Z\u012bmola nosaukums: Clementoni Izcelsmes valsts: It\u0101lija Iepakojuma izm\u0113ri: 27,7 x 6,3 x 19 cm Ieteicamais vecums: no 8 gadiem Nepiecie\u0161amie elementi: 1xAA","og_url":"https:\/\/toys.lt\/lv\/produktas\/clementoni-robotu-konstruktors-sumobot\/","og_site_name":"Toys.lt","article_modified_time":"2026-04-08T00:02:53+00:00","og_image":[{"width":1300,"height":800,"url":"https:\/\/toys.lt\/wp-content\/uploads\/2023\/04\/products-4698-1300x800.jpg","type":"image\/jpeg"}],"twitter_card":"summary_large_image","schema":{"@context":"https:\/\/schema.org","@graph":[{"@type":"WebPage","@id":"https:\/\/toys.lt\/lv\/produktas\/clementoni-robotu-konstruktors-sumobot\/","url":"https:\/\/toys.lt\/lv\/produktas\/clementoni-robotu-konstruktors-sumobot\/","name":"Clementoni robotu konstruktors \"SumoBot\" - Toys.lt","isPartOf":{"@id":"https:\/\/toys.lt\/lv\/#website"},"primaryImageOfPage":{"@id":"https:\/\/toys.lt\/lv\/produktas\/clementoni-robotu-konstruktors-sumobot\/#primaryimage"},"image":{"@id":"https:\/\/toys.lt\/lv\/produktas\/clementoni-robotu-konstruktors-sumobot\/#primaryimage"},"thumbnailUrl":"https:\/\/toys.lt\/wp-content\/uploads\/2023\/04\/products-4698.jpg","datePublished":"2023-04-19T05:09:03+00:00","dateModified":"2026-04-08T00:02:53+00:00","breadcrumb":{"@id":"https:\/\/toys.lt\/lv\/produktas\/clementoni-robotu-konstruktors-sumobot\/#breadcrumb"},"inLanguage":"lv-LV","potentialAction":[{"@type":"ReadAction","target":["https:\/\/toys.lt\/lv\/produktas\/clementoni-robotu-konstruktors-sumobot\/"]}]},{"@type":"ImageObject","inLanguage":"lv-LV","@id":"https:\/\/toys.lt\/lv\/produktas\/clementoni-robotu-konstruktors-sumobot\/#primaryimage","url":"https:\/\/toys.lt\/wp-content\/uploads\/2023\/04\/products-4698.jpg","contentUrl":"https:\/\/toys.lt\/wp-content\/uploads\/2023\/04\/products-4698.jpg","width":996,"height":715,"caption":"Clementoni Robotas Konstruktorius &#8220;SumoBot&#8221;"},{"@type":"BreadcrumbList","@id":"https:\/\/toys.lt\/lv\/produktas\/clementoni-robotu-konstruktors-sumobot\/#breadcrumb","itemListElement":[{"@type":"ListItem","position":1,"name":"Home","item":"https:\/\/toys.lt\/lv\/"},{"@type":"ListItem","position":2,"name":"Veikals","item":"https:\/\/toys.lt\/lv\/shop\/"},{"@type":"ListItem","position":3,"name":"Clementoni robotu konstruktors &#8220;SumoBot&#8221;"}]},{"@type":"WebSite","@id":"https:\/\/toys.lt\/lv\/#website","url":"https:\/\/toys.lt\/lv\/","name":"Toys.lt","description":"","potentialAction":[{"@type":"SearchAction","target":{"@type":"EntryPoint","urlTemplate":"https:\/\/toys.lt\/lv\/?s={search_term_string}"},"query-input":{"@type":"PropertyValueSpecification","valueRequired":true,"valueName":"search_term_string"}}],"inLanguage":"lv-LV"}]}},"_links":{"self":[{"href":"https:\/\/toys.lt\/lv\/wp-json\/wp\/v2\/product\/41321","targetHints":{"allow":["GET"]}}],"collection":[{"href":"https:\/\/toys.lt\/lv\/wp-json\/wp\/v2\/product"}],"about":[{"href":"https:\/\/toys.lt\/lv\/wp-json\/wp\/v2\/types\/product"}],"replies":[{"embeddable":true,"href":"https:\/\/toys.lt\/lv\/wp-json\/wp\/v2\/comments?post=41321"}],"version-history":[{"count":2,"href":"https:\/\/toys.lt\/lv\/wp-json\/wp\/v2\/product\/41321\/revisions"}],"predecessor-version":[{"id":45908,"href":"https:\/\/toys.lt\/lv\/wp-json\/wp\/v2\/product\/41321\/revisions\/45908"}],"wp:featuredmedia":[{"embeddable":true,"href":"https:\/\/toys.lt\/lv\/wp-json\/wp\/v2\/media\/39193"}],"wp:attachment":[{"href":"https:\/\/toys.lt\/lv\/wp-json\/wp\/v2\/media?parent=41321"}],"wp:term":[{"taxonomy":"product_brand","embeddable":true,"href":"https:\/\/toys.lt\/lv\/wp-json\/wp\/v2\/product_brand?post=41321"},{"taxonomy":"product_cat","embeddable":true,"href":"https:\/\/toys.lt\/lv\/wp-json\/wp\/v2\/product_cat?post=41321"},{"taxonomy":"product_tag","embeddable":true,"href":"https:\/\/toys.lt\/lv\/wp-json\/wp\/v2\/product_tag?post=41321"}],"curies":[{"name":"wp","href":"https:\/\/api.w.org\/{rel}","templated":true}]}}