{"id":41313,"date":"2023-05-05T15:13:23","date_gmt":"2023-05-05T15:13:23","guid":{"rendered":"https:\/\/toys.lt\/produktas\/trisritenu-skrejritenis-5in1-lidz-35-kg\/"},"modified":"2026-03-30T00:25:07","modified_gmt":"2026-03-30T00:25:07","slug":"trisritenu-skrejritenis-5in1-lidz-35-kg","status":"publish","type":"product","link":"https:\/\/toys.lt\/lv\/produktas\/trisritenu-skrejritenis-5in1-lidz-35-kg\/","title":{"rendered":"Tr\u012bsrite\u0146u skrejritenis 5in1 (l\u012bdz 35 kg)"},"content":{"rendered":"<p><strong>Funkcijas:<\/strong><\/p>\n<ul style=\"list-style-type: square;\">\n<li>Var izmantot k\u0101 pilnv\u0113rt\u012bgu skrejriteni &#8211; vienk\u0101r\u0161i no\u0146emiet s\u0113dekli.<\/li>\n<li>Pla\u0161s kl\u0101js un st\u016bres rats ar \u0113rtiem rokturiem, kas nodro\u0161ina komfortu un dro\u0161\u012bbu p\u0101rvieto\u0161an\u0101s laik\u0101.<\/li>\n<li>No\u0146emamais s\u0113deklis, t\u0101pat k\u0101 st\u016bre, ir regul\u0113jams p\u0113c augstuma, kas noz\u012bm\u0113, ka skrejriteni var piel\u0101got augo\u0161a b\u0113rna vajadz\u012bb\u0101m un tas var kalpot vair\u0101kus gadus.<\/li>\n<li>Tam ir ar\u012b \u0113rta soma, kas piestiprin\u0101ta pie st\u016bres un paredz\u0113ta da\u017e\u0101du s\u012bku priek\u0161metu glab\u0101\u0161anai.<\/li>\n<li>Modes izskats, vienk\u0101r\u0161a darb\u012bba<\/li>\n<\/ul>\n","protected":false},"excerpt":{"rendered":"<p>Produkta veids: p\u0101rvieto\u0161an\u0101s pal\u012bgl\u012bdzeklis<\/p>\n<p>Izcelsmes valsts: \u0136\u012bna<\/p>\n<p>Iepakojuma izm\u0113ri: 60 x 60 x 40 cm<\/p>\n<p>Regul\u0113jams un no\u0146emams s\u0113deklis: 24,5-27,5-29,5 cm<\/p>\n<p>S\u0113dek\u013ca izm\u0113rs: 36,6 x 14 cm<\/p>\n<p>Regul\u0113jams st\u016bres augstums: 64, 68, 74 cm<\/p>\n<p>Nesl\u012bdo\u0161a platforma, izm\u0113ri: 22 x 14 cm<\/p>\n<p>Aizmugur\u0113j\u0101 roktura augstums: 72 x 77 x 82 cm<\/p>\n<p>Svars: 4 kg<\/p>\n<p>Rite\u0146a materi\u0101ls: PU, 78&#8217;shore A<\/p>\n<p>Ieteicamais vecums: no 3 gadiem<\/p>\n","protected":false},"featured_media":39199,"comment_status":"open","ping_status":"closed","template":"","meta":[],"product_brand":[],"product_cat":[1155,1166],"product_tag":[],"class_list":{"0":"post-41313","1":"product","2":"type-product","3":"status-publish","4":"has-post-thumbnail","6":"product_cat-leti","7":"product_cat-skuteri-tricikli-motocikli-kvadracikli","8":"pa_amziaus-grupe-3-lv","9":"pa_prek-s-spalva-roza-lv","10":"pa_prek-s-spalva-zala","11":"pa_prek-s-spalva-zilais","12":"pa_prek-s-tipas-tricikli","14":"first","15":"instock","16":"taxable","17":"shipping-taxable","18":"purchasable","19":"product-type-variable"},"yoast_head":"<!-- This site is optimized with the Yoast SEO plugin v26.3 - https:\/\/yoast.com\/wordpress\/plugins\/seo\/ -->\n<title>Tr\u012bsrite\u0146u skrejritenis 5in1 (l\u012bdz 35 kg) - Toys.lt<\/title>\n<meta name=\"robots\" content=\"index, follow, max-snippet:-1, max-image-preview:large, max-video-preview:-1\" \/>\n<link rel=\"canonical\" href=\"https:\/\/toys.lt\/lv\/produktas\/trisritenu-skrejritenis-5in1-lidz-35-kg\/\" \/>\n<meta property=\"og:locale\" content=\"lv_LV\" \/>\n<meta property=\"og:type\" content=\"article\" \/>\n<meta property=\"og:title\" content=\"Tr\u012bsrite\u0146u skrejritenis 5in1 (l\u012bdz 35 kg) - Toys.lt\" \/>\n<meta property=\"og:description\" content=\"Produkta veids: p\u0101rvieto\u0161an\u0101s pal\u012bgl\u012bdzeklis Izcelsmes valsts: \u0136\u012bna Iepakojuma izm\u0113ri: 60 x 60 x 40 cm Regul\u0113jams un no\u0146emams s\u0113deklis: 24,5-27,5-29,5 cm S\u0113dek\u013ca izm\u0113rs: 36,6 x 14 cm Regul\u0113jams st\u016bres augstums: 64, 68, 74 cm Nesl\u012bdo\u0161a platforma, izm\u0113ri: 22 x 14 cm Aizmugur\u0113j\u0101 roktura augstums: 72 x 77 x 82 cm Svars: 4 kg Rite\u0146a materi\u0101ls: PU, 78&#039;shore A Ieteicamais vecums: no 3 gadiem\" \/>\n<meta property=\"og:url\" content=\"https:\/\/toys.lt\/lv\/produktas\/trisritenu-skrejritenis-5in1-lidz-35-kg\/\" \/>\n<meta property=\"og:site_name\" content=\"Toys.lt\" \/>\n<meta property=\"article:modified_time\" content=\"2026-03-30T00:25:07+00:00\" \/>\n<meta property=\"og:image\" content=\"https:\/\/toys.lt\/wp-content\/uploads\/2023\/05\/products-4702.jpg\" \/>\n\t<meta property=\"og:image:width\" content=\"558\" \/>\n\t<meta property=\"og:image:height\" content=\"524\" \/>\n\t<meta property=\"og:image:type\" content=\"image\/jpeg\" \/>\n<meta name=\"twitter:card\" content=\"summary_large_image\" \/>\n<meta name=\"twitter:label1\" content=\"Est. reading time\" \/>\n\t<meta name=\"twitter:data1\" content=\"1 minute\" \/>\n<script type=\"application\/ld+json\" class=\"yoast-schema-graph\">{\"@context\":\"https:\/\/schema.org\",\"@graph\":[{\"@type\":\"WebPage\",\"@id\":\"https:\/\/toys.lt\/lv\/produktas\/trisritenu-skrejritenis-5in1-lidz-35-kg\/\",\"url\":\"https:\/\/toys.lt\/lv\/produktas\/trisritenu-skrejritenis-5in1-lidz-35-kg\/\",\"name\":\"Tr\u012bsrite\u0146u skrejritenis 5in1 (l\u012bdz 35 kg) - Toys.lt\",\"isPartOf\":{\"@id\":\"https:\/\/toys.lt\/lv\/#website\"},\"primaryImageOfPage\":{\"@id\":\"https:\/\/toys.lt\/lv\/produktas\/trisritenu-skrejritenis-5in1-lidz-35-kg\/#primaryimage\"},\"image\":{\"@id\":\"https:\/\/toys.lt\/lv\/produktas\/trisritenu-skrejritenis-5in1-lidz-35-kg\/#primaryimage\"},\"thumbnailUrl\":\"https:\/\/toys.lt\/wp-content\/uploads\/2023\/05\/products-4702.jpg\",\"datePublished\":\"2023-05-05T15:13:23+00:00\",\"dateModified\":\"2026-03-30T00:25:07+00:00\",\"breadcrumb\":{\"@id\":\"https:\/\/toys.lt\/lv\/produktas\/trisritenu-skrejritenis-5in1-lidz-35-kg\/#breadcrumb\"},\"inLanguage\":\"lv-LV\",\"potentialAction\":[{\"@type\":\"ReadAction\",\"target\":[\"https:\/\/toys.lt\/lv\/produktas\/trisritenu-skrejritenis-5in1-lidz-35-kg\/\"]}]},{\"@type\":\"ImageObject\",\"inLanguage\":\"lv-LV\",\"@id\":\"https:\/\/toys.lt\/lv\/produktas\/trisritenu-skrejritenis-5in1-lidz-35-kg\/#primaryimage\",\"url\":\"https:\/\/toys.lt\/wp-content\/uploads\/2023\/05\/products-4702.jpg\",\"contentUrl\":\"https:\/\/toys.lt\/wp-content\/uploads\/2023\/05\/products-4702.jpg\",\"width\":558,\"height\":524,\"caption\":\"Trij\u0173 rat\u0173 paspirtukas 5in1 (iki 35 kg) &#8211; M\u0117lyna\"},{\"@type\":\"BreadcrumbList\",\"@id\":\"https:\/\/toys.lt\/lv\/produktas\/trisritenu-skrejritenis-5in1-lidz-35-kg\/#breadcrumb\",\"itemListElement\":[{\"@type\":\"ListItem\",\"position\":1,\"name\":\"Home\",\"item\":\"https:\/\/toys.lt\/lv\/\"},{\"@type\":\"ListItem\",\"position\":2,\"name\":\"Veikals\",\"item\":\"https:\/\/toys.lt\/lv\/shop\/\"},{\"@type\":\"ListItem\",\"position\":3,\"name\":\"Tr\u012bsrite\u0146u skrejritenis 5in1 (l\u012bdz 35 kg)\"}]},{\"@type\":\"WebSite\",\"@id\":\"https:\/\/toys.lt\/lv\/#website\",\"url\":\"https:\/\/toys.lt\/lv\/\",\"name\":\"Toys.lt\",\"description\":\"\",\"potentialAction\":[{\"@type\":\"SearchAction\",\"target\":{\"@type\":\"EntryPoint\",\"urlTemplate\":\"https:\/\/toys.lt\/lv\/?s={search_term_string}\"},\"query-input\":{\"@type\":\"PropertyValueSpecification\",\"valueRequired\":true,\"valueName\":\"search_term_string\"}}],\"inLanguage\":\"lv-LV\"}]}<\/script>\n<!-- \/ Yoast SEO plugin. -->","yoast_head_json":{"title":"Tr\u012bsrite\u0146u skrejritenis 5in1 (l\u012bdz 35 kg) - Toys.lt","robots":{"index":"index","follow":"follow","max-snippet":"max-snippet:-1","max-image-preview":"max-image-preview:large","max-video-preview":"max-video-preview:-1"},"canonical":"https:\/\/toys.lt\/lv\/produktas\/trisritenu-skrejritenis-5in1-lidz-35-kg\/","og_locale":"lv_LV","og_type":"article","og_title":"Tr\u012bsrite\u0146u skrejritenis 5in1 (l\u012bdz 35 kg) - Toys.lt","og_description":"Produkta veids: p\u0101rvieto\u0161an\u0101s pal\u012bgl\u012bdzeklis Izcelsmes valsts: \u0136\u012bna Iepakojuma izm\u0113ri: 60 x 60 x 40 cm Regul\u0113jams un no\u0146emams s\u0113deklis: 24,5-27,5-29,5 cm S\u0113dek\u013ca izm\u0113rs: 36,6 x 14 cm Regul\u0113jams st\u016bres augstums: 64, 68, 74 cm Nesl\u012bdo\u0161a platforma, izm\u0113ri: 22 x 14 cm Aizmugur\u0113j\u0101 roktura augstums: 72 x 77 x 82 cm Svars: 4 kg Rite\u0146a materi\u0101ls: PU, 78'shore A Ieteicamais vecums: no 3 gadiem","og_url":"https:\/\/toys.lt\/lv\/produktas\/trisritenu-skrejritenis-5in1-lidz-35-kg\/","og_site_name":"Toys.lt","article_modified_time":"2026-03-30T00:25:07+00:00","og_image":[{"width":558,"height":524,"url":"https:\/\/toys.lt\/wp-content\/uploads\/2023\/05\/products-4702.jpg","type":"image\/jpeg"}],"twitter_card":"summary_large_image","twitter_misc":{"Est. reading time":"1 minute"},"schema":{"@context":"https:\/\/schema.org","@graph":[{"@type":"WebPage","@id":"https:\/\/toys.lt\/lv\/produktas\/trisritenu-skrejritenis-5in1-lidz-35-kg\/","url":"https:\/\/toys.lt\/lv\/produktas\/trisritenu-skrejritenis-5in1-lidz-35-kg\/","name":"Tr\u012bsrite\u0146u skrejritenis 5in1 (l\u012bdz 35 kg) - Toys.lt","isPartOf":{"@id":"https:\/\/toys.lt\/lv\/#website"},"primaryImageOfPage":{"@id":"https:\/\/toys.lt\/lv\/produktas\/trisritenu-skrejritenis-5in1-lidz-35-kg\/#primaryimage"},"image":{"@id":"https:\/\/toys.lt\/lv\/produktas\/trisritenu-skrejritenis-5in1-lidz-35-kg\/#primaryimage"},"thumbnailUrl":"https:\/\/toys.lt\/wp-content\/uploads\/2023\/05\/products-4702.jpg","datePublished":"2023-05-05T15:13:23+00:00","dateModified":"2026-03-30T00:25:07+00:00","breadcrumb":{"@id":"https:\/\/toys.lt\/lv\/produktas\/trisritenu-skrejritenis-5in1-lidz-35-kg\/#breadcrumb"},"inLanguage":"lv-LV","potentialAction":[{"@type":"ReadAction","target":["https:\/\/toys.lt\/lv\/produktas\/trisritenu-skrejritenis-5in1-lidz-35-kg\/"]}]},{"@type":"ImageObject","inLanguage":"lv-LV","@id":"https:\/\/toys.lt\/lv\/produktas\/trisritenu-skrejritenis-5in1-lidz-35-kg\/#primaryimage","url":"https:\/\/toys.lt\/wp-content\/uploads\/2023\/05\/products-4702.jpg","contentUrl":"https:\/\/toys.lt\/wp-content\/uploads\/2023\/05\/products-4702.jpg","width":558,"height":524,"caption":"Trij\u0173 rat\u0173 paspirtukas 5in1 (iki 35 kg) &#8211; M\u0117lyna"},{"@type":"BreadcrumbList","@id":"https:\/\/toys.lt\/lv\/produktas\/trisritenu-skrejritenis-5in1-lidz-35-kg\/#breadcrumb","itemListElement":[{"@type":"ListItem","position":1,"name":"Home","item":"https:\/\/toys.lt\/lv\/"},{"@type":"ListItem","position":2,"name":"Veikals","item":"https:\/\/toys.lt\/lv\/shop\/"},{"@type":"ListItem","position":3,"name":"Tr\u012bsrite\u0146u skrejritenis 5in1 (l\u012bdz 35 kg)"}]},{"@type":"WebSite","@id":"https:\/\/toys.lt\/lv\/#website","url":"https:\/\/toys.lt\/lv\/","name":"Toys.lt","description":"","potentialAction":[{"@type":"SearchAction","target":{"@type":"EntryPoint","urlTemplate":"https:\/\/toys.lt\/lv\/?s={search_term_string}"},"query-input":{"@type":"PropertyValueSpecification","valueRequired":true,"valueName":"search_term_string"}}],"inLanguage":"lv-LV"}]}},"_links":{"self":[{"href":"https:\/\/toys.lt\/lv\/wp-json\/wp\/v2\/product\/41313","targetHints":{"allow":["GET"]}}],"collection":[{"href":"https:\/\/toys.lt\/lv\/wp-json\/wp\/v2\/product"}],"about":[{"href":"https:\/\/toys.lt\/lv\/wp-json\/wp\/v2\/types\/product"}],"replies":[{"embeddable":true,"href":"https:\/\/toys.lt\/lv\/wp-json\/wp\/v2\/comments?post=41313"}],"version-history":[{"count":1,"href":"https:\/\/toys.lt\/lv\/wp-json\/wp\/v2\/product\/41313\/revisions"}],"predecessor-version":[{"id":41316,"href":"https:\/\/toys.lt\/lv\/wp-json\/wp\/v2\/product\/41313\/revisions\/41316"}],"wp:featuredmedia":[{"embeddable":true,"href":"https:\/\/toys.lt\/lv\/wp-json\/wp\/v2\/media\/39199"}],"wp:attachment":[{"href":"https:\/\/toys.lt\/lv\/wp-json\/wp\/v2\/media?parent=41313"}],"wp:term":[{"taxonomy":"product_brand","embeddable":true,"href":"https:\/\/toys.lt\/lv\/wp-json\/wp\/v2\/product_brand?post=41313"},{"taxonomy":"product_cat","embeddable":true,"href":"https:\/\/toys.lt\/lv\/wp-json\/wp\/v2\/product_cat?post=41313"},{"taxonomy":"product_tag","embeddable":true,"href":"https:\/\/toys.lt\/lv\/wp-json\/wp\/v2\/product_tag?post=41313"}],"curies":[{"name":"wp","href":"https:\/\/api.w.org\/{rel}","templated":true}]}}